{"id":2134,"date":"2021-08-04T14:37:54","date_gmt":"2021-08-04T12:37:54","guid":{"rendered":"http:\/\/akks.no\/oslo\/?page_id=2134"},"modified":"2024-11-26T12:43:30","modified_gmt":"2024-11-26T11:43:30","slug":"gratis-og-rabatterte-plasser-pa-kurs","status":"publish","type":"page","link":"https:\/\/akks.no\/oslo\/gratis-og-rabatterte-plasser-pa-kurs\/","title":{"rendered":"Gratis- og rabatterte plasser p\u00e5 kurs"},"content":{"rendered":"<p><img loading=\"lazy\" class=\"alignnone size-full wp-image-2135\" src=\"http:\/\/akks.no\/oslo\/files\/2021\/08\/HVA-BETYR-AKKS-FOR-DEG-2.png\" alt=\"\" width=\"1800\" height=\"700\" srcset=\"https:\/\/akks.no\/oslo\/files\/2021\/08\/HVA-BETYR-AKKS-FOR-DEG-2.png 1800w, https:\/\/akks.no\/oslo\/files\/2021\/08\/HVA-BETYR-AKKS-FOR-DEG-2-300x117.png 300w, https:\/\/akks.no\/oslo\/files\/2021\/08\/HVA-BETYR-AKKS-FOR-DEG-2-1024x398.png 1024w, https:\/\/akks.no\/oslo\/files\/2021\/08\/HVA-BETYR-AKKS-FOR-DEG-2-768x299.png 768w, https:\/\/akks.no\/oslo\/files\/2021\/08\/HVA-BETYR-AKKS-FOR-DEG-2-1536x597.png 1536w, https:\/\/akks.no\/oslo\/files\/2021\/08\/HVA-BETYR-AKKS-FOR-DEG-2-600x233.png 600w\" sizes=\"(max-width: 1800px) 100vw, 1800px\" \/><\/p>\n<p><strong>Vi vil ikke at \u00f8konomi skal st\u00e5 i veien for at man skal kunne delta p\u00e5 kurs. Derfor tilbyr vi rabatterte- eller helt gratis plasser p\u00e5 kurs til de som trenger det. Tilbudet for deltakere under 26 \u00e5r er st\u00f8ttet av BUFDIR.<\/strong><\/p>\n<hr \/>\n<p><img loading=\"lazy\" class=\"alignnone size-full wp-image-2143\" src=\"http:\/\/akks.no\/oslo\/files\/2021\/08\/GRATIS-OG-RABATTERTE-KURSPLASSER-FOR-VOKSNE.png\" alt=\"\" width=\"500\" height=\"50\" srcset=\"https:\/\/akks.no\/oslo\/files\/2021\/08\/GRATIS-OG-RABATTERTE-KURSPLASSER-FOR-VOKSNE.png 500w, https:\/\/akks.no\/oslo\/files\/2021\/08\/GRATIS-OG-RABATTERTE-KURSPLASSER-FOR-VOKSNE-300x30.png 300w\" sizes=\"(max-width: 500px) 100vw, 500px\" \/><\/p>\n<p>For deltakere under 26 \u00e5r (til og med \u00e5ret du fyller 25) tilbyr vi rabatterte eller helt gratis kursplasser p\u00e5 alle v\u00e5re kurs, inkluderte bandleir og workshops. Disse kursplassene er for deltakere fra familier med vanskelig \u00f8konomi, og vi prioriterer som hovedregel kursdeltakere opp til og med 19 \u00e5r.<\/p>\n<p>For \u00e5 s\u00f8ke om gratis eller rabattert kursplass dersom du er mellom 7 og 25 \u00e5r fyller du ut et vanlig p\u00e5meldingsskjema p\u00e5 siden til kurset du \u00f8nsker \u00e5 delta p\u00e5, og huker av i p\u00e5meldingsskjemaet at du \u00f8nsker \u00e5 s\u00f8ke om gratis eller rabattert plass p\u00e5 kurset. I tillegg ber vi deg om \u00e5 fylle ut litt informasjon om hvorfor du s\u00f8ker om gratis eller rabattert plass, og hva du eventuelt har mulighet til \u00e5 betale dersom du s\u00f8ker rabattert plass. Alle p\u00e5meldingsskjema som fylles ut, der det er huket av for gratis eller rabattert kursdeltakelse regnes som s\u00f8knader om v\u00e5re gratis og rabatterte kursplasser, og vi tar kontakt med alle s\u00f8kere p\u00e5 e-post eller telefon innen 3-5 arbeidsdager for \u00e5 f\u00f8lge opp s\u00f8knadene.<\/p>\n<p><a href=\"http:\/\/akks.no\/oslo\/kurs\/\">Du finner en oversikt over alle kurs, med tilh\u00f8rende p\u00e5meldingsskjema her.\u00a0<\/a><\/p>\n<hr \/>\n<p><img loading=\"lazy\" class=\"alignnone size-full wp-image-2144\" src=\"http:\/\/akks.no\/oslo\/files\/2021\/08\/GRATIS-OG-RABATTERTE-KURSPLASSER-FOR-VOKSNE-1.png\" alt=\"\" width=\"500\" height=\"50\" srcset=\"https:\/\/akks.no\/oslo\/files\/2021\/08\/GRATIS-OG-RABATTERTE-KURSPLASSER-FOR-VOKSNE-1.png 500w, https:\/\/akks.no\/oslo\/files\/2021\/08\/GRATIS-OG-RABATTERTE-KURSPLASSER-FOR-VOKSNE-1-300x30.png 300w\" sizes=\"(max-width: 500px) 100vw, 500px\" \/><\/p>\n<p>V\u00e5re gratis og rabatterte kursplasser er i utgangspunktet ikke for voksne med vanskelig \u00f8konomi som f.eks. studenter, arbeidsledige, personer som er uf\u00f8retrygdet eller voksne som av andre \u00e5rsaker har vanskeligheter med \u00e5 betale full kurspris. Dette er fordi st\u00f8tten vi mottar fra BUFDIR kun kan g\u00e5 til barn og unge fra familier med vanskelig \u00f8konomi til og med 25 \u00e5r. Vi \u00f8nsker likevel at \u00f8konomi ikke skal v\u00e6re en hindring for \u00e5 delta p\u00e5 kurs, uansett alder. Derfor innvilger vi i noen tilfeller rabatterte plasser p\u00e5 kurs til voksne, i bytte mot at man f.eks. engasjerer seg som frivillig i AKKS. Frivillige oppgaver kan f.eks v\u00e6re \u00e5 stille opp p\u00e5 arrangement, henge opp plakater, hjelpe til med praktisk arbeid i \u00f8vingslokalene v\u00e5re o.l. Vi avtaler frivillig arbeid mot rabattert kursplass som passer til din timeplan, og du kan komme med \u00f8nsker om hva du kan tenke deg \u00e5 bidra med. Vi har bare anledning til \u00e5 innvilge et f\u00e5tall rabatterte plasser i semesteret og kun p\u00e5 gruppekurs der det er minst 3 p\u00e5meldte deltakere, s\u00e5 det er lurt \u00e5 v\u00e6re tidlig ute.<\/p>\n<p><a href=\"https:\/\/form.jotform.com\/212133749207048\">Fyll ut skjema her for \u00e5 s\u00f8ke om rabattert plass som voksen kursdeltaker. <\/a><\/p>\n<p>&nbsp;<\/p>\n","protected":false},"excerpt":{"rendered":"<p>Vi vil ikke at \u00f8konomi skal st\u00e5 i veien for at man skal kunne delta p\u00e5 kurs. Derfor tilbyr vi rabatterte- eller helt gratis plasser p\u00e5 kurs til de som trenger det. Tilbudet for deltakere under 26 \u00e5r er st\u00f8ttet av BUFDIR. For deltakere under 26 \u00e5r (til og med \u00e5ret du fyller 25) tilbyr [&hellip;]<\/p>\n","protected":false},"author":4,"featured_media":2135,"parent":0,"menu_order":0,"comment_status":"closed","ping_status":"closed","template":"","meta":[],"_links":{"self":[{"href":"https:\/\/akks.no\/oslo\/wp-json\/wp\/v2\/pages\/2134"}],"collection":[{"href":"https:\/\/akks.no\/oslo\/wp-json\/wp\/v2\/pages"}],"about":[{"href":"https:\/\/akks.no\/oslo\/wp-json\/wp\/v2\/types\/page"}],"author":[{"embeddable":true,"href":"https:\/\/akks.no\/oslo\/wp-json\/wp\/v2\/users\/4"}],"replies":[{"embeddable":true,"href":"https:\/\/akks.no\/oslo\/wp-json\/wp\/v2\/comments?post=2134"}],"version-history":[{"count":13,"href":"https:\/\/akks.no\/oslo\/wp-json\/wp\/v2\/pages\/2134\/revisions"}],"predecessor-version":[{"id":2711,"href":"https:\/\/akks.no\/oslo\/wp-json\/wp\/v2\/pages\/2134\/revisions\/2711"}],"wp:featuredmedia":[{"embeddable":true,"href":"https:\/\/akks.no\/oslo\/wp-json\/wp\/v2\/media\/2135"}],"wp:attachment":[{"href":"https:\/\/akks.no\/oslo\/wp-json\/wp\/v2\/media?parent=2134"}],"curies":[{"name":"wp","href":"https:\/\/api.w.org\/{rel}","templated":true}]}}