{"id":2051,"date":"2021-06-23T11:41:20","date_gmt":"2021-06-23T09:41:20","guid":{"rendered":"http:\/\/akks.no\/oslo\/?page_id=2051"},"modified":"2021-06-25T19:50:30","modified_gmt":"2021-06-25T17:50:30","slug":"oppdatere-medlemskap","status":"publish","type":"page","link":"https:\/\/akks.no\/oslo\/oppdatere-medlemskap\/","title":{"rendered":"Oppdatere medlemskap"},"content":{"rendered":"<h3><img loading=\"lazy\" class=\"alignnone wp-image-2062 \" src=\"http:\/\/akks.no\/oslo\/files\/2021\/06\/AKKS_FB_toppbanner.jpg\" alt=\"\" width=\"946\" height=\"360\" srcset=\"https:\/\/akks.no\/oslo\/files\/2021\/06\/AKKS_FB_toppbanner.jpg 820w, https:\/\/akks.no\/oslo\/files\/2021\/06\/AKKS_FB_toppbanner-300x114.jpg 300w, https:\/\/akks.no\/oslo\/files\/2021\/06\/AKKS_FB_toppbanner-768x292.jpg 768w, https:\/\/akks.no\/oslo\/files\/2021\/06\/AKKS_FB_toppbanner-600x228.jpg 600w\" sizes=\"(max-width: 946px) 100vw, 946px\" \/><\/h3>\n<h3><strong>Vil du ha medlemsbevis?<\/strong><\/h3>\n<ul>\n<li>Du f\u00e5r\u00a0<strong>medlemsbeviset<\/strong> ditt p\u00e5 SMS ved \u00e5 sende <strong>AKKS MEDLEM<\/strong> til 2030.<\/li>\n<li>\u00d8nsker du et fysisk medlemskort kan du ta kontakt med din lokale AKKS-avdeling, s\u00e5 sender vi medlemskort i posten.<\/li>\n<\/ul>\n<h3><strong>Var du medlem i fjor, men har glemt fornye medlemskapet?<\/strong><\/h3>\n<ul>\n<li>Send SMS med kodeord\u00a0<strong>AKKS BETAL 50<\/strong>\u00a0til\u00a0<strong>2030<\/strong>.<\/li>\n<li>Husk at SMS\u2019en m\u00e5 sendes fra det mobilnummeret som medlemskapet er registrert p\u00e5.<\/li>\n<li>Dersom du ikke f\u00e5r returmelding om godkjent betaling, ta kontakt med din AKKS-avdeling.<\/li>\n<\/ul>\n<h3><strong>Har du flyttet eller registrert feil adresse?<\/strong><\/h3>\n<ul>\n<li>Send <strong>AKKS ADRESSE<\/strong>\u00a0gateadresse, postnr, poststed til\u00a0<strong>2030<\/strong><\/li>\n<\/ul>\n<h3><strong>Tidligere medlem og glemt passordet ditt?<\/strong><\/h3>\n<ul>\n<li>Logg inn p\u00e5 <a href=\"https:\/\/akks.hypersys.no\/\" target=\"_blank\" rel=\"noopener noreferrer\">Min side<\/a> eller skriv inn epostadressen du har registrert hos oss og trykk glemt passord.<\/li>\n<li>Du vil n\u00e5 f\u00e5 en e-post med link der du kan velge nytt passord og logge deg inn i medlemssystemet.<\/li>\n<\/ul>\n<h3><strong>Andre sp\u00f8rsm\u00e5l?<\/strong><\/h3>\n<ul>\n<li>Ta kontakt med din lokale AKKS-avdeling!<\/li>\n<\/ul>\n","protected":false},"excerpt":{"rendered":"<p>Vil du ha medlemsbevis? Du f\u00e5r\u00a0medlemsbeviset ditt p\u00e5 SMS ved \u00e5 sende AKKS MEDLEM til 2030. \u00d8nsker du et fysisk medlemskort kan du ta kontakt med din lokale AKKS-avdeling, s\u00e5 sender vi medlemskort i posten. Var du medlem i fjor, men har glemt fornye medlemskapet? Send SMS med kodeord\u00a0AKKS BETAL 50\u00a0til\u00a02030. Husk at SMS\u2019en m\u00e5 [&hellip;]<\/p>\n","protected":false},"author":8,"featured_media":0,"parent":0,"menu_order":0,"comment_status":"closed","ping_status":"closed","template":"","meta":[],"_links":{"self":[{"href":"https:\/\/akks.no\/oslo\/wp-json\/wp\/v2\/pages\/2051"}],"collection":[{"href":"https:\/\/akks.no\/oslo\/wp-json\/wp\/v2\/pages"}],"about":[{"href":"https:\/\/akks.no\/oslo\/wp-json\/wp\/v2\/types\/page"}],"author":[{"embeddable":true,"href":"https:\/\/akks.no\/oslo\/wp-json\/wp\/v2\/users\/8"}],"replies":[{"embeddable":true,"href":"https:\/\/akks.no\/oslo\/wp-json\/wp\/v2\/comments?post=2051"}],"version-history":[{"count":2,"href":"https:\/\/akks.no\/oslo\/wp-json\/wp\/v2\/pages\/2051\/revisions"}],"predecessor-version":[{"id":2067,"href":"https:\/\/akks.no\/oslo\/wp-json\/wp\/v2\/pages\/2051\/revisions\/2067"}],"wp:attachment":[{"href":"https:\/\/akks.no\/oslo\/wp-json\/wp\/v2\/media?parent=2051"}],"curies":[{"name":"wp","href":"https:\/\/api.w.org\/{rel}","templated":true}]}}