{"id":1807,"date":"2021-01-14T19:14:35","date_gmt":"2021-01-14T18:14:35","guid":{"rendered":"http:\/\/akks.no\/oslo\/?page_id=1807"},"modified":"2022-02-16T11:44:27","modified_gmt":"2022-02-16T10:44:27","slug":"jobbe-hos-oss","status":"publish","type":"page","link":"https:\/\/akks.no\/oslo\/jobbe-hos-oss\/","title":{"rendered":"Jobbe hos oss?"},"content":{"rendered":"<p><img loading=\"lazy\" class=\"alignnone size-full wp-image-1806\" src=\"http:\/\/akks.no\/oslo\/files\/2021\/01\/HVA-BETYR-AKKS-FOR-DEG_-2.png\" alt=\"\" width=\"1800\" height=\"700\" srcset=\"https:\/\/akks.no\/oslo\/files\/2021\/01\/HVA-BETYR-AKKS-FOR-DEG_-2.png 1800w, https:\/\/akks.no\/oslo\/files\/2021\/01\/HVA-BETYR-AKKS-FOR-DEG_-2-300x117.png 300w, https:\/\/akks.no\/oslo\/files\/2021\/01\/HVA-BETYR-AKKS-FOR-DEG_-2-1024x398.png 1024w, https:\/\/akks.no\/oslo\/files\/2021\/01\/HVA-BETYR-AKKS-FOR-DEG_-2-768x299.png 768w, https:\/\/akks.no\/oslo\/files\/2021\/01\/HVA-BETYR-AKKS-FOR-DEG_-2-1536x597.png 1536w, https:\/\/akks.no\/oslo\/files\/2021\/01\/HVA-BETYR-AKKS-FOR-DEG_-2-600x233.png 600w\" sizes=\"(max-width: 1800px) 100vw, 1800px\" \/><\/p>\n<h3>Vi i AKKS Oslo \u00f8nsker alltid \u00e5 vite om gode instrukt\u00f8rer til v\u00e5re kurs, eller andre som b\u00f8r jobbe hos oss!<\/h3>\n<p>Ligger det ingen utlysninger her? Send oss gjerne en \u00e5pen s\u00f8knad og CV dersom du ogs\u00e5 brenner for likestilling i musikklivet og \u00f8nsker \u00e5 jobbe hos oss. Sendes til: <a href=\"mailto:oslo@akks.no\">oslo@akks.no<\/a>. Du finner en oversikt over ledige oppdrag\/stillinger ved \u00e5 bla ned.<\/p>\n","protected":false},"excerpt":{"rendered":"<p>Vi i AKKS Oslo \u00f8nsker alltid \u00e5 vite om gode instrukt\u00f8rer til v\u00e5re kurs, eller andre som b\u00f8r jobbe hos oss! Ligger det ingen utlysninger her? Send oss gjerne en \u00e5pen s\u00f8knad og CV dersom du ogs\u00e5 brenner for likestilling i musikklivet og \u00f8nsker \u00e5 jobbe hos oss. Sendes til: oslo@akks.no. Du finner en oversikt [&hellip;]<\/p>\n","protected":false},"author":4,"featured_media":0,"parent":0,"menu_order":0,"comment_status":"closed","ping_status":"closed","template":"","meta":[],"_links":{"self":[{"href":"https:\/\/akks.no\/oslo\/wp-json\/wp\/v2\/pages\/1807"}],"collection":[{"href":"https:\/\/akks.no\/oslo\/wp-json\/wp\/v2\/pages"}],"about":[{"href":"https:\/\/akks.no\/oslo\/wp-json\/wp\/v2\/types\/page"}],"author":[{"embeddable":true,"href":"https:\/\/akks.no\/oslo\/wp-json\/wp\/v2\/users\/4"}],"replies":[{"embeddable":true,"href":"https:\/\/akks.no\/oslo\/wp-json\/wp\/v2\/comments?post=1807"}],"version-history":[{"count":8,"href":"https:\/\/akks.no\/oslo\/wp-json\/wp\/v2\/pages\/1807\/revisions"}],"predecessor-version":[{"id":2281,"href":"https:\/\/akks.no\/oslo\/wp-json\/wp\/v2\/pages\/1807\/revisions\/2281"}],"wp:attachment":[{"href":"https:\/\/akks.no\/oslo\/wp-json\/wp\/v2\/media?parent=1807"}],"curies":[{"name":"wp","href":"https:\/\/api.w.org\/{rel}","templated":true}]}}