{"id":1656,"date":"2020-11-30T18:39:56","date_gmt":"2020-11-30T17:39:56","guid":{"rendered":"http:\/\/akks.no\/oslo\/?page_id=1656"},"modified":"2022-12-20T16:02:49","modified_gmt":"2022-12-20T15:02:49","slug":"voksne-20-100-ar","status":"publish","type":"page","link":"https:\/\/akks.no\/oslo\/voksne-20-100-ar\/","title":{"rendered":"Voksne 20+"},"content":{"rendered":"<h3><img loading=\"lazy\" class=\"alignnone wp-image-1737 size-full\" src=\"http:\/\/akks.no\/oslo\/files\/2020\/12\/Kopi-av-HVA-BETYR-AKKS-FOR-DEG_-2-1.png\" alt=\"\" width=\"1800\" height=\"700\" srcset=\"https:\/\/akks.no\/oslo\/files\/2020\/12\/Kopi-av-HVA-BETYR-AKKS-FOR-DEG_-2-1.png 1800w, https:\/\/akks.no\/oslo\/files\/2020\/12\/Kopi-av-HVA-BETYR-AKKS-FOR-DEG_-2-1-300x117.png 300w, https:\/\/akks.no\/oslo\/files\/2020\/12\/Kopi-av-HVA-BETYR-AKKS-FOR-DEG_-2-1-1024x398.png 1024w, https:\/\/akks.no\/oslo\/files\/2020\/12\/Kopi-av-HVA-BETYR-AKKS-FOR-DEG_-2-1-768x299.png 768w, https:\/\/akks.no\/oslo\/files\/2020\/12\/Kopi-av-HVA-BETYR-AKKS-FOR-DEG_-2-1-1536x597.png 1536w, https:\/\/akks.no\/oslo\/files\/2020\/12\/Kopi-av-HVA-BETYR-AKKS-FOR-DEG_-2-1-600x233.png 600w\" sizes=\"(max-width: 1800px) 100vw, 1800px\" \/><\/h3>\n<h3><strong>P\u00e5 denne siden finner du en oversikt over kurstilbudet v\u00e5rt for voksne, fra 20 \u00e5r og oppover. Dr\u00f8mmer du om \u00e5 spille i band, bli DJ, eller produsere musikk? P\u00e5 v\u00e5re kurs for voksne m\u00f8ter du andre som er interessert i musikk, og kan f\u00f8lge musikkdr\u00f8mmene dine, uansett n\u00e5r du begynner! Det er aldri for sent for \u00e5 l\u00e6re seg et nytt instrument, starte et band, eller l\u00e6re seg mer om elektronisk musikk!<\/strong><\/h3>\n<hr \/>\n<h4><span style=\"color: #000000;\">Oppstart for Elektronisk Musikkproduksjon H\u00f8sten 2022 er i uke 35.\u00a0<\/span><span style=\"color: #000000;\"> Mer informasjon om kursene og hvilke kurs som starter i uke 35 legges ut i l\u00f8pet av uke 20.<\/span><\/h4>\n","protected":false},"excerpt":{"rendered":"<p>P\u00e5 denne siden finner du en oversikt over kurstilbudet v\u00e5rt for voksne, fra 20 \u00e5r og oppover. Dr\u00f8mmer du om \u00e5 spille i band, bli DJ, eller produsere musikk? P\u00e5 v\u00e5re kurs for voksne m\u00f8ter du andre som er interessert i musikk, og kan f\u00f8lge musikkdr\u00f8mmene dine, uansett n\u00e5r du begynner! Det er aldri for [&hellip;]<\/p>\n","protected":false},"author":4,"featured_media":1447,"parent":0,"menu_order":0,"comment_status":"closed","ping_status":"closed","template":"","meta":[],"_links":{"self":[{"href":"https:\/\/akks.no\/oslo\/wp-json\/wp\/v2\/pages\/1656"}],"collection":[{"href":"https:\/\/akks.no\/oslo\/wp-json\/wp\/v2\/pages"}],"about":[{"href":"https:\/\/akks.no\/oslo\/wp-json\/wp\/v2\/types\/page"}],"author":[{"embeddable":true,"href":"https:\/\/akks.no\/oslo\/wp-json\/wp\/v2\/users\/4"}],"replies":[{"embeddable":true,"href":"https:\/\/akks.no\/oslo\/wp-json\/wp\/v2\/comments?post=1656"}],"version-history":[{"count":10,"href":"https:\/\/akks.no\/oslo\/wp-json\/wp\/v2\/pages\/1656\/revisions"}],"predecessor-version":[{"id":2370,"href":"https:\/\/akks.no\/oslo\/wp-json\/wp\/v2\/pages\/1656\/revisions\/2370"}],"wp:featuredmedia":[{"embeddable":true,"href":"https:\/\/akks.no\/oslo\/wp-json\/wp\/v2\/media\/1447"}],"wp:attachment":[{"href":"https:\/\/akks.no\/oslo\/wp-json\/wp\/v2\/media?parent=1656"}],"curies":[{"name":"wp","href":"https:\/\/api.w.org\/{rel}","templated":true}]}}