{"id":1650,"date":"2020-11-30T17:53:39","date_gmt":"2020-11-30T16:53:39","guid":{"rendered":"http:\/\/akks.no\/oslo\/?page_id=1650"},"modified":"2022-12-20T16:00:06","modified_gmt":"2022-12-20T15:00:06","slug":"13-19-ar","status":"publish","type":"page","link":"https:\/\/akks.no\/oslo\/13-19-ar\/","title":{"rendered":"Ungdom 13-19 \u00e5r"},"content":{"rendered":"<p><img loading=\"lazy\" class=\"alignnone size-full wp-image-1401\" src=\"http:\/\/akks.no\/oslo\/files\/2019\/05\/Kopi-av-Kopi-av-Kopi-av-Kopi-av-Uten-navn-3.png\" alt=\"\" width=\"1800\" height=\"700\" srcset=\"https:\/\/akks.no\/oslo\/files\/2019\/05\/Kopi-av-Kopi-av-Kopi-av-Kopi-av-Uten-navn-3.png 1800w, https:\/\/akks.no\/oslo\/files\/2019\/05\/Kopi-av-Kopi-av-Kopi-av-Kopi-av-Uten-navn-3-300x117.png 300w, https:\/\/akks.no\/oslo\/files\/2019\/05\/Kopi-av-Kopi-av-Kopi-av-Kopi-av-Uten-navn-3-1024x398.png 1024w, https:\/\/akks.no\/oslo\/files\/2019\/05\/Kopi-av-Kopi-av-Kopi-av-Kopi-av-Uten-navn-3-768x299.png 768w, https:\/\/akks.no\/oslo\/files\/2019\/05\/Kopi-av-Kopi-av-Kopi-av-Kopi-av-Uten-navn-3-1536x597.png 1536w, https:\/\/akks.no\/oslo\/files\/2019\/05\/Kopi-av-Kopi-av-Kopi-av-Kopi-av-Uten-navn-3-600x233.png 600w\" sizes=\"(max-width: 1800px) 100vw, 1800px\" \/><\/p>\n<h3><strong>P\u00e5 denne siden finner du en oversikt over kurstilbudet v\u00e5rt for deltakere fra 13-19 \u00e5r. Fokus p\u00e5 ungdomskursene v\u00e5re er at AKKS skal v\u00e6re et sted \u00e5 dyrke musikkdr\u00f8mmene dine, der du ogs\u00e5 kan m\u00f8te andre som er opptatt av musikk. Vi arrangerer kurs b\u00e5de for deg som vil pr\u00f8ve noe helt nytt, og for deg som kan masse fra f\u00f8r av! AKKS skal v\u00e6re et sted for alle som \u00f8nsker musikk i hverdagen, uansett om du skal leve av musikk, eller om du bare vil ha det som en hobby.\u00a0<\/strong><\/h3>\n<hr \/>\n<h4>Mer informasjon om kursene og hvilke kurs som starter til h\u00f8sten kommer fortl\u00f8pende.<\/h4>\n<hr \/>\n<p><strong>Rabattert plass p\u00e5 kurs?<br \/>\n<\/strong>Vi vil ikke at \u00f8konomi skal st\u00e5 i veien for at man skal kunne delta p\u00e5 kurs. Deltakere med\u00a0 begrenset \u00f8konomi kan s\u00f8ke om \u00e5 f\u00e5 rabattert deltakeravgift, etter \u00abbetal det du kan\u00bb- prinsippet.\u00a0 S\u00f8k om rabattert plass p\u00e5 kurs ved \u00e5 krysse av i p\u00e5meldingsskjemaet n\u00e5r du melder deg p\u00e5, og redegj\u00f8r da kort for hvorfor du s\u00f8ker, og hva du evt. har mulighet til \u00e5 betale. Som hovedregel prioriterer vi st\u00f8tte til deltakere p\u00e5 gruppekurs, som er under 26 \u00e5r. Alle s\u00f8kere blir kontaktet p\u00e5 e-post n\u00e5r vi mottar s\u00f8knad om rabattert plass. Man m\u00e5 v\u00e6re medlem i AKKS Oslo for \u00e5 benytte seg av dette tilbudet. Medlemskap koster 50 kr.<\/p>\n<p><strong>Merk at DJ-kurs og kurs i Ableton Live hovedsakelig er for deltakere fra 14 \u00e5r og oppover.\u00a0<\/strong><\/p>\n","protected":false},"excerpt":{"rendered":"<p>P\u00e5 denne siden finner du en oversikt over kurstilbudet v\u00e5rt for deltakere fra 13-19 \u00e5r. Fokus p\u00e5 ungdomskursene v\u00e5re er at AKKS skal v\u00e6re et sted \u00e5 dyrke musikkdr\u00f8mmene dine, der du ogs\u00e5 kan m\u00f8te andre som er opptatt av musikk. Vi arrangerer kurs b\u00e5de for deg som vil pr\u00f8ve noe helt nytt, og for [&hellip;]<\/p>\n","protected":false},"author":4,"featured_media":1400,"parent":0,"menu_order":0,"comment_status":"closed","ping_status":"closed","template":"","meta":[],"_links":{"self":[{"href":"https:\/\/akks.no\/oslo\/wp-json\/wp\/v2\/pages\/1650"}],"collection":[{"href":"https:\/\/akks.no\/oslo\/wp-json\/wp\/v2\/pages"}],"about":[{"href":"https:\/\/akks.no\/oslo\/wp-json\/wp\/v2\/types\/page"}],"author":[{"embeddable":true,"href":"https:\/\/akks.no\/oslo\/wp-json\/wp\/v2\/users\/4"}],"replies":[{"embeddable":true,"href":"https:\/\/akks.no\/oslo\/wp-json\/wp\/v2\/comments?post=1650"}],"version-history":[{"count":9,"href":"https:\/\/akks.no\/oslo\/wp-json\/wp\/v2\/pages\/1650\/revisions"}],"predecessor-version":[{"id":2371,"href":"https:\/\/akks.no\/oslo\/wp-json\/wp\/v2\/pages\/1650\/revisions\/2371"}],"wp:featuredmedia":[{"embeddable":true,"href":"https:\/\/akks.no\/oslo\/wp-json\/wp\/v2\/media\/1400"}],"wp:attachment":[{"href":"https:\/\/akks.no\/oslo\/wp-json\/wp\/v2\/media?parent=1650"}],"curies":[{"name":"wp","href":"https:\/\/api.w.org\/{rel}","templated":true}]}}