{"id":1648,"date":"2020-11-30T17:46:37","date_gmt":"2020-11-30T16:46:37","guid":{"rendered":"http:\/\/akks.no\/oslo\/?page_id=1648"},"modified":"2022-05-11T14:01:04","modified_gmt":"2022-05-11T12:01:04","slug":"kurs-7-13-ar","status":"publish","type":"page","link":"https:\/\/akks.no\/oslo\/kurs-7-13-ar\/","title":{"rendered":"Barn 7-13 \u00e5r"},"content":{"rendered":"<p><img loading=\"lazy\" class=\"alignnone size-full wp-image-1014\" src=\"http:\/\/akks.no\/oslo\/files\/2019\/05\/Forsidebilde_Loud_trommer.jpg\" alt=\"\" width=\"1800\" height=\"700\" srcset=\"https:\/\/akks.no\/oslo\/files\/2019\/05\/Forsidebilde_Loud_trommer.jpg 1800w, https:\/\/akks.no\/oslo\/files\/2019\/05\/Forsidebilde_Loud_trommer-300x117.jpg 300w, https:\/\/akks.no\/oslo\/files\/2019\/05\/Forsidebilde_Loud_trommer-768x299.jpg 768w, https:\/\/akks.no\/oslo\/files\/2019\/05\/Forsidebilde_Loud_trommer-1024x398.jpg 1024w, https:\/\/akks.no\/oslo\/files\/2019\/05\/Forsidebilde_Loud_trommer-600x233.jpg 600w\" sizes=\"(max-width: 1800px) 100vw, 1800px\" \/><\/p>\n<h3><strong>P\u00e5 denne siden finner du en oversikt over v\u00e5rt kurstilbud for barn mellom 7-13 \u00e5r. Fokuset p\u00e5 kurs for denne aldersgruppen er \u00e5 tilby en inngang til musikken med fokus p\u00e5 mestring og glede, slik at musikken blir en f\u00f8lgesvenn for livet!<\/strong><\/h3>\n<hr \/>\n<h4>Mer informasjon om kursene og hvilke kurs som starter til h\u00f8sten kommer fortl\u00f8pende.<\/h4>\n<hr \/>\n<p><strong>Rabattert plass p\u00e5 kurs?<br \/>\n<\/strong>Vi vil ikke at \u00f8konomi skal st\u00e5 i veien for at man skal kunne delta p\u00e5 kurs. Deltakere med\u00a0 begrenset \u00f8konomi kan s\u00f8ke om \u00e5 f\u00e5 rabattert deltakeravgift, etter \u00abbetal det du kan\u00bb- prinsippet.\u00a0 S\u00f8k om rabattert plass p\u00e5 kurs ved \u00e5 krysse av i p\u00e5meldingsskjemaet n\u00e5r du melder deg p\u00e5, og redegj\u00f8r da kort for hvorfor du s\u00f8ker, og hva du evt. har mulighet til \u00e5 betale. Som hovedregel prioriterer vi st\u00f8tte til deltakere p\u00e5 gruppekurs, som er under 26 \u00e5r. Alle s\u00f8kere blir kontaktet p\u00e5 e-post n\u00e5r vi mottar s\u00f8knad om rabattert plass. Man m\u00e5 v\u00e6re medlem i AKKS Oslo for \u00e5 benytte seg av dette tilbudet. Medlemskap koster 50 kr.<\/p>\n","protected":false},"excerpt":{"rendered":"<p>P\u00e5 denne siden finner du en oversikt over v\u00e5rt kurstilbud for barn mellom 7-13 \u00e5r. Fokuset p\u00e5 kurs for denne aldersgruppen er \u00e5 tilby en inngang til musikken med fokus p\u00e5 mestring og glede, slik at musikken blir en f\u00f8lgesvenn for livet! Mer informasjon om kursene og hvilke kurs som starter til h\u00f8sten kommer fortl\u00f8pende. [&hellip;]<\/p>\n","protected":false},"author":4,"featured_media":914,"parent":0,"menu_order":0,"comment_status":"closed","ping_status":"closed","template":"","meta":[],"_links":{"self":[{"href":"https:\/\/akks.no\/oslo\/wp-json\/wp\/v2\/pages\/1648"}],"collection":[{"href":"https:\/\/akks.no\/oslo\/wp-json\/wp\/v2\/pages"}],"about":[{"href":"https:\/\/akks.no\/oslo\/wp-json\/wp\/v2\/types\/page"}],"author":[{"embeddable":true,"href":"https:\/\/akks.no\/oslo\/wp-json\/wp\/v2\/users\/4"}],"replies":[{"embeddable":true,"href":"https:\/\/akks.no\/oslo\/wp-json\/wp\/v2\/comments?post=1648"}],"version-history":[{"count":12,"href":"https:\/\/akks.no\/oslo\/wp-json\/wp\/v2\/pages\/1648\/revisions"}],"predecessor-version":[{"id":2373,"href":"https:\/\/akks.no\/oslo\/wp-json\/wp\/v2\/pages\/1648\/revisions\/2373"}],"wp:featuredmedia":[{"embeddable":true,"href":"https:\/\/akks.no\/oslo\/wp-json\/wp\/v2\/media\/914"}],"wp:attachment":[{"href":"https:\/\/akks.no\/oslo\/wp-json\/wp\/v2\/media?parent=1648"}],"curies":[{"name":"wp","href":"https:\/\/api.w.org\/{rel}","templated":true}]}}