{"id":1572,"date":"2020-10-28T12:48:00","date_gmt":"2020-10-28T11:48:00","guid":{"rendered":"http:\/\/akks.no\/oslo\/?page_id=1572"},"modified":"2022-03-23T11:04:16","modified_gmt":"2022-03-23T10:04:16","slug":"koronaviruset","status":"publish","type":"page","link":"https:\/\/akks.no\/oslo\/koronaviruset\/","title":{"rendered":"Koronaviruset"},"content":{"rendered":"<div>\n<p><strong>Ingen koronarestriksjoner i lokalene.<\/strong><\/p>\n<\/div>\n<h2>Generelle r\u00e5d:<\/h2>\n<p>Selv om det ikke er koronarestriksjoner n\u00e5 setter vi pris p\u00e5 om alle fremdeles f\u00f8lger disse r\u00e5dene:<\/p>\n<ul>\n<li>Ikke kom p\u00e5 \u00f8ving\/time hvis du har en smittsom sykdom (er forkj\u00f8let, har influensa etc)<\/li>\n<li>Host\/nys i albuen<\/li>\n<li>La det svinge la det rock&#8217;n roll<\/li>\n<\/ul>\n<div style=\"width: 320px;\" class=\"wp-video\"><!--[if lt IE 9]><script>document.createElement('video');<\/script><![endif]-->\n<video class=\"wp-video-shortcode\" id=\"video-1572-1\" width=\"320\" height=\"256\" preload=\"metadata\" controls=\"controls\"><source type=\"video\/mp4\" src=\"http:\/\/akks.no\/oslo\/files\/2022\/03\/Bobbysocks_air_punch.mp4?_=1\" \/><a href=\"http:\/\/akks.no\/oslo\/files\/2022\/03\/Bobbysocks_air_punch.mp4\">http:\/\/akks.no\/oslo\/files\/2022\/03\/Bobbysocks_air_punch.mp4<\/a><\/video><\/div>\n","protected":false},"excerpt":{"rendered":"<p>Her finner du de siste oppdateringene om AKKS Oslo og koronaviruset<\/p>\n","protected":false},"author":4,"featured_media":1271,"parent":0,"menu_order":0,"comment_status":"closed","ping_status":"closed","template":"","meta":[],"_links":{"self":[{"href":"https:\/\/akks.no\/oslo\/wp-json\/wp\/v2\/pages\/1572"}],"collection":[{"href":"https:\/\/akks.no\/oslo\/wp-json\/wp\/v2\/pages"}],"about":[{"href":"https:\/\/akks.no\/oslo\/wp-json\/wp\/v2\/types\/page"}],"author":[{"embeddable":true,"href":"https:\/\/akks.no\/oslo\/wp-json\/wp\/v2\/users\/4"}],"replies":[{"embeddable":true,"href":"https:\/\/akks.no\/oslo\/wp-json\/wp\/v2\/comments?post=1572"}],"version-history":[{"count":54,"href":"https:\/\/akks.no\/oslo\/wp-json\/wp\/v2\/pages\/1572\/revisions"}],"predecessor-version":[{"id":2330,"href":"https:\/\/akks.no\/oslo\/wp-json\/wp\/v2\/pages\/1572\/revisions\/2330"}],"wp:featuredmedia":[{"embeddable":true,"href":"https:\/\/akks.no\/oslo\/wp-json\/wp\/v2\/media\/1271"}],"wp:attachment":[{"href":"https:\/\/akks.no\/oslo\/wp-json\/wp\/v2\/media?parent=1572"}],"curies":[{"name":"wp","href":"https:\/\/api.w.org\/{rel}","templated":true}]}}