{"id":154,"date":"2018-09-21T15:06:01","date_gmt":"2018-09-21T13:06:01","guid":{"rendered":"http:\/\/akks-no.staging.wordpress.idium.no\/oslo\/?page_id=154"},"modified":"2026-04-28T17:40:56","modified_gmt":"2026-04-28T15:40:56","slug":"ovingslokale-oslo","status":"publish","type":"page","link":"https:\/\/akks.no\/oslo\/ovingslokale-oslo\/","title":{"rendered":"\u00d8vingslokaler"},"content":{"rendered":"<p><img loading=\"lazy\" class=\"alignnone wp-image-560 size-full\" src=\"http:\/\/akks.no\/oslo\/files\/2019\/04\/forside_\u00f8vingsokale1.jpg\" alt=\"\" width=\"1848\" height=\"702\" srcset=\"https:\/\/akks.no\/oslo\/files\/2019\/04\/forside_\u00f8vingsokale1.jpg 1848w, https:\/\/akks.no\/oslo\/files\/2019\/04\/forside_\u00f8vingsokale1-300x114.jpg 300w, https:\/\/akks.no\/oslo\/files\/2019\/04\/forside_\u00f8vingsokale1-768x292.jpg 768w, https:\/\/akks.no\/oslo\/files\/2019\/04\/forside_\u00f8vingsokale1-1024x389.jpg 1024w, https:\/\/akks.no\/oslo\/files\/2019\/04\/forside_\u00f8vingsokale1-600x228.jpg 600w\" sizes=\"(max-width: 1848px) 100vw, 1848px\" \/><b><\/b><\/p>\n<p>AKKS Oslo har 5 fullt utstyrte \u00f8vingslokaler, et rom med to trommesett som brukes p\u00e5 kurs og DJ-utstyr til utleie i Brenneriveien 9. Rommene leies ut til band og enkeltmusikere som vil \u00f8ve fast hver uke eller p\u00e5 timebasis gjennom v\u00e5r drop-in ordning.<\/p>\n<p><strong>\u00d8vingslokalene er utstyrt med:<\/strong><\/p>\n<ul>\n<li>4-trommers trommesett med cymbaler<\/li>\n<li>1 bassforsterker<\/li>\n<li>2 gitarforsterkere<\/li>\n<li>Sanganlegg<\/li>\n<li>3 mikrofoner m\/stativer<\/li>\n<li>2 klappstoler<\/li>\n<li>el-piano.<\/li>\n<\/ul>\n<p>For \u00e5 \u00f8ve fast eller booke drop-in: unders\u00f8k n\u00e5r det er ledig i kalenderen p\u00e5 denne siden og fyll ut bookingskjemaet under. \u00d8vingslokaleansvarlig vil ta kontakt med deg for \u00e5 bekrefte din \u00f8ving. Bookingen er ikke bekreftet f\u00f8r du mottar bekreftelse p\u00e5 dette fra \u00f8vingslokaleansvarlig.\u00a0 Bookinghenvendelsene besvares <strong>HVER MANDAG!\u00a0<\/strong><\/p>\n<p>Sp\u00f8rsm\u00e5l kan rettes til <a href=\"mailto:ovingslokale@oslo.akks.no\">ovingslokale@oslo.akks.no<\/a><\/p>\n<p><strong>Priser:<\/strong><\/p>\n<p><strong>Fast \u00f8ving: <\/strong><strong>1600kr<\/strong> <strong>\/ mnd.<\/strong> <strong>= 3t. \/ uken<br \/>\n<\/strong>Hele bandet m\u00e5 v\u00e6re meldt inn i AKKS for \u00e5 \u00f8ve fast.<strong><br \/>\n15% ungdomsrabatt p\u00e5 fast \u00f8ving (Opp til og med 25 \u00e5r)<br \/>\n<\/strong><\/p>\n<p><strong>Drop-in ordin\u00e6rt \u00f8vingsrom:<\/strong><br \/>\nMedlem: <strong>160kr<\/strong> <strong>\/ t.<\/strong><br \/>\nIkke-medlem: <strong>200kr \/ t.<\/strong><\/p>\n<p><strong>Drop-in Preprod:<\/strong><br \/>\nMedlem: <strong>250kr<\/strong> <strong>\/ t.<\/strong><br \/>\nIkke-medlem: <strong>300kr \/ t.<\/strong><\/p>\n<p>For bedre oversikt, velg &laquo;Uke&raquo; i nedtrekksmeny \u00f8verst til h\u00f8yre i kalender.<\/p>\n<p>Vi har problemer med fargekodingen av rom, men kalender gir et bilde av n\u00e5r vi har kapasitet.<\/p>\n<p><iframe loading=\"lazy\" style=\"border: solid 1px #777;\" src=\"https:\/\/calendar.google.com\/calendar\/embed?height=600&amp;wkst=1&amp;bgcolor=%23ffffff&amp;ctz=Europe%2FOslo&amp;src=b3ZpbmdzbG9rYWxlb3Nsb0BnbWFpbC5jb20&amp;src=ampwb2htcmtzMW12c2JkdWU1bGs0Y2lpOWNAZ3JvdXAuY2FsZW5kYXIuZ29vZ2xlLmNvbQ&amp;src=dHA1bWE0cTJzM3VoaGU0bDAxaW4zNmxvOTBAZ3JvdXAuY2FsZW5kYXIuZ29vZ2xlLmNvbQ&amp;src=NjU1NmhrdnEzMHFnaml1cW92OWJ0azRob2dAZ3JvdXAuY2FsZW5kYXIuZ29vZ2xlLmNvbQ&amp;src=cXB1NnA4ZnE4ODhzaTB1NGJhdjB2cm8xMWNAZ3JvdXAuY2FsZW5kYXIuZ29vZ2xlLmNvbQ&amp;src=NWV1MWw2cHRhOTVlMGw0YWtjY3QwbmE2dTBAZ3JvdXAuY2FsZW5kYXIuZ29vZ2xlLmNvbQ&amp;src=b2Z0MWlubDhybjFvcWVxN3ZpYTI3dWd2ZG9AZ3JvdXAuY2FsZW5kYXIuZ29vZ2xlLmNvbQ&amp;src=Z2llczBlY2FyNTYyMzdjcDM1ZW5jYmdqaGtAZ3JvdXAuY2FsZW5kYXIuZ29vZ2xlLmNvbQ&amp;src=NXJiMHV1czZwNWRybWt1cnYycXZkc3BhMmtAZ3JvdXAuY2FsZW5kYXIuZ29vZ2xlLmNvbQ&amp;src=OGZoNmJpOXAwazc5dDF1M2RvOTEzb2Z0ZGNAZ3JvdXAuY2FsZW5kYXIuZ29vZ2xlLmNvbQ&amp;src=Z2MwOWUxYWdjZGluZGY5NDN0bWsxb2tmY3NAZ3JvdXAuY2FsZW5kYXIuZ29vZ2xlLmNvbQ&amp;color=%23D50000&amp;color=%23E67C73&amp;color=%23795548&amp;color=%233F51B5&amp;color=%23039BE5&amp;color=%238E24AA&amp;color=%23616161&amp;color=%237986CB&amp;color=%23a61111&amp;color=%23E4C441&amp;color=%237CB342\" width=\"800\" height=\"600\" frameborder=\"0\" scrolling=\"no\"><\/iframe><\/p>\n<p><script type=\"text\/javascript\" src=\"https:\/\/form.jotformeu.com\/jsform\/80144355287357\"><\/script><\/p>\n","protected":false},"excerpt":{"rendered":"<p>AKKS Oslo har 5 fullt utstyrte \u00f8vingslokaler, et rom med to trommesett som brukes p\u00e5 kurs og DJ-utstyr til utleie i Brenneriveien 9. Rommene leies ut til band og enkeltmusikere som vil \u00f8ve fast hver uke eller p\u00e5 timebasis gjennom v\u00e5r drop-in ordning. \u00d8vingslokalene er utstyrt med: 4-trommers trommesett med cymbaler 1 bassforsterker 2 gitarforsterkere [&hellip;]<\/p>\n","protected":false},"author":1,"featured_media":856,"parent":0,"menu_order":0,"comment_status":"closed","ping_status":"closed","template":"","meta":[],"_links":{"self":[{"href":"https:\/\/akks.no\/oslo\/wp-json\/wp\/v2\/pages\/154"}],"collection":[{"href":"https:\/\/akks.no\/oslo\/wp-json\/wp\/v2\/pages"}],"about":[{"href":"https:\/\/akks.no\/oslo\/wp-json\/wp\/v2\/types\/page"}],"author":[{"embeddable":true,"href":"https:\/\/akks.no\/oslo\/wp-json\/wp\/v2\/users\/1"}],"replies":[{"embeddable":true,"href":"https:\/\/akks.no\/oslo\/wp-json\/wp\/v2\/comments?post=154"}],"version-history":[{"count":84,"href":"https:\/\/akks.no\/oslo\/wp-json\/wp\/v2\/pages\/154\/revisions"}],"predecessor-version":[{"id":2843,"href":"https:\/\/akks.no\/oslo\/wp-json\/wp\/v2\/pages\/154\/revisions\/2843"}],"wp:featuredmedia":[{"embeddable":true,"href":"https:\/\/akks.no\/oslo\/wp-json\/wp\/v2\/media\/856"}],"wp:attachment":[{"href":"https:\/\/akks.no\/oslo\/wp-json\/wp\/v2\/media?parent=154"}],"curies":[{"name":"wp","href":"https:\/\/api.w.org\/{rel}","templated":true}]}}