{"id":1219,"date":"2020-02-24T18:22:11","date_gmt":"2020-02-24T17:22:11","guid":{"rendered":"http:\/\/akks.no\/oslo\/?page_id=1219"},"modified":"2020-02-25T11:53:07","modified_gmt":"2020-02-25T10:53:07","slug":"avtale-om-forebygging-av-seksuell-trakassering","status":"publish","type":"page","link":"https:\/\/akks.no\/oslo\/avtale-om-forebygging-av-seksuell-trakassering\/","title":{"rendered":"Avtale om forebygging av seksuell trakassering"},"content":{"rendered":"<p><strong>Om avtalen<\/strong><\/p>\n<p>P\u00e5 denne siden finner du AKKS Oslos Avtale om forebygging av seksuell trakassering som kan lastes ned og signeres. Avtalen har som form\u00e5l \u00e5 v\u00e6re et verkt\u00f8y for \u00e5 skape en tryggere musikkbransje ved at vi som akt\u00f8rer, ved \u00e5 signere den,\u00a0 forplikter oss til \u00e5 v\u00e6re med p\u00e5 forebyggingen av <span style=\"font-weight: 400;\">u\u00f8nsket seksuell oppmerksomhet som er ubehagelig og skaper utrygghet i musikkbransjen og er gode allierte mot v\u00e5re kolleger.<\/span><\/p>\n<p><strong>Hvem kan signere?<\/strong><\/p>\n<p>Artister, band og andre akt\u00f8rer i musikkbransjen oppfordres til \u00e5 signere avtalen. Som band eller organisasjon kan dere signere avtalen internt til egen bruk. Det er ogs\u00e5 mulig \u00e5 sende signerte avtaler i retur til oss i AKKS Oslo p\u00e5: oslo@akks.no hvor akt\u00f8rer som har signert avtalen lagres i en oversikt, som vi p\u00e5 sikt planlegger \u00e5 publisere p\u00e5 v\u00e5re nettsider. Vi h\u00e5per s\u00e5 mange som mulig signerer avtalen, og sammen er med p\u00e5 \u00e5 ta ansvar for \u00e5 skape en trygg bransje, og at vi ved \u00e5 ha en oversikt over akt\u00f8rer som har signert deler p\u00e5 ansvaret fremover med \u00e5 forhindre seksuell trakassering.<\/p>\n<p><strong>Avtalens bakgrunn<\/strong><\/p>\n<p>Vinteren 2018 tok AKKS Oslo initiativ til \u00e5 lage en avtale for \u00e5 forebygge seksuell trakassering, der m\u00e5lgruppen var artister, band og andre ut\u00f8vende musikere i Norge. Vi \u00f8nsket \u00e5 gi musikere et verkt\u00f8y for \u00e5 vite hvor grensene g\u00e5r, og hjelpe hverandre \u00e5 v\u00e6re enda bedre kolleger som st\u00f8tter hverandre i saker som gjelder seksuell trakassering. AKKS Oslo laget et utkast p\u00e5 en avtale, f\u00f8r vi inviterte til en samtale for mannlige musikere som ga sine innspill og tanker p\u00e5 avtalen, dette tiltaket f\u00f8lte vi var viktig for \u00e5 passe p\u00e5 at menn ogs\u00e5 engasjerte seg i samtalen, da vi har opplevd at menn kan v\u00e6re usikre p\u00e5 hvordan de passer inn i en slik diskusjon. Vi \u00f8nsket \u00e5 passe p\u00e5 at dette var en avtale som ogs\u00e5 ga gode tips til hvordan man som mannlig musiker kan v\u00e6re en god alliert. Avtalen ble s\u00e5 ferdigstilt v\u00e5ren 2019 av en arbeidsgruppe best\u00e5ende av Haley Shea ( AKKS Oslo, Sl\u00f8tface), Tor-Arne Vikingstad (Sl\u00f8tface og STAR), Nils J\u00f8rgen Nilsen (Honningbarna) og Henrik S\u00f8berg (Lazy Queen) med r\u00e5dgivningshjelp fra organisasjonen Balansekunst. Vinteren 2020 ble avtalen publisert p\u00e5 AKKS Oslos hjemmesider, og vi har p\u00e5begynt arbeidet med \u00e5 samle inn signaturer.<\/p>\n<p><a href=\"http:\/\/akks.no\/oslo\/files\/2020\/02\/Avtale-om-forebygging-av-seksuell-trakassering-1.pdf\">Last ned avtalen her: Avtale om forebygging av seksuell trakassering<\/a><\/p>\n","protected":false},"excerpt":{"rendered":"<p>Om avtalen P\u00e5 denne siden finner du AKKS Oslos Avtale om forebygging av seksuell trakassering som kan lastes ned og signeres. Avtalen har som form\u00e5l \u00e5 v\u00e6re et verkt\u00f8y for \u00e5 skape en tryggere musikkbransje ved at vi som akt\u00f8rer, ved \u00e5 signere den,\u00a0 forplikter oss til \u00e5 v\u00e6re med p\u00e5 forebyggingen av u\u00f8nsket seksuell [&hellip;]<\/p>\n","protected":false},"author":4,"featured_media":0,"parent":0,"menu_order":0,"comment_status":"closed","ping_status":"closed","template":"","meta":[],"_links":{"self":[{"href":"https:\/\/akks.no\/oslo\/wp-json\/wp\/v2\/pages\/1219"}],"collection":[{"href":"https:\/\/akks.no\/oslo\/wp-json\/wp\/v2\/pages"}],"about":[{"href":"https:\/\/akks.no\/oslo\/wp-json\/wp\/v2\/types\/page"}],"author":[{"embeddable":true,"href":"https:\/\/akks.no\/oslo\/wp-json\/wp\/v2\/users\/4"}],"replies":[{"embeddable":true,"href":"https:\/\/akks.no\/oslo\/wp-json\/wp\/v2\/comments?post=1219"}],"version-history":[{"count":3,"href":"https:\/\/akks.no\/oslo\/wp-json\/wp\/v2\/pages\/1219\/revisions"}],"predecessor-version":[{"id":1227,"href":"https:\/\/akks.no\/oslo\/wp-json\/wp\/v2\/pages\/1219\/revisions\/1227"}],"wp:attachment":[{"href":"https:\/\/akks.no\/oslo\/wp-json\/wp\/v2\/media?parent=1219"}],"curies":[{"name":"wp","href":"https:\/\/api.w.org\/{rel}","templated":true}]}}