{"id":96,"date":"2021-06-08T13:55:48","date_gmt":"2021-06-08T11:55:48","guid":{"rendered":"https:\/\/akks.no\/nord\/?page_id=96"},"modified":"2022-06-22T22:50:05","modified_gmt":"2022-06-22T20:50:05","slug":"info-kommer","status":"publish","type":"page","link":"https:\/\/akks.no\/nord\/kurs\/info-kommer\/","title":{"rendered":"Mer info kommer snart!"},"content":{"rendered":"<h2>Informasjon om ulike kurs kommer snart!<\/h2>\n<p>F\u00f8lg med p\u00e5 v\u00e5re kanaler for \u00e5 holde deg oppdatert p\u00e5 v\u00e5re kurs.<\/p>\n<p>&nbsp;<\/p>\n","protected":false},"excerpt":{"rendered":"<p>Informasjon om ulike kurs kommer snart! F\u00f8lg med p\u00e5 v\u00e5re kanaler for \u00e5 holde deg oppdatert p\u00e5 v\u00e5re kurs. &nbsp;<\/p>\n","protected":false},"author":14,"featured_media":213,"parent":33,"menu_order":0,"comment_status":"closed","ping_status":"closed","template":"","meta":[],"_links":{"self":[{"href":"https:\/\/akks.no\/nord\/wp-json\/wp\/v2\/pages\/96"}],"collection":[{"href":"https:\/\/akks.no\/nord\/wp-json\/wp\/v2\/pages"}],"about":[{"href":"https:\/\/akks.no\/nord\/wp-json\/wp\/v2\/types\/page"}],"author":[{"embeddable":true,"href":"https:\/\/akks.no\/nord\/wp-json\/wp\/v2\/users\/14"}],"replies":[{"embeddable":true,"href":"https:\/\/akks.no\/nord\/wp-json\/wp\/v2\/comments?post=96"}],"version-history":[{"count":9,"href":"https:\/\/akks.no\/nord\/wp-json\/wp\/v2\/pages\/96\/revisions"}],"predecessor-version":[{"id":222,"href":"https:\/\/akks.no\/nord\/wp-json\/wp\/v2\/pages\/96\/revisions\/222"}],"up":[{"embeddable":true,"href":"https:\/\/akks.no\/nord\/wp-json\/wp\/v2\/pages\/33"}],"wp:featuredmedia":[{"embeddable":true,"href":"https:\/\/akks.no\/nord\/wp-json\/wp\/v2\/media\/213"}],"wp:attachment":[{"href":"https:\/\/akks.no\/nord\/wp-json\/wp\/v2\/media?parent=96"}],"curies":[{"name":"wp","href":"https:\/\/api.w.org\/{rel}","templated":true}]}}