{"id":41,"date":"2021-06-07T14:13:55","date_gmt":"2021-06-07T12:13:55","guid":{"rendered":"https:\/\/akks.no\/nord\/?page_id=41"},"modified":"2024-08-20T11:59:53","modified_gmt":"2024-08-20T09:59:53","slug":"om-oss","status":"publish","type":"page","link":"https:\/\/akks.no\/nord\/om-oss\/","title":{"rendered":"Om AKKS Nord"},"content":{"rendered":"<p><img loading=\"lazy\" class=\"alignnone wp-image-194 size-full\" src=\"http:\/\/akks.no\/nord\/files\/2022\/04\/AKKS_FB_toppbanner.jpg\" alt=\"\" width=\"820\" height=\"312\" srcset=\"https:\/\/akks.no\/nord\/files\/2022\/04\/AKKS_FB_toppbanner.jpg 820w, https:\/\/akks.no\/nord\/files\/2022\/04\/AKKS_FB_toppbanner-300x114.jpg 300w, https:\/\/akks.no\/nord\/files\/2022\/04\/AKKS_FB_toppbanner-768x292.jpg 768w, https:\/\/akks.no\/nord\/files\/2022\/04\/AKKS_FB_toppbanner-600x228.jpg 600w\" sizes=\"(max-width: 820px) 100vw, 820px\" \/><\/p>\n<p><strong>AKKS Nord<\/strong> er \u00e9n av seks AKKS-avdelinger i Norge, og har oppl\u00e6ring, rekruttering og utvikling av unge musikere og arrang\u00f8rer som sin kjernevirksomhet. Selv om hovedfokuset v\u00e5rt er jenter og kvinner, backer vi alle som vil pr\u00f8ve seg innen musikk \u2013 uansett kj\u00f8nnsidentitet, alder, religion og etnisitet.<\/p>\n<h2><strong>Historikk<\/strong><\/h2>\n<p>AKKS Nord er v\u00e5r nyeste avdeling og ble en egen avdeling 1. januar 2021, men arbeidet med \u00e5 starte en AKKS-avdeling i Nord-Norge startet allerede i 2017. F\u00f8rst som et prosjekt der vi gjennomf\u00f8rte en kartlegging av behovet og ettersp\u00f8rselen for avdelingen og arrangert flere aktiviteter i Nord-Norge.<\/p>\n<p>Nord-Norge strekker seg over 45% av Norges totale landomr\u00e5der, men dekker bare 9,2% av landets befolkning. Nord-Norge er stort, og det ble klart gjennom prosjektet at det var et behov for denne avdelingen, da folk som bor i dette omr\u00e5det ofte savner hendelser, workshops og andre arrangementer som st\u00f8rre byer har mye av.<\/p>\n<p>Gjennom prosjektet bygget AKKS Nord seg ogs\u00e5 opp et nettverk av kulturakt\u00f8rer som \u00f8nsket ulike samarbeid framover hvorav ungdomsklubber, kulturhus og kulturhovedstadsprosjektet Bod\u00f8 2024 stod sterkt.<\/p>\n<p>P\u00e5 grunn av st\u00f8rrelsen p\u00e5 landomr\u00e5det og lav befolkning vil AKKS Nord forvaltes forskjellig fra de andre avdelingene. AKKS Nord har sitt hovedkontor i Varangerbotn, men vil ogs\u00e5 arrangere &laquo;pop up&raquo; -verksteder rundt i de tre fylkene som dekker Nord-Norge.<\/p>\n","protected":false},"excerpt":{"rendered":"<p>AKKS Nord er en ideologisk musikkorganisasjon som jobber for likestilling og bedre kj\u00f8nnsbalanse i norsk musikkliv.<\/p>\n","protected":false},"author":8,"featured_media":0,"parent":0,"menu_order":5,"comment_status":"closed","ping_status":"closed","template":"","meta":[],"_links":{"self":[{"href":"https:\/\/akks.no\/nord\/wp-json\/wp\/v2\/pages\/41"}],"collection":[{"href":"https:\/\/akks.no\/nord\/wp-json\/wp\/v2\/pages"}],"about":[{"href":"https:\/\/akks.no\/nord\/wp-json\/wp\/v2\/types\/page"}],"author":[{"embeddable":true,"href":"https:\/\/akks.no\/nord\/wp-json\/wp\/v2\/users\/8"}],"replies":[{"embeddable":true,"href":"https:\/\/akks.no\/nord\/wp-json\/wp\/v2\/comments?post=41"}],"version-history":[{"count":13,"href":"https:\/\/akks.no\/nord\/wp-json\/wp\/v2\/pages\/41\/revisions"}],"predecessor-version":[{"id":356,"href":"https:\/\/akks.no\/nord\/wp-json\/wp\/v2\/pages\/41\/revisions\/356"}],"wp:attachment":[{"href":"https:\/\/akks.no\/nord\/wp-json\/wp\/v2\/media?parent=41"}],"curies":[{"name":"wp","href":"https:\/\/api.w.org\/{rel}","templated":true}]}}