{"id":552,"date":"2019-07-29T11:25:16","date_gmt":"2019-07-29T09:25:16","guid":{"rendered":"http:\/\/akks.no\/kristiansand\/?page_id=552"},"modified":"2026-04-17T11:13:54","modified_gmt":"2026-04-17T09:13:54","slug":"bandkurs","status":"publish","type":"page","link":"https:\/\/akks.no\/kristiansand\/bandkurs\/","title":{"rendered":"Bandkurs"},"content":{"rendered":"<p><strong>Finn noen \u00e5 spille med p\u00e5 AKKS Kristiansand sitt bandkurs!<\/strong><\/p>\n<p>AKKS bandkurs er kurset for deg som \u00f8nsker \u00e5 m\u00f8te andre musikere og l\u00e6re \u00e5 spille i band.<\/p>\n<p>Du og bandet ditt velger to til tre l\u00e5ter som dere jobber med under kursets uker. Med dere p\u00e5 veien har dere en instrukt\u00f8r med bred erfaring fra musikklivet. Instrukt\u00f8ren vil veilede bandene i l\u00e5tmateriale, samspill og kommunikasjon. Bandkursene er sosiale kurs med fokus p\u00e5 samspill og spilleglede. Her f\u00e5r du masse god musikalsk trening! S\u00e5 langt det g\u00e5r fors\u00f8ker vi \u00e5 sette sammen band ut fra alder og sjangerpreferanser.<\/p>\n<p><em><strong>Oppstart:<\/strong><\/em> Uke 42 &#8211; Torsdag 15. oktober<br \/>\n<em><strong>Varighet:<\/strong><\/em> 10 uker med instrukt\u00f8r i 1,5 timer per uke. (Siste uken g\u00e5r til konsert \ud83c\udfb6)<br \/>\n<strong><em>Instrukt\u00f8r:\u00a0<\/em><\/strong>Iben Solberg<br \/>\n<em><strong>Pris:<\/strong><\/em> Gratis for de under 26 \u00e5r som er medlem i AKKS.<\/p>\n<p>P\u00e5melding til h\u00f8st 2026 finner du <a href=\"https:\/\/form.jotform.com\/261062006895355\">HER<\/a><\/p>\n<p>P\u00e5meldingsfrist er 1. oktober 2026.<\/p>\n<div>\n<hr \/>\n<\/div>\n<p><strong>Forkunnskaper<\/strong><\/p>\n<p>Kurset er for b\u00e5de nybegynnere og viderekomne. Om du kommer rett fra instrumentkurs eller har l\u00e6rt deg instrumentet ditt p\u00e5 egenh\u00e5nd, er det fullt mulig \u00e5 melde seg p\u00e5 bandkurset. Den eneste forutsetningen er at du kan spille instrumentet ditt. Instrukt\u00f8ren hjelper med tilpassing av l\u00e5tmateriale til bandets niv\u00e5.<\/p>\n<div>\n<hr \/>\n<p><b>Praktisk om kurset<\/b><\/p>\n<ul>\n<li>Ta med ditt instrument; gitar, trommestikker, bass eller annet. Forsterkere, piano og trommesett er i \u00f8vingslokalet.<\/li>\n<li>Mangler du gitar eller bass har AKKS Kristiansand noen til leie.<\/li>\n<li>\u00d8nsker du \u00e5 l\u00e5ne instrument til hjemme\u00f8ving kan du gj\u00f8re dette gratis hos oss ved \u00e5 kontakte sin instrukt\u00f8r.<\/li>\n<li>Bandene vil bli satt sammen etter hvilket instrument man spiller. Det er vanligvis 3-5 personer i hvert band.<\/li>\n<li>I tillegg til hver kursdag f\u00e5r hvert band ukentlig\u00a0<strong>\u00e9n gratis \u00f8kt p\u00e5 tre timer<\/strong>\u00a0til egen\u00f8ving i AKKS Kristiansand sine \u00f8vingslokaler p\u00e5 Samsen Kulturhus under kursperioden, hvor dag og tid avtales internt i bandet.<\/li>\n<\/ul>\n<\/div>\n<hr \/>\n<p><strong>Er du usikker p\u00e5 niv\u00e5et ditt eller har andre sp\u00f8rsm\u00e5l?<\/strong><br \/>\nTa gjerne kontakt med oss p\u00e5 kurs@kristiansand.akks.no<\/p>\n<p>Henvendelser blir besvart ila. 5-7 virkedager.<\/p>\n<p>&nbsp;<\/p>\n<p>&nbsp;<\/p>\n<p><em>Om Iben:<\/em><\/p>\n<div><em><img loading=\"lazy\" class=\"wp-image-1627 alignright\" src=\"http:\/\/akks.no\/kristiansand\/files\/2026\/01\/IMG_2731.jpg\" alt=\"\" width=\"275\" height=\"413\" srcset=\"https:\/\/akks.no\/kristiansand\/files\/2026\/01\/IMG_2731.jpg 1200w, https:\/\/akks.no\/kristiansand\/files\/2026\/01\/IMG_2731-200x300.jpg 200w, https:\/\/akks.no\/kristiansand\/files\/2026\/01\/IMG_2731-683x1024.jpg 683w, https:\/\/akks.no\/kristiansand\/files\/2026\/01\/IMG_2731-768x1152.jpg 768w, https:\/\/akks.no\/kristiansand\/files\/2026\/01\/IMG_2731-1024x1536.jpg 1024w, https:\/\/akks.no\/kristiansand\/files\/2026\/01\/IMG_2731-600x900.jpg 600w\" sizes=\"(max-width: 275px) 100vw, 275px\" \/><\/em><\/div>\n<div><em>Instrukt\u00f8r Iben Solberg er 2. \u00e5rs Masterstudent i Ut\u00f8vende Rytmisk Musikk ved Universitetet i Agder. Han har spilt i band siden han var 12 \u00e5r gammel og er per dags dato aktiv i bandene\u00a0Isum, Rohkeus,\u00a0Release the Titans og JiD Ingetium.\u00a0Som multi-instrumentalist har han god kompetanse innen alle de vanlige instrumentene brukt i band, og er dypt innstilt p\u00e5 \u00e5 veilede elevene gjennom deres musikalske utvikling. I timene hans setter han fokus p\u00e5: samspill og samv\u00e6r i band, m\u00e5lsetting og oppn\u00e5else, \u00f8vingsmetoder, og ikke minst det \u00e5 ha det s\u00e5 g\u00f8y som mulig!<\/em><\/div>\n<div><\/div>\n","protected":false},"excerpt":{"rendered":"<p>Finn noen \u00e5 spille med p\u00e5 AKKS Kristiansand sitt bandkurs! AKKS bandkurs er kurset for deg som \u00f8nsker \u00e5 m\u00f8te andre musikere og l\u00e6re \u00e5 spille i band. Du og bandet ditt velger to til tre l\u00e5ter som dere jobber med under kursets uker. Med dere p\u00e5 veien har dere en instrukt\u00f8r med bred erfaring [&hellip;]<\/p>\n","protected":false},"author":6,"featured_media":556,"parent":0,"menu_order":0,"comment_status":"closed","ping_status":"closed","template":"","meta":[],"_links":{"self":[{"href":"https:\/\/akks.no\/kristiansand\/wp-json\/wp\/v2\/pages\/552"}],"collection":[{"href":"https:\/\/akks.no\/kristiansand\/wp-json\/wp\/v2\/pages"}],"about":[{"href":"https:\/\/akks.no\/kristiansand\/wp-json\/wp\/v2\/types\/page"}],"author":[{"embeddable":true,"href":"https:\/\/akks.no\/kristiansand\/wp-json\/wp\/v2\/users\/6"}],"replies":[{"embeddable":true,"href":"https:\/\/akks.no\/kristiansand\/wp-json\/wp\/v2\/comments?post=552"}],"version-history":[{"count":39,"href":"https:\/\/akks.no\/kristiansand\/wp-json\/wp\/v2\/pages\/552\/revisions"}],"predecessor-version":[{"id":1664,"href":"https:\/\/akks.no\/kristiansand\/wp-json\/wp\/v2\/pages\/552\/revisions\/1664"}],"wp:featuredmedia":[{"embeddable":true,"href":"https:\/\/akks.no\/kristiansand\/wp-json\/wp\/v2\/media\/556"}],"wp:attachment":[{"href":"https:\/\/akks.no\/kristiansand\/wp-json\/wp\/v2\/media?parent=552"}],"curies":[{"name":"wp","href":"https:\/\/api.w.org\/{rel}","templated":true}]}}