{"id":528,"date":"2019-05-22T13:37:32","date_gmt":"2019-05-22T11:37:32","guid":{"rendered":"http:\/\/akks-no.staging.wordpress.idium.no\/kristiansand\/?page_id=528"},"modified":"2025-01-20T13:29:16","modified_gmt":"2025-01-20T12:29:16","slug":"akks-stipend","status":"publish","type":"page","link":"https:\/\/akks.no\/kristiansand\/akks-stipend\/","title":{"rendered":"AKKS Stipend"},"content":{"rendered":"<div class=\"intro\">\n<p><a href=\"https:\/\/app.checkin.no\/event\/68212\/akks-stipend-host-2024\"><img loading=\"lazy\" class=\"alignnone wp-image-1237 size-medium\" src=\"http:\/\/akks.no\/kristiansand\/files\/2023\/12\/huge-300x126.png\" alt=\"\" width=\"300\" height=\"126\" srcset=\"https:\/\/akks.no\/kristiansand\/files\/2023\/12\/huge-300x126.png 300w, https:\/\/akks.no\/kristiansand\/files\/2023\/12\/huge-768x322.png 768w, https:\/\/akks.no\/kristiansand\/files\/2023\/12\/huge-600x251.png 600w, https:\/\/akks.no\/kristiansand\/files\/2023\/12\/huge.png 1024w\" sizes=\"(max-width: 300px) 100vw, 300px\" \/><\/a><\/p>\n<p>F\u00e5 \u00f8konomisk st\u00f8tte til \u00e5 delta p\u00e5 kurs og aktiviteter!<\/p>\n<\/div>\n<p>Hos oss skal ikke \u00f8konomi stoppe barn og unge fra \u00e5 delta p\u00e5 musikkaktiviteter.<\/p>\n<p>Derfor kan du som er under 26 \u00e5r og har begrenset \u00f8konomi\u00a0<strong>f\u00e5 helt eller delvis redusert deltakeravgift\u00a0<\/strong>p\u00e5 v\u00e5re kurs og aktiviteter ved \u00e5 s\u00f8ke p\u00e5 AKKS-Stipendet.<\/p>\n<p>For \u00e5 benytte deg av dette tilbudet legger du ved en begrunnelse i p\u00e5meldingsskjema til den aktiviteten du \u00f8nsker \u00e5 delta p\u00e5. Skriv kort om din\/familiens \u00f8konomiske situasjon uten \u00e5 komme med personlige opplysninger.<\/p>\n<p>For \u00e5 s\u00f8ke om AKKS-Stipend trykk <a href=\"https:\/\/app.checkin.no\/event\/68212\/akks-stipend-host-2024\">her.<\/a><\/p>\n<p><a href=\"https:\/\/app.checkin.no\/event\/68212\/akks-stipend-host-2024\"><img loading=\"lazy\" class=\"alignnone wp-image-1235 size-medium\" src=\"http:\/\/akks.no\/kristiansand\/files\/2023\/12\/Copy-of-huge-300x126.png\" alt=\"\" width=\"300\" height=\"126\" \/><\/a><\/p>\n<p>Ta gjerne kontakt om du har noen sp\u00f8rsm\u00e5l: kristiansand@akks.no<\/p>\n<p>Henvendelser blir besvart ila. 5-7 virkedager.<\/p>\n<p>Denne ordningen er st\u00f8ttet av <a href=\"https:\/\/bufdir.no\/Familie\/\">BUFDIR.<\/a><\/p>\n","protected":false},"excerpt":{"rendered":"<p>Musikkundervisning for alle!<\/p>\n","protected":false},"author":6,"featured_media":0,"parent":0,"menu_order":0,"comment_status":"closed","ping_status":"closed","template":"","meta":[],"_links":{"self":[{"href":"https:\/\/akks.no\/kristiansand\/wp-json\/wp\/v2\/pages\/528"}],"collection":[{"href":"https:\/\/akks.no\/kristiansand\/wp-json\/wp\/v2\/pages"}],"about":[{"href":"https:\/\/akks.no\/kristiansand\/wp-json\/wp\/v2\/types\/page"}],"author":[{"embeddable":true,"href":"https:\/\/akks.no\/kristiansand\/wp-json\/wp\/v2\/users\/6"}],"replies":[{"embeddable":true,"href":"https:\/\/akks.no\/kristiansand\/wp-json\/wp\/v2\/comments?post=528"}],"version-history":[{"count":11,"href":"https:\/\/akks.no\/kristiansand\/wp-json\/wp\/v2\/pages\/528\/revisions"}],"predecessor-version":[{"id":1496,"href":"https:\/\/akks.no\/kristiansand\/wp-json\/wp\/v2\/pages\/528\/revisions\/1496"}],"wp:attachment":[{"href":"https:\/\/akks.no\/kristiansand\/wp-json\/wp\/v2\/media?parent=528"}],"curies":[{"name":"wp","href":"https:\/\/api.w.org\/{rel}","templated":true}]}}