{"id":419,"date":"2019-05-08T13:32:11","date_gmt":"2019-05-08T11:32:11","guid":{"rendered":"http:\/\/akks-no.staging.wordpress.idium.no\/kristiansand\/?page_id=419"},"modified":"2026-04-17T11:15:43","modified_gmt":"2026-04-17T09:15:43","slug":"elektronisk-musikk-4-uker-kurs","status":"publish","type":"page","link":"https:\/\/akks.no\/kristiansand\/elektronisk-musikk-4-uker-kurs\/","title":{"rendered":"Musikkproduksjon"},"content":{"rendered":"<div><strong>Hvor: Samsen Kulturhus<\/strong><\/div>\n<div><strong>Dag: Torsdager, 45 eller 60 minutter en til en-undervisning i 7 eller 14 uker per semester<\/strong><\/div>\n<div><\/div>\n<div><strong>Oppstart h\u00f8st 2026: Uke 36 \u2013 Torsdag 15. oktober<\/strong><\/div>\n<div>\n<p>Kurset anbefales for nybegynnere og lett viderekomne fra 13 \u00e5r og oppover.<\/p>\n<\/div>\n<div class=\"o9v6fnle cxmmr5t8 oygrvhab hcukyx3x c1et5uql\">\u00d8nsker du \u00e5 skrive egne l\u00e5ter og produsere en ny hitl\u00e5t? Eller kanskje du allerede skriver selv og \u00f8nsker \u00e5 l\u00e6re \u00e5 ta opp egen vokal eller instrument? I musikkproduksjon kan du sammen med Kine Hjeldnes l\u00e6re deg alt dette og mer. Ved hjelp av laptopen din og en rekke enkle steg kan du skape akkurat den musikken du h\u00f8rer inne i deg.<\/div>\n<div>\n<div class=\"o9v6fnle cxmmr5t8 oygrvhab hcukyx3x c1et5uql\">M\u00e5let med kurset er \u00e5 f\u00e5 kunnskap til \u00e5 lage musikk, finne ditt personlige uttrykk og arbeide selvstendig utenfor kurset.<\/div>\n<div class=\"o9v6fnle cxmmr5t8 oygrvhab hcukyx3x c1et5uql\">\n<p>Du vil jobbe med digitale instrumenter, komposisjon og teknikk rundt opptak av egne instrumenter, og stemme.<br \/>\nI tillegg vil du f\u00e5 en grunnleggende innf\u00f8ring i arbeid i en digital arbeidsstasjon hvor du lager musikken din (DAW).<\/p>\n<\/div>\n<p><strong>Til kurset er det n\u00f8dvendig at du har med egen laptop. (Skulle dette v\u00e6re en utfordring s\u00e5 ta kontakt)<\/strong><br \/>\n<strong>Det er ogs\u00e5 n\u00f8dvendig \u00e5 ha et forh\u00e5ndsinstallert program for musikkproduksjon.\u00a0<\/strong><br \/>\n<strong>Vi anbefaler sterkt Ableton Live, da dette er et allsidig program for de aller fleste.<\/strong><br \/>\n<strong>Intro-versjonen er nok til dette kurset. Det er viktig at du setter deg inn i programmene f\u00f8r f\u00f8rste timen.<\/strong><\/p>\n<p>Link til dette programmet finner du her:<br \/>\nhttps:\/\/www.ableton.com\/en\/shop\/live\/<\/p>\n<p>Reaper er et gratis-alternativ som ogs\u00e5 kan brukes for dette kurset.<\/p>\n<p>Link til Reaper (Gratisprogram):<br \/>\nhttps:\/\/www.reaper.fm\/<\/p>\n<p><em><strong>Velg mellom 7 eller 14 uker med undervisning per semester.<\/strong><\/em><\/p>\n<p><a href=\"https:\/\/form.jotform.com\/253093054083352\"><img loading=\"lazy\" class=\"alignnone wp-image-1235 size-medium\" src=\"http:\/\/akks.no\/kristiansand\/files\/2023\/12\/Copy-of-huge-300x126.png\" alt=\"\" width=\"300\" height=\"126\" \/><\/a><\/p>\n<p><strong>P\u00e5melding til kurs: Trykk\u00a0<a href=\"https:\/\/form.jotform.com\/253093054083352\">her<\/a><\/strong><\/p>\n<p>P\u00e5meldingsfrist 14 ukers kurs: 10. august 2026<br \/>\nP\u00e5meldingsfrist 7 ukers kurs: 20. september 2026<\/p>\n<p>Etter 10. januar 2026 kan du forvente svar p\u00e5 p\u00e5meldingen etter 5-7 virkedager.<\/p>\n<p><em><strong>Priser: 0 kr &#8211; 5600 kr per semester<\/strong><\/em><\/p>\n<ul>\n<li>4200 kr for 45 minutter i uken i 14 uker<\/li>\n<li>5600 kr for 60 min i uken i 14 uker<\/li>\n<li>2100 kr for 45 minutter i uken i 7 uker.<\/li>\n<li>2800 kr for 60 min i uken i 7 uker<\/li>\n<\/ul>\n<p><img loading=\"lazy\" class=\"alignnone wp-image-1237 size-medium\" src=\"http:\/\/akks.no\/kristiansand\/files\/2023\/12\/huge-300x126.png\" alt=\"\" width=\"300\" height=\"126\" srcset=\"https:\/\/akks.no\/kristiansand\/files\/2023\/12\/huge-300x126.png 300w, https:\/\/akks.no\/kristiansand\/files\/2023\/12\/huge-768x322.png 768w, https:\/\/akks.no\/kristiansand\/files\/2023\/12\/huge-600x251.png 600w, https:\/\/akks.no\/kristiansand\/files\/2023\/12\/huge.png 1024w\" sizes=\"(max-width: 300px) 100vw, 300px\" \/><\/p>\n<p><strong>Er du under 26 \u00e5r og har begrenset \u00f8konomi kan du f\u00e5 kurset GRATIS! <\/strong><br \/>\n<strong>Du kan enkelt s\u00f8ke om AKKS Stipend (for alle under 25 \u00e5r) eller kommunens Fritidsfond (for barn og unge opp til 18 \u00e5r fra Kristiansand).<\/strong><\/p>\n<p><strong>S\u00f8kand til AKKS-stipend: Trykk <a href=\"https:\/\/form.jotform.com\/261062242139348\">her<\/a><\/strong><\/p>\n<ul>\n<li><strong><a href=\"https:\/\/akks.no\/kristiansand\/akks-stipend\/\">AKKS-stipend:<\/a>\u00a0<\/strong>\u00d8konomi skal ikke st\u00e5 i veien for deltakelse i musikkaktiviteter. Er du under 26 \u00e5r kan du eller dine foresatte s\u00f8ke om \u00e5 f\u00e5 redusert pris eller gratisplass p\u00e5 AKKS Kristiansand sine kurs. For \u00e5 benytte deg av tilbudet om\u00a0<strong>AKKS-stipend<\/strong> velger du enkelt dette i p\u00e5meldingskjemaet. Denne ordningen er st\u00f8ttet av <a href=\"https:\/\/www.bufdir.no\/Familie\/\">Bufdir.<\/a><\/li>\n<li><strong><a href=\"https:\/\/www.kristiansand.kommune.no\/fritidsfond\">Fritidsfond<\/a><\/strong>: Kristiansand kommune \u00f8nsker at alle barn og unge skal ha samme valgmulighet til \u00e5 delta i organiserte fritidsaktiviteter, uavhengig av foreldrenes \u00f8konomi.\u00a0 En kan s\u00f8ke om kontingent og n\u00f8dvendig utstyr til barn og unge som skal delta i en organisert fritidsaktivitet. Du kan enkelt s\u00f8ke p\u00e5 kommunens hjemmeside. Ta gjerne kontakt med oss om du trenger hjelp til s\u00f8knaden eller har sp\u00f8rsm\u00e5l.<\/li>\n<li><strong>UiA Student: <\/strong>15% rabatt p\u00e5 undervisning og kurs.<\/li>\n<li><strong>S\u00f8skenrabatt:<\/strong>\u00a015% rabatt p\u00e5 undervisning og kurs<\/li>\n<li><strong>Gruppekurs:<\/strong> 50% rabatt. P\u00e5 vokal, gitar og bass tilbyr vi ogs\u00e5 gruppekurs om vi f\u00e5r nok p\u00e5meldte som \u00f8nsker det. Prisene blir da redusert med 50% og du vil bli satt sammen i gruppe p\u00e5 2-4 personer p\u00e5 ca. lik alder og ferdighetsniv\u00e5. Kryss av p\u00e5 dette i p\u00e5meldingsskjema om du er interessert i gruppekurs.<\/li>\n<\/ul>\n<p>* Prisene over forutsetter medlemskap. Medlemskap koster 50,- og varer et kalender\u00e5r. \u00d8nsker du ikke \u00e5 bli medlem i AKKS s\u00e5 koster det 50% mer<\/p>\n<p><strong>Sp\u00f8rsm\u00e5l? Ta kontakt: kurs@kristiansand.akks.no<\/strong><\/p>\n<p>Henvendelser blir besvart ila. 5-7 virkedager.<\/p>\n<p><strong>Instrukt\u00f8r Brita Urstad Toft<\/strong><\/p>\n<p><img loading=\"lazy\" class=\"wp-image-1535 alignleft\" src=\"http:\/\/akks.no\/kristiansand\/files\/2025\/04\/brita.png\" alt=\"\" width=\"377\" height=\"376\" srcset=\"https:\/\/akks.no\/kristiansand\/files\/2025\/04\/brita.png 822w, https:\/\/akks.no\/kristiansand\/files\/2025\/04\/brita-300x300.png 300w, https:\/\/akks.no\/kristiansand\/files\/2025\/04\/brita-150x150.png 150w, https:\/\/akks.no\/kristiansand\/files\/2025\/04\/brita-768x766.png 768w, https:\/\/akks.no\/kristiansand\/files\/2025\/04\/brita-600x599.png 600w, https:\/\/akks.no\/kristiansand\/files\/2025\/04\/brita-100x100.png 100w\" sizes=\"(max-width: 377px) 100vw, 377px\" \/><\/p>\n<p>Brita har en bachelor i vokal fra BIMM Berlin og mastergrad i elektronisk musikk fra UiA. P\u00e5 dagtid underviser hun i elektronisk musikk p\u00e5 UiA og Ansgar H\u00f8yskole og som instrukt\u00f8r i musikkproduksjon p\u00e5 AKKS.<\/p>\n<p>Etter 8 \u00e5r med Berlin som bop\u00e6l flyttet hun til Kristiansand i 2021. Raskt etablert i byen ble hun medgrunnlegger av Klubb Kosmos, det mest aktuelle klubbkonseptet for house- og technomusikk i Kristiansand, hvor hun ogs\u00e5 opererer som resident-DJ.<\/p>\n<p>&nbsp;<\/p>\n<p>Brita Urstad Toft sitt artistnavn er Brita\u00b0UT og hun har blant annet spilt p\u00e5 spillesteder som Klunkerkranich i Berlin, Bl\u00e5 og Storgata i Oslo, Landmark i Bergen og Ravnedalen Live i Kristiansand.<\/p>\n<p>Photokred:\u00a0<a id=\"m_959684452887546871plusReplyChip-0\" class=\"gmail_plusreply\"><\/a>@rob_saudade<\/p>\n<\/div>\n","protected":false},"excerpt":{"rendered":"<p>Har du alltid \u00f8nsket \u00e5 produsere egen musikk? Da er dette kurset perfekt for deg!<\/p>\n","protected":false},"author":6,"featured_media":1400,"parent":0,"menu_order":0,"comment_status":"closed","ping_status":"closed","template":"","meta":[],"_links":{"self":[{"href":"https:\/\/akks.no\/kristiansand\/wp-json\/wp\/v2\/pages\/419"}],"collection":[{"href":"https:\/\/akks.no\/kristiansand\/wp-json\/wp\/v2\/pages"}],"about":[{"href":"https:\/\/akks.no\/kristiansand\/wp-json\/wp\/v2\/types\/page"}],"author":[{"embeddable":true,"href":"https:\/\/akks.no\/kristiansand\/wp-json\/wp\/v2\/users\/6"}],"replies":[{"embeddable":true,"href":"https:\/\/akks.no\/kristiansand\/wp-json\/wp\/v2\/comments?post=419"}],"version-history":[{"count":42,"href":"https:\/\/akks.no\/kristiansand\/wp-json\/wp\/v2\/pages\/419\/revisions"}],"predecessor-version":[{"id":1665,"href":"https:\/\/akks.no\/kristiansand\/wp-json\/wp\/v2\/pages\/419\/revisions\/1665"}],"wp:featuredmedia":[{"embeddable":true,"href":"https:\/\/akks.no\/kristiansand\/wp-json\/wp\/v2\/media\/1400"}],"wp:attachment":[{"href":"https:\/\/akks.no\/kristiansand\/wp-json\/wp\/v2\/media?parent=419"}],"curies":[{"name":"wp","href":"https:\/\/api.w.org\/{rel}","templated":true}]}}