{"id":414,"date":"2019-05-08T12:51:50","date_gmt":"2019-05-08T10:51:50","guid":{"rendered":"http:\/\/akks-no.staging.wordpress.idium.no\/kristiansand\/?page_id=414"},"modified":"2026-04-17T11:01:17","modified_gmt":"2026-04-17T09:01:17","slug":"piano-undervisning","status":"publish","type":"page","link":"https:\/\/akks.no\/kristiansand\/piano-undervisning\/","title":{"rendered":"Pianokurs"},"content":{"rendered":"<p><em><strong>Tid:<\/strong><\/em> 30 eller 45 minutter, en til en-undervisning, tirsdag og onsdag<br \/>\n<em><strong>Sted:<\/strong><\/em>\u00a0Samsen Kulturhus<br \/>\n<strong><em>L\u00e6rer:<\/em>\u00a0<\/strong>Andreas Haugen og Jon Roald<br \/>\n<em><strong>Aldersgrense:<\/strong><\/em> 8 \u00e5r &#8211; Ingen \u00f8vre aldersgrense<\/p>\n<p><strong>Oppstart h\u00f8st 2026: Uke 36 &#8211; mandag 31. august<\/strong><\/p>\n<p>\u00d8nsker du \u00e5 spille yndlingsl\u00e5tene dine? Akkompagnere deg selv n\u00e5r du synger? Eller kanskje du \u00f8nsker \u00e5 spille keyboard i et band? Undervisningen tar for seg spilleteknikk, akkordl\u00e6re og improvisasjon. L\u00e5tene velges ut av instrukt\u00f8r i samarbeid med deltaker, og undervisningen vil bli lagt opp etter dine m\u00e5l, forkunnskaper og \u00f8nsker. Semesteret avsluttes med en valgfri AKKS-konsert der deltakerne kan vise hva de har l\u00e6rt for familie og venner.<\/p>\n<p><em><strong>Velg mellom 7 eller 14 uker med undervisning per semester.<\/strong><\/em><\/p>\n<p><a href=\"https:\/\/form.jotform.com\/261062242139348\"><img loading=\"lazy\" class=\"alignnone wp-image-1235 size-medium\" src=\"http:\/\/akks.no\/kristiansand\/files\/2023\/12\/Copy-of-huge-300x126.png\" alt=\"\" width=\"300\" height=\"126\" \/><\/a><\/p>\n<p><strong>P\u00e5melding til kurs: Trykk\u00a0<a href=\"https:\/\/form.jotform.com\/261062242139348\">her<\/a><\/strong><\/p>\n<p>P\u00e5meldingsfrist 14 ukers kurs: 10. august 2026<br \/>\nP\u00e5meldingsfrist 7 ukers kurs: 26. september 2026<\/p>\n<p>Etter 1. august 2026 kan du forvente svar p\u00e5 p\u00e5meldingen etter 5-7 virkedager.<\/p>\n<p><em><strong>Priser: 0 kr &#8211; 4700 kr per semester<\/strong><\/em><\/p>\n<ul>\n<li>1700 kr for 30 minutter i uken i 7 uker.<\/li>\n<li>3400 kr for 30 minutter i uken i 14 uker.<\/li>\n<li>2500 kr for 45 minutter i uken i 7 uker.<\/li>\n<li>5000 kr for 45 minutter i uken i 14 uker<\/li>\n<\/ul>\n<p><img loading=\"lazy\" class=\"alignnone wp-image-1237 size-medium\" src=\"http:\/\/akks.no\/kristiansand\/files\/2023\/12\/huge-300x126.png\" alt=\"\" width=\"300\" height=\"126\" srcset=\"https:\/\/akks.no\/kristiansand\/files\/2023\/12\/huge-300x126.png 300w, https:\/\/akks.no\/kristiansand\/files\/2023\/12\/huge-768x322.png 768w, https:\/\/akks.no\/kristiansand\/files\/2023\/12\/huge-600x251.png 600w, https:\/\/akks.no\/kristiansand\/files\/2023\/12\/huge.png 1024w\" sizes=\"(max-width: 300px) 100vw, 300px\" \/><\/p>\n<p><strong>Er du under 26 \u00e5r og har begrenset \u00f8konomi kan du f\u00e5 kurset GRATIS! <\/strong><br \/>\n<strong>Du kan enkelt s\u00f8ke om AKKS Stipend (for alle under 25 \u00e5r) eller kommunens Fritidsfond (for barn og unge opp til 18 \u00e5r fra Kristiansand).<\/strong><\/p>\n<p><strong>S\u00f8knad til AKKS-Stipend: Trykk <a href=\"https:\/\/form.jotform.com\/261062242139348\">her<\/a><\/strong><\/p>\n<ul>\n<li><strong><a href=\"https:\/\/akks.no\/kristiansand\/akks-stipend\/\">AKKS-stipend:<\/a>\u00a0<\/strong>\u00d8konomi skal ikke st\u00e5 i veien for deltakelse i musikkaktiviteter. Er du under 26 \u00e5r kan du eller dine foresatte s\u00f8ke om \u00e5 f\u00e5 redusert pris eller gratisplass p\u00e5 AKKS Kristiansand sine kurs. Trykk <a href=\"https:\/\/form.jotform.com\/253093054083352\">her<\/a> for \u00e5 benytte deg av tilbudet om <strong>AKKS-stipend<\/strong> velger du enkelt dette i p\u00e5meldingskjemaet. Denne ordningen er st\u00f8ttet av <a href=\"https:\/\/www.bufdir.no\/Familie\/\">Bufdir.<\/a><\/li>\n<li><strong><a href=\"https:\/\/www.kristiansand.kommune.no\/fritidsfond\">Fritidsfond<\/a><\/strong>: Kristiansand kommune \u00f8nsker at alle barn og unge skal ha samme valgmulighet til \u00e5 delta i organiserte fritidsaktiviteter, uavhengig av foreldrenes \u00f8konomi.\u00a0 En kan s\u00f8ke om kontingent og n\u00f8dvendig utstyr til barn og unge som skal delta i en organisert fritidsaktivitet. Du kan enkelt s\u00f8ke p\u00e5 kommunens hjemmeside. Ta gjerne kontakt med oss om du trenger hjelp til s\u00f8knaden eller har sp\u00f8rsm\u00e5l.<\/li>\n<li><strong>UiA Student: <\/strong>15% rabatt p\u00e5 undervisning og kurs.<\/li>\n<li><strong>S\u00f8skenrabatt:<\/strong>\u00a015% rabatt p\u00e5 undervisning og kurs<\/li>\n<li><strong>Gruppekurs:<\/strong> 50% rabatt. P\u00e5 vokal, gitar og bass tilbyr vi ogs\u00e5 gruppekurs om vi f\u00e5r nok p\u00e5meldte som \u00f8nsker det. Prisene blir da redusert med 50% og du vil bli satt sammen i gruppe p\u00e5 2-4 personer p\u00e5 ca. lik alder og ferdighetsniv\u00e5. Kryss av p\u00e5 dette i p\u00e5meldingsskjema om du er interessert i gruppekurs.<\/li>\n<\/ul>\n<p>* Prisene over forutsetter medlemskap. Medlemskap koster 50,- og varer et kalender\u00e5r. \u00d8nsker du ikke \u00e5 bli medlem i AKKS s\u00e5 koster det 50% mer<\/p>\n<p><strong>Sp\u00f8rsm\u00e5l? Ta kontakt: kurs@kristiansand.akks.no<\/strong><\/p>\n<p>Henvendelser blir besvart ila. 5-7 virkedager.<\/p>\n<p><strong>Instrukt\u00f8rer:<\/strong><\/p>\n<p><strong>Andreas Haugen<\/strong><br \/>\nAndreas Haugen har master i kunstfag med \u00a0fordypning i musikk fra Universitetet i Agder. Han har lang erfaring med musikkundervisning, og bakgrunn som b\u00e5de klassisk og rytmisk pianist, i tillegg til \u00e5 v\u00e6re en aktiv musiker selv. Han har piano som hovedinstrument men har ogs\u00e5 god kunnskap om bass, gitar og trommer. Som musikkl\u00e6rer er han opptatt av at undervisningen skal v\u00e6re interessant og morsom, og han strekker seg etter \u00e5 gi deg som deltaker en best mulig opplevelse!<\/p>\n<p><img loading=\"lazy\" class=\"wp-image-1478 alignright\" src=\"http:\/\/akks.no\/kristiansand\/files\/2024\/12\/IMG_8166-scaled.jpg\" alt=\"\" width=\"281\" height=\"421\" srcset=\"https:\/\/akks.no\/kristiansand\/files\/2024\/12\/IMG_8166-scaled.jpg 1707w, https:\/\/akks.no\/kristiansand\/files\/2024\/12\/IMG_8166-200x300.jpg 200w, https:\/\/akks.no\/kristiansand\/files\/2024\/12\/IMG_8166-683x1024.jpg 683w, https:\/\/akks.no\/kristiansand\/files\/2024\/12\/IMG_8166-768x1152.jpg 768w, https:\/\/akks.no\/kristiansand\/files\/2024\/12\/IMG_8166-1024x1536.jpg 1024w, https:\/\/akks.no\/kristiansand\/files\/2024\/12\/IMG_8166-1365x2048.jpg 1365w, https:\/\/akks.no\/kristiansand\/files\/2024\/12\/IMG_8166-600x900.jpg 600w\" sizes=\"(max-width: 281px) 100vw, 281px\" \/><\/p>\n<p><strong>Jon Roald<\/strong><br \/>\n<em>Jeg heter Jon, og er pianol\u00e6rer p\u00e5 AKKS. Jeg har spilt piano i omtrent 10 \u00e5r, og har n\u00e5 begynt siste \u00e5ret i en fagl\u00e6rerutdanning i musikk ved UiA. Undervisning er noe jeg synes er kjempeg\u00f8y. For meg er det viktig \u00e5 se hver enkelt elev og m\u00f8te dem p\u00e5 deres niv\u00e5 for \u00e5 gj\u00f8re undervisningen til noe som er b\u00e5de inspirerende, variert og l\u00e6rerikt. Jeg er glad i \u00e5 finne kreative m\u00e5ter \u00e5 jobbe med musikken p\u00e5, om dette da er ved \u00e5 bruke elektronikk i timene eller ved \u00e5 jobbe med komponering eller improvisasjon. Selv spiller jeg mye variert musikk, med alt fra blues til pop og folkemusikk, og er aktiv som pianist i flere band-prosjekter som f.eks Soldr\u00e5per og Mast. I en time med meg kan du forvente rikelig med variasjon, mye moro og et sterkt fokus p\u00e5 din musikalske utvikling.<\/em><\/p>\n","protected":false},"excerpt":{"rendered":"<p>Tid: 30 eller 45 minutter, en til en-undervisning, tirsdag og onsdag Sted:\u00a0Samsen Kulturhus L\u00e6rer:\u00a0Andreas Haugen og Jon Roald Aldersgrense: 8 \u00e5r &#8211; Ingen \u00f8vre aldersgrense Oppstart h\u00f8st 2026: Uke 36 &#8211; mandag 31. august \u00d8nsker du \u00e5 spille yndlingsl\u00e5tene dine? Akkompagnere deg selv n\u00e5r du synger? Eller kanskje du \u00f8nsker \u00e5 spille keyboard i et [&hellip;]<\/p>\n","protected":false},"author":6,"featured_media":473,"parent":0,"menu_order":0,"comment_status":"closed","ping_status":"closed","template":"","meta":[],"_links":{"self":[{"href":"https:\/\/akks.no\/kristiansand\/wp-json\/wp\/v2\/pages\/414"}],"collection":[{"href":"https:\/\/akks.no\/kristiansand\/wp-json\/wp\/v2\/pages"}],"about":[{"href":"https:\/\/akks.no\/kristiansand\/wp-json\/wp\/v2\/types\/page"}],"author":[{"embeddable":true,"href":"https:\/\/akks.no\/kristiansand\/wp-json\/wp\/v2\/users\/6"}],"replies":[{"embeddable":true,"href":"https:\/\/akks.no\/kristiansand\/wp-json\/wp\/v2\/comments?post=414"}],"version-history":[{"count":61,"href":"https:\/\/akks.no\/kristiansand\/wp-json\/wp\/v2\/pages\/414\/revisions"}],"predecessor-version":[{"id":1657,"href":"https:\/\/akks.no\/kristiansand\/wp-json\/wp\/v2\/pages\/414\/revisions\/1657"}],"wp:featuredmedia":[{"embeddable":true,"href":"https:\/\/akks.no\/kristiansand\/wp-json\/wp\/v2\/media\/473"}],"wp:attachment":[{"href":"https:\/\/akks.no\/kristiansand\/wp-json\/wp\/v2\/media?parent=414"}],"curies":[{"name":"wp","href":"https:\/\/api.w.org\/{rel}","templated":true}]}}