{"id":399,"date":"2018-11-30T13:02:10","date_gmt":"2018-11-30T12:02:10","guid":{"rendered":"http:\/\/akks-no.staging.wordpress.idium.no\/kristiansand\/?page_id=399"},"modified":"2026-04-17T10:57:36","modified_gmt":"2026-04-17T08:57:36","slug":"vokal-kurs","status":"publish","type":"page","link":"https:\/\/akks.no\/kristiansand\/vokal-kurs\/","title":{"rendered":"Vokalkurs"},"content":{"rendered":"<p><em><strong>Tid:<\/strong><\/em> 30 eller 45 min. en til en undervisning p\u00e5 mandager eller tirsdager<br \/>\n<em><strong>Sted:<\/strong><\/em>\u00a0Samsen Kulturhus<br \/>\n<strong><em>Instrukt\u00f8r:<\/em> <\/strong>Isabelle R. Wetlesen og Lotta Karlsson<br \/>\n<em><strong>Aldersgrense:<\/strong><\/em> 8 \u00e5r &#8211; Ingen \u00f8vre aldersgrense<\/p>\n<p><strong>Oppstart h\u00f8st 2026: Uke 36 &#8211; Mandag 31. august og tirsdag 1. september<\/strong><\/p>\n<p>Vil du bli vokalist eller f\u00e5 bedre vokalteknikk? Vokalkurset g\u00e5r gjennom sangteknikk, mikrofonteknikk og fremf\u00f8ring . Det blir gjennomg\u00e5tt sanger innen en rekke sjangere, og deltakerne oppfordres til \u00e5 ta med\u00a0 sanger selv. Semesteret avsluttes med en valgdri AKKS-konsert der deltakerne kan vise hva de har l\u00e6rt for familie og venner.<\/p>\n<p><em><strong>Velg mellom 7 eller 14 uker med undervisning per semester.<\/strong><\/em><\/p>\n<p><a href=\"https:\/\/form.jotform.com\/261062242139348\"><img loading=\"lazy\" class=\"alignnone wp-image-1235 size-medium\" src=\"http:\/\/akks.no\/kristiansand\/files\/2023\/12\/Copy-of-huge-300x126.png\" alt=\"\" width=\"300\" height=\"126\" \/><\/a><\/p>\n<p><strong>P\u00e5melding til kurs: Trykk\u00a0<a href=\"https:\/\/form.jotform.com\/261062242139348\">her<\/a><\/strong><\/p>\n<p>P\u00e5meldingsfrist 14 ukers kurs: 10. august 2026<br \/>\nP\u00e5meldingsfrist 7 ukers kurs: 26. september 2026<\/p>\n<p>Etter 1. august 2026 kan du forvente svar p\u00e5 p\u00e5meldingen etter 5-7 virkedager.<\/p>\n<p><em><strong>Priser: 0 kr &#8211; 4700 kr per semester<\/strong><\/em><\/p>\n<ul>\n<li>1700 kr for 30 minutter i uken i 7 uker.<\/li>\n<li>3400 kr for 30 minutter i uken i 14 uker.<\/li>\n<li>2500 kr for 45 minutter i uken i 7 uker.<\/li>\n<li>5000 kr for 45 minutter i uken i 14 uker<\/li>\n<\/ul>\n<p>* Prisene over forutsetter medlemskap. Medlemskap koster 50,- og varer et kalender\u00e5r. \u00d8nsker du ikke \u00e5 bli medlem i AKKS s\u00e5 koster det 50% mer<\/p>\n<p><img loading=\"lazy\" class=\"alignnone wp-image-1237\" src=\"http:\/\/akks.no\/kristiansand\/files\/2023\/12\/huge.png\" alt=\"\" width=\"303\" height=\"127\" srcset=\"https:\/\/akks.no\/kristiansand\/files\/2023\/12\/huge.png 1024w, https:\/\/akks.no\/kristiansand\/files\/2023\/12\/huge-300x126.png 300w, https:\/\/akks.no\/kristiansand\/files\/2023\/12\/huge-768x322.png 768w, https:\/\/akks.no\/kristiansand\/files\/2023\/12\/huge-600x251.png 600w\" sizes=\"(max-width: 303px) 100vw, 303px\" \/><\/p>\n<p><strong>Er du under 26 \u00e5r og har begrenset \u00f8konomi kan du f\u00e5 kurset GRATIS! <\/strong><br \/>\n<strong>Du kan enkelt s\u00f8ke om AKKS Stipend (for alle under 25 \u00e5r) eller kommunens Fritidsfond (for barn og unge opp til 18 \u00e5r fra Kristiansand).<\/strong><\/p>\n<p><strong>S\u00f8knad til AKKS-Stipend: Trykk\u00a0<a href=\"https:\/\/form.jotform.com\/253093054083352\">her<\/a><\/strong><\/p>\n<ul>\n<li><strong><a href=\"https:\/\/akks.no\/kristiansand\/akks-stipend\/\">AKKS-stipend:<\/a>\u00a0<\/strong>\u00d8konomi skal ikke st\u00e5 i veien for deltakelse i musikkaktiviteter. Er du under 26 \u00e5r kan du eller dine foresatte s\u00f8ke om \u00e5 f\u00e5 redusert pris eller gratisplass p\u00e5 AKKS Kristiansand sine kurs. Trykk <a href=\"https:\/\/form.jotform.com\/253093054083352\">her<\/a> for \u00e5 benytte deg av tilbudet om <strong>AKKS-stipend.<\/strong>\u00a0Denne ordningen er st\u00f8ttet av <a href=\"https:\/\/www.bufdir.no\/Familie\/\">Bufdir.<\/a><\/li>\n<li><strong><a href=\"https:\/\/www.kristiansand.kommune.no\/fritidsfond\">Fritidsfond<\/a><\/strong>: Kristiansand kommune \u00f8nsker at alle barn og unge skal ha samme valgmulighet til \u00e5 delta i organiserte fritidsaktiviteter, uavhengig av foreldrenes \u00f8konomi.\u00a0 En kan s\u00f8ke om kontingent og n\u00f8dvendig utstyr til barn og unge som skal delta i en organisert fritidsaktivitet. Du kan enkelt s\u00f8ke p\u00e5 kommunens hjemmeside. Ta gjerne kontakt med oss om du trenger hjelp til s\u00f8knaden eller har sp\u00f8rsm\u00e5l.<\/li>\n<li><strong>UiA Student: <\/strong>15% rabatt p\u00e5 undervisning og kurs.<\/li>\n<li><strong>S\u00f8skenrabatt:<\/strong>\u00a015% rabatt p\u00e5 undervisning og kurs<\/li>\n<li><strong>Gruppekurs:<\/strong> 50% rabatt. P\u00e5 vokal, gitar og bass tilbyr vi ogs\u00e5 gruppekurs om vi f\u00e5r nok p\u00e5meldte som \u00f8nsker det. Prisene blir da redusert med 50% og du vil bli satt sammen i gruppe p\u00e5 2-4 personer p\u00e5 ca. lik alder og ferdighetsniv\u00e5. Kryss av p\u00e5 dette i p\u00e5meldingsskjema om du er interessert i gruppekurs.<\/li>\n<\/ul>\n<p>* Prisene over forutsetter medlemskap. Medlemskap koster 50,- og varer et kalender\u00e5r. \u00d8nsker du ikke \u00e5 bli medlem i AKKS s\u00e5 koster det 50% mer<\/p>\n<p><strong>Sp\u00f8rsm\u00e5l? Ta kontakt: kurs@kristiansand.akks.no<\/strong><\/p>\n<p>Henvendelser blir besvart ila. 5-7 virkedager.<\/p>\n<p><strong>Instrukt\u00f8r Isabelle R. Wetlesen<\/strong><\/p>\n<p><img loading=\"lazy\" class=\"wp-image-1530 alignleft\" src=\"http:\/\/akks.no\/kristiansand\/files\/2025\/03\/isabelle.jpg\" alt=\"\" width=\"296\" height=\"221\" srcset=\"https:\/\/akks.no\/kristiansand\/files\/2025\/03\/isabelle.jpg 567w, https:\/\/akks.no\/kristiansand\/files\/2025\/03\/isabelle-300x224.jpg 300w\" sizes=\"(max-width: 296px) 100vw, 296px\" \/> Isabelle R. Wetlesen g\u00e5r ut\u00f8vende bachelor i rytmisk vokal ved UiA og driver frilans som sanger ved siden av. I oktober ga hun ut sin debut-EP og har spilt konserter rundt om i Norge. Hun er opptatt av og se eleven og tilpasse undervisning ettersom hva eleven \u00f8nsker \u00e5 oppn\u00e5.<\/p>\n<p>&nbsp;<\/p>\n<p>&nbsp;<\/p>\n<p><strong>Instrukt\u00f8r Lotta Karlsson<\/strong><\/p>\n<p><img loading=\"lazy\" class=\"wp-image-1538 alignleft\" src=\"http:\/\/akks.no\/kristiansand\/files\/2025\/04\/Lotta_00406-scaled.jpg\" alt=\"\" width=\"294\" height=\"294\" srcset=\"https:\/\/akks.no\/kristiansand\/files\/2025\/04\/Lotta_00406-scaled.jpg 2560w, https:\/\/akks.no\/kristiansand\/files\/2025\/04\/Lotta_00406-300x300.jpg 300w, https:\/\/akks.no\/kristiansand\/files\/2025\/04\/Lotta_00406-1024x1024.jpg 1024w, https:\/\/akks.no\/kristiansand\/files\/2025\/04\/Lotta_00406-150x150.jpg 150w, https:\/\/akks.no\/kristiansand\/files\/2025\/04\/Lotta_00406-768x768.jpg 768w, https:\/\/akks.no\/kristiansand\/files\/2025\/04\/Lotta_00406-1536x1536.jpg 1536w, https:\/\/akks.no\/kristiansand\/files\/2025\/04\/Lotta_00406-2048x2048.jpg 2048w, https:\/\/akks.no\/kristiansand\/files\/2025\/04\/Lotta_00406-600x600.jpg 600w, https:\/\/akks.no\/kristiansand\/files\/2025\/04\/Lotta_00406-100x100.jpg 100w\" sizes=\"(max-width: 294px) 100vw, 294px\" \/>Lotta Karlsson er en norsk-svensk multi-artistisk ut\u00f8ver med master i songwriting fra UiA, og bachelor fra Barratt Due musikkinstitutt, Universit\u00e4t der K\u00fcnste (Berlin) og NTNU institutt for musikk (Trondheim).\u00a0I tillegg har hun hatt et utvekslingssemester ved Mahidol University, Bangkok, Thailand.<br \/>\nHun har arbeidet med innovative prosjekt innom b\u00e5de musikk og tverrfaglig for scene. I frilanssvirksomheten hennes har hun spilt og sunget med flere artister i Norge, Europa og USA, har skrevet musikk for sceneproduksjoner, og gir ut sin egen musikk under artistnavnet The Turning of the Tide. Som sanger beveger hun seg mellom et vidt spektrum av genrer og uttrykk, b\u00e5de p\u00e5 scene og i studio.<br \/>\nHun har lang erfaring som sangl\u00e6rer, og brenner for \u00e5 gi et bredt og st\u00f8dig teknisk fundament, sammen med latter og sangglede.<\/p>\n","protected":false},"excerpt":{"rendered":"<p>Tid: 30 eller 45 min. en til en undervisning p\u00e5 mandager eller tirsdager Sted:\u00a0Samsen Kulturhus Instrukt\u00f8r: Isabelle R. Wetlesen og Lotta Karlsson Aldersgrense: 8 \u00e5r &#8211; Ingen \u00f8vre aldersgrense Oppstart h\u00f8st 2026: Uke 36 &#8211; Mandag 31. august og tirsdag 1. september Vil du bli vokalist eller f\u00e5 bedre vokalteknikk? Vokalkurset g\u00e5r gjennom sangteknikk, mikrofonteknikk [&hellip;]<\/p>\n","protected":false},"author":6,"featured_media":467,"parent":0,"menu_order":0,"comment_status":"closed","ping_status":"closed","template":"","meta":[],"_links":{"self":[{"href":"https:\/\/akks.no\/kristiansand\/wp-json\/wp\/v2\/pages\/399"}],"collection":[{"href":"https:\/\/akks.no\/kristiansand\/wp-json\/wp\/v2\/pages"}],"about":[{"href":"https:\/\/akks.no\/kristiansand\/wp-json\/wp\/v2\/types\/page"}],"author":[{"embeddable":true,"href":"https:\/\/akks.no\/kristiansand\/wp-json\/wp\/v2\/users\/6"}],"replies":[{"embeddable":true,"href":"https:\/\/akks.no\/kristiansand\/wp-json\/wp\/v2\/comments?post=399"}],"version-history":[{"count":64,"href":"https:\/\/akks.no\/kristiansand\/wp-json\/wp\/v2\/pages\/399\/revisions"}],"predecessor-version":[{"id":1654,"href":"https:\/\/akks.no\/kristiansand\/wp-json\/wp\/v2\/pages\/399\/revisions\/1654"}],"wp:featuredmedia":[{"embeddable":true,"href":"https:\/\/akks.no\/kristiansand\/wp-json\/wp\/v2\/media\/467"}],"wp:attachment":[{"href":"https:\/\/akks.no\/kristiansand\/wp-json\/wp\/v2\/media?parent=399"}],"curies":[{"name":"wp","href":"https:\/\/api.w.org\/{rel}","templated":true}]}}