{"id":39,"date":"2017-10-06T14:57:27","date_gmt":"2017-10-06T12:57:27","guid":{"rendered":"http:\/\/akks-no.staging.wordpress.idium.no\/oslo\/?page_id=39"},"modified":"2026-01-06T09:19:13","modified_gmt":"2026-01-06T08:19:13","slug":"om-oss","status":"publish","type":"page","link":"https:\/\/akks.no\/kristiansand\/om-oss\/","title":{"rendered":"Om oss"},"content":{"rendered":"<p><strong>AKKS Kristiansand<\/strong>\u00a0er en idealistisk musikkorganisasjon som tilbyr kurs innen rytmisk og elektronisk musikk fra grunniv\u00e5, leier ut \u00f8vingslokaler p\u00e5 Samsen Kulturhus, og arrangerer konserter for unge. V\u00e5re l\u00e6rere er er dyktige, unge musikere med pedagogikk-utdanning, og vil s\u00f8rge for en god undervisning som passer for alle.<\/p>\n<p>AKKS Kristiansand er en av fem AKKS-avdelinger i Norge, og har som form\u00e5l \u00e5 arbeide for likestilling og mangfold i alle ledd av musikkbransjen.<br \/>\nKjernevirksomheten v\u00e5r er oppl\u00e6ring, rekruttering og utvikling av unge musikere og arrang\u00f8rer.<\/p>\n<p>&nbsp;<\/p>\n<p><strong>Kontakt oss<br \/>\n<\/strong>Lisa Bl\u00f6dorn-Mentzoni \u2013 Daglig leder<strong><br \/>\n<\/strong>kristiansand@akks.no<\/p>\n<p>Amalie Eldnes &#8211; Kursansvarlig<br \/>\namalie.eldnes@akks.no<\/p>\n<p>Kevin Kv\u00e5le &#8211; \u00d8vingsrom-ansvarlig<br \/>\nkevin.kvale@akks.no<\/p>\n","protected":false},"excerpt":{"rendered":"<p>AKKS Kristiansand\u00a0er en idealistisk musikkorganisasjon som tilbyr kurs innen rytmisk og elektronisk musikk fra grunniv\u00e5, leier ut \u00f8vingslokaler p\u00e5 Samsen Kulturhus, og arrangerer konserter for unge. V\u00e5re l\u00e6rere er er dyktige, unge musikere med pedagogikk-utdanning, og vil s\u00f8rge for en god undervisning som passer for alle. AKKS Kristiansand er en av fem AKKS-avdelinger i Norge, [&hellip;]<\/p>\n","protected":false},"author":1,"featured_media":0,"parent":0,"menu_order":0,"comment_status":"closed","ping_status":"closed","template":"","meta":[],"_links":{"self":[{"href":"https:\/\/akks.no\/kristiansand\/wp-json\/wp\/v2\/pages\/39"}],"collection":[{"href":"https:\/\/akks.no\/kristiansand\/wp-json\/wp\/v2\/pages"}],"about":[{"href":"https:\/\/akks.no\/kristiansand\/wp-json\/wp\/v2\/types\/page"}],"author":[{"embeddable":true,"href":"https:\/\/akks.no\/kristiansand\/wp-json\/wp\/v2\/users\/1"}],"replies":[{"embeddable":true,"href":"https:\/\/akks.no\/kristiansand\/wp-json\/wp\/v2\/comments?post=39"}],"version-history":[{"count":13,"href":"https:\/\/akks.no\/kristiansand\/wp-json\/wp\/v2\/pages\/39\/revisions"}],"predecessor-version":[{"id":1624,"href":"https:\/\/akks.no\/kristiansand\/wp-json\/wp\/v2\/pages\/39\/revisions\/1624"}],"wp:attachment":[{"href":"https:\/\/akks.no\/kristiansand\/wp-json\/wp\/v2\/media?parent=39"}],"curies":[{"name":"wp","href":"https:\/\/api.w.org\/{rel}","templated":true}]}}