{"id":389,"date":"2018-11-30T12:44:54","date_gmt":"2018-11-30T11:44:54","guid":{"rendered":"http:\/\/akks-no.staging.wordpress.idium.no\/kristiansand\/?page_id=389"},"modified":"2026-04-17T11:07:03","modified_gmt":"2026-04-17T09:07:03","slug":"elektrisk-gitar-kurs","status":"publish","type":"page","link":"https:\/\/akks.no\/kristiansand\/elektrisk-gitar-kurs\/","title":{"rendered":"Gitarkurs"},"content":{"rendered":"<p><em><strong>Tid:<\/strong><\/em> 30 eller 45 min, en til en-undervisning p\u00e5 tirsdager<br \/>\n<em><strong>Sted:<\/strong><\/em> Samsen Kulturhus<br \/>\n<em><strong>Instrukt\u00f8r:\u00a0<\/strong><\/em>Kristina Larsen Rusdal<br \/>\n<em><strong>Aldersgrense:<\/strong><\/em> 8 \u00e5r &#8211; Ingen \u00f8vre aldersgrense<\/p>\n<p><strong>Oppstart h\u00f8st 2026: Uke 36 \u2013 Tirsdag 2. september<\/strong><\/p>\n<p>Har du alltid dr\u00f8mt om \u00e5 spille gitar? Eller spiller du allerede, men \u00f8nsker \u00e5 bli enda bedre? Undervisningen vil bli lagt opp etter dine m\u00e5l, forkunnskaper og \u00f8nsker. Det er mulighet for \u00e5 l\u00e5ne el-gitar og forsterker med hjem fra AKKS mens du g\u00e5r p\u00e5 kurs.<\/p>\n<p>Semesteret avsluttes med en AKKS-konsert der deltakerne kan vise hva de har l\u00e6rt for familie og venner.<\/p>\n<p><em><strong>Velg mellom 7 eller 14 uker med undervisning per semester.<\/strong><\/em><\/p>\n<p><a href=\"https:\/\/form.jotform.com\/261062242139348\"><img loading=\"lazy\" class=\"alignnone wp-image-1235 size-medium\" src=\"http:\/\/akks.no\/kristiansand\/files\/2023\/12\/Copy-of-huge-300x126.png\" alt=\"\" width=\"300\" height=\"126\" \/><\/a><\/p>\n<p><strong>P\u00e5melding til kurs: Trykk\u00a0<a href=\"https:\/\/form.jotform.com\/261062242139348\">her<\/a><\/strong><\/p>\n<p>P\u00e5meldingsfrist 14 ukers kurs: 10. august 2026<br \/>\nP\u00e5meldingsfrist 7 ukers kurs: 20. september 2026<\/p>\n<p>Etter 10. januar 2026 kan du forvente svar p\u00e5 p\u00e5meldingen etter 5-7 virkedager<\/p>\n<p><em><strong>Priser: 0 kr &#8211; 4700 kr per semester<\/strong><\/em><\/p>\n<ul>\n<li>1700 kr for 30 minutter i uken i 7 uker.<\/li>\n<li>3400 kr for 30 minutter i uken i 14 uker.<\/li>\n<li>2500 kr for 45 minutter i uken i 7 uker.<\/li>\n<li>5000 kr for 45 minutter i uken i 14 uker<\/li>\n<\/ul>\n<p><img loading=\"lazy\" class=\"alignnone wp-image-1237 size-medium\" src=\"http:\/\/akks.no\/kristiansand\/files\/2023\/12\/huge-300x126.png\" alt=\"\" width=\"300\" height=\"126\" srcset=\"https:\/\/akks.no\/kristiansand\/files\/2023\/12\/huge-300x126.png 300w, https:\/\/akks.no\/kristiansand\/files\/2023\/12\/huge-768x322.png 768w, https:\/\/akks.no\/kristiansand\/files\/2023\/12\/huge-600x251.png 600w, https:\/\/akks.no\/kristiansand\/files\/2023\/12\/huge.png 1024w\" sizes=\"(max-width: 300px) 100vw, 300px\" \/><\/p>\n<p><strong>Er du under 26 \u00e5r og har begrenset \u00f8konomi kan du f\u00e5 kurset GRATIS! <\/strong><br \/>\n<strong>Du kan enkelt s\u00f8ke om AKKS Stipend (for alle under 25 \u00e5r) eller kommunens Fritidsfond (for barn og unge opp til 18 \u00e5r fra Kristiansand).<\/strong><\/p>\n<p><strong>S\u00f8knad til AKKS-stipend: Trykk <a href=\"https:\/\/form.jotform.com\/261062242139348\">her<\/a><\/strong><\/p>\n<ul>\n<li><strong><a href=\"https:\/\/akks.no\/kristiansand\/akks-stipend\/\">AKKS-stipend:<\/a>\u00a0<\/strong>\u00d8konomi skal ikke st\u00e5 i veien for deltakelse i musikkaktiviteter. Er du under 26 \u00e5r kan du eller dine foresatte s\u00f8ke om \u00e5 f\u00e5 redusert pris eller gratisplass p\u00e5 AKKS Kristiansand sine kurs. For \u00e5 benytte deg av tilbudet om\u00a0<strong>AKKS-stipend<\/strong> velger du enkelt dette i p\u00e5meldingskjemaet. Denne ordningen er st\u00f8ttet av <a href=\"https:\/\/www.bufdir.no\/Familie\/\">Bufdir.<\/a><\/li>\n<li><strong><a href=\"https:\/\/www.kristiansand.kommune.no\/fritidsfond\">Fritidsfond<\/a><\/strong>: Kristiansand kommune \u00f8nsker at alle barn og unge skal ha samme valgmulighet til \u00e5 delta i organiserte fritidsaktiviteter, uavhengig av foreldrenes \u00f8konomi.\u00a0 En kan s\u00f8ke om kontingent og n\u00f8dvendig utstyr til barn og unge som skal delta i en organisert fritidsaktivitet. Du kan enkelt s\u00f8ke p\u00e5 kommunens hjemmeside. Ta gjerne kontakt med oss om du trenger hjelp til s\u00f8knaden eller har sp\u00f8rsm\u00e5l.<\/li>\n<li><strong>UiA Student: <\/strong>15% rabatt p\u00e5 undervisning og kurs.<\/li>\n<li><strong>S\u00f8skenrabatt:<\/strong>\u00a015% rabatt p\u00e5 undervisning og kurs<\/li>\n<li><strong>Gruppekurs:<\/strong> 50% rabatt. P\u00e5 vokal, gitar og bass tilbyr vi ogs\u00e5 gruppekurs om vi f\u00e5r nok p\u00e5meldte som \u00f8nsker det. Prisene blir da redusert med 50% og du vil bli satt sammen i gruppe p\u00e5 2-4 personer p\u00e5 ca. lik alder og ferdighetsniv\u00e5. Kryss av p\u00e5 dette i p\u00e5meldingsskjema om du er interessert i gruppekurs.<\/li>\n<\/ul>\n<p>* Prisene over forutsetter medlemskap. Medlemskap koster 50,- og varer et kalender\u00e5r. \u00d8nsker du ikke \u00e5 bli medlem i AKKS s\u00e5 koster det 50% mer<\/p>\n<p><strong>Sp\u00f8rsm\u00e5l? Ta kontakt: kurs@kristiansand.akks.no<\/strong><\/p>\n<p>Henvendelser blir besvart ila. 5-7 virkedager.<\/p>\n<p>&nbsp;<\/p>\n<h3>Instrukt\u00f8r Kristina Larsen Rusdal<\/h3>\n<p>&nbsp;<\/p>\n<p><img loading=\"lazy\" class=\"wp-image-1505 alignleft\" src=\"http:\/\/akks.no\/kristiansand\/files\/2025\/02\/DSC08283-kopi-scaled.jpg\" sizes=\"(max-width: 256px) 100vw, 256px\" srcset=\"https:\/\/akks.no\/kristiansand\/files\/2025\/02\/DSC08283-kopi-scaled.jpg 1710w, https:\/\/akks.no\/kristiansand\/files\/2025\/02\/DSC08283-kopi-200x300.jpg 200w, https:\/\/akks.no\/kristiansand\/files\/2025\/02\/DSC08283-kopi-684x1024.jpg 684w, https:\/\/akks.no\/kristiansand\/files\/2025\/02\/DSC08283-kopi-768x1150.jpg 768w, https:\/\/akks.no\/kristiansand\/files\/2025\/02\/DSC08283-kopi-1026x1536.jpg 1026w, https:\/\/akks.no\/kristiansand\/files\/2025\/02\/DSC08283-kopi-1368x2048.jpg 1368w, https:\/\/akks.no\/kristiansand\/files\/2025\/02\/DSC08283-kopi-600x898.jpg 600w\" alt=\"\" width=\"256\" height=\"383\" \/><\/p>\n<p>Kristina har en variert bakgrunn med utdanning innen b\u00e5de klassisk og rytmisk musikk, og bred erfaring som ut\u00f8ver.<\/p>\n<p>Musikklinja p\u00e5 V\u00e5gen VGS (2017\u20132020) la grunnlaget for utviklingen hennes som gitarist, som hun videref\u00f8rte ved Tr\u00f8ndertun folkeh\u00f8gskole (2020\u20132021). Deretter fullf\u00f8rte hun et \u00e5rsstudium i musikk ved Universitetet i Agder (2021\u20132022), f\u00f8r hun begynte p\u00e5 fagl\u00e6rerutdanningen i rytmisk musikk ved UiA (2022\u2013n\u00e5). H\u00f8sten 2024 tilbrakte Kristina ved Musicians Institute i Los Angeles under programmet \u00abGuitar Performance\u00bb<\/p>\n<p>I tillegg har hun flere \u00e5rs erfaring med fiolin og klassisk piano gjennom Sandnes kulturskole og har spilt i flere orkester, kammergrupper ol.<\/p>\n<p>Som gitarist er Kristina aktiv i flere musikalske prosjekter. Hun spiller gitar i popbandet\u00a0<strong>Soldr\u00e5per<\/strong>, med base i Kristiansand, samt med artisten\u00a0<strong>Magnhild<\/strong>. Kristina gj\u00f8r ogs\u00e5 litt sessionjobber, og har ogs\u00e5 spilt en del event-gigs. Ved siden av dette har hun sitt eget soloprosjekt, hvor hun er b\u00e5de l\u00e5tskriver, gitarist, vokalist og arrang\u00f8r.<\/p>\n<p>I tillegg er Kristina nestleder i Kristiansand Jazzvesen, samt er involvert i UiAs Senter for fremragende utdanning (CreaTeME).<\/p>\n","protected":false},"excerpt":{"rendered":"<p>Tid: 30 eller 45 min, en til en-undervisning p\u00e5 tirsdager Sted: Samsen Kulturhus Instrukt\u00f8r:\u00a0Kristina Larsen Rusdal Aldersgrense: 8 \u00e5r &#8211; Ingen \u00f8vre aldersgrense Oppstart h\u00f8st 2026: Uke 36 \u2013 Tirsdag 2. september Har du alltid dr\u00f8mt om \u00e5 spille gitar? Eller spiller du allerede, men \u00f8nsker \u00e5 bli enda bedre? Undervisningen vil bli lagt opp [&hellip;]<\/p>\n","protected":false},"author":6,"featured_media":926,"parent":0,"menu_order":0,"comment_status":"closed","ping_status":"closed","template":"","meta":[],"_links":{"self":[{"href":"https:\/\/akks.no\/kristiansand\/wp-json\/wp\/v2\/pages\/389"}],"collection":[{"href":"https:\/\/akks.no\/kristiansand\/wp-json\/wp\/v2\/pages"}],"about":[{"href":"https:\/\/akks.no\/kristiansand\/wp-json\/wp\/v2\/types\/page"}],"author":[{"embeddable":true,"href":"https:\/\/akks.no\/kristiansand\/wp-json\/wp\/v2\/users\/6"}],"replies":[{"embeddable":true,"href":"https:\/\/akks.no\/kristiansand\/wp-json\/wp\/v2\/comments?post=389"}],"version-history":[{"count":62,"href":"https:\/\/akks.no\/kristiansand\/wp-json\/wp\/v2\/pages\/389\/revisions"}],"predecessor-version":[{"id":1663,"href":"https:\/\/akks.no\/kristiansand\/wp-json\/wp\/v2\/pages\/389\/revisions\/1663"}],"wp:featuredmedia":[{"embeddable":true,"href":"https:\/\/akks.no\/kristiansand\/wp-json\/wp\/v2\/media\/926"}],"wp:attachment":[{"href":"https:\/\/akks.no\/kristiansand\/wp-json\/wp\/v2\/media?parent=389"}],"curies":[{"name":"wp","href":"https:\/\/api.w.org\/{rel}","templated":true}]}}