{"id":386,"date":"2018-11-30T12:39:29","date_gmt":"2018-11-30T11:39:29","guid":{"rendered":"http:\/\/akks-no.staging.wordpress.idium.no\/kristiansand\/?page_id=386"},"modified":"2026-04-17T11:05:40","modified_gmt":"2026-04-17T09:05:40","slug":"bass-gitarkurs","status":"publish","type":"page","link":"https:\/\/akks.no\/kristiansand\/bass-gitarkurs\/","title":{"rendered":"Basskurs"},"content":{"rendered":"<p><em><strong>Tid:<\/strong><\/em>\u00a0Tirsdager, 30 eller 45 min.<br \/>\n<em><strong>Sted:<\/strong><\/em> Samsen Kulturhus<br \/>\n<em><strong>Aldersgrense:<\/strong><\/em> 8 \u00e5r &#8211; Ingen \u00f8vre aldersgrense<br \/>\n<em><strong>Instrukt\u00f8r:<\/strong> <\/em>Bregne Loke Bendixen<\/p>\n<p><strong>Oppstart h\u00f8st 2026: Uke 36 \u2013 Mandag 31. august<\/strong><\/p>\n<p>Hos oss vil du f\u00e5 oppl\u00e6ring i el-bassistens mangfoldige roller. Undervisningen vil bli lagt opp etter dine m\u00e5l, forkunnskaper og \u00f8nsker. Det er mulighet for \u00e5 l\u00e5ne bass og forsterker fra AKKS mens du g\u00e5r p\u00e5 kurs. Semesteret avsluttes med en valgfri AKKS-konsert der deltakerne kan vise hva de har l\u00e6rt for familie og venner.<\/p>\n<p>Du kan ogs\u00e5 l\u00e5ne en bass fra AKKS Kristiansand til egen\u00f8ving helt gratis ved \u00e5 kontakte din instrukt\u00f8r.<\/p>\n<p><em><strong>Velg mellom 7 eller 14 uker med undervisning per semester.<\/strong><\/em><\/p>\n<p><a href=\"https:\/\/form.jotform.com\/261062242139348\"><img loading=\"lazy\" class=\"alignnone wp-image-1235 size-medium\" src=\"http:\/\/akks.no\/kristiansand\/files\/2023\/12\/Copy-of-huge-300x126.png\" alt=\"\" width=\"300\" height=\"126\" \/><\/a><\/p>\n<p><strong>P\u00e5melding til kurs: Trykk\u00a0<a href=\"https:\/\/form.jotform.com\/261062242139348\">her<\/a><\/strong><\/p>\n<p>P\u00e5meldingsfrist 14 ukers kurs: 10. august 2026<br \/>\nP\u00e5meldingsfrist 7 ukers kurs: 20. september 2026<\/p>\n<p>Etter 10. januar 2026 kan du forvente svar p\u00e5 p\u00e5meldingen etter 5-7 virkedager.<\/p>\n<p><em><strong>Priser: 0 kr &#8211; 4700 kr per semester<\/strong><\/em><\/p>\n<ul>\n<li>1700 kr for 30 minutter i uken i 7 uker.<\/li>\n<li>3400 kr for 30 minutter i uken i 14 uker.<\/li>\n<li>2500 kr for 45 minutter i uken i 7 uker.<\/li>\n<li>5000 kr for 45 minutter i uken i 14 uker<\/li>\n<\/ul>\n<p><img loading=\"lazy\" class=\"alignnone wp-image-1237 size-medium\" src=\"http:\/\/akks.no\/kristiansand\/files\/2023\/12\/huge-300x126.png\" alt=\"\" width=\"300\" height=\"126\" srcset=\"https:\/\/akks.no\/kristiansand\/files\/2023\/12\/huge-300x126.png 300w, https:\/\/akks.no\/kristiansand\/files\/2023\/12\/huge-768x322.png 768w, https:\/\/akks.no\/kristiansand\/files\/2023\/12\/huge-600x251.png 600w, https:\/\/akks.no\/kristiansand\/files\/2023\/12\/huge.png 1024w\" sizes=\"(max-width: 300px) 100vw, 300px\" \/><\/p>\n<p><strong>Er du under 26 \u00e5r og har begrenset \u00f8konomi kan du f\u00e5 kurset GRATIS! <\/strong><br \/>\n<strong>Du kan enkelt s\u00f8ke om AKKS Stipend (for alle under 25 \u00e5r) eller kommunens Fritidsfond (for barn og unge opp til 18 \u00e5r fra Kristiansand).<\/strong><\/p>\n<p><strong>S\u00f8knad til AKKS-Stipend: Trykk <a href=\"https:\/\/form.jotform.com\/261062242139348\">her<\/a><\/strong><\/p>\n<ul>\n<li><strong><a href=\"https:\/\/akks.no\/kristiansand\/akks-stipend\/\">AKKS-stipend:<\/a>\u00a0<\/strong>\u00d8konomi skal ikke st\u00e5 i veien for deltakelse i musikkaktiviteter. Er du under 26 \u00e5r kan du eller dine foresatte s\u00f8ke om \u00e5 f\u00e5 redusert pris eller gratisplass p\u00e5 AKKS Kristiansand sine kurs. For \u00e5 benytte deg av tilbudet om\u00a0<strong>AKKS-stipend<\/strong> velger du enkelt dette i p\u00e5meldingskjemaet. Denne ordningen er st\u00f8ttet av <a href=\"https:\/\/www.bufdir.no\/Familie\/\">Bufdir.<\/a><\/li>\n<li><strong><a href=\"https:\/\/www.kristiansand.kommune.no\/fritidsfond\">Fritidsfond<\/a><\/strong>: Kristiansand kommune \u00f8nsker at alle barn og unge skal ha samme valgmulighet til \u00e5 delta i organiserte fritidsaktiviteter, uavhengig av foreldrenes \u00f8konomi.\u00a0 En kan s\u00f8ke om kontingent og n\u00f8dvendig utstyr til barn og unge som skal delta i en organisert fritidsaktivitet. Du kan enkelt s\u00f8ke p\u00e5 kommunens hjemmeside. Ta gjerne kontakt med oss om du trenger hjelp til s\u00f8knaden eller har sp\u00f8rsm\u00e5l.<\/li>\n<li><strong>UiA Student: <\/strong>15% rabatt p\u00e5 undervisning og kurs.<\/li>\n<li><strong>S\u00f8skenrabatt:<\/strong>\u00a015% rabatt p\u00e5 undervisning og kurs<\/li>\n<li><strong>Gruppekurs:<\/strong> 50% rabatt. P\u00e5 vokal, gitar og bass tilbyr vi ogs\u00e5 gruppekurs om vi f\u00e5r nok p\u00e5meldte som \u00f8nsker det. Prisene blir da redusert med 50% og du vil bli satt sammen i gruppe p\u00e5 2-4 personer p\u00e5 ca. lik alder og ferdighetsniv\u00e5. Kryss av p\u00e5 dette i p\u00e5meldingsskjema om du er interessert i gruppekurs.<\/li>\n<\/ul>\n<p>* Prisene over forutsetter medlemskap. Medlemskap koster 50,- og varer et kalender\u00e5r. \u00d8nsker du ikke \u00e5 bli medlem i AKKS s\u00e5 koster det 50% mer<\/p>\n<p><img loading=\"lazy\" class=\"wp-image-1470 alignright\" src=\"http:\/\/akks.no\/kristiansand\/files\/2024\/11\/Nathaniel-scaled.jpg\" alt=\"\" width=\"256\" height=\"383\" srcset=\"https:\/\/akks.no\/kristiansand\/files\/2024\/11\/Nathaniel-scaled.jpg 1707w, https:\/\/akks.no\/kristiansand\/files\/2024\/11\/Nathaniel-200x300.jpg 200w, https:\/\/akks.no\/kristiansand\/files\/2024\/11\/Nathaniel-683x1024.jpg 683w, https:\/\/akks.no\/kristiansand\/files\/2024\/11\/Nathaniel-768x1152.jpg 768w, https:\/\/akks.no\/kristiansand\/files\/2024\/11\/Nathaniel-1024x1536.jpg 1024w, https:\/\/akks.no\/kristiansand\/files\/2024\/11\/Nathaniel-1365x2048.jpg 1365w, https:\/\/akks.no\/kristiansand\/files\/2024\/11\/Nathaniel-600x900.jpg 600w\" sizes=\"(max-width: 256px) 100vw, 256px\" \/><\/p>\n<p><strong>Sp\u00f8rsm\u00e5l? Ta kontakt: kurs@kristiansand.akks.no<\/strong><\/p>\n<p>Henvendelser blir besvart ila. 5-7 virkedager.<\/p>\n<p><strong>Om Bregne:<\/strong><\/p>\n<p><em>Bregne har en bachelor i rytmisk musikk fra UiA, og har spilt ba<\/em><em>ss siden de var 13 \u00e5r gammel. De har erfaring innen flere sjangre, og skriver og spiller aktivt egen musikk i prog-bandet Sungoose.<\/em><\/p>\n<p dir=\"auto\"><em>Bregne er opptatt av trygghet p\u00e5 scena, samt \u00e5 gi eleven grunnleggende ferdigheter til \u00e5 klare seg i flere sjangre og situasjoner. De fokuserer p\u00e5 elevens egne interesser, hva eleven \u00f8nsker \u00e5 oppn\u00e5, og ikke minst \u00e5 ha det g\u00f8y!<\/em><\/p>\n","protected":false},"excerpt":{"rendered":"<p>Syns du bassisten er den kuleste i bandet? Liker du groove og dype frekvenser?<\/p>\n","protected":false},"author":6,"featured_media":1401,"parent":0,"menu_order":1,"comment_status":"closed","ping_status":"closed","template":"","meta":[],"_links":{"self":[{"href":"https:\/\/akks.no\/kristiansand\/wp-json\/wp\/v2\/pages\/386"}],"collection":[{"href":"https:\/\/akks.no\/kristiansand\/wp-json\/wp\/v2\/pages"}],"about":[{"href":"https:\/\/akks.no\/kristiansand\/wp-json\/wp\/v2\/types\/page"}],"author":[{"embeddable":true,"href":"https:\/\/akks.no\/kristiansand\/wp-json\/wp\/v2\/users\/6"}],"replies":[{"embeddable":true,"href":"https:\/\/akks.no\/kristiansand\/wp-json\/wp\/v2\/comments?post=386"}],"version-history":[{"count":58,"href":"https:\/\/akks.no\/kristiansand\/wp-json\/wp\/v2\/pages\/386\/revisions"}],"predecessor-version":[{"id":1661,"href":"https:\/\/akks.no\/kristiansand\/wp-json\/wp\/v2\/pages\/386\/revisions\/1661"}],"wp:featuredmedia":[{"embeddable":true,"href":"https:\/\/akks.no\/kristiansand\/wp-json\/wp\/v2\/media\/1401"}],"wp:attachment":[{"href":"https:\/\/akks.no\/kristiansand\/wp-json\/wp\/v2\/media?parent=386"}],"curies":[{"name":"wp","href":"https:\/\/api.w.org\/{rel}","templated":true}]}}