{"id":37,"date":"2017-10-06T14:56:31","date_gmt":"2017-10-06T12:56:31","guid":{"rendered":"http:\/\/akks-no.staging.wordpress.idium.no\/oslo\/?page_id=37"},"modified":"2021-05-31T15:51:54","modified_gmt":"2021-05-31T13:51:54","slug":"konserter","status":"publish","type":"page","link":"https:\/\/akks.no\/kristiansand\/konserter\/","title":{"rendered":"Konserter"},"content":{"rendered":"<p class=\"title\" title=\"AKKS-konserten\">AKKS Kristiansand arrangerer AKKS-konserten som en avslutning for hvert kurs-semester, hvor deltakere fra ulike AKKS-kurs blir invitert til \u00e5 opptre. Her f\u00e5r nye musikerspirer vist seg fram, og for mange er dette deres f\u00f8rste sceneopptreden.<\/p>\n<p>I l\u00f8pet av \u00e5ret gjennomf\u00f8rer vi ogs\u00e5 andre arrangementer, som markering av kvinnedagen i mars. F\u00f8lg med p\u00e5 v\u00e5r <a href=\"https:\/\/www.instagram.com\/akks_kristiansand\/\">Instagram<\/a> og <a href=\"https:\/\/www.facebook.com\/akkskristiansand\/\">Facebook-side<\/a> for \u00e5 holde deg oppdatert.<\/p>\n<p>Vi vil at arrangementene v\u00e5re skal v\u00e6re tilgjengelige for alle. Ledsager g\u00e5r derfor gratis p\u00e5 alle v\u00e5re arrangement ved fremvisning av gyldig ledsagerbevis utstedt av kommunen.<\/p>\n","protected":false},"excerpt":{"rendered":"<p>AKKS Kristiansand arrangerer AKKS-konserten som en avslutning for hvert kurs-semester, hvor deltakere fra ulike AKKS-kurs blir invitert til \u00e5 opptre. Her f\u00e5r nye musikerspirer vist seg fram, og for mange er dette deres f\u00f8rste sceneopptreden. I l\u00f8pet av \u00e5ret gjennomf\u00f8rer vi ogs\u00e5 andre arrangementer, som markering av kvinnedagen i mars. F\u00f8lg med p\u00e5 v\u00e5r Instagram [&hellip;]<\/p>\n","protected":false},"author":1,"featured_media":839,"parent":0,"menu_order":0,"comment_status":"closed","ping_status":"closed","template":"","meta":[],"_links":{"self":[{"href":"https:\/\/akks.no\/kristiansand\/wp-json\/wp\/v2\/pages\/37"}],"collection":[{"href":"https:\/\/akks.no\/kristiansand\/wp-json\/wp\/v2\/pages"}],"about":[{"href":"https:\/\/akks.no\/kristiansand\/wp-json\/wp\/v2\/types\/page"}],"author":[{"embeddable":true,"href":"https:\/\/akks.no\/kristiansand\/wp-json\/wp\/v2\/users\/1"}],"replies":[{"embeddable":true,"href":"https:\/\/akks.no\/kristiansand\/wp-json\/wp\/v2\/comments?post=37"}],"version-history":[{"count":7,"href":"https:\/\/akks.no\/kristiansand\/wp-json\/wp\/v2\/pages\/37\/revisions"}],"predecessor-version":[{"id":835,"href":"https:\/\/akks.no\/kristiansand\/wp-json\/wp\/v2\/pages\/37\/revisions\/835"}],"wp:featuredmedia":[{"embeddable":true,"href":"https:\/\/akks.no\/kristiansand\/wp-json\/wp\/v2\/media\/839"}],"wp:attachment":[{"href":"https:\/\/akks.no\/kristiansand\/wp-json\/wp\/v2\/media?parent=37"}],"curies":[{"name":"wp","href":"https:\/\/api.w.org\/{rel}","templated":true}]}}