{"id":35,"date":"2017-10-06T14:55:55","date_gmt":"2017-10-06T12:55:55","guid":{"rendered":"http:\/\/akks-no.staging.wordpress.idium.no\/oslo\/?page_id=35"},"modified":"2025-11-07T09:58:58","modified_gmt":"2025-11-07T08:58:58","slug":"kurs","status":"publish","type":"page","link":"https:\/\/akks.no\/kristiansand\/kurs\/","title":{"rendered":"Kurs"},"content":{"rendered":"<h3><strong><img loading=\"lazy\" class=\"size-medium wp-image-516 alignright\" src=\"http:\/\/akks.no\/kristiansand\/files\/2019\/05\/Bandoving_LOUD_Oslo_fotoVanessaStorm-kopi-1-300x200.jpg\" alt=\"\" width=\"300\" height=\"200\" srcset=\"https:\/\/akks.no\/kristiansand\/files\/2019\/05\/Bandoving_LOUD_Oslo_fotoVanessaStorm-kopi-1-300x200.jpg 300w, https:\/\/akks.no\/kristiansand\/files\/2019\/05\/Bandoving_LOUD_Oslo_fotoVanessaStorm-kopi-1-768x512.jpg 768w, https:\/\/akks.no\/kristiansand\/files\/2019\/05\/Bandoving_LOUD_Oslo_fotoVanessaStorm-kopi-1-1024x683.jpg 1024w, https:\/\/akks.no\/kristiansand\/files\/2019\/05\/Bandoving_LOUD_Oslo_fotoVanessaStorm-kopi-1-720x480.jpg 720w, https:\/\/akks.no\/kristiansand\/files\/2019\/05\/Bandoving_LOUD_Oslo_fotoVanessaStorm-kopi-1-600x400.jpg 600w\" sizes=\"(max-width: 300px) 100vw, 300px\" \/>Kurstyper<\/strong><\/h3>\n<p>Vi har b\u00e5de en-til-en og gruppekurs i vokal, piano, gitar, bass, trommer, band, og musikkproduksjon.<\/p>\n<p>Vi tilbyr 2 runder med kurs p\u00e5 7 uker, hvert semester. Det er ogs\u00e5 mulighet \u00e5 melde seg p\u00e5 begge kursrundene, tilsammen 14 uker, og f\u00e5 en liten rabatt. Du kan ogs\u00e5 velge mellom 30 og 45 minutter med undervisning.<\/p>\n<p><strong><em>Vi er opptatt av \u00e5 skape et l\u00e6ringsmilj\u00f8 med fokus p\u00e5 spilleglede og mestring, uansett niv\u00e5 og kursaktivitet.<\/em><\/strong><\/p>\n<p><a href=\"https:\/\/akks.no\/kursoversikt\/laeringsmiljo\/\">Les mer om AKKS sitt l\u00e6ringsmilj\u00f8 her<\/a><\/p>\n<p>Pris for en til en-undervisning n\u00e5r du er AKKS medlem:<br \/>\n<strong>1700,-<\/strong> for 7 uker med 30 min undervisning (3400,- for 14 uker)<br \/>\n<strong>2500,-<\/strong> for 7 uker med 45 min undervisning (5000,- for 14 uker)<br \/>\n<strong>0,-<\/strong> (AKKS Stipend\/Fritidsfond)<\/p>\n<p>Vi har ogs\u00e5 15% s\u00f8skenrabatt og studentrabatt.<\/p>\n<p><a href=\"https:\/\/form.jotform.com\/250782133780356\"><img loading=\"lazy\" class=\"alignnone wp-image-1237 size-medium\" src=\"http:\/\/akks.no\/kristiansand\/files\/2023\/12\/huge-300x126.png\" alt=\"\" width=\"300\" height=\"126\" srcset=\"https:\/\/akks.no\/kristiansand\/files\/2023\/12\/huge-300x126.png 300w, https:\/\/akks.no\/kristiansand\/files\/2023\/12\/huge-768x322.png 768w, https:\/\/akks.no\/kristiansand\/files\/2023\/12\/huge-600x251.png 600w, https:\/\/akks.no\/kristiansand\/files\/2023\/12\/huge.png 1024w\" sizes=\"(max-width: 300px) 100vw, 300px\" \/><\/a><\/p>\n<p><strong>Du kan ogs\u00e5 f\u00e5 v\u00e5re kurs helt gratis!<\/strong><br \/>\nEr du under 26 \u00e5r og er du\/din familie \u00f8konomisk presset, s\u00e5 kan du enkelt s\u00f8ke om <strong><a href=\"https:\/\/akks.no\/kristiansand\/akks-stipend\/\">AKKS Stipend<\/a> <\/strong>ved \u00e5 trykke <a href=\"https:\/\/form.jotform.com\/253093054083352\">her<\/a>. Her kan du velge enten helt eller delvis redusert deltakeravgift basert p\u00e5 din \u00f8konomiske situasjon.<\/p>\n<p>Er du 18 \u00e5r eller yngre kan du ogs\u00e5 f\u00e5 dekt v\u00e5re en til en-kurs gjennom\u00a0 <strong><a href=\"https:\/\/www.kristiansand.kommune.no\/fritidsfond\">Fritidsfond.<\/a><\/strong>\u00a0Kristiansand kommune \u00f8nsker at alle barn og unge skal ha samme valgmulighet til \u00e5 delta i organiserte fritidsaktiviteter, uavhengig av foreldrenes \u00f8konomi.\u00a0 En kan s\u00f8ke om kontingent og n\u00f8dvendig utstyr til barn og unge som skal delta i en organisert fritidsaktivitet. Du kan enkelt s\u00f8ke p\u00e5 kommunens hjemmeside. Ta gjerne kontakt med oss om du trenger hjelp til s\u00f8knaden eller har sp\u00f8rsm\u00e5l.<\/p>\n<p>Alle kan bli AKKS-medlem. Det koster kun 50,- per \u00e5r og gir flere gode <a href=\"https:\/\/akks.no\/medlemsfordeler\/\">medlemsfordeler<\/a>.<\/p>\n<p>P\u00e5 vokal, gitar og bass tilbyr vi ogs\u00e5 gruppekurs. Prisene blir da redusert med 50% og du vil bli satt sammen i gruppe p\u00e5 2-4 personer p\u00e5 ca. lik alder og ferdighetsniv\u00e5. Kryss av p\u00e5 dette i p\u00e5meldingsskjema om du er interessert i gruppekurs.<\/p>\n<p>Les mer om v\u00e5re kurs og finn p\u00e5meldingskjema ved \u00e5 trykke p\u00e5 \u00f8nsket kurs nedenfor.<\/p>\n","protected":false},"excerpt":{"rendered":"<p>Dr\u00f8mmer du om \u00e5 l\u00e6re et instrument, l\u00e6re \u00e5 skrive l\u00e5ter eller kanskje starte eget band? Bli med p\u00e5 et av v\u00e5re kurs med inspirerende instrukt\u00f8rer som selv er profesjonelle musikere, produsenter, teknikere og l\u00e5tskrivere.<\/p>\n","protected":false},"author":1,"featured_media":481,"parent":0,"menu_order":0,"comment_status":"closed","ping_status":"closed","template":"","meta":[],"_links":{"self":[{"href":"https:\/\/akks.no\/kristiansand\/wp-json\/wp\/v2\/pages\/35"}],"collection":[{"href":"https:\/\/akks.no\/kristiansand\/wp-json\/wp\/v2\/pages"}],"about":[{"href":"https:\/\/akks.no\/kristiansand\/wp-json\/wp\/v2\/types\/page"}],"author":[{"embeddable":true,"href":"https:\/\/akks.no\/kristiansand\/wp-json\/wp\/v2\/users\/1"}],"replies":[{"embeddable":true,"href":"https:\/\/akks.no\/kristiansand\/wp-json\/wp\/v2\/comments?post=35"}],"version-history":[{"count":18,"href":"https:\/\/akks.no\/kristiansand\/wp-json\/wp\/v2\/pages\/35\/revisions"}],"predecessor-version":[{"id":1598,"href":"https:\/\/akks.no\/kristiansand\/wp-json\/wp\/v2\/pages\/35\/revisions\/1598"}],"wp:featuredmedia":[{"embeddable":true,"href":"https:\/\/akks.no\/kristiansand\/wp-json\/wp\/v2\/media\/481"}],"wp:attachment":[{"href":"https:\/\/akks.no\/kristiansand\/wp-json\/wp\/v2\/media?parent=35"}],"curies":[{"name":"wp","href":"https:\/\/api.w.org\/{rel}","templated":true}]}}