{"id":1465,"date":"2024-11-18T12:12:35","date_gmt":"2024-11-18T11:12:35","guid":{"rendered":"https:\/\/akks.no\/kristiansand\/?page_id=1465"},"modified":"2025-02-10T14:07:42","modified_gmt":"2025-02-10T13:07:42","slug":"lydlounge","status":"publish","type":"page","link":"https:\/\/akks.no\/kristiansand\/lydlounge\/","title":{"rendered":"LydLounge"},"content":{"rendered":"<p>Fra og med 18. september \u00e5pner vi en helt ny m\u00f8teplass for musikkinteressert ungdom mellom 14-19 \u00e5r p\u00e5 Samsen Kulturhus.<\/p>\n<p>Her kan du komme og spille i v\u00e5re \u00f8vingsrom, pr\u00f8ve nye instrumenter, v\u00e6re med p\u00e5 diverse kurs og workshops, spille inn i studio, l\u00e6re mer om studioteknikk, eller bare slappe av, spise gratis mat og bli kjent med nye folk.<\/p>\n<p>Gratis mat serveres kl 16.00 \ud83c\udf55\ud83c\udf72<\/p>\n<p>Hver uke blir det ogs\u00e5 musikkbingo eller musikkquiz med premier \ud83e\udd29<\/p>\n<p>Vi har ogs\u00e5 kj\u00f8pt inn mange nye spill med musikktema \ud83c\udfa4\ud83c\udfb2<\/p>\n<p><em><strong>Det er ingen p\u00e5melding og alt er gratis, s\u00e5 bare kom innom og heng med oss!<\/strong><\/em><\/p>\n<p>Noen av h\u00f8stens kurs:<br \/>\nAbleton Live<br \/>\nLogic Pro<br \/>\nFilmmusikk<br \/>\nL\u00e5tskriving<br \/>\nK-pop<br \/>\nS\u00f8knadsskriving<br \/>\nHvordan markedsf\u00f8re deg selv som musiker (inkl. photoshoot for de som \u00f8nsker det)<br \/>\nHvordan arrangere konserter<br \/>\nLive lydteknikk<\/p>\n<p>+++<\/p>\n<p>Siste LydLounge f\u00f8r jul er 11. desember. Vi starter opp igjen etter nytt\u00e5r 8. januar.<\/p>\n","protected":false},"excerpt":{"rendered":"<p>Gratis, \u00e5pen m\u00f8teplass for ungdom mellom 14-19 \u00e5r p\u00e5 Samsen Kulturhus.<\/p>\n","protected":false},"author":6,"featured_media":1504,"parent":0,"menu_order":0,"comment_status":"closed","ping_status":"closed","template":"","meta":[],"_links":{"self":[{"href":"https:\/\/akks.no\/kristiansand\/wp-json\/wp\/v2\/pages\/1465"}],"collection":[{"href":"https:\/\/akks.no\/kristiansand\/wp-json\/wp\/v2\/pages"}],"about":[{"href":"https:\/\/akks.no\/kristiansand\/wp-json\/wp\/v2\/types\/page"}],"author":[{"embeddable":true,"href":"https:\/\/akks.no\/kristiansand\/wp-json\/wp\/v2\/users\/6"}],"replies":[{"embeddable":true,"href":"https:\/\/akks.no\/kristiansand\/wp-json\/wp\/v2\/comments?post=1465"}],"version-history":[{"count":2,"href":"https:\/\/akks.no\/kristiansand\/wp-json\/wp\/v2\/pages\/1465\/revisions"}],"predecessor-version":[{"id":1497,"href":"https:\/\/akks.no\/kristiansand\/wp-json\/wp\/v2\/pages\/1465\/revisions\/1497"}],"wp:featuredmedia":[{"embeddable":true,"href":"https:\/\/akks.no\/kristiansand\/wp-json\/wp\/v2\/media\/1504"}],"wp:attachment":[{"href":"https:\/\/akks.no\/kristiansand\/wp-json\/wp\/v2\/media?parent=1465"}],"curies":[{"name":"wp","href":"https:\/\/api.w.org\/{rel}","templated":true}]}}