{"id":125,"date":"2018-09-21T15:22:59","date_gmt":"2018-09-21T13:22:59","guid":{"rendered":"http:\/\/akks-no.staging.wordpress.idium.no\/kristiansand\/?page_id=125"},"modified":"2026-01-06T09:23:41","modified_gmt":"2026-01-06T08:23:41","slug":"ovingslokale-2","status":"publish","type":"page","link":"https:\/\/akks.no\/kristiansand\/ovingslokale-2\/","title":{"rendered":"\u00d8vingslokale"},"content":{"rendered":"<h2><strong>Trenger du eller bandet ditt \u00f8vingslokale?<\/strong><\/h2>\n<p><strong>AKKS Kristiansand har to fullt utstyrte \u00f8vingsrom og to \u00f8vingsbinger p\u00e5 Samsen kulturhus.<br \/>\nHer st\u00e5r det fullt PA anlegg, forsterkere og trommesett. Alt klart til \u00f8ving!\u00a0<\/strong><br \/>\n<strong>Send epost til kristiansand@akks.no\u00a0for \u00e5 booke \u00f8ving.<br \/>\nSjekk bookingkalenderen i bunnen av siden for tilgjengelige tider.<\/strong><\/p>\n<p>Svarstid p\u00e5 henvendelser er 5-7 virkedager.<\/p>\n<p><em><strong>Priser*<\/strong><\/em><\/p>\n<figure id=\"attachment_1135\" class=\"thumbnail wp-caption alignright\" style=\"max-width: 475px;\">\n    <img loading=\"lazy\" class=\"wp-image-1135\" src=\"http:\/\/akks.no\/kristiansand\/files\/2023\/08\/Rockeriet-med-kjeller-2023-300x169.png\" alt=\"\" width=\"475\" height=\"267\" srcset=\"https:\/\/akks.no\/kristiansand\/files\/2023\/08\/Rockeriet-med-kjeller-2023-300x169.png 300w, https:\/\/akks.no\/kristiansand\/files\/2023\/08\/Rockeriet-med-kjeller-2023-1024x576.png 1024w, https:\/\/akks.no\/kristiansand\/files\/2023\/08\/Rockeriet-med-kjeller-2023-768x432.png 768w, https:\/\/akks.no\/kristiansand\/files\/2023\/08\/Rockeriet-med-kjeller-2023-1536x864.png 1536w, https:\/\/akks.no\/kristiansand\/files\/2023\/08\/Rockeriet-med-kjeller-2023-600x338.png 600w, https:\/\/akks.no\/kristiansand\/files\/2023\/08\/Rockeriet-med-kjeller-2023.png 1920w\" sizes=\"(max-width: 475px) 100vw, 475px\" \/>    <figcaption class=\"caption wp-caption-text\"><iframe loading=\"lazy\" title=\"YouTube video player\" src=\"https:\/\/www.youtube.com\/embed\/iaUCclz1ol4?si=WkNk1FO5rvkrBnuU\" width=\"560\" height=\"315\" frameborder=\"0\" allowfullscreen=\"allowfullscreen\"><\/iframe><strong>Sjekk ut videoen over for \u00e5 se hvordan man kan komme seg til <\/strong><strong>\u00f8vingsrommene v\u00e5re i kjelleren p\u00e5 Samsen.\u00a0<\/strong><\/figcaption>\n<\/figure>\n<p>Fullt utstyrt \u00f8vingsrom:<br \/>\n&#8211; Langtidsleie band: 1000 kr mnd. Faste \u00f8kter p\u00e5 3 timer hver uke.<br \/>\n&#8211; Langtidsleie band: 800 kr mnd. Faste \u00f8kter p\u00e5 2 timer hver uke.<br \/>\n&#8211; Langtidsleie solo: 400 kr mnd. Faste \u00f8kter p\u00e5 2 timer hver uke.<\/p>\n<p><em><strong>Drop in band:<\/strong><\/em>&#8211; 2-timers \u00f8kt for 180 kr (medlemmer) eller 360 kr (ikke medlem)<br \/>\n&#8211; Full dag for 600 kroner (medlemmer) 1000,- (ikke medlem)<br \/>\n<em><strong>Drop in solo:\u00a0<\/strong><\/em><br \/>\n&#8211; 2-timers \u00f8kt for 120 kr (medlemmer) eller 240 kr (ikke medlem)<\/p>\n<p><strong>F\u00e5 penger for \u00e5 \u00f8ve: <\/strong>Som medlemsband i AKKS kan du enkelt f\u00e5 st\u00f8tte til band\u00f8vingen.<br \/>\nDere m\u00e5 v\u00e6re minimum 4 bandmedlemer, 14 \u00e5r eller eldre, og \u00f8ve i minimum 4 timer ila semesteret.<br \/>\nLes mer <strong><a href=\"https:\/\/akks.no\/kristiansand\/akks-kristiansand\/ny-portal-for-a-soke-bandoving-stotte\/\">her<\/a>\u00a0<\/strong><\/p>\n<p><strong>\u00d8vingsbinge<\/strong><br \/>\nVi har to \u00f8vingsbinger utenfor Samsen Kulturhus. Dette er et rom hvor du kan ta med og lagre eget utstyr. Bingen deles mellom to band og man kan \u00f8ve n\u00e5r man vil.<br \/>\nPris: 1500 kr pr. mnd pr. band.<br \/>\nHer er det for tiden venteliste, men det er lurt \u00e5 sette seg p\u00e5 den!<\/p>\n<p>Ta kontakt med <strong>kristiansand@akks.no<\/strong> for mer informasjon<\/p>\n<p><strong><em>Preprod<\/em><\/strong><br \/>\nTrenger du \u00e5 \u00f8ve spesielt til en konsert eller lignende, og trenger et fullt utstyrt \u00f8vingsrom for en dag eller to? Ta kontakt s\u00e5 ordner vi en bra pris.\u00a0Vi kan ogs\u00e5 i samarbeid med Samsen Kulturhus tilby preprod p\u00e5 fullt utstyrt scene med lyd og lys.<\/p>\n<h3><strong>Bookingkalender:<\/strong><\/h3>\n<p>Rom 19: GR\u00d8NN<br \/>\nRom 26: LILLA<\/p>\n<p><iframe loading=\"lazy\" style=\"border: solid 1px #777;\" src=\"https:\/\/calendar.google.com\/calendar\/embed?height=600&amp;wkst=2&amp;bgcolor=%23F09300&amp;ctz=Europe%2FBrussels&amp;showPrint=0&amp;showTabs=1&amp;showCalendars=0&amp;showTz=0&amp;title=AKKS%20Kristiansand%20%C3%98vingslokaler&amp;mode=WEEK&amp;src=b2d1ZzVoamhoZWwzbXRjaHNxZ2g5aG9hNjBAZ3JvdXAuY2FsZW5kYXIuZ29vZ2xlLmNvbQ&amp;src=MDY1dmxlcmRmam5oODloMWk2YnRnOGFrZW9AZ3JvdXAuY2FsZW5kYXIuZ29vZ2xlLmNvbQ&amp;color=%237CB342&amp;color=%23B39DDB\" width=\"800\" height=\"600\" frameborder=\"0\" scrolling=\"no\"><\/iframe><\/p>\n<p>&nbsp;<\/p>\n<p><em>*Prisene forutsetter bandmedlemskap eller vanlig medlemskap hos AKKS Kristiansand. Dette koster 50,- per person. Bandmedlemskap gir deg flere goder. Les mer\u00a0<a href=\"https:\/\/www.akks.no\/bli-medlem\/\">her<\/a>.<\/em><\/p>\n<p>Sp\u00f8rsm\u00e5l rundt \u00f8vingsrom? Skulle du trenger noen form for tilrettelegging eller tilpasning for rullestol, ikke n\u00f8l med \u00e5 si i fra!<\/p>\n<p>Svarstid p\u00e5 henvendelser er 5-7 virkedager.<\/p>\n","protected":false},"excerpt":{"rendered":"<p>Trenger du eller bandet ditt \u00f8vingslokale? AKKS Kristiansand har to fullt utstyrte \u00f8vingsrom og to \u00f8vingsbinger p\u00e5 Samsen kulturhus. Her st\u00e5r det fullt PA anlegg, forsterkere og trommesett. Alt klart til \u00f8ving!\u00a0 Send epost til kristiansand@akks.no\u00a0for \u00e5 booke \u00f8ving. Sjekk bookingkalenderen i bunnen av siden for tilgjengelige tider. Svarstid p\u00e5 henvendelser er 5-7 virkedager. Priser* [&hellip;]<\/p>\n","protected":false},"author":1,"featured_media":1543,"parent":0,"menu_order":0,"comment_status":"closed","ping_status":"closed","template":"","meta":[],"_links":{"self":[{"href":"https:\/\/akks.no\/kristiansand\/wp-json\/wp\/v2\/pages\/125"}],"collection":[{"href":"https:\/\/akks.no\/kristiansand\/wp-json\/wp\/v2\/pages"}],"about":[{"href":"https:\/\/akks.no\/kristiansand\/wp-json\/wp\/v2\/types\/page"}],"author":[{"embeddable":true,"href":"https:\/\/akks.no\/kristiansand\/wp-json\/wp\/v2\/users\/1"}],"replies":[{"embeddable":true,"href":"https:\/\/akks.no\/kristiansand\/wp-json\/wp\/v2\/comments?post=125"}],"version-history":[{"count":42,"href":"https:\/\/akks.no\/kristiansand\/wp-json\/wp\/v2\/pages\/125\/revisions"}],"predecessor-version":[{"id":1625,"href":"https:\/\/akks.no\/kristiansand\/wp-json\/wp\/v2\/pages\/125\/revisions\/1625"}],"wp:featuredmedia":[{"embeddable":true,"href":"https:\/\/akks.no\/kristiansand\/wp-json\/wp\/v2\/media\/1543"}],"wp:attachment":[{"href":"https:\/\/akks.no\/kristiansand\/wp-json\/wp\/v2\/media?parent=125"}],"curies":[{"name":"wp","href":"https:\/\/api.w.org\/{rel}","templated":true}]}}