{"id":935,"date":"2019-05-24T13:58:50","date_gmt":"2019-05-24T11:58:50","guid":{"rendered":"http:\/\/akks-no.staging.wordpress.idium.no\/bergen\/?page_id=935"},"modified":"2024-10-21T11:49:41","modified_gmt":"2024-10-21T09:49:41","slug":"ung-delegat-vill-vill-vest","status":"publish","type":"page","link":"https:\/\/akks.no\/bergen\/ung-delegat-vill-vill-vest\/","title":{"rendered":"Ung Delegat p\u00e5 Vill Vill Vest!"},"content":{"rendered":"<h2 style=\"text-align: center;\"><b>UNG DELEGAT 2024\u00a0<\/b><\/h2>\n<p style=\"text-align: center;\">Ung Delegat er et program skreddersydd for unge i musikkbransjen under Vill Vill Vest!<\/p>\n<p><b><img loading=\"lazy\" class=\"alignnone size-large wp-image-7580 aligncenter\" src=\"http:\/\/akks.no\/bergen\/files\/2024\/10\/IMG_8762-962x1024.jpeg\" alt=\"\" width=\"962\" height=\"1024\" srcset=\"https:\/\/akks.no\/bergen\/files\/2024\/10\/IMG_8762-962x1024.jpeg 962w, https:\/\/akks.no\/bergen\/files\/2024\/10\/IMG_8762-282x300.jpeg 282w, https:\/\/akks.no\/bergen\/files\/2024\/10\/IMG_8762-768x818.jpeg 768w, https:\/\/akks.no\/bergen\/files\/2024\/10\/IMG_8762-600x639.jpeg 600w, https:\/\/akks.no\/bergen\/files\/2024\/10\/IMG_8762.jpeg 1284w\" sizes=\"(max-width: 962px) 100vw, 962px\" \/><\/b><\/p>\n<p>&nbsp;<\/p>\n<p>P\u00e5melding for Ung Delegat 2024 er \u00e5pen! <a href=\"https:\/\/www.villvillvest.no\/ung-delegat\">Meld deg p\u00e5 her<\/a>.<\/p>\n<p><span style=\"font-weight: 400;\">Ung Delegat er et skreddersydd program for unge i musikkbransjen under Vill Vill Vest.<\/span><\/p>\n<p><span style=\"font-weight: 400;\">Er du mellom 14 og 21 \u00e5r og \u00f8nsker \u00e5 vite mer om musikkbransjen?\u00a0<\/span><\/p>\n<p><span style=\"font-weight: 400;\">Bli med p\u00e5 Ung Delegat!\u00a0<\/span><\/p>\n<p><span style=\"font-weight: 400;\">\u00c5rets utgave finner sted l\u00f8rdag 9. november. Selve Vill Vill Vest er 7. \u2013 9. november. Som deltaker f\u00e5r du tilgang til et skreddersydd fagprogram for unge arrang\u00f8rer, i tillegg til tilgang til konsertene. Du f\u00e5r ogs\u00e5 delegatpass til Vill Vill Vest! Og det beste av alt? Det er helt gratis!<\/span><\/p>\n<p><b>Ung Delegat er for deg som:<\/b><\/p>\n<ul>\n<li style=\"font-weight: 400;\" aria-level=\"1\"><span style=\"font-weight: 400;\">Er mellom 14 og 21 \u00e5r<\/span><\/li>\n<li style=\"font-weight: 400;\" aria-level=\"1\"><span style=\"font-weight: 400;\">Er interessert i \u00e5 l\u00e6re mer om \u00e5 arrangere konserter og festivaler<\/span><\/li>\n<li style=\"font-weight: 400;\" aria-level=\"1\"><span style=\"font-weight: 400;\">Arrangerer konserter, festivaler eller har et \u00f8nske om \u00e5 arrangere, konserter med fri aldersgrense<\/span><\/li>\n<li style=\"font-weight: 400;\" aria-level=\"1\"><span style=\"font-weight: 400;\">Vil l\u00e6re mer om musikkbransjen.\u00a0<\/span><\/li>\n<\/ul>\n<p><b>Som Ung Delegat f\u00e5r du:<\/b><\/p>\n<ul>\n<li style=\"font-weight: 400;\" aria-level=\"1\"><span style=\"font-weight: 400;\">Eget fagprogram som er skreddersydd for unge arrang\u00f8rer<\/span><\/li>\n<li style=\"font-weight: 400;\" aria-level=\"1\"><span style=\"font-weight: 400;\">Mulighet til \u00e5 bli kjent med andre arrang\u00f8rer\u00a0<\/span><\/li>\n<li style=\"font-weight: 400;\" aria-level=\"1\"><span style=\"font-weight: 400;\">Delegatpass med tilgang til seminarprogram Vill Vill Vest torsdag og fredag<\/span><\/li>\n<li style=\"font-weight: 400;\" aria-level=\"1\"><span style=\"font-weight: 400;\">Festivalpass med tilgang til alle konserter. Alle konserter har 18 \u00e5rs aldersgrense. Det kan ordnes verge om man har behov. Ta kontakt p\u00e5 <\/span><span style=\"font-weight: 400;\">arrangement@bergen.akks.no<\/span><span style=\"font-weight: 400;\"> hvis du trenger dette.<\/span><\/li>\n<\/ul>\n<p><span style=\"font-weight: 400;\">Du kan s\u00f8ke p\u00e5 Ung Delegat uansett hvor du bor i landet.\u00a0<\/span><\/p>\n<p><span style=\"font-weight: 400;\">Kommer du reisende til Ung Delegat? Vi tilbyr reisest\u00f8tte p\u00e5 inntil 2000 kroner per person, men det er f\u00f8rste person til m\u00f8llen! For \u00e5 benytte deg av reisest\u00f8tten fyller du ut et utleggsskjema sammen med kvitteringer p\u00e5 utgifter, og f\u00e5r dette tilbakebetalt i etterkant av deltagelse p\u00e5 konferansen.\u00a0<\/span><\/p>\n<p class=\"\"><span style=\"font-weight: 400;\">Trenger du overnatting? Festivalhotellet er Heimen gjennom De Bergenske og er i Bergen sentrum. Her har vi en avtale med hotellet, s\u00e5 om du har behov for overnatting kan du sende en epost til <\/span><a href=\"mailto:booking@heimenhotel.no\"><span style=\"font-weight: 400;\">booking@heimenhotel.no<\/span><\/a><span style=\"font-weight: 400;\"> og bruk referansenummer 95024 for \u00e5 f\u00e5 festivalrabatten!<\/span><\/p>\n<p><b>Betingelser for deltagelse:<\/b><\/p>\n<ul>\n<li style=\"font-weight: 400;\" aria-level=\"1\"><span style=\"font-weight: 400;\">Er mellom 14 og 21 \u00e5r<\/span><\/li>\n<li style=\"font-weight: 400;\" aria-level=\"1\"><span style=\"font-weight: 400;\">Om du er under 18 \u00e5r og bor utenfor Bergen m\u00e5 du s\u00f8ke med tillatelse fra foresatt, reiseleder og\/eller ansvarlig kontaktperson.\u00a0<\/span><\/li>\n<li style=\"font-weight: 400;\" aria-level=\"1\"><span style=\"font-weight: 400;\">Reisest\u00f8tte og festivalpass forutsetter at du deltar p\u00e5 Ung Delegat i sin helhet.\u00a0<\/span><\/li>\n<li style=\"font-weight: 400;\" aria-level=\"1\"><span style=\"font-weight: 400;\">Om man ikke deltar p\u00e5 Ung Delegat 9. november,vil man bli fakturert for et festivalpass i sin helhet.\u00a0<\/span><\/li>\n<\/ul>\n<h3 style=\"text-align: left;\"><\/h3>\n<h3 style=\"text-align: left;\"><b>Program Ung Delegat\u00a0 2024\u00a0<\/b><\/h3>\n<p style=\"text-align: left;\"><i><span style=\"font-weight: 400;\">L\u00f8rdag 09. oktober 10:00- 15:30<\/span><\/i><\/p>\n<p style=\"text-align: left;\"><i><span style=\"font-weight: 400;\">Kulturhuset i Bergen, Lillesalen<\/span><\/i><\/p>\n<p style=\"text-align: left;\"><span style=\"font-weight: 400;\">09:30 &#8211; 10:00: Registrering<\/span><\/p>\n<p><span style=\"font-weight: 400;\">9:30 &#8211; 10:00: Registrering<\/span><\/p>\n<p><span style=\"font-weight: 400;\"><br \/>\n<\/span><b>10:00 &#8211; 10:15: Velkommen, introduksjonsrunde<\/b><\/p>\n<p><b><br \/>\n<\/b><b>10:15 &#8211; 11:00: Arrang\u00f8r og artist i samtale! NKA<\/b><\/p>\n<p><span style=\"font-weight: 400;\">Hvem har egentlig ansvaret i promotering av konserten? Hvordan skal vi m\u00f8te hverandre p\u00e5 venue? Og hvordan ser egentlig konsertdagen ut for artisten og arrang\u00f8ren? I denne samtalen skal vi snakke bredt og l\u00f8st om utfordringer artister og arrang\u00f8rer m\u00f8ter i konserthverdagen, hvordan vi kan gj\u00f8re bedre avtaler for begge parter og hvordan vi kan jobbe sammen for \u00e5 \u00f8ke forst\u00e5elsen og kunnskapen om hverandre.\u00a0<\/span><\/p>\n<p><b><br \/>\n<\/b><span style=\"font-weight: 400;\">11:00 &#8211; 11:10: Pause<\/span><\/p>\n<p><span style=\"font-weight: 400;\"><br \/>\n<\/span><b>11:10 &#8211; 12:40: Workshop Markedsf\u00f8ring- Bygg ditt brand 101<\/b><\/p>\n<p><span style=\"font-weight: 400;\">Brenner du for \u00e5 lage bra musikk- og kulturopplevelser som hele byen burde snakket om? Sitter du inne med et spennende prosjekt som flere burde sjekket ut? Lurer du p\u00e5 hvordan du kan skape et konsept som kan vokse over tid, og samtidig bygge en god f\u00f8lgerbase?<\/span><\/p>\n<p><span style=\"font-weight: 400;\">I denne workshopen f\u00e5r du gode tips og verkt\u00f8y som er lure \u00e5 ha med seg p\u00e5 veien for \u00e5 bygge opp en sterk og engasjerende merkevare, i kultur- og musikkbransjen. Det blir en dose strategi, en dose kreativitet og en dose inspirasjon, der vi skal se p\u00e5 ulike metoder for \u00e5 knekke markedsf\u00f8ringskoden og (muligens) \u201cbreak the internet\u201d. Eller i hvert fall bli litt klokere p\u00e5 hva som skal til for at prosjektet ditt skal bli lagt merke til, hvordan du kan bygge opp en loyal fanbase, og hvilke kreative id\u00e9er du kan gjennomf\u00f8re for \u00e5 f\u00e5 folk til \u00e5 komme p\u00e5 show. Bli med inn i en jungel av branding, visuell stil, tone of voice, video-innhold, SoMe-plattformer, algorytmer, og andre snurrepepperier.<\/span><\/p>\n<p><b><\/b><span style=\"font-weight: 400;\">12:40 &#8211; 13:15: Lunsj<\/span><\/p>\n<p><span style=\"font-weight: 400;\"><br \/>\n<\/span><b>13:15 &#8211; 14:00: Festivalnettverket FOKK: <\/b><b><br \/>\n<\/b><span style=\"font-weight: 400;\">Sommeren 2024 jobba studentene Gillian Duldulao og Agnes Muren Bohinen p\u00e5 ikke mindre enn 5 festivaler. Dei jobba med alt fra designarbeid, rigging, camp, billettsalg til planlegging av festivalarrangement. Dei deler sine erfaringer og kommer med tips og r\u00e5d til deg som har lyst \u00e5 jobbe p\u00e5 festival eller arrangere konserter. Intervjuet blir gjort av Jostein Sydnes.<\/span><\/p>\n<p><b><br \/>\n<\/b><span style=\"font-weight: 400;\">14:00 &#8211; 14:15: Pause<\/span><\/p>\n<p><b>14:15 &#8211; 15:15: <\/b><b>Speedmeetings med NEEMA<\/b><\/p>\n<p><span style=\"font-weight: 400;\">I musikkbransjen finnes det mange forskjellige roller, og mange forskjellige veier inn. Som avslutning p\u00e5 \u00e5rets program vil det bli arrangert speedmeetings med noen av NEEMA\u2019s medlemmer. NEEMA er en organisasjon for artistmanagere og booking agenter i Norge og har over 80 medlemsbedrifter fra hele landet.<\/span><\/p>\n<p style=\"text-align: left;\">\n<p><span style=\"font-weight: 400;\">I speedmeetings vil det v\u00e6re mulighet til \u00e5 sp\u00f8rre hvordan agentene og managerene jobber, stille sp\u00f8rsm\u00e5l relatert til egne prosjekter, og kanskje f\u00e5 h\u00f8re historier om hvordan man kan komme inn i bransjen. Eller hva som helst annet du m\u00e5tte lure p\u00e5!<\/span><\/p>\n<p style=\"text-align: left;\">\n<p><b>15:15- 15:30: Oppsummering og refleksjoner rundt dagens program<\/b><\/p>\n<p><span style=\"font-weight: 400;\">\u00a0Hva tenker dere om dagens program? Vi \u00f8nsker \u00e5 ha en samtale hvor vi oppsummerer dagens program og snakker om temaene. Her kan du stille sp\u00f8rsm\u00e5l som du kom p\u00e5 eller glemte \u00e5 stille tidligere.<\/span><\/p>\n<p><b>15:30: Programslutt<\/b><\/p>\n<p>&nbsp;<\/p>\n<p>F\u00f8lg med p\u00e5 v\u00e5r <a href=\"http:\/\/facebook.com\/akksbergen\">Facebook<\/a> og <a href=\"http:\/\/instagram.com\/akksbergen\">Instagram<\/a> for oppdateringer.<\/p>\n<div class=\"fe-block fe-block-yui_3_17_2_1_1698766743062_18940\">\n<div id=\"block-yui_3_17_2_1_1698766743062_18940\" class=\"sqs-block html-block sqs-block-html\" data-block-type=\"2\">\n<div class=\"sqs-block-content\">\n<div class=\"sqs-html-content\">\n<p>Sp\u00f8rsm\u00e5l om Ung Delegat? Ta kontakt med oss p\u00e5 arrangement@bergen.akks.no.<\/p>\n<\/div>\n<\/div>\n<\/div>\n<\/div>\n<hr \/>\n<p>&nbsp;<\/p>\n<p><b>UNG DELEGAT 2024\u00a0<\/b><\/p>\n<p><img loading=\"lazy\" class=\"wp-image-3896 size-large\" src=\"http:\/\/akks.no\/bergen\/files\/2021\/12\/Dag_3_Brak_UngDelegat_Seminar_VVV_Haara_2021__19-1024x683.jpeg\" alt=\"Fra Ung Delegat 2021. Foto: \u00d8ystein Haara\" width=\"1024\" height=\"683\" srcset=\"https:\/\/akks.no\/bergen\/files\/2021\/12\/Dag_3_Brak_UngDelegat_Seminar_VVV_Haara_2021__19-1024x683.jpeg 1024w, https:\/\/akks.no\/bergen\/files\/2021\/12\/Dag_3_Brak_UngDelegat_Seminar_VVV_Haara_2021__19-300x200.jpeg 300w, https:\/\/akks.no\/bergen\/files\/2021\/12\/Dag_3_Brak_UngDelegat_Seminar_VVV_Haara_2021__19-768x512.jpeg 768w, https:\/\/akks.no\/bergen\/files\/2021\/12\/Dag_3_Brak_UngDelegat_Seminar_VVV_Haara_2021__19-1536x1024.jpeg 1536w, https:\/\/akks.no\/bergen\/files\/2021\/12\/Dag_3_Brak_UngDelegat_Seminar_VVV_Haara_2021__19-2048x1365.jpeg 2048w, https:\/\/akks.no\/bergen\/files\/2021\/12\/Dag_3_Brak_UngDelegat_Seminar_VVV_Haara_2021__19-720x480.jpeg 720w, https:\/\/akks.no\/bergen\/files\/2021\/12\/Dag_3_Brak_UngDelegat_Seminar_VVV_Haara_2021__19-600x400.jpeg 600w\" sizes=\"(max-width: 1024px) 100vw, 1024px\" \/><\/p>\n<p><em>Ung Delegat 2021. Foto: \u00d8ystein Haara<\/em><\/p>\n<h3><strong>Program 2023<\/strong><\/h3>\n<div class=\"fe-block fe-block-yui_3_17_2_1_1698766743062_7635\">\n<div id=\"block-yui_3_17_2_1_1698766743062_7635\" class=\"sqs-block html-block sqs-block-html\" data-block-type=\"2\">\n<div class=\"sqs-block-content\">\n<div class=\"sqs-html-content\">\n<p class=\"\">11:15 &#8211; 12:00 <strong><em>Bookingperspektiver for arrang\u00f8rer<br \/>\n\u2013<\/em><\/strong> Med Ragnhild Severeide og Martin Midtb\u00f8 Rokkones<\/p>\n<p>Hvordan tenker egentlig ulike arrang\u00f8rer om booking \u2013 er det bare for artister \u00e5 sende et presseskriv s\u00e5 gir venues ut honorar om de liker det? Hvordan balanserer USF Verftet utleie, med egenprogrammeringen og mer tradisjonell booking i sommerhalv\u00e5ret? Hva gj\u00f8r dette med programmets bredde, publikumstilbudet og artistkarrierene? Og hvordan er dette annerledes fra hvordan en festival som Vill Vill Vest jobber? Vi dykker ned i noen av de ulike modellene og deres ulike fordeler og utfordringer.<strong><em><br \/>\n<\/em><\/strong><\/p>\n<\/div>\n<\/div>\n<\/div>\n<\/div>\n<div class=\"fe-block fe-block-yui_3_17_2_1_1698766743062_15574\">\n<div id=\"block-yui_3_17_2_1_1698766743062_15574\" class=\"sqs-block horizontalrule-block sqs-block-horizontalrule\" data-block-type=\"47\">\n<div class=\"sqs-block-content\">\n<hr \/>\n<\/div>\n<\/div>\n<\/div>\n<div class=\"fe-block fe-block-yui_3_17_2_1_1698766743062_12539\">\n<div id=\"block-yui_3_17_2_1_1698766743062_12539\" class=\"sqs-block html-block sqs-block-html\" data-block-type=\"2\">\n<div class=\"sqs-block-content\">\n<div class=\"sqs-html-content\">\n<p class=\"\">12:15 &#8211; 13:00 &#8211; <strong><em>Produksjon og Advance<\/em><\/strong><br \/>\n\u2013 Med Andreas Lindborg og Nyaling Sandi Kiil<\/p>\n<p class=\"\">Hva betyr egentlig produksjon og advance, og hvem forholder du deg til n\u00e5r du skal arrangere en konsert?<\/p>\n<p class=\"\">Vi skal diskutere grepene du kan gj\u00f8re i din produksjonsplan for at samarbeidet i produksjonen skal fungere godt. L\u00e6r mer om hva produksjon betyr for artist, teknisk produksjon, hospitality, vakter etc. og l\u00e6r hvem som trenger \u00e5 vite hva for \u00e5 gj\u00f8re jobben sin.<\/p>\n<p>Presenteres av: Norske Kulturarrang\u00f8rer<strong><em><br \/>\n<\/em><\/strong><\/p>\n<\/div>\n<\/div>\n<\/div>\n<\/div>\n<div class=\"fe-block fe-block-2a5e72ad8db29e1719e4\">\n<div id=\"block-2a5e72ad8db29e1719e4\" class=\"sqs-block horizontalrule-block sqs-block-horizontalrule\" data-block-type=\"47\">\n<div class=\"sqs-block-content\">\n<hr \/>\n<\/div>\n<\/div>\n<\/div>\n<div class=\"fe-block fe-block-yui_3_17_2_1_1698766743062_16447\">\n<div id=\"block-yui_3_17_2_1_1698766743062_16447\" class=\"sqs-block html-block sqs-block-html\" data-block-type=\"2\">\n<div class=\"sqs-block-content\">\n<div class=\"sqs-html-content\">\n<p class=\"\">13:45 &#8211; 14:30 &#8211; <strong><em>Finansiering i en fei!<br \/>\n\u2013 <\/em><\/strong>Med Stine Mari R\u00f8verdatter<\/p>\n<p class=\"\">Hvordan kan du skaffe pengene utstyret og tjenestene som du trenger for \u00e5 gjennomf\u00f8re ditt prosjekt? Hvordan kan du s\u00f8ke st\u00f8tte, inng\u00e5 sponsorsamarbeid og sette i gang folkefinansieringskampanjer? Stine Mari R\u00f8verdatter tar oss igjennom flere muligheter til \u00e5 skaffe deg alt du trenger i ditt neste prosjekt.<\/p>\n<p>Presenteres av: Musikkontoret<\/p>\n<\/div>\n<\/div>\n<\/div>\n<\/div>\n<div class=\"fe-block fe-block-899382c16e572567f3ca\">\n<div id=\"block-899382c16e572567f3ca\" class=\"sqs-block horizontalrule-block sqs-block-horizontalrule\" data-block-type=\"47\">\n<div class=\"sqs-block-content\">\n<hr \/>\n<\/div>\n<\/div>\n<\/div>\n<div class=\"fe-block fe-block-yui_3_17_2_1_1698766743062_18940\">\n<div id=\"block-yui_3_17_2_1_1698766743062_18940\" class=\"sqs-block html-block sqs-block-html\" data-block-type=\"2\">\n<div class=\"sqs-block-content\">\n<div class=\"sqs-html-content\">\n<p class=\"\">14:45 &#8211; 16:00 <strong><em>Speedmeetings med NEEMA<\/em><\/strong><\/p>\n<p>I musikkbransjen finnes det mange forskjellige roller, og mange forskjellige veier inn. Som avslutning p\u00e5 \u00e5rets program vil det bli arrangert speedmeetings med noen av NEEMA\u2019s medlemmer. NEEMA er en organisasjon for artistmanagere og booking agenter i Norge og har over 80 medlemsbedrifter fra hele landet.<\/p>\n<p>I speedmeetings vil det v\u00e6re mulighet til \u00e5 sp\u00f8rre hvordan agentene og managerene jobber, stille sp\u00f8rsm\u00e5l relatert til egne prosjekter, og kanskje f\u00e5 h\u00f8re historier om hvordan man kan komme inn i bransjen. Eller hva som helst annet du m\u00e5tte lure p\u00e5!<\/p>\n<p>Presenteres av: NEEMA<\/p>\n<\/div>\n<\/div>\n<\/div>\n<\/div>\n<hr \/>\n<p>&nbsp;<\/p>\n<p>Sp\u00f8rsm\u00e5l om Ung Delegat? Ta kontakt med oss p\u00e5 arrangement@bergen.akks.no.<\/p>\n","protected":false},"excerpt":{"rendered":"<p>UNG DELEGAT 2024\u00a0 Ung Delegat er et program skreddersydd for unge i musikkbransjen under Vill Vill Vest! &nbsp; P\u00e5melding for Ung Delegat 2024 er \u00e5pen! Meld deg p\u00e5 her. Ung Delegat er et skreddersydd program for unge i musikkbransjen under Vill Vill Vest. Er du mellom 14 og 21 \u00e5r og \u00f8nsker \u00e5 vite mer [&hellip;]<\/p>\n","protected":false},"author":5,"featured_media":6717,"parent":0,"menu_order":0,"comment_status":"closed","ping_status":"closed","template":"","meta":[],"_links":{"self":[{"href":"https:\/\/akks.no\/bergen\/wp-json\/wp\/v2\/pages\/935"}],"collection":[{"href":"https:\/\/akks.no\/bergen\/wp-json\/wp\/v2\/pages"}],"about":[{"href":"https:\/\/akks.no\/bergen\/wp-json\/wp\/v2\/types\/page"}],"author":[{"embeddable":true,"href":"https:\/\/akks.no\/bergen\/wp-json\/wp\/v2\/users\/5"}],"replies":[{"embeddable":true,"href":"https:\/\/akks.no\/bergen\/wp-json\/wp\/v2\/comments?post=935"}],"version-history":[{"count":34,"href":"https:\/\/akks.no\/bergen\/wp-json\/wp\/v2\/pages\/935\/revisions"}],"predecessor-version":[{"id":6744,"href":"https:\/\/akks.no\/bergen\/wp-json\/wp\/v2\/pages\/935\/revisions\/6744"}],"wp:featuredmedia":[{"embeddable":true,"href":"https:\/\/akks.no\/bergen\/wp-json\/wp\/v2\/media\/6717"}],"wp:attachment":[{"href":"https:\/\/akks.no\/bergen\/wp-json\/wp\/v2\/media?parent=935"}],"curies":[{"name":"wp","href":"https:\/\/api.w.org\/{rel}","templated":true}]}}