{"id":8641,"date":"2026-02-05T15:36:48","date_gmt":"2026-02-05T14:36:48","guid":{"rendered":"https:\/\/akks.no\/bergen\/?page_id=8641"},"modified":"2026-02-24T11:56:00","modified_gmt":"2026-02-24T10:56:00","slug":"introduksjon-hardingfele-og-folkesang","status":"publish","type":"page","link":"https:\/\/akks.no\/bergen\/introduksjon-hardingfele-og-folkesang\/","title":{"rendered":"Helgekurs: Introduksjon til fele og folkesang"},"content":{"rendered":"<p><strong>Har du alltid hatt lyst til \u00e5 spille fele, men tenkt at det kanskje er for sent? Eller har du en fele liggende hjemme etter oldefar, som ingen helt vet hva de skal gj\u00f8re med? N\u00e5 har du sjansen til \u00e5 realisere dr\u00f8mmen og vekke spelekvinna, spelemannen eller spelepersonen i deg.<\/strong><\/p>\n<p><a href=\"https:\/\/event.checkin.no\/218867\/helgekurs-introduksjon-til-hardingfele-og-folkesang\"><img loading=\"lazy\" class=\"wp-image-6029 aligncenter\" src=\"http:\/\/akks.no\/bergen\/files\/2023\/05\/Pamelding-e1683807463933-1024x264.png\" alt=\"\" width=\"517\" height=\"133\" srcset=\"https:\/\/akks.no\/bergen\/files\/2023\/05\/Pamelding-e1683807463933-1024x264.png 1024w, https:\/\/akks.no\/bergen\/files\/2023\/05\/Pamelding-e1683807463933-300x77.png 300w, https:\/\/akks.no\/bergen\/files\/2023\/05\/Pamelding-e1683807463933-768x198.png 768w, https:\/\/akks.no\/bergen\/files\/2023\/05\/Pamelding-e1683807463933-1536x395.png 1536w, https:\/\/akks.no\/bergen\/files\/2023\/05\/Pamelding-e1683807463933-2048x527.png 2048w, https:\/\/akks.no\/bergen\/files\/2023\/05\/Pamelding-e1683807463933-600x154.png 600w\" sizes=\"(max-width: 517px) 100vw, 517px\" \/><\/a><\/p>\n<p><strong>Datoer og tidspunkt<\/strong><br \/>\nl\u00f8rdag den 21. mars kl. 12:00-17:00 (inkl.gratis lunsj)<br \/>\ns\u00f8ndag 22. mars kl. 16:00-18:30<\/p>\n<p>M\u00e5lgruppe: 15 \u00e5r og oppover (ingen \u00f8vre aldersgrense)<\/p>\n<p>Instrukt\u00f8rer: Johanna Seim og Lovise Espeland<\/p>\n<h2><strong>Praktisk<\/strong><\/h2>\n<ul>\n<li aria-level=\"1\">P\u00e5meldingen er bindende (les mer under vilk\u00e5r)<\/li>\n<li aria-level=\"1\">Kurset holdes p\u00e5\u00a0<a href=\"https:\/\/g.page\/usfverftet?share\">USF Verftet<\/a>, 2. etasje<\/li>\n<li aria-level=\"1\">Undervisningen foreg\u00e5r i grupper p\u00e5 maks 4 deltakere.<\/li>\n<li aria-level=\"1\">Fele eller fiolin kan l\u00e5nes gratis. Velg dette i p\u00e5meldingen.<\/li>\n<\/ul>\n<p><strong>Kursets innhold<br \/>\n<\/strong>Dette kurset er for deg som er nysgjerrig p\u00e5 hardingfele og folkesang, enten du er helt nybegynner eller har litt erfaring fra f\u00f8r. I l\u00f8pet av kurset f\u00e5r du en praktisk og inspirerende introduksjon til b\u00e5de instrumentet, stemmene og tradisjonene som b\u00e6rer folkemusikken p\u00e5 Vestlandet.<\/p>\n<p>Vi g\u00e5r gjennom grunnleggende teknikk p\u00e5 hardingfele, stemming og hvordan instrumentet er bygget opp. Deltakerne vil ogs\u00e5 f\u00e5 pr\u00f8ve seg p\u00e5 enkle sl\u00e5tter. P\u00e5 folkesangkurset jobber vi med klang, rytme, frasering og tekstformidling, og l\u00e6rer enkle viser, stev og salmer.<\/p>\n<p>Har du en fele eller hardingfele liggende hjemme? Ta den med! Ellers har vi instrumenter du kan l\u00e5ne.<\/p>\n<p>Kurset legger vekt p\u00e5 lokalt repertoar fra Nordhordland og Bergensomr\u00e5det. Deltakerne f\u00e5r dermed b\u00e5de en musikalsk innf\u00f8ring og et m\u00f8te med den historiske og kulturelle bakgrunnen for sangene og sl\u00e5ttene vi jobber med.<\/p>\n<p>M\u00e5let er \u00e5 gi et trygt og inkluderende l\u00e6ringsrom der alle kan delta. Etter kurset skal deltakerne sitte igjen med inspirasjon, grunnleggende ferdigheter \u2013 og et lite knippe lokale sl\u00e5tter og viser de kan ta med seg videre.<\/p>\n<p><strong>L\u00f8rdag<\/strong><br \/>\nF\u00f8rste dagen bruger vi p\u00e5 praktisk \u00e5 g\u00e5 praktisk i dybden med folkemusikk-sjangeren . Gruppen blir delt opp og f\u00e5r pr\u00f8ve b\u00e5de \u00e5 utforske vokal og fele. Det serveres lunsj denne dagen.<\/p>\n<p><strong>S\u00f8ndag<br \/>\n<\/strong>P\u00e5 s\u00f8ndagen er det filmvisning p\u00e5 Cinemateket i Bergen (USF Verftet) der vi ser filmen Til Stede, skapt av hardingfelespiller Johanna Seim. Etterf\u00f8lgende innledes til samtale og avsluttende jam med Gaute Ullestad Moen. Filmvisningen er gratis for deltakere p\u00e5 Introkurs i fele og folkesang, og for alle AKKS-medlemmer under 26 \u00e5r.<\/p>\n<p>&nbsp;<\/p>\n<h2><strong>Instrukt\u00f8rer p\u00e5 felekurs<\/strong><\/h2>\n<hr \/>\n<h2><img loading=\"lazy\" class=\"alignnone size-large wp-image-8659\" src=\"http:\/\/akks.no\/bergen\/files\/2026\/02\/12-1024x724.png\" alt=\"\" width=\"1024\" height=\"724\" srcset=\"https:\/\/akks.no\/bergen\/files\/2026\/02\/12-1024x724.png 1024w, https:\/\/akks.no\/bergen\/files\/2026\/02\/12-300x212.png 300w, https:\/\/akks.no\/bergen\/files\/2026\/02\/12-768x543.png 768w, https:\/\/akks.no\/bergen\/files\/2026\/02\/12-1536x1086.png 1536w, https:\/\/akks.no\/bergen\/files\/2026\/02\/12-2048x1448.png 2048w, https:\/\/akks.no\/bergen\/files\/2026\/02\/12-600x424.png 600w\" sizes=\"(max-width: 1024px) 100vw, 1024px\" \/><\/h2>\n<hr \/>\n<h2><strong>Johanna Seim<\/strong><\/h2>\n<p>Johanna Seim forelsket seg i klangen av hardingfela som 26-\u00e5ring. Hun byttet ut Berlins hektiske storbyliv med fjell og folkemusikkstudier i Telemark. N\u00e5 bor hun i Bergen, der hun sprer folkemusikkglede som b\u00e5de ut\u00f8ver og arrang\u00f8r. Hun mener at det aldri er for sent \u00e5 l\u00e6re seg \u00e5 spille fele.<\/p>\n<p>\u201cJohanna fokuserer p\u00e5 \u00e5 ha det g\u00f8y med musikken. Dette gj\u00f8r at spillegleden og mestringsf\u00f8lelsen kommer raskt. Hennes gode hum\u00f8r og pedagogiske blikk gj\u00f8r spilletimene til en forn\u00f8yelse.\u201d &#8211; hardingfeleelev.<\/p>\n<hr \/>\n<p><img loading=\"lazy\" class=\"alignnone size-large wp-image-8658\" src=\"http:\/\/akks.no\/bergen\/files\/2026\/02\/11-1024x724.png\" alt=\"\" width=\"1024\" height=\"724\" srcset=\"https:\/\/akks.no\/bergen\/files\/2026\/02\/11-1024x724.png 1024w, https:\/\/akks.no\/bergen\/files\/2026\/02\/11-300x212.png 300w, https:\/\/akks.no\/bergen\/files\/2026\/02\/11-768x543.png 768w, https:\/\/akks.no\/bergen\/files\/2026\/02\/11-1536x1086.png 1536w, https:\/\/akks.no\/bergen\/files\/2026\/02\/11-2048x1448.png 2048w, https:\/\/akks.no\/bergen\/files\/2026\/02\/11-600x424.png 600w\" sizes=\"(max-width: 1024px) 100vw, 1024px\" \/><\/p>\n<hr \/>\n<h2><strong>Lovise Espeland\u00a0<\/strong><\/h2>\n<p><span style=\"font-weight: 400;\">Lovise Espeland er sanger og l\u00e5tskriver med base i\u00a0 Bergen. Hun har studert folkemusikk ved USN p\u00e5 Rauland, og tar for tiden en bachelor i ut\u00f8vende tradisjonsmusikk ved Ole Bull Akademiet. Hun er aktiv som visesanger, folkesanger og jazzvokalist i prosjekter som Bare Folk, Rakkel, Folksomt mm. For tiden dykker hun ned i folkesangtradisjoner fra Nordhordland og Bergen.<\/span><\/p>\n<hr \/>\n<h2><strong>AKKS-kurs for oss med funksjonsnedsettelser<\/strong><\/h2>\n<p>Kurset foreg\u00e5r p\u00e5 \u00f8vingsrom E som har rampe inn til rommet. D\u00f8ren inn i rom E er 88, 5 cm bred. For \u00e5 komme til rom E, m\u00e5 man benytte inngang H eller hovedinngang A til USF Verftet hvor det er heis tilgjengelig.<\/p>\n<hr \/>\n<h2><strong>Vilk\u00e5r<\/strong><\/h2>\n<p><span style=\"font-weight: 400;\">P\u00e5meldingen er bindende. Vi har begrenset med plasser p\u00e5 hvert kurs, og vi har derfor ingen avmeldingsfrist p\u00e5 v\u00e5re kurs.<\/span><\/p>\n<p><span style=\"font-weight: 400;\">Ved innsendt p\u00e5melding er man bundet til \u00e5 betale kursavgiften. Det vil si at kursavgift m\u00e5 betales selv om kursdeltakeren ikke m\u00f8ter opp til kurset eller slutter p\u00e5 kurset. Les v\u00e5re <\/span><a href=\"http:\/\/akks.no\/bergen\/files\/2022\/11\/Vilkar-for-kurspamelding-AKKS-Bergen-2023.pdf\"><span style=\"font-weight: 400;\">p\u00e5meldingsbetingelser<\/span><\/a><span style=\"font-weight: 400;\"> og v\u00e5r <\/span><a href=\"https:\/\/akks.no\/personvernerklaering\/\"><span style=\"font-weight: 400;\">personvernerkl\u00e6ring<\/span><\/a><span style=\"font-weight: 400;\">.<\/span><\/p>\n<hr \/>\n<h2><strong>Musikkaktivitet for alle<\/strong><\/h2>\n<p><span style=\"font-weight: 400;\">AKKS Bergen \u00f8nsker ikke at \u00f8konomi skal st\u00e5 i veien for deltakelse p\u00e5 v\u00e5re kurs. Derfor er dette helgekurset gratis for alle medlemmer under 26 \u00e5r. Inkludert i kurset er gratis l\u00e5n av instrument om man ikke selv har.<\/span><\/p>\n<p><a href=\"https:\/\/akks.hypersys.no\/page\/blimedlem\/signup?type=87\">Bli medlem her<\/a>.<\/p>\n<p><strong>Er du usikker p\u00e5 niv\u00e5et ditt eller har andre sp\u00f8rsm\u00e5l?<\/strong><br \/>\n<span style=\"font-weight: 400;\">Ta gjerne kontakt med oss p\u00e5 kontoret.bergen@akks.no.<\/span><\/p>\n<p>Kurset er st\u00f8tte av<\/p>\n<p><img loading=\"lazy\" class=\"alignnone size-large wp-image-8664\" src=\"http:\/\/akks.no\/bergen\/files\/2026\/02\/Skjermbilde-2026-02-20-kl.-12.21.50-1024x102.png\" alt=\"\" width=\"1024\" height=\"102\" srcset=\"https:\/\/akks.no\/bergen\/files\/2026\/02\/Skjermbilde-2026-02-20-kl.-12.21.50-1024x102.png 1024w, https:\/\/akks.no\/bergen\/files\/2026\/02\/Skjermbilde-2026-02-20-kl.-12.21.50-300x30.png 300w, https:\/\/akks.no\/bergen\/files\/2026\/02\/Skjermbilde-2026-02-20-kl.-12.21.50-768x76.png 768w, https:\/\/akks.no\/bergen\/files\/2026\/02\/Skjermbilde-2026-02-20-kl.-12.21.50-1536x153.png 1536w, https:\/\/akks.no\/bergen\/files\/2026\/02\/Skjermbilde-2026-02-20-kl.-12.21.50-600x60.png 600w, https:\/\/akks.no\/bergen\/files\/2026\/02\/Skjermbilde-2026-02-20-kl.-12.21.50.png 1928w\" sizes=\"(max-width: 1024px) 100vw, 1024px\" \/><\/p>\n","protected":false},"excerpt":{"rendered":"<p>Har du alltid hatt lyst til \u00e5 spille fele, men tenkt at det kanskje er for sent? Eller har du en fele liggende hjemme etter oldefar, som ingen helt vet hva de skal gj\u00f8re med? N\u00e5 har du sjansen til \u00e5 realisere dr\u00f8mmen og vekke spelekvinna, spelemannen eller spelepersonen i deg. Datoer og tidspunkt l\u00f8rdag [&hellip;]<\/p>\n","protected":false},"author":5,"featured_media":8665,"parent":0,"menu_order":0,"comment_status":"closed","ping_status":"closed","template":"","meta":[],"_links":{"self":[{"href":"https:\/\/akks.no\/bergen\/wp-json\/wp\/v2\/pages\/8641"}],"collection":[{"href":"https:\/\/akks.no\/bergen\/wp-json\/wp\/v2\/pages"}],"about":[{"href":"https:\/\/akks.no\/bergen\/wp-json\/wp\/v2\/types\/page"}],"author":[{"embeddable":true,"href":"https:\/\/akks.no\/bergen\/wp-json\/wp\/v2\/users\/5"}],"replies":[{"embeddable":true,"href":"https:\/\/akks.no\/bergen\/wp-json\/wp\/v2\/comments?post=8641"}],"version-history":[{"count":18,"href":"https:\/\/akks.no\/bergen\/wp-json\/wp\/v2\/pages\/8641\/revisions"}],"predecessor-version":[{"id":8686,"href":"https:\/\/akks.no\/bergen\/wp-json\/wp\/v2\/pages\/8641\/revisions\/8686"}],"wp:featuredmedia":[{"embeddable":true,"href":"https:\/\/akks.no\/bergen\/wp-json\/wp\/v2\/media\/8665"}],"wp:attachment":[{"href":"https:\/\/akks.no\/bergen\/wp-json\/wp\/v2\/media?parent=8641"}],"curies":[{"name":"wp","href":"https:\/\/api.w.org\/{rel}","templated":true}]}}