{"id":8616,"date":"2026-02-15T15:15:05","date_gmt":"2026-02-15T14:15:05","guid":{"rendered":"https:\/\/akks.no\/bergen\/?page_id=8616"},"modified":"2026-04-15T11:43:44","modified_gmt":"2026-04-15T09:43:44","slug":"felekurs","status":"publish","type":"page","link":"https:\/\/akks.no\/bergen\/felekurs\/","title":{"rendered":"Felekurs"},"content":{"rendered":"<p><strong>Har du alltid hatt lyst til \u00e5 spille fele, men tenkt at det kanskje er for sent? Eller har du en fele liggende hjemme etter oldefar, som ingen helt vet hva de skal gj\u00f8re med? N\u00e5 har du sjansen til \u00e5 realisere dr\u00f8mmen og vekke spelekvinna eller spelemannen i deg.<\/strong><\/p>\n<p><i>Oppstart tirsdag uke 16<\/i><br \/>\nKursdatoer: <span data-sheets-root=\"1\">14.04, 21.04, 28.04, 05.05, 12.05, 19.05<\/span><\/p>\n<p>AKKS-konsert: torsdag den 11.06<\/p>\n<p><i>M\u00e5lgruppe: fra 12 \u00e5r og oppover \u2013 ingen \u00f8vre aldersgrense<\/i><br \/>\n<i>Instrukt\u00f8r: Johanna Seim<\/i><br \/>\n<i>Sted: USF Verftet<\/i><\/p>\n<h2 style=\"text-align: center;\"><a href=\"https:\/\/event.checkin.no\/218206\/fele-kursrunde-2-var-2026\"><img loading=\"lazy\" class=\"alignnone wp-image-6472\" src=\"http:\/\/akks.no\/bergen\/files\/2022\/11\/Pamelding-e1690968442203-1024x286.png\" alt=\"\" width=\"716\" height=\"200\" srcset=\"https:\/\/akks.no\/bergen\/files\/2022\/11\/Pamelding-e1690968442203-1024x286.png 1024w, https:\/\/akks.no\/bergen\/files\/2022\/11\/Pamelding-e1690968442203-300x84.png 300w, https:\/\/akks.no\/bergen\/files\/2022\/11\/Pamelding-e1690968442203-768x215.png 768w, https:\/\/akks.no\/bergen\/files\/2022\/11\/Pamelding-e1690968442203-1536x430.png 1536w, https:\/\/akks.no\/bergen\/files\/2022\/11\/Pamelding-e1690968442203-2048x573.png 2048w, https:\/\/akks.no\/bergen\/files\/2022\/11\/Pamelding-e1690968442203-600x168.png 600w\" sizes=\"(max-width: 716px) 100vw, 716px\" \/><\/a><\/h2>\n<hr \/>\n<h2><strong>Praktisk<\/strong><\/h2>\n<ul>\n<li aria-level=\"1\">P\u00e5meldingen er bindende (les mer under vilk\u00e5r)<\/li>\n<li aria-level=\"1\">Vi har 3 kurs pr. kursrunde kl. 16:30-17:45, kl. 18:00-19:15 eller kl. 19:30-20:45<\/li>\n<li aria-level=\"1\">Kurset g\u00e5r over 6 ganger. Hvert kurs varer 1 time og 15 min. inkl. pause.<\/li>\n<li aria-level=\"1\">Kurset holdes p\u00e5\u00a0<a href=\"https:\/\/g.page\/usfverftet?share\">USF Verftet<\/a>, 2. etasje<\/li>\n<li aria-level=\"1\">Undervisningen foreg\u00e5r i grupper p\u00e5 maks 3 deltakere.<\/li>\n<li aria-level=\"1\">Fele eller fiolin kan l\u00e5nes gratis. Velg dette i p\u00e5meldingen.<\/li>\n<\/ul>\n<hr \/>\n<h2><strong>Kursets innhold<\/strong><\/h2>\n<p>Vi tilbyr et 6-ukers kurs i fele og folkemusikk, tilpasset ulike niv\u00e5er. Kurset passer for deg som er nysgjerrig p\u00e5 hardingfele eller fele \u2013 enten du er helt nybegynner eller har litt erfaring med \u00e5 spille instrumenter. Du f\u00e5r en praktisk og inspirerende introduksjon til instrumentet, repertoaret og tradisjonene som b\u00e6rer folkemusikken i Bergensomr\u00e5det og p\u00e5 Vestlandet.<\/p>\n<p>Undervisningen tar utgangspunkt i hardingfele, men tilpasses etter tilgang p\u00e5 instrumenter. Vi har noen feler (fioliner) til utl\u00e5n, og har du egen hardingfele er det selvf\u00f8lgelig flott.<\/p>\n<p>Akkurat som i gamle dager l\u00e6rer vi \u00e5 spille etter geh\u00f8r. Det betyr at vi ikke bruker noter, men l\u00e6rer ved \u00e5 se, lytte og herme. Hele kroppen er med: venstre h\u00e5nd former melodien, h\u00f8yre h\u00e5nd styrer bue og str\u00f8k, og foten gir musikken en st\u00f8dig puls.<\/p>\n<p>Kurset avsluttes som en del av AKKS-konserten den 11. juni.<\/p>\n<p><i>Alle AKKS sine kurs har fokus p\u00e5 mestringsf\u00f8lelse og spilleglede, og undervisningen foreg\u00e5r i et trygt milj\u00f8 i sm\u00e5 grupper. Og s\u00e5 begynner vi tidlig med \u00e5 spille.<\/i><\/p>\n<hr \/>\n<h2><img loading=\"lazy\" class=\"alignnone size-large wp-image-8659\" src=\"http:\/\/akks.no\/bergen\/files\/2026\/02\/12-1024x724.png\" alt=\"\" width=\"1024\" height=\"724\" srcset=\"https:\/\/akks.no\/bergen\/files\/2026\/02\/12-1024x724.png 1024w, https:\/\/akks.no\/bergen\/files\/2026\/02\/12-300x212.png 300w, https:\/\/akks.no\/bergen\/files\/2026\/02\/12-768x543.png 768w, https:\/\/akks.no\/bergen\/files\/2026\/02\/12-1536x1086.png 1536w, https:\/\/akks.no\/bergen\/files\/2026\/02\/12-2048x1448.png 2048w, https:\/\/akks.no\/bergen\/files\/2026\/02\/12-600x424.png 600w\" sizes=\"(max-width: 1024px) 100vw, 1024px\" \/><\/h2>\n<p><em>Foto: Patrick Webb<\/em><\/p>\n<hr \/>\n<h2><strong>Instrukt\u00f8r p\u00e5 felekurs: Johanna Seim<\/strong><\/h2>\n<p>Johanna Seim forelsket seg i klangen av hardingfela som 26-\u00e5ring. Hun byttet ut Berlins hektiske storbyliv med fjell og folkemusikkstudier i Telemark. N\u00e5 bor hun i Bergen, der hun sprer folkemusikkglede som b\u00e5de ut\u00f8ver og arrang\u00f8r. Hun mener at det aldri er for sent \u00e5 l\u00e6re seg \u00e5 spille fele.<\/p>\n<p>\u201cJohanna fokuserer p\u00e5 \u00e5 ha det g\u00f8y med musikken. Dette gj\u00f8r at spillegleden og mestringsf\u00f8lelsen kommer raskt. Hennes gode hum\u00f8r og pedagogiske blikk gj\u00f8r spilletimene til en forn\u00f8yelse.\u201d &#8211; hardingfeleelev.<\/p>\n<hr \/>\n<h2><strong>Gratis \u00f8ving i v\u00e5re \u00f8vingslokaler i kursperioden<\/strong><\/h2>\n<p><span style=\"font-weight: 400;\">Mellom kursdagene tilbyr vi gratis egen\u00f8ving 2 timer pr. dag i v\u00e5re \u00f8vingslokaler mandag-fredag kl. 08:00-17:00 og l\u00f8rdag-s\u00f8ndag kl. 11:00-23:00. Lokalene kan bookes her.\u00a0<\/span><\/p>\n<p><span style=\"font-weight: 400;\">OBS! Om deltakeren er under 18 \u00e5r kan en foresatt booke lokalet for deltakeren.<\/span><\/p>\n<hr \/>\n<h2><strong>AKKS-kurs for oss med funksjonsnedsettelser<\/strong><\/h2>\n<p><span style=\"font-weight: 400;\">Har du behov for \u00e5 ha med assistent eller ledsager p\u00e5 kurs, opplys om dette i p\u00e5meldingsskjemaet s\u00e5 kan vi tilrettelegge for dette. Om ledsager \/ assistent skal delta p\u00e5 kurset m\u00e5 de sende inn egen p\u00e5melding for dette. V\u00e5re kurslokaler er dessverre ikke tilpasset rullestolbrukere. Ta gjerne kontakt s\u00e5 kan vi se p\u00e5 hvordan vi kan tilrettelegge for at du kan delta.<\/span><\/p>\n<hr \/>\n<h2><strong>Vilk\u00e5r<\/strong><\/h2>\n<p><span style=\"font-weight: 400;\">P\u00e5meldingen er bindende. Vi har begrenset med plasser p\u00e5 hvert kurs, og vi har derfor ingen avmeldingsfrist p\u00e5 v\u00e5re kurs.<\/span><\/p>\n<p><span style=\"font-weight: 400;\">Ved innsendt p\u00e5melding er man bundet til \u00e5 betale kursavgiften. Det vil si at kursavgift m\u00e5 betales selv om kursdeltakeren ikke m\u00f8ter opp til kurset eller slutter p\u00e5 kurset. Les v\u00e5re <\/span><a href=\"http:\/\/akks.no\/bergen\/files\/2022\/11\/Vilkar-for-kurspamelding-AKKS-Bergen-2023.pdf\"><span style=\"font-weight: 400;\">p\u00e5meldingsbetingelser<\/span><\/a><span style=\"font-weight: 400;\"> og v\u00e5r <\/span><a href=\"https:\/\/akks.no\/personvernerklaering\/\"><span style=\"font-weight: 400;\">personvernerkl\u00e6ring<\/span><\/a><span style=\"font-weight: 400;\">.<\/span><\/p>\n<hr \/>\n<h2><strong>Musikkaktivitet for alle<\/strong><\/h2>\n<p><span style=\"font-weight: 400;\">AKKS Bergen \u00f8nsker ikke at \u00f8konomi skal st\u00e5 i veien for deltakelse p\u00e5 v\u00e5re kurs. Vi har derfor et begrenset antall plasser der man kan f\u00e5 gratis eller redusert pris i kursavgiften om man er AKKS medlem, under 26 \u00e5r og der familien har begrenset \u00f8konomi. For \u00e5 benytte deg av tilbudet m\u00e5 du ta kontakt med oss p\u00e5 kontoret@bergen.akks.no.\u00a0<\/span><\/p>\n<p>Skriver du med \u00f8nske om gratisplasser f\u00e5r du tilsendt link til den gratis p\u00e5meldingssiden.<\/p>\n<p><a href=\"https:\/\/akks.hypersys.no\/page\/blimedlem\/signup?type=87\">Bli medlem her<\/a>.<\/p>\n<p><span style=\"font-weight: 400;\">Benytter man seg av en av v\u00e5re gratisplasser er det gratis \u00e5 l\u00e5ne instrument.<\/span><\/p>\n<hr \/>\n<h2><strong>Betaling<\/strong><\/h2>\n<p><span style=\"font-weight: 400;\">En kan betale med faktura, vipps eller bankkort. Faktura vil bli sendt ut f\u00f8rste kursdag om man velger dette.<\/span><\/p>\n<p><span style=\"font-weight: 400;\">Dersom man velger kursavgift for AKKS-medlemmer og ikke er AKKS-medlem vil man bli etterfakturert medlemskontingenten p\u00e5 kr 50. Om ikke denne betales vil man kunne bli etterfakturert for kurset til ikke-medlemspris.<\/span><\/p>\n<p>&nbsp;<\/p>\n<p><strong>Er du usikker p\u00e5 niv\u00e5et ditt eller har andre sp\u00f8rsm\u00e5l?<\/strong><br \/>\n<span style=\"font-weight: 400;\">Ta gjerne kontakt med oss p\u00e5 kontoret@bergen.akks.no.<\/span><\/p>\n","protected":false},"excerpt":{"rendered":"<p>Har du alltid hatt lyst til \u00e5 spille fele, men tenkt at det kanskje er for sent? Eller har du en fele liggende hjemme etter oldefar, som ingen helt vet hva de skal gj\u00f8re med? N\u00e5 har du sjansen til \u00e5 realisere dr\u00f8mmen og vekke spelekvinna eller spelemannen i deg. Oppstart tirsdag uke 16 Kursdatoer: [&hellip;]<\/p>\n","protected":false},"author":5,"featured_media":8672,"parent":0,"menu_order":0,"comment_status":"closed","ping_status":"closed","template":"","meta":[],"_links":{"self":[{"href":"https:\/\/akks.no\/bergen\/wp-json\/wp\/v2\/pages\/8616"}],"collection":[{"href":"https:\/\/akks.no\/bergen\/wp-json\/wp\/v2\/pages"}],"about":[{"href":"https:\/\/akks.no\/bergen\/wp-json\/wp\/v2\/types\/page"}],"author":[{"embeddable":true,"href":"https:\/\/akks.no\/bergen\/wp-json\/wp\/v2\/users\/5"}],"replies":[{"embeddable":true,"href":"https:\/\/akks.no\/bergen\/wp-json\/wp\/v2\/comments?post=8616"}],"version-history":[{"count":7,"href":"https:\/\/akks.no\/bergen\/wp-json\/wp\/v2\/pages\/8616\/revisions"}],"predecessor-version":[{"id":8873,"href":"https:\/\/akks.no\/bergen\/wp-json\/wp\/v2\/pages\/8616\/revisions\/8873"}],"wp:featuredmedia":[{"embeddable":true,"href":"https:\/\/akks.no\/bergen\/wp-json\/wp\/v2\/media\/8672"}],"wp:attachment":[{"href":"https:\/\/akks.no\/bergen\/wp-json\/wp\/v2\/media?parent=8616"}],"curies":[{"name":"wp","href":"https:\/\/api.w.org\/{rel}","templated":true}]}}