{"id":8612,"date":"2026-01-22T14:19:52","date_gmt":"2026-01-22T13:19:52","guid":{"rendered":"https:\/\/akks.no\/bergen\/?page_id=8612"},"modified":"2026-01-26T08:31:47","modified_gmt":"2026-01-26T07:31:47","slug":"vilkar-for-kurspamelding","status":"publish","type":"page","link":"https:\/\/akks.no\/bergen\/vilkar-for-kurspamelding\/","title":{"rendered":"Vilk\u00e5r for kursp\u00e5melding hos AKKS Bergen"},"content":{"rendered":"<h2 dir=\"ltr\"><strong>1. P\u00e5meldingen er bindende<\/strong><\/h2>\n<p>1.1 P\u00e5meldingen er bindende. Ved innsendt p\u00e5melding er man bundet til \u00e5 betale kursavgiften uansett om kursdeltakeren ikke m\u00f8ter opp til kurset eller slutter.<\/p>\n<p>1.2 Deltakeren\/Bestillingskontakten er selv ansvarlig for at riktig e-post og telefonnummer er skrevet inn. Sjekk s\u00f8ppelpost. Om man ikke har mottatt informasjon som f\u00f8lge av dette, er man likevel forpliktet til \u00e5 betale kursavgiften.<\/p>\n<p>Kontakt AKKS Bergen om man ikke mottar informasjon en uke f\u00f8r kursoppstart.<\/p>\n<h2 dir=\"ltr\"><strong>2. Betaling\u00a0\u00a0<\/strong><\/h2>\n<p>2.1 Betaling skjer gjennom Checkin. Man kan betale for kurset med faktura, VIPPS eller kredittkort.<\/p>\n<p>2.2 Betaling m\u00e5 gj\u00f8res innen forfallsdato, ellers vil ekstra omkostninger p\u00e5l\u00f8pe.<\/p>\n<h2><strong>3. Medlemskap i AKKS\u00a0\u00a0<\/strong><\/h2>\n<p>3.1 Du kan melde deg inn i AKKS Bergen via <a href=\"https:\/\/akks.hypersys.no\/page\/blimedlem\/signup?type=87\" target=\"_blank\" rel=\"noopener noreferrer\">denne linken<\/a>. Om du melder deg inn f\u00f8r \u00e5rsskiftet, gjelder medlemskapet bare for 2025. <strong>Merk at du f\u00f8rst trenger gyldig medlemskap ved kursoppstart i 2026.<\/strong><\/p>\n<p>3.2 Ved valg av rabatt for medlemmer forutsetter dette at man har betalt medlemskontingenten for kursdeltakeren til AKKS i innev\u00e6rende \u00e5r. Har man valgt dette og <em><strong>ikke betalt <\/strong><\/em>medlemskap, vil AKKS sende ut link for innmelding. Om ikke man betaler medlemskontingenten, men har valgt kurs til medlemspris, vil man bli etterfakturert for kurset til ikke-medlemspris.<\/p>\n<p>3.3 Som medlem i AKKS f\u00e5r man en profil p\u00e5 v\u00e5r medlemsportal hvor medlemskapet kan administreres. Les mer om <a href=\"https:\/\/akks.no\/medlemsfordeler\/\" target=\"_blank\" rel=\"noopener noreferrer\">v\u00e5re medlemsfordeler<\/a> p\u00e5 v\u00e5re nettsider.<\/p>\n<p>3.4 Som medlem vil man automatisk bli lagt til v\u00e5rt nyhetsbrev. \u00d8nsker man ikke dette kan man ta kontakt med oss eller melde seg av direkte i nyhetsbrevet.<\/p>\n<h2><strong>4. Kursavlysning<\/strong><\/h2>\n<p>4.1 AKKS Bergen forbeholder seg retten til \u00e5 avlyse kurs dersom det ikke er nok p\u00e5meldte, eller p\u00e5 grunn av forhold som ligger utenfor v\u00e5r kontroll. Ved avlysning f\u00f8r kursoppstart vil man f\u00e5 beskjed om dette f\u00f8r kursoppstart og innbetalt kursavgift vil bli refundert.\u00a0\u00a0\u00d8nsker man \u00e5 bli flyttet til neste kursperiode vil kursavgiften ikke bli refundert medmindre annet avtales.<\/p>\n<p>4.2 Dersom avlysning skjer etter kursstart vil de kursdager som er blitt avlyst bli refundert.<strong>\u00a0<\/strong><\/p>\n<h2><strong>5. Kursendringer\u00a0<\/strong><\/h2>\n<p>5.1 AKKS Bergen forbeholder seg retten til \u00e5 gj\u00f8re eventuelle endringer, som f.eks. bytte av instrukt\u00f8r, flytting av kursdag, tidspunkt eller kurssted ved sykdom eller andre uforutsette \u00e5rsaker. Dette gjelder f.eks. ved sykdom hos kursinstrukt\u00f8ren der vi ikke f\u00e5r inn vikar. Alle kursdeltakere vil f\u00e5 beskjed om dette. Den tapte kursdagen tas som regel igjen p\u00e5 samme ukedag og tidspunkt.<\/p>\n<p>5.2 Skulle ikke AKKS Bergen f\u00e5 satt opp ekstra kursdag for \u00e5 ta igjen den tapte kursdagen, for\u00e5rsaket av sykdom hos instrukt\u00f8ren eller tilsvarende, vil deltakerne f\u00e5 refundert kursavgiften for de kursdager de taper som f\u00f8lge av dette.\u00a0 <strong>\u00a0<\/strong><\/p>\n<h2><strong>6. Frav\u00e6r\u00a0<\/strong><\/h2>\n<p>6.1 Dersom deltakeren ikke kan m\u00f8te til kursdagen setter vi pris p\u00e5 at deltakeren gir beskjed til instrukt\u00f8ren.<\/p>\n<p>6.2 Det er ingen refusjon for kursdager deltakeren m\u00e5tte g\u00e5 glipp av grunnet sykdom inkludert luftveissymptomer og korona, karantene, eksamen, ferie eller annet. <strong>\u00a0<\/strong><\/p>\n<h2><strong>7. Krenkende oppf\u00f8rsel og mobbing<\/strong><\/h2>\n<p>7.1 AKKS Bergen har nulltoleranse n\u00e5r det gjelder mobbing og annen krenkende oppf\u00f8rsel. Hvis en deltaker ut\u00f8ver dette vil deltakeren bli nektet adgang p\u00e5 kurset videre, kursavgiften vil ikke bli refundert og saken vil meldes inn til AKKS nasjonalt sitt varslingsutvalg for om deltakeren skal ha ytterligere restriksjoner.<\/p>\n<p>7.2 Skulle du som kursdeltaker oppleve ubehagelig og\/eller krenkende oppf\u00f8rsel p\u00e5 et av v\u00e5re kurs, snakk med oss eller instrukt\u00f8ren. Da skal vi ta h\u00e5nd om det!<\/p>\n<p>Vi er tilgjengelig p\u00e5 e-post kontoret.bergen@akks.no, kontortelefon 55557555 og om det er utenfor kontortid \u00f8vingslokale-vakttelefonen 93661349. Det er ogs\u00e5 mulig \u00e5 varsle til <a href=\"https:\/\/akks.no\/varslingsutvalget\/\" target=\"_blank\" rel=\"noopener noreferrer\">AKKS sitt varslingsutvalg<\/a>. <strong>\u00a0<\/strong><\/p>\n<h2><strong>8. Personopplysninger<\/strong><\/h2>\n<p>8.1 Personopplysningene i kursp\u00e5meldingen innsamles frivillig fra deg. Dere er ikke pliktige til \u00e5 gi oss disse opplysningene, og kan til enhver tid f\u00e5 innsyn eller trekke opplysningene tilbake ved \u00e5 sende en e-post til bergen@akks.no. Du kan lese mer om hvordan AKKS h\u00e5ndterer personopplysninger i <a href=\"https:\/\/akks.no\/personvernerklaering\/\" target=\"_blank\" rel=\"noopener noreferrer\">v\u00e5r personvernerkl\u00e6ring<\/a>. Kursene v\u00e5re blir rapportert inn til <a href=\"https:\/\/www.musikkensstudieforbund.no\/\" target=\"_blank\" rel=\"noopener noreferrer\">Musikkens Studieforbund<\/a>.<\/p>\n<h2><strong>9. Bidra til at alle f\u00e5r en god kursopplevelse<\/strong><\/h2>\n<p><span style=\"font-weight: 400;\">Vi \u00f8nsker at alle skal f\u00e5 en god opplevelse p\u00e5 kurs hos AKKS og f\u00f8le seg trygge. Om det er noe du synes mangler for at du skal f\u00e5 et godt kurs, gi beskjed til instrukt\u00f8ren s\u00e5 finner vi sammen en l\u00f8sning. Om du trenger flere pauser underveis, er det ogs\u00e5 rom for det.\u00a0\u00a0<\/span><\/p>\n<p><span style=\"font-weight: 400;\">Vi \u00f8nsker gjerne at dere ogs\u00e5 er med \u00e5 skape et godt l\u00e6ringsmilj\u00f8. <\/span><span style=\"font-weight: 400;\"><br \/>\n<\/span><span style=\"font-weight: 400;\">Du kan bidra med p\u00e5 f\u00f8lgende m\u00e5te:<\/span><\/p>\n<ol>\n<li style=\"font-weight: 400;\" aria-level=\"1\"><span style=\"font-weight: 400;\">M\u00f8t presis til kursstart, s\u00e5 kommer vi i gang med kurset.<\/span><span style=\"font-weight: 400;\"><br \/>\n<\/span><span style=\"font-weight: 400;\">Gi beskjed om du blir forsinket.\u00a0<\/span><\/li>\n<li style=\"font-weight: 400;\" aria-level=\"1\"><span style=\"font-weight: 400;\">Ha mobilen din p\u00e5 lydl\u00f8s s\u00e5 slipper vi forstyrrelser.<\/span><\/li>\n<li style=\"font-weight: 400;\" aria-level=\"1\"><span style=\"font-weight: 400;\">Lytt til hverandre og la den som snakker f\u00e5 snakke.<\/span><\/li>\n<li style=\"font-weight: 400;\" aria-level=\"1\"><span style=\"font-weight: 400;\">Ikke spill p\u00e5 instrumentet ditt n\u00e5r andre snakker.\u00a0<\/span><\/li>\n<li style=\"font-weight: 400;\" aria-level=\"1\"><span style=\"font-weight: 400;\">Oppmuntre og motivere hverandre s\u00e5 vi f\u00e5r et trivelig kurs.<\/span><\/li>\n<li style=\"font-weight: 400;\" aria-level=\"1\"><span style=\"font-weight: 400;\">Ta hensyn til hverandre og respekter at alle p\u00e5 kurset har ulike erfaringer og liker ulik musikk.\u00a0<\/span><\/li>\n<li style=\"font-weight: 400;\" aria-level=\"1\"><span style=\"font-weight: 400;\">Vi er p\u00e5 kurs for \u00e5 l\u00e6re. Vis forst\u00e5else for at l\u00e6ringsprosessen er ulik for alle.\u00a0<\/span><\/li>\n<li style=\"font-weight: 400;\" aria-level=\"1\"><span style=\"font-weight: 400;\">Husk \u00e5 ta pause &#8211; strekk p\u00e5 beina og f\u00e5 litt luft.\u00a0<\/span><\/li>\n<li style=\"font-weight: 400;\" aria-level=\"1\"><span style=\"font-weight: 400;\">Bruker du forsterkere eller annet elektronisk utstyr p\u00e5 kurset, sl\u00e5 av dette under pauser og etter endt kurs.\u00a0<\/span><\/li>\n<\/ol>\n","protected":false},"excerpt":{"rendered":"<p>1. P\u00e5meldingen er bindende 1.1 P\u00e5meldingen er bindende. Ved innsendt p\u00e5melding er man bundet til \u00e5 betale kursavgiften uansett om kursdeltakeren ikke m\u00f8ter opp til kurset eller slutter. 1.2 Deltakeren\/Bestillingskontakten er selv ansvarlig for at riktig e-post og telefonnummer er skrevet inn. Sjekk s\u00f8ppelpost. Om man ikke har mottatt informasjon som f\u00f8lge av dette, er [&hellip;]<\/p>\n","protected":false},"author":5,"featured_media":7769,"parent":0,"menu_order":0,"comment_status":"closed","ping_status":"closed","template":"","meta":[],"_links":{"self":[{"href":"https:\/\/akks.no\/bergen\/wp-json\/wp\/v2\/pages\/8612"}],"collection":[{"href":"https:\/\/akks.no\/bergen\/wp-json\/wp\/v2\/pages"}],"about":[{"href":"https:\/\/akks.no\/bergen\/wp-json\/wp\/v2\/types\/page"}],"author":[{"embeddable":true,"href":"https:\/\/akks.no\/bergen\/wp-json\/wp\/v2\/users\/5"}],"replies":[{"embeddable":true,"href":"https:\/\/akks.no\/bergen\/wp-json\/wp\/v2\/comments?post=8612"}],"version-history":[{"count":2,"href":"https:\/\/akks.no\/bergen\/wp-json\/wp\/v2\/pages\/8612\/revisions"}],"predecessor-version":[{"id":8614,"href":"https:\/\/akks.no\/bergen\/wp-json\/wp\/v2\/pages\/8612\/revisions\/8614"}],"wp:featuredmedia":[{"embeddable":true,"href":"https:\/\/akks.no\/bergen\/wp-json\/wp\/v2\/media\/7769"}],"wp:attachment":[{"href":"https:\/\/akks.no\/bergen\/wp-json\/wp\/v2\/media?parent=8612"}],"curies":[{"name":"wp","href":"https:\/\/api.w.org\/{rel}","templated":true}]}}