{"id":8519,"date":"2025-11-08T15:34:58","date_gmt":"2025-11-08T14:34:58","guid":{"rendered":"https:\/\/akks.no\/bergen\/?page_id=8519"},"modified":"2026-03-31T14:54:13","modified_gmt":"2026-03-31T12:54:13","slug":"tilgjengelighet","status":"publish","type":"page","link":"https:\/\/akks.no\/bergen\/tilgjengelighet\/","title":{"rendered":"Tilgjengelighet p\u00e5 kurs, konserter og i \u00f8vingslokalene"},"content":{"rendered":"<h4><strong>Tilgjengelighet p\u00e5 kurs og i \u00f8vingslokalene p\u00e5 USF Verftet<\/strong><\/h4>\n<p>Har du behov for \u00e5 ha med assistent eller ledsager p\u00e5 kurs, opplys om dette i p\u00e5meldingsskjemaet s\u00e5 kan vi tilrettelegge for dette. Om ledsager \/ assistent skal delta p\u00e5 kurset m\u00e5 de sende inn egen p\u00e5melding.<\/p>\n<h4><strong>\u00d8vingsrom<\/strong><\/h4>\n<p>V\u00e5rt <strong>\u00f8vingsrom D<\/strong> har rampe inn til rommet slik at det kan v\u00e6re tilgjengelig for rullestolbrukere og rom E har rampe hengende utenfor lokalet. <strong>D\u00f8ren inn i rom E<\/strong> er 88, 5 cm bred. For \u00e5 komme inn til rom D og rom E, m\u00e5 man benytte inngang H eller hovedinngang A til USF Verftet hvor det er heis tilgjengelig. Vi anbefaler \u00e5 ha med ledsager p\u00e5 \u00f8ving, da det er tunge d\u00f8rer inn til lokalene og kodeboksen henger h\u00f8yt oppe p\u00e5 veggen.<\/p>\n<p>Det er tre parkeringsplasser for HC p\u00e5 USF Verftet, og HC-toalett i f\u00f8rste etasje ved kafeen.<\/p>\n<h4><strong>Tilgjengelighet p\u00e5 konserter og arrangement<\/strong><\/h4>\n<p>AKKS Bergen og UFLAKKS aksepterer ledsagerbevis p\u00e5 alle v\u00e5re arrangement. Ledsagere registreres ved \u00e5 ta ut ledsagerbillett gjennom v\u00e5re billettlenker. Vi bruker vanligvis Ticketco og Checkin til billettkj\u00f8p til v\u00e5re arrangement.<\/p>\n","protected":false},"excerpt":{"rendered":"<p>Under kan du lese mer om tilgjengelig<\/p>\n","protected":false},"author":5,"featured_media":8522,"parent":0,"menu_order":0,"comment_status":"closed","ping_status":"closed","template":"","meta":[],"_links":{"self":[{"href":"https:\/\/akks.no\/bergen\/wp-json\/wp\/v2\/pages\/8519"}],"collection":[{"href":"https:\/\/akks.no\/bergen\/wp-json\/wp\/v2\/pages"}],"about":[{"href":"https:\/\/akks.no\/bergen\/wp-json\/wp\/v2\/types\/page"}],"author":[{"embeddable":true,"href":"https:\/\/akks.no\/bergen\/wp-json\/wp\/v2\/users\/5"}],"replies":[{"embeddable":true,"href":"https:\/\/akks.no\/bergen\/wp-json\/wp\/v2\/comments?post=8519"}],"version-history":[{"count":8,"href":"https:\/\/akks.no\/bergen\/wp-json\/wp\/v2\/pages\/8519\/revisions"}],"predecessor-version":[{"id":8523,"href":"https:\/\/akks.no\/bergen\/wp-json\/wp\/v2\/pages\/8519\/revisions\/8523"}],"wp:featuredmedia":[{"embeddable":true,"href":"https:\/\/akks.no\/bergen\/wp-json\/wp\/v2\/media\/8522"}],"wp:attachment":[{"href":"https:\/\/akks.no\/bergen\/wp-json\/wp\/v2\/media?parent=8519"}],"curies":[{"name":"wp","href":"https:\/\/api.w.org\/{rel}","templated":true}]}}