{"id":8441,"date":"2025-10-02T12:59:00","date_gmt":"2025-10-02T10:59:00","guid":{"rendered":"https:\/\/akks.no\/bergen\/?page_id=8441"},"modified":"2026-01-21T14:06:33","modified_gmt":"2026-01-21T13:06:33","slug":"kryss-tvers","status":"publish","type":"page","link":"https:\/\/akks.no\/bergen\/kryss-tvers\/","title":{"rendered":"Kryss &#038; Tvers"},"content":{"rendered":"<h2>Felles infom\u00f8te 5. februar kl. 18:00-19:30<\/h2>\n<p>Er du mellom 13-20 \u00e5r og interessert i enten \u00e5 planlegge konserter, styre lys og lyd og jobbe backstage eller st\u00e5 p\u00e5 scenen og spille s\u00e5 bli med p\u00e5 infom\u00f8te! DET ER ABSOLUT LAVTERSKEL FOR \u00c5 DELTA OG ALLE SOM HAR INTERESSE (MED OG UTEN ERFARING) KAN BLI MED!<\/p>\n<h2><a href=\"https:\/\/event.checkin.no\/217122\/kryss-tvers-vaar-2026-infomoete\"><img loading=\"lazy\" class=\"alignnone wp-image-6029\" src=\"http:\/\/akks.no\/bergen\/files\/2023\/05\/Pamelding-e1683807463933-1024x264.png\" alt=\"\" width=\"578\" height=\"149\" srcset=\"https:\/\/akks.no\/bergen\/files\/2023\/05\/Pamelding-e1683807463933-1024x264.png 1024w, https:\/\/akks.no\/bergen\/files\/2023\/05\/Pamelding-e1683807463933-300x77.png 300w, https:\/\/akks.no\/bergen\/files\/2023\/05\/Pamelding-e1683807463933-768x198.png 768w, https:\/\/akks.no\/bergen\/files\/2023\/05\/Pamelding-e1683807463933-1536x395.png 1536w, https:\/\/akks.no\/bergen\/files\/2023\/05\/Pamelding-e1683807463933-2048x527.png 2048w, https:\/\/akks.no\/bergen\/files\/2023\/05\/Pamelding-e1683807463933-600x154.png 600w\" sizes=\"(max-width: 578px) 100vw, 578px\" \/><\/a><\/h2>\n<h2><\/h2>\n<h2><strong>Om Kryss &amp; Tvers<\/strong><\/h2>\n<p>AKKS Bergen er g\u00e5tt sammen med en masse musikk- og ungdomsorganisasjoner i Bergen for \u00e5 skape et musikalsk lavterskeltilbud som er for, av og med ungdommer som vil arrangere sm\u00e5 konserter og opptre. Ungdommene har d\u00f8pt konseptet Kryss &amp; Tvers.<\/p>\n<p>Kryss &amp; Tvers ble opprettet i 2024 av en gruppe ungdom som kom p\u00e5 kryss og tvers fra Bergen by. Alle fra ulike steder. Sammen har de arrangert en konsert hvert semester p\u00e5 Fellesverket, Forandringshuset V13 og senest i Arna!<\/p>\n<p>I v\u00e5r vil vi f\u00e5 til enda en kryss &amp; tvers konsert, denne gang i \u00c5sane!<\/p>\n<p>&nbsp;<\/p>\n<p><strong>Tidligere konserter<\/strong><\/p>\n<p><a href=\"https:\/\/akks.no\/bergen\/2025\/05\/26\/bilder-fra-kryss-tvers-pa-forandringshuset-v13\/\">Se bilder her<\/a> fra konserten p\u00e5 Forandringshuset V13 i v\u00e5r 2025.<\/p>\n<p><a href=\"https:\/\/akks.no\/bergen\/2024\/12\/16\/kryss-tvers-pa-fellesverket\/\">Se bilder her<\/a> fra konserten p\u00e5 Fellesverket i h\u00f8st 2024.<\/p>\n<p>&nbsp;<\/p>\n<p><em>Dette er et samarbeid mellom Fellesverket, Forandringshuset V13, Give Music A Chance, Musikkversted i Arna, Bergen Kulturskole og Fargespill.<\/em><\/p>\n<p><em>Har du interesse i \u00e5 bli med eller har lyst \u00e5 vite mer? skriv til kontoret.bergen@akks.no.<\/em><\/p>\n","protected":false},"excerpt":{"rendered":"<p>Felles infom\u00f8te 5. februar kl. 18:00-19:30 Er du mellom 13-20 \u00e5r og interessert i enten \u00e5 planlegge konserter, styre lys og lyd og jobbe backstage eller st\u00e5 p\u00e5 scenen og spille s\u00e5 bli med p\u00e5 infom\u00f8te! DET ER ABSOLUT LAVTERSKEL FOR \u00c5 DELTA OG ALLE SOM HAR INTERESSE (MED OG UTEN ERFARING) KAN BLI MED! [&hellip;]<\/p>\n","protected":false},"author":5,"featured_media":8603,"parent":0,"menu_order":0,"comment_status":"closed","ping_status":"closed","template":"","meta":[],"_links":{"self":[{"href":"https:\/\/akks.no\/bergen\/wp-json\/wp\/v2\/pages\/8441"}],"collection":[{"href":"https:\/\/akks.no\/bergen\/wp-json\/wp\/v2\/pages"}],"about":[{"href":"https:\/\/akks.no\/bergen\/wp-json\/wp\/v2\/types\/page"}],"author":[{"embeddable":true,"href":"https:\/\/akks.no\/bergen\/wp-json\/wp\/v2\/users\/5"}],"replies":[{"embeddable":true,"href":"https:\/\/akks.no\/bergen\/wp-json\/wp\/v2\/comments?post=8441"}],"version-history":[{"count":7,"href":"https:\/\/akks.no\/bergen\/wp-json\/wp\/v2\/pages\/8441\/revisions"}],"predecessor-version":[{"id":8602,"href":"https:\/\/akks.no\/bergen\/wp-json\/wp\/v2\/pages\/8441\/revisions\/8602"}],"wp:featuredmedia":[{"embeddable":true,"href":"https:\/\/akks.no\/bergen\/wp-json\/wp\/v2\/media\/8603"}],"wp:attachment":[{"href":"https:\/\/akks.no\/bergen\/wp-json\/wp\/v2\/media?parent=8441"}],"curies":[{"name":"wp","href":"https:\/\/api.w.org\/{rel}","templated":true}]}}