{"id":833,"date":"2019-05-16T15:05:08","date_gmt":"2019-05-16T13:05:08","guid":{"rendered":"http:\/\/akks-no.staging.wordpress.idium.no\/bergen\/?page_id=833"},"modified":"2024-05-28T17:35:32","modified_gmt":"2024-05-28T15:35:32","slug":"akks-bingo","status":"publish","type":"page","link":"https:\/\/akks.no\/bergen\/akks-bingo\/","title":{"rendered":"AKKS-bingo"},"content":{"rendered":"<p>\u00c9n gang i m\u00e5neden samles hele byens musikkelskende bingoentusiaster p\u00e5 <a href=\"https:\/\/www.facebook.com\/apollonplatebar\/\">Apollon Platebar<\/a> for \u00e5 spille om musikkrelaterte premier. AKKS-bingo arrangeres av AKKS Bergen i samarbeid med Apollon Platebar. Her f\u00e5r du underholdende bingoverter og minikonserter med artister og band fra byens musikkmilj\u00f8. Vi har hatt konserter med artister som boy pablo, Michelle Ullestad, Slomosa og Sl\u00f8tface.<\/p>\n<p>P\u00e5 bingoen kan du vinne premier som konsertbilletter, gavekort, vinyl og andre musikkrelaterte godbiter.<\/p>\n<p>Hold deg oppdatert om neste AKKS-bingo p\u00e5 v\u00e5r <a href=\"https:\/\/www.facebook.com\/pg\/AKKSBergen\/events\/\">Facebook<\/a> og <a href=\"http:\/\/instagram.com\/akksbergen\">Instagram<\/a>.<\/p>\n","protected":false},"excerpt":{"rendered":"<p>\u00c9n gang i m\u00e5neden samles hele byens musikkelskende bingoentusiaster p\u00e5 Apollon Platebar for \u00e5 spille om musikkrelaterte premier. AKKS-bingo arrangeres av AKKS Bergen i samarbeid med Apollon Platebar. Her f\u00e5r du underholdende bingoverter og minikonserter med artister og band fra byens musikkmilj\u00f8. Vi har hatt konserter med artister som boy pablo, Michelle Ullestad, Slomosa og [&hellip;]<\/p>\n","protected":false},"author":5,"featured_media":6405,"parent":0,"menu_order":0,"comment_status":"closed","ping_status":"closed","template":"","meta":[],"_links":{"self":[{"href":"https:\/\/akks.no\/bergen\/wp-json\/wp\/v2\/pages\/833"}],"collection":[{"href":"https:\/\/akks.no\/bergen\/wp-json\/wp\/v2\/pages"}],"about":[{"href":"https:\/\/akks.no\/bergen\/wp-json\/wp\/v2\/types\/page"}],"author":[{"embeddable":true,"href":"https:\/\/akks.no\/bergen\/wp-json\/wp\/v2\/users\/5"}],"replies":[{"embeddable":true,"href":"https:\/\/akks.no\/bergen\/wp-json\/wp\/v2\/comments?post=833"}],"version-history":[{"count":13,"href":"https:\/\/akks.no\/bergen\/wp-json\/wp\/v2\/pages\/833\/revisions"}],"predecessor-version":[{"id":7283,"href":"https:\/\/akks.no\/bergen\/wp-json\/wp\/v2\/pages\/833\/revisions\/7283"}],"wp:featuredmedia":[{"embeddable":true,"href":"https:\/\/akks.no\/bergen\/wp-json\/wp\/v2\/media\/6405"}],"wp:attachment":[{"href":"https:\/\/akks.no\/bergen\/wp-json\/wp\/v2\/media?parent=833"}],"curies":[{"name":"wp","href":"https:\/\/api.w.org\/{rel}","templated":true}]}}