{"id":8328,"date":"2025-08-19T11:12:41","date_gmt":"2025-08-19T09:12:41","guid":{"rendered":"https:\/\/akks.no\/bergen\/?page_id=8328"},"modified":"2026-04-24T11:15:28","modified_gmt":"2026-04-24T09:15:28","slug":"qa-sporsmal-og-svar","status":"publish","type":"page","link":"https:\/\/akks.no\/bergen\/qa-sporsmal-og-svar\/","title":{"rendered":"Q&#038;A (kurser, arrangement og \u00f8vingslokaler)"},"content":{"rendered":"<h2>Arrangement<\/h2>\n<hr \/>\n<h2>Kurs<\/h2>\n<p><strong>Hvorfor f\u00e5r jeg ikke mitt \u00f8nskede kurstidspunkt?<\/strong><\/p>\n<p>Vi fors\u00f8ker alltid \u00e5 oppfylle alle \u00f8nsker fra deltakerne men dette er dessverre ikke alltid mulig. Siden vi setter sammen kurs med deltakere som har ulike behov og \u00f8nsker m\u00e5 vi ofte g\u00e5 p\u00e5 kompromis for \u00e5 f\u00e5 til kursene v\u00e5re.<\/p>\n<p>Vi prioriterer niv\u00e5 og store aldersforskjeller h\u00f8yere enn deltakerens \u00f8nskede tidspunkt og derfor er det ikke sikkert at vi kan oppfylle dette \u00f8nsket.<\/p>\n<p>Om det er tidspunkter en deltaker ikke kan delta skrives i kommentarfeltet.<\/p>\n<p><strong>Hva tid f\u00e5r jeg info om det kurset jeg har meldt meg p\u00e5?<\/strong><\/p>\n<p>Generell praktisk info om kursdager, innhold, instrukt\u00f8r m.m. st\u00e5r p\u00e5 kurssiden. akks.no\/bergen\/kurs &#8211;&gt; klikk inn p\u00e5 det kurset du er meldt p\u00e5. Tidspunktet for kurset samt kontakt p\u00e5 instrukt\u00f8ren kommer ut mellom 3 &#8211; 7 dager f\u00f8r kurset begynner. Om vi avlyser et kurs f\u00e5r du vite det en uke i forveien.<\/p>\n<p><strong>Hvorfor er det usikkert om kurset blir til noe, selvom jeg har meldt meg p\u00e5?<\/strong><\/p>\n<p>Vi er i utgangspunktet bunnet opp p\u00e5 at v\u00e5re kurs m\u00e5 ha 3 personer p\u00e5. Dette gj\u00f8r det i noen tilfelle vanskelig \u00e5 f\u00e5 til kurs som passer akkurat etter alle dine behov og \u00f8nsker. Det er ikke alltid at de andre deltakerne har lyst \u00e5 g\u00e5 p\u00e5 kompromis med sine valg og det er heller ikke sikekrt at vi f\u00e5r nok som melder seg p\u00e5. Derfor er vi noen ganger n\u00f8dt til \u00e5 avlyse kurs vi ellers har satt opp.<\/p>\n<p><strong>Har AKKS Bergen aktivitetskortet?<\/strong><\/p>\n<p>Vi har dessverre ikke aktivitetskort. Men vi har andre muligheter for gratisplasser eller redusert kursavgift for personer under 26 \u00e5r og familier med begrenset \u00f8konomi. Det eneste det krever \u00e5 benytte seg av gratisplasstilbudet eller redusert pris er at <a href=\"https:\/\/akks.hypersys.no\/page\/blimedlem\/signup?type=101\">deltakeren meldes inn i AKKS Bergen<\/a>. Det koster 50 kr. ut \u00e5ret og kan fornyes ved \u00e5rsskiftet om \u00f8nskelig.<\/p>\n<p><strong>Hva kvalifiserer meg til \u00e5 benytte redusert kuravgift eller gratisplass?<\/strong><\/p>\n<p>Gratisplasser og redusert kursavgift er hovedsakelig for personer og familier som har vedvarende begrenset \u00f8konomi. Det vil sige at man f.eks. st\u00e5r uten jobb, er tilknyttet NAV eller at utgiftene en familie overstiger fast inntjening. Om man som person eller familie prioriterer vekk fritidsaktivitet for seg selv eller barna sine pga. sin \u00f8konomiske situasjon, da kan man benytte seg av gratisplass eller redusert kursavgift. Dette er opp til hver enkelt selv \u00e5 vurdere da vi ikke krever dokumentasjon eller lignende men vil gj\u00f8re plassene tilgjengelige uten for mange barrierer for de som trenger det.<\/p>\n<p>Gratisplasstilbudet gjelder i utgangspunktet ikke for studenter som tar seg h\u00f8yere utdanning og som i en periode st\u00e5r med lav inntekt. De kan benytte seg av. studentpris eller til n\u00f8ds redusert pris.<\/p>\n<p><strong>Hva er niv\u00e5et p\u00e5 kursene?<\/strong><\/p>\n<p>Vi skjelner mellom tre typer niv\u00e5: nybegynner, lite erfaring og viderekomne.<\/p>\n<p>I p\u00e5meldingsskjemaet velger deltakerne selv hvilket niv\u00e5 de legger p\u00e5. Det er valgfritt om man vil legge en kommentar og utdype hvilken erfaring man har. Derfor blir kursgruppene ofte litt blandet niv\u00e5messig. Men vi har dyktige instrukt\u00f8rer og utstyr som ofte gj\u00f8r at vi kan kurse deltakerne p\u00e5 flere niv\u00e5er.<\/p>\n<p>Nybegynner: om du er helt fersk og ikke har pr\u00f8vd \u00e5 spille f\u00f8r da vil du v\u00e6re nybegynner. Vi understreker alle som \u00f8nsker \u00e5 l\u00e6re seg \u00e5 spille kan melde seg p\u00e5 som nybegynner. Kursene v\u00e5re er blant annet til for at man kan l\u00e6re seg et nytt instrument og at man ikke trenger \u00e5 ha noen forkunnskaper for \u00e5 starte p\u00e5 et AKKS kurs.<\/p>\n<p>Lite erfaring: Dersom du har \u00f8vd litt hjemme, l\u00e6rt \u00e5 spille litt fra videoer p\u00e5 nett og er litt bekjent med instrumentet da kan du velge lite erfaring.<\/p>\n<p>Viderekomne: Har du nettopp ferdiggjort 1-2 nybegynnerkurs hos oss da vil du passe som viderekomne. Om du tidligere har mottatt undervisning andre steder fra da kan du ogs\u00e5 velge viderekommen.<\/p>\n<p>OBS hvis du har spilt i mange \u00e5r, er veldig erfaren og har lyst \u00e5 forfine eller videreutvikle deg musikalsk, s\u00e5 anbefaler vi at du tar kontakt med oss f\u00f8r du evt. melder deg p\u00e5 et kurs siden p\u00e5meldingen er bindende. Du er uansett alltid velkommen p\u00e5 kursene og det er ogs\u00e5 mulig at vi f\u00e5r til en gruppe p\u00e5 h\u00f8yt niv\u00e5. Men vi kan ikke love at kurset blir p\u00e5 et veldig avansert niv\u00e5, da vi prioriterer at alle deltakere skal f\u00e5 mulighet for \u00e5 oppleve mestringsf\u00f8lelse og spilleglede.<\/p>\n<p><strong>Hvilke kurs har vi?<\/strong><\/p>\n<p>V\u00e5re faste kurs er bandkurs (9-11 \u00e5r, 12-15 og 16-25 \u00e5r), DJ, musikkproduksjon, piano, vokal, bass, trommer, elektrisk og akustisk gitar.<\/p>\n<p>I tillegg har vi vanligvis 1-3 ekstra kurs hvert semester. Tidligere har vi blant annet har kurs i l\u00e5tskriving, lyd- og lysteknikk (GRIP), musikkproduksjon, gitar- og pedalbygging.<\/p>\n<p><strong>Hva er aldersgrensen p\u00e5 kursene v\u00e5re<\/strong>?<\/p>\n<p>Vi har et juniorbandkurs for 9-11 \u00e5r. Resten av kursene v\u00e5re har en nedre aldersgrense p\u00e5 12 \u00e5r. Vi har ingen \u00f8vre aldersgrense.<\/p>\n<p>Vi setter vanligvis og blant annet opp kursene etter alder, og streber etter \u00e5 setter deltakere i en gruppe som er alderssvarende. Da vi er avhengige av at det er andre p\u00e5meldte i samme aldersgruppe for \u00e5 kunne gj\u00f8re dette, kan det noen ganger v\u00e6re st\u00f8rre aldersspredningen mellom deltakerne. Men vi tar vanligvis kontakt med deltakerne f\u00f8r vi oppretter et kurs, om vi ser at en p\u00e5meldt er veldig ung og de andre mye eldre.<\/p>\n<hr \/>\n<h2>\u00d8vingslokaler<\/h2>\n<p><strong>F\u00e5r jeg ingen info n\u00e5r min booking har blitt godkjent?<\/strong><\/p>\n<p>Jo, i den bekreftelsesmail som du f\u00e5r tilsendt p\u00e5 mail og som du ogs\u00e5 finner p\u00e5 &laquo;min side&raquo; i Periode bookingsystem.<\/p>\n<p><strong>Jeg kommer ikke inn i \u00f8vingslokalet, hva gj\u00f8r jeg?<\/strong><\/p>\n<p>Koden til \u00f8vingslokalet fornyes for hver booking. Koden finner du under &laquo;min side&raquo; i Periode bookingsystem. Den er aktiv i tidsrommet du har booket.<\/p>\n<h4><b>Hva er koden til \u00f8vingslokalet?<\/b><\/h4>\n<p><span style=\"font-weight: 400;\">N\u00e5r du har laget brukerprofil, booket og betalt for booking, f\u00e5r du opp en oversikt over bookingen din under <\/span><b>&laquo;min side&raquo;<\/b><span style=\"font-weight: 400;\">. Her vil koden til \u00f8vingslokalet bli synlig og aktiv like f\u00f8r \u00f8ving.<\/span><\/p>\n<p><strong>Hvordan finner je<\/strong><strong>g veien til \u00f8vingslokalet?<\/strong><\/p>\n<p>G\u00e5 til <a href=\"https:\/\/akks.no\/bergen\/wp-admin\/customize.php?url=https%3A%2F%2Fakks.no%2Fbergen%2F\">bes\u00f8k oss<\/a> p\u00e5 nettsiden v\u00e5r. Her finner du en detaljert veibeskrivelse, informasjon om parkring (sykel, HC, bil) samt n\u00f8dvendig informasjon for \u00e5 komme seg inn p\u00e5 Verftet og til \u00f8vingslokalet du\/dere har booket.<\/p>\n<p>Du kan ogs\u00e5 finne video av hvordan komme til \u00f8vingslokalene v\u00e5re \u00f8verst p\u00e5 v\u00e5r instagramkonto AKKS Bergen.<\/p>\n<p><strong>G\u00e5r du p\u00e5 AKKS-kurs og vil bruke din gratis \u00f8ving?<\/strong><\/p>\n<p>Opprett en bruker i bookingsystemet <a href=\"https:\/\/minside.periode.no\/landing\/78I1EQzDdCWzqGETcwRF\/0\/www.akks.no\/bergen\">her<\/a> og skriv til kontoret.bergen@akks.no. S\u00e5 kan vi legge deg til.<\/p>\n<p><strong>Hva er prisen for \u00e5 leie et \u00f8vingslokale?<\/strong><\/p>\n<p>Se alle v\u00e5re priser og tilbud <a href=\"https:\/\/akks.no\/bergen\/priser\/\">her<\/a>.<\/p>\n<p><strong>Hvordan betaler jeg?<\/strong><\/p>\n<p>Du betaler for \u00f8vingen med det samme n\u00e5r du booker. Du kan betale med VIPPS og kort (ogs\u00e5 utenlandske kort).<br \/>\nVi oppretter sender bare ut faktura til de med s\u00e6rskilt avtale. Vil du h\u00f8re om du kan f\u00e5 fakturaavtale? Skriv til oss p\u00e5 kontoret.bergen@akks.no.<\/p>\n<p><strong>Hvordan skal jeg etterlade \u00f8vingslokalet?<\/strong><\/p>\n<p><strong>S\u00d8L\/BOSS<\/strong><br \/>\nN\u00e5r dere har \u00f8vd, m\u00e5 dere ta all boss med dere eller kaste det. Fylte flasker m\u00e5 t\u00f8mmes og kastes eller tas med.<\/p>\n<p><strong>UTSTYR<\/strong><\/p>\n<p>Skru av alt utstyr etter bruk. For \u00e5 <strong>unng\u00e5 brannfare.\u00a0<\/strong>Kveil alle kabler og heng de p\u00e5 plass. Flyttet utstyr m\u00e5 dere flytte tilbake igjen. <strong>Sjekk at d\u00f8ren er l\u00e5st n\u00e5r dere forlater \u00f8vingslokalet.<\/strong> Dersom d\u00f8ren er \u00e5pen etter endt \u00f8ving er dere ansvarlige for utstyret p\u00e5 lokalet og vil kunne bli fakturert for tapt utstyr.<\/p>\n<p><strong>Er Lokalene rusfrie?<\/strong><\/p>\n<p>JA! \u00d8vingslokalene v\u00e5re er rusfrie, alkohol skal ikke nytes p\u00e5 lokalene under noen omstendigheter. Brudd p\u00e5 dette vil medf\u00f8re utestenging.<\/p>\n<p>&nbsp;<\/p>\n<p><strong>Respektfult musikkmilj\u00f8<\/strong><\/p>\n<p>Alle som \u00f8ver hos AKKS skal behandle hverandre med respekt. Dersom du skulle oppleve noe annet av dem du m\u00f8ter hos oss kan du varsle oss p\u00e5 kontoret@bergen.akks.no.<\/p>\n<p>&nbsp;<\/p>\n<p><strong>Hvilket musikkutstyr har dere tilgjengelig?<\/strong><\/p>\n<p>Vi har full backline p\u00e5 4 av v\u00e5re \u00f8vingslokaler. 1 \u00f8vingslokale er uten trommesett og er prim\u00e6rt for DJ og musikkproduksjon. I hvert \u00f8vingslokale ligger det en perm med bruksanvisning for hvordan man bruker utstyret. Trommestikker, jack-, aux- og lignende kabler og instrumenter som f.eks. gitar og bass regnes som personlig utstyr og er ikke tilgjengelig p\u00e5 \u00f8vingslokalet.<\/p>\n<p><strong>Er det WiFi p\u00e5 rommet?<\/strong><\/p>\n<p>Ja. Bruker: akks-rehearsal \/\/ passord: akksgjester<\/p>\n<p><strong>Kan man avbestille sin booking?<\/strong><\/p>\n<p>Ja. Avbestillingsfristen for booket \u00f8ving er 48 timer f\u00f8r den avtalte \u00f8vingstiden. Du kan og avbestille etter fristen men da vil du ikke f\u00e5 pengene retur.<\/p>\n<p><strong>Hva er \u00e5pningstidene deres?<\/strong><\/p>\n<p><span style=\"font-weight: 400;\">\u00d8vingslokalene leies ut for minimum 1 timer og kan bookes mandag til fredag kl. 08:00-23:00, samt l\u00f8rdag og s\u00f8ndag kl. 11:00-23:00. <\/span><a href=\"https:\/\/akks.no\/bergen\/avvikende-apningstider-akks-bergen\/\"><span style=\"font-weight: 400;\">Trykk her for egne \u00e5pningstider<\/span><\/a><span style=\"font-weight: 400;\"> i p\u00e5ske-, sommer- og juleferie, samt p\u00e5 helligdager.<\/span><\/p>\n<h3><strong>Utstyr<\/strong><\/h3>\n<p><strong>Hvordan sl\u00e5 p\u00e5 og av en r\u00f8rforsterker riktig?<\/strong><\/p>\n<p>Sl\u00e5 f\u00f8rst p\u00e5 forsterkerens ON knapp og vent ca. 1 minutt f\u00f8r du skruer p\u00e5 standby-knappen. Da kan du g\u00e5 i gang med \u00e5 spille. R\u00f8rene m\u00e5 varme opp f\u00f8rst for ikke \u00e5 bli \u00f8delagte.<\/p>\n<p><strong>Hvordan sl\u00e5 p\u00e5 og av mikser og h\u00f8yttalere?<\/strong><\/p>\n<p>Sl\u00e5 f\u00f8rst p\u00e5 mikser og deretter h\u00f8yttalere. N\u00e5r de skal skrues av sl\u00e5r du f\u00f8rst av h\u00f8yttalere og deretter mikser. H\u00f8yttalere som ikke skrues p\u00e5 riktig kan sprenge.<\/p>\n<p><strong>Mikseren funker ikke?<\/strong><\/p>\n<p>Vi f\u00e5r ofte henvendelser om at mikseren ikke funker. Sjekk f\u00f8rst om mute knappen er skrudd p\u00e5. Hvis ikke er det\u00a0 muligvis fordi noen tidligere \u00f8vende har innstilt kanalene. Trykk p\u00e5 PFL mens du tester lyden. Knappen sitter over eller under muteknappen over hver kanal. <a href=\"https:\/\/www.soundonsound.com\/sound-advice\/q-what-do-solo-pfl-and-afl-do\">Les mer her<\/a><\/p>\n","protected":false},"excerpt":{"rendered":"<p>Siden oppdateres l\u00f8pende<\/p>\n","protected":false},"author":5,"featured_media":8820,"parent":0,"menu_order":0,"comment_status":"closed","ping_status":"closed","template":"","meta":[],"_links":{"self":[{"href":"https:\/\/akks.no\/bergen\/wp-json\/wp\/v2\/pages\/8328"}],"collection":[{"href":"https:\/\/akks.no\/bergen\/wp-json\/wp\/v2\/pages"}],"about":[{"href":"https:\/\/akks.no\/bergen\/wp-json\/wp\/v2\/types\/page"}],"author":[{"embeddable":true,"href":"https:\/\/akks.no\/bergen\/wp-json\/wp\/v2\/users\/5"}],"replies":[{"embeddable":true,"href":"https:\/\/akks.no\/bergen\/wp-json\/wp\/v2\/comments?post=8328"}],"version-history":[{"count":16,"href":"https:\/\/akks.no\/bergen\/wp-json\/wp\/v2\/pages\/8328\/revisions"}],"predecessor-version":[{"id":8924,"href":"https:\/\/akks.no\/bergen\/wp-json\/wp\/v2\/pages\/8328\/revisions\/8924"}],"wp:featuredmedia":[{"embeddable":true,"href":"https:\/\/akks.no\/bergen\/wp-json\/wp\/v2\/media\/8820"}],"wp:attachment":[{"href":"https:\/\/akks.no\/bergen\/wp-json\/wp\/v2\/media?parent=8328"}],"curies":[{"name":"wp","href":"https:\/\/api.w.org\/{rel}","templated":true}]}}