{"id":8121,"date":"2025-04-07T14:58:59","date_gmt":"2025-04-07T12:58:59","guid":{"rendered":"https:\/\/akks.no\/bergen\/?page_id=8121"},"modified":"2025-09-26T14:28:45","modified_gmt":"2025-09-26T12:28:45","slug":"grip-introduksjonskurs-i-lysteknikk-norsk","status":"publish","type":"page","link":"https:\/\/akks.no\/bergen\/grip-introduksjonskurs-i-lysteknikk-norsk\/","title":{"rendered":"GRIP x PR\u00d8VEROMMET: Introduksjonskurs i lysteknikk (norsk)"},"content":{"rendered":"<p><em><span class=\"ng-star-inserted\" data-index=\"1\"><strong>Dato:<\/strong> 19. oktober kl. 11:00-16:00<br \/>\n<\/span><span class=\"ng-star-inserted\" data-index=\"2\"><strong>Kurssted:<\/strong> Bergen Kj\u00f8tt, Skutevikstorget 1<br \/>\n<\/span><span class=\"ng-star-inserted\" data-index=\"3\"><strong>Instrukt\u00f8r:<\/strong> Ola\u00a0<span class=\"gmail-gI\"><span class=\"gmail-qu\" tabindex=\"-1\" role=\"gridcell\"><span class=\"gmail-gD\">Fredenlund<\/span><\/span><\/span>\u00a0(he)<br \/>\n<\/span><span class=\"ng-star-inserted hovered\" data-index=\"4\"><strong>Kurspris:<\/strong> 100, &#8211;<\/span><\/em><br \/>\n<em><span class=\"ng-star-inserted hovered\" data-index=\"4\"><strong>Alder:<\/strong> 18 \u00e5r og oppover<br \/>\n<\/span><span class=\"ng-star-inserted\" data-index=\"5\"><strong>Spr\u00e5k:<\/strong> norsk<\/span><\/em><\/p>\n<p><em>OG<\/em><\/p>\n<div><em><strong>Pr\u00f8verommet p\u00e5 Bergen Kj\u00f8tt: Fra workshop til praksis! F\u00e5 praktisk erfaring med en profesjonell lystekniker i oppsett av lys til dette arrangement!<\/strong><\/em><\/div>\n<div>Dato: 20. oktober kl. 13:00-22:00<br \/>\nSted:: Bergen Kj\u00f8tt, Skutevikstorget 1<br \/>\nInstrukt\u00f8r: Ola <span class=\"gmail-gI\"><span class=\"gmail-qu\" tabindex=\"-1\" role=\"gridcell\"><span class=\"gmail-gD\">Fredenlund<\/span><\/span><\/span>\u00a0(he)<\/div>\n<div>Spr\u00e5k: Norsk \/ Engelsk<\/div>\n<div><\/div>\n<div><em>Begrenset med plass. Deltakere tilbys en dagdiett p\u00e5 1 200,- for \u00e5 delta.<\/em><\/div>\n<div><\/div>\n<p><a href=\"https:\/\/event.checkin.no\/173957\/grip-hoest-2025-introduksjonskurs-i-lysteknikk-norsk\"><img loading=\"lazy\" class=\"wp-image-6472 aligncenter\" src=\"http:\/\/akks.no\/bergen\/files\/2022\/11\/Pamelding-e1690968442203-1024x286.png\" alt=\"\" width=\"663\" height=\"185\" srcset=\"https:\/\/akks.no\/bergen\/files\/2022\/11\/Pamelding-e1690968442203-1024x286.png 1024w, https:\/\/akks.no\/bergen\/files\/2022\/11\/Pamelding-e1690968442203-300x84.png 300w, https:\/\/akks.no\/bergen\/files\/2022\/11\/Pamelding-e1690968442203-768x215.png 768w, https:\/\/akks.no\/bergen\/files\/2022\/11\/Pamelding-e1690968442203-1536x430.png 1536w, https:\/\/akks.no\/bergen\/files\/2022\/11\/Pamelding-e1690968442203-2048x573.png 2048w, https:\/\/akks.no\/bergen\/files\/2022\/11\/Pamelding-e1690968442203-600x168.png 600w\" sizes=\"(max-width: 663px) 100vw, 663px\" \/><\/a><\/p>\n<p>&nbsp;<\/p>\n<p><strong><span class=\"ng-star-inserted\" data-index=\"10\">Et nytt introduksjonskurs i lysteknikk for live-arrangementer!<\/span><\/strong><\/p>\n<p>I samarbeid med Pr\u00f8verommet, dette kurs vil hjelpe deg i gang med \u00e5 bygge erfaring og kompetanse i hvordan oppsette og styre lys til konserter, klubber og live-arrangementer &#8211; og overf\u00f8re workshop til praksis p\u00e5 Pr\u00f8vetrommets event mandag den 20. oktober!<\/p>\n<div>GRIP er \u00e5pent for alle over 18 \u00e5r, og vi understreker v\u00e5rt m\u00e5l om \u00e5 \u00f8nske flere kvinner, ikke-bin\u00e6re og transpersoner velkommen i lyd- og lysteknikerroller i Bergens kulturorganisasjoner. Det er ikke n\u00f8dvendig med tidligere erfaring.<\/div>\n<div><\/div>\n<div>Pr\u00f8verommet er et lavterskelmilj\u00f8 \u00e5 pr\u00f8ve ut nytt kunstnerisk materiale foran et publikum ved hjelp av et hvilket som helst medium: dans, teater, poesi, visuell kunst, musikk. Pr\u00f8verommet har v\u00e6rt en del av BIT (Bergen Internasjonale Teater) siden 1998.<\/div>\n<div>\n<hr \/>\n<p><img loading=\"lazy\" class=\"alignnone size-large wp-image-8421\" src=\"http:\/\/akks.no\/bergen\/files\/2025\/09\/IMG_6311-1024x768.png\" alt=\"\" width=\"1024\" height=\"768\" srcset=\"https:\/\/akks.no\/bergen\/files\/2025\/09\/IMG_6311-1024x768.png 1024w, https:\/\/akks.no\/bergen\/files\/2025\/09\/IMG_6311-300x225.png 300w, https:\/\/akks.no\/bergen\/files\/2025\/09\/IMG_6311-768x576.png 768w, https:\/\/akks.no\/bergen\/files\/2025\/09\/IMG_6311-1536x1152.png 1536w, https:\/\/akks.no\/bergen\/files\/2025\/09\/IMG_6311-2048x1536.png 2048w, https:\/\/akks.no\/bergen\/files\/2025\/09\/IMG_6311-600x450.png 600w\" sizes=\"(max-width: 1024px) 100vw, 1024px\" \/><\/p>\n<hr \/>\n<\/div>\n<p><strong>Instrukt\u00f8r Ola <span class=\"gmail-gI\"><span class=\"gmail-qu\" tabindex=\"-1\" role=\"gridcell\"><span class=\"gmail-gD\">Fredenlund<\/span><\/span><\/span>\u00a0(he)<\/strong><\/p>\n<p>Ola Fredenlund har jobbet som lystekniker p\u00e5 fulltid i Bergen i over 10 \u00e5r. Han startet som frivillig for Kraftetaten p\u00e5 Det Akademiske Kvarter, og har siden jobbet seg oppover i bransjen. Han har erfaring fra sm\u00e5 og store konserter, teater, festivaler og arrangementer, og har dekket alle deler av jobben som rigger, systemtekniker, lysoperat\u00f8r og designer. Noen av prosjektene hans inkluderer Bergenfest, Festspillene i Bergen, faste comedy shows p\u00e5 Ole Bull Scene og Peer Gynt-teatret p\u00e5 G\u00e5l\u00e5.<\/p>\n<div>\n<hr \/>\n<p><b>For oss med funksjonsnedsettelser<\/b><\/p>\n<p>Informasjon om tilgjengelighet p\u00e5 Bergen Kj\u00f8tt finner du\u00a0<a href=\"https:\/\/www.bergenkjott.org\/kontakt\">her<\/a>. Gi oss beskjed hvis du har tilgangsbehov.<\/p>\n<\/div>\n<hr \/>\n<div>\n<p><img loading=\"lazy\" class=\"size-large wp-image-8417 aligncenter\" src=\"http:\/\/akks.no\/bergen\/files\/2025\/09\/IMG_6253-768x1024.png\" alt=\"\" width=\"768\" height=\"1024\" srcset=\"https:\/\/akks.no\/bergen\/files\/2025\/09\/IMG_6253-768x1024.png 768w, https:\/\/akks.no\/bergen\/files\/2025\/09\/IMG_6253-225x300.png 225w, https:\/\/akks.no\/bergen\/files\/2025\/09\/IMG_6253-1152x1536.png 1152w, https:\/\/akks.no\/bergen\/files\/2025\/09\/IMG_6253-1536x2048.png 1536w, https:\/\/akks.no\/bergen\/files\/2025\/09\/IMG_6253-600x800.png 600w\" sizes=\"(max-width: 768px) 100vw, 768px\" \/><\/p>\n<hr \/>\n<p><b>Om GRIP<\/b><\/p>\n<p>GRIP er en kursserie for \u00e5 gi flere mulighet til \u00e5 f\u00e5 praktisk erfaring og ferdigheter innen lyd- og lysteknikk. Kvinner, ikke-bin\u00e6re og transpersoner er fremdeles sterkt underrepresentert i lyd- og lysteknikkfeltet, og det \u00f8nsker vi \u00e5 gj\u00f8re noe med. Utviklingen av kulturscenen handler ikke bare om \u00e5 skape et mangfold av forbilder p\u00e5 scenen, men ogs\u00e5 bak scenen \u2013 i produksjon, lys- og lydteknikk, og i alle de andre viktige rollene bak kulissene.<\/p>\n<p><em>GRIP er et samarbeidsprosjekt mellom Bergen Kj\u00f8tt, Bergen Internasjonale Teater, Pr\u00f8verommet, Carte Blanche, AKKS Bergen, lydtekniker Irene Bj\u00f8rke og lystekniker Maja Bergebakken Sundt. <\/em><\/p>\n<p><em>GRIP arrangeres med partnere i Bergen inkludert Borealis \u2013 en festival for eksperimentell musikk og Vill Vill Vest og er st\u00f8ttet av Sparebanken Vest, Bergen kommune, Kulturrom, Balansekunst og apap-FEMINIST FUTURES (finansiert av Creative Europe-programmet i EU).<\/em><\/p>\n<\/div>\n","protected":false},"excerpt":{"rendered":"<p>Dato: 19. oktober kl. 11:00-16:00 Kurssted: Bergen Kj\u00f8tt, Skutevikstorget 1 Instrukt\u00f8r: Ola\u00a0Fredenlund\u00a0(he) Kurspris: 100, &#8211; Alder: 18 \u00e5r og oppover Spr\u00e5k: norsk OG Pr\u00f8verommet p\u00e5 Bergen Kj\u00f8tt: Fra workshop til praksis! F\u00e5 praktisk erfaring med en profesjonell lystekniker i oppsett av lys til dette arrangement! Dato: 20. oktober kl. 13:00-22:00 Sted:: Bergen Kj\u00f8tt, Skutevikstorget 1 [&hellip;]<\/p>\n","protected":false},"author":5,"featured_media":8427,"parent":0,"menu_order":0,"comment_status":"closed","ping_status":"closed","template":"","meta":[],"_links":{"self":[{"href":"https:\/\/akks.no\/bergen\/wp-json\/wp\/v2\/pages\/8121"}],"collection":[{"href":"https:\/\/akks.no\/bergen\/wp-json\/wp\/v2\/pages"}],"about":[{"href":"https:\/\/akks.no\/bergen\/wp-json\/wp\/v2\/types\/page"}],"author":[{"embeddable":true,"href":"https:\/\/akks.no\/bergen\/wp-json\/wp\/v2\/users\/5"}],"replies":[{"embeddable":true,"href":"https:\/\/akks.no\/bergen\/wp-json\/wp\/v2\/comments?post=8121"}],"version-history":[{"count":16,"href":"https:\/\/akks.no\/bergen\/wp-json\/wp\/v2\/pages\/8121\/revisions"}],"predecessor-version":[{"id":8435,"href":"https:\/\/akks.no\/bergen\/wp-json\/wp\/v2\/pages\/8121\/revisions\/8435"}],"wp:featuredmedia":[{"embeddable":true,"href":"https:\/\/akks.no\/bergen\/wp-json\/wp\/v2\/media\/8427"}],"wp:attachment":[{"href":"https:\/\/akks.no\/bergen\/wp-json\/wp\/v2\/media?parent=8121"}],"curies":[{"name":"wp","href":"https:\/\/api.w.org\/{rel}","templated":true}]}}