{"id":8046,"date":"2025-02-28T13:45:15","date_gmt":"2025-02-28T12:45:15","guid":{"rendered":"https:\/\/akks.no\/bergen\/?page_id=8046"},"modified":"2026-04-14T17:38:23","modified_gmt":"2026-04-14T15:38:23","slug":"priser","status":"publish","type":"page","link":"https:\/\/akks.no\/bergen\/priser\/","title":{"rendered":"Priser"},"content":{"rendered":"<table style=\"height: 196px;\" width=\"551\">\n<tbody>\n<tr>\n<td colspan=\"4\">\n<h3><strong>Timepriser for leie av \u00f8vingslokale<\/strong><\/h3>\n<\/td>\n<\/tr>\n<tr>\n<td><\/td>\n<td>AKKS-medlem**<\/td>\n<td><\/td>\n<td>Ikke medlem<\/td>\n<\/tr>\n<tr>\n<td>Grupper fra 3 pers.<\/td>\n<td>120<\/td>\n<td><\/td>\n<td>170<\/td>\n<\/tr>\n<tr>\n<td>Solo\/Duo<\/td>\n<td>90<\/td>\n<td><\/td>\n<td>110<\/td>\n<\/tr>\n<tr>\n<td>Klippekort*<\/td>\n<td>80<\/td>\n<td><\/td>\n<td>80<\/td>\n<\/tr>\n<\/tbody>\n<\/table>\n<p>&nbsp;<\/p>\n<p><strong>*Klippekort<\/strong><br \/>\nVed kj\u00f8p av klippekort f\u00e5r du timepris til 80 kr. i timen. Du kan kj\u00f8pe minst 5 timer og maks 50 timer. Timene vil du da ha forh\u00e5ndsbetalt og kan brukes n\u00e5r du vil ut \u00e5ret. <a href=\"https:\/\/minside.periode.no\/m\/78I1EQzDdCWzqGETcwRF\/punch-pass\/2n43MbWzsbCHPYMM7mpr\">Kj\u00f8p klippekort her.<\/a><\/p>\n<p>5 timer &#8211; 400 kr. (80 kr.\/t.)<br \/>\n10 timer &#8211; 800 kr. (80 kr.\/t.)<br \/>\n20 timer &#8211; 1600 kr. (80 kr.\/t.)<br \/>\n50 timer &#8211; 3500 kr. (70 kr.\/t.)<\/p>\n<p><strong>**AKKS-medlem<\/strong><br \/>\nAKKS-medlemskap koster 50 kr. ut \u00e5ret. Som medlem f\u00e5r man rabattert leiepris. Har du nylig meldt deg inn og vil ha tilgang p\u00e5 AKKS-medlemsrabatten? Skriv til oss p\u00e5 kontoret.bergen@akks.no<\/p>\n<p>&nbsp;<\/p>\n<h3><strong>\u00a0Betaling<\/strong><\/h3>\n<p><span style=\"font-weight: 400;\">Du kan betale med kort, eller Vipps. Dette gj\u00f8r du samtidig med at du booker.\u00a0<\/span><\/p>\n<p>Vi sender bare faktura til de vi har en s\u00e6rskilt avtale med.<\/p>\n","protected":false},"excerpt":{"rendered":"<p>Timepriser for leie av \u00f8vingslokale AKKS-medlem** Ikke medlem Grupper fra 3 pers. 120 170 Solo\/Duo 90 110 Klippekort* 80 80 &nbsp; *Klippekort Ved kj\u00f8p av klippekort f\u00e5r du timepris til 80 kr. i timen. Du kan kj\u00f8pe minst 5 timer og maks 50 timer. Timene vil du da ha forh\u00e5ndsbetalt og kan brukes n\u00e5r du [&hellip;]<\/p>\n","protected":false},"author":5,"featured_media":7769,"parent":0,"menu_order":0,"comment_status":"closed","ping_status":"closed","template":"","meta":[],"_links":{"self":[{"href":"https:\/\/akks.no\/bergen\/wp-json\/wp\/v2\/pages\/8046"}],"collection":[{"href":"https:\/\/akks.no\/bergen\/wp-json\/wp\/v2\/pages"}],"about":[{"href":"https:\/\/akks.no\/bergen\/wp-json\/wp\/v2\/types\/page"}],"author":[{"embeddable":true,"href":"https:\/\/akks.no\/bergen\/wp-json\/wp\/v2\/users\/5"}],"replies":[{"embeddable":true,"href":"https:\/\/akks.no\/bergen\/wp-json\/wp\/v2\/comments?post=8046"}],"version-history":[{"count":14,"href":"https:\/\/akks.no\/bergen\/wp-json\/wp\/v2\/pages\/8046\/revisions"}],"predecessor-version":[{"id":8872,"href":"https:\/\/akks.no\/bergen\/wp-json\/wp\/v2\/pages\/8046\/revisions\/8872"}],"wp:featuredmedia":[{"embeddable":true,"href":"https:\/\/akks.no\/bergen\/wp-json\/wp\/v2\/media\/7769"}],"wp:attachment":[{"href":"https:\/\/akks.no\/bergen\/wp-json\/wp\/v2\/media?parent=8046"}],"curies":[{"name":"wp","href":"https:\/\/api.w.org\/{rel}","templated":true}]}}