{"id":7895,"date":"2024-12-11T14:50:44","date_gmt":"2024-12-11T13:50:44","guid":{"rendered":"https:\/\/akks.no\/bergen\/?page_id=7895"},"modified":"2026-04-07T15:43:02","modified_gmt":"2026-04-07T13:43:02","slug":"akks-bergen-x-jungelfest-2025","status":"publish","type":"page","link":"https:\/\/akks.no\/bergen\/akks-bergen-x-jungelfest-2025\/","title":{"rendered":"AKKS Bergen x JUNGELFEST 2026"},"content":{"rendered":"<p><span style=\"font-weight: 400;\">JUNGELFEST 2026 foreg\u00e5r torsdag 23. april &#8211; s\u00f8ndag 26. april <\/span><\/p>\n<p><strong>DET FAGLIGE PROGRAMMET 2026<\/strong><\/p>\n<p><strong>FREDAG 24 APRIL: <\/strong><span style=\"font-weight: 400;\">\u201cBeats, Bass &amp; Bhangra: The Rise of Punjabi Garage\u201d \ud83c\uddee\ud83c\uddf3\ud83c\udff4\udb40\udc67\udb40\udc62\udb40\udc65\udb40\udc6e\udb40\udc67\udb40\udc7f<\/span><span style=\"font-weight: 400;\"><br \/>\n<\/span><span style=\"font-weight: 400;\">\u2013 foredrag med Harj Sahota<\/span><span style=\"font-weight: 400;\"><br \/>\n<\/span><span style=\"font-weight: 400;\">__________<\/span><span style=\"font-weight: 400;\"><br \/>\n<\/span><span style=\"font-weight: 400;\">Fredag 24. april @ Bergen Assembly<\/span><span style=\"font-weight: 400;\"><br \/>\n<\/span><span style=\"font-weight: 400;\">*Gratisbillett til foredraget hentes ut p\u00e5 TicketCo <a href=\"https:\/\/jungelfest.ticketco.events\/no\/nb\/m\/e\/jungelfest_2026\">her.<\/a><\/span><span style=\"font-weight: 400;\"><br \/>\n<\/span><span style=\"font-weight: 400;\">__________<\/span><span style=\"font-weight: 400;\"><br \/>\n<\/span><span style=\"font-weight: 400;\">Spol tilbake til slutten av 1990-tallet; bristisk-asiatiske artister blander bhangra-rytmer, punjabivokaler og UK-garage-beats \u2013 som skaper en ny, kulturell bevegelse som tar over det britiske dansegulvet! <\/span><span style=\"font-weight: 400;\"><br \/>\n<\/span><span style=\"font-weight: 400;\"><br \/>\n<\/span><span style=\"font-weight: 400;\">Fra dagsfester og hjemmestudioer til smekkfulle klubbkvelder \u2013\u00a0h\u00f8r den London-baserte DJ\u2019en Harj Sahota dykke ned i de store hitl\u00e5tene, grunnleggerne og pionerene innen musikkstilen \u2013 og ikke minst den tverrkulturelle miksen av uttrykk som gjorde punjabi garage til en av de viktigste sjangerne p\u00e5 den britiske klubbscenen.\u00a0 <\/span><span style=\"font-weight: 400;\"><br \/>\n<\/span><span style=\"font-weight: 400;\"><br \/>\n<\/span><span style=\"font-weight: 400;\">Mens Harj Sahota f\u00f8rst er p\u00e5 bes\u00f8k fra London, kj\u00f8rer Jungelfest opp et helt spesielt DJ-set\u00a0 p\u00e5 etterfesten v\u00e5r p\u00e5 ROMMET (under navnet DJ HOOPS) med fokus p\u00e5 punjabi garage. Det gledes!<\/span><span style=\"font-weight: 400;\"><br \/>\n<\/span><\/p>\n<p><img loading=\"lazy\" class=\"alignnone size-large wp-image-8840\" src=\"http:\/\/akks.no\/bergen\/files\/2026\/04\/NOR-Harj-Sahota-820x1024.png\" alt=\"\" width=\"820\" height=\"1024\" srcset=\"https:\/\/akks.no\/bergen\/files\/2026\/04\/NOR-Harj-Sahota-820x1024.png 820w, https:\/\/akks.no\/bergen\/files\/2026\/04\/NOR-Harj-Sahota-240x300.png 240w, https:\/\/akks.no\/bergen\/files\/2026\/04\/NOR-Harj-Sahota-768x959.png 768w, https:\/\/akks.no\/bergen\/files\/2026\/04\/NOR-Harj-Sahota-1230x1536.png 1230w, https:\/\/akks.no\/bergen\/files\/2026\/04\/NOR-Harj-Sahota-600x749.png 600w, https:\/\/akks.no\/bergen\/files\/2026\/04\/NOR-Harj-Sahota.png 1349w\" sizes=\"(max-width: 820px) 100vw, 820px\" \/><\/p>\n<p><strong>L\u00d8RDAG 25.APRIL: <\/strong><span style=\"font-weight: 400;\">\u201cNapoli Grooves: 50 years of Funk, Boogie and Disco in the South of Italy\u201d \ud83c\uddee\ud83c\uddf9<\/span><span style=\"font-weight: 400;\"><br \/>\n<\/span><span style=\"font-weight: 400;\">\u2013 foredrag med Giorgio Lopez.\u00a0<\/span><\/p>\n<p><span style=\"font-weight: 400;\">__________<\/span><\/p>\n<p><span style=\"font-weight: 400;\">L\u00f8rdag 25. april @ Bergen Assembly <\/span><span style=\"font-weight: 400;\"><br \/>\n<\/span><span style=\"font-weight: 400;\">*Gratisbillett til foredraget hentes ut p\u00e5 TicketCo <a href=\"https:\/\/jungelfest.ticketco.events\/no\/nb\/m\/e\/jungelfest_2026\">her<\/a>.\u00a0<\/span><span style=\"font-weight: 400;\"><br \/>\n<\/span><span style=\"font-weight: 400;\">__________<\/span><\/p>\n<p><span style=\"font-weight: 400;\">Hva er greien med at det hele tiden pumpes ut funk, disco og boogie fra Italia som spilles h\u00f8yt og danses til over hele verden? <\/span><span style=\"font-weight: 400;\"><br \/>\n<\/span><span style=\"font-weight: 400;\"><br \/>\n<\/span><span style=\"font-weight: 400;\">Denne fantastiske musikken som vi alle digger kommer fra hjertet av Napoli, folkene som bor der og miksen av ulike kulturer som naturlig har smeltet sammen i den italienske havnebyen.<\/span><\/p>\n<p><span style=\"font-weight: 400;\">Giorgio Lopez forteller oss om Napolis musikalske r\u00f8tter fra gamle dager med stjerneartister som Pino Daniele og Neapolitan Power-generasjonen i spissen \u2013 f\u00f8r han tar oss gjennom napolitansk funk, disco, boogie og klubbkultur fra de siste fem \u00e5rene, der kjente artister og plateselskap som Nu Genea og Periodica Records er sentrale navn.<\/span><span style=\"font-weight: 400;\"><br \/>\n<\/span><span style=\"font-weight: 400;\"><br \/>\n<\/span><span style=\"font-weight: 400;\">I tillegg til Giorgios konsert (med fullt band) l\u00f8rdag 25. april \u2013 spiller han ogs\u00e5 et helt spesielt DJ-set p\u00e5 etterfesten v\u00e5r p\u00e5 ROMMET, der han kj\u00f8rer opp ekstra mye musikk fra Napoli. Vi gleder oss enormt!<\/span><span style=\"font-weight: 400;\"><br \/>\n<\/span><span style=\"font-weight: 400;\"><br \/>\n<\/span>Begge foredragene presenteres sammen med AKKS Bergen.<\/p>\n<p><img loading=\"lazy\" class=\"alignnone size-large wp-image-8839\" src=\"http:\/\/akks.no\/bergen\/files\/2026\/04\/NOR-Giorgio-Lopez-820x1024.png\" alt=\"\" width=\"820\" height=\"1024\" srcset=\"https:\/\/akks.no\/bergen\/files\/2026\/04\/NOR-Giorgio-Lopez-820x1024.png 820w, https:\/\/akks.no\/bergen\/files\/2026\/04\/NOR-Giorgio-Lopez-240x300.png 240w, https:\/\/akks.no\/bergen\/files\/2026\/04\/NOR-Giorgio-Lopez-768x959.png 768w, https:\/\/akks.no\/bergen\/files\/2026\/04\/NOR-Giorgio-Lopez-1230x1536.png 1230w, https:\/\/akks.no\/bergen\/files\/2026\/04\/NOR-Giorgio-Lopez-600x749.png 600w, https:\/\/akks.no\/bergen\/files\/2026\/04\/NOR-Giorgio-Lopez.png 1349w\" sizes=\"(max-width: 820px) 100vw, 820px\" \/><\/p>\n<p><span style=\"font-weight: 400;\"><strong>Jungelfest 2026<\/strong> \u2013 festivalen som feirer 10 \u00e5r med Jungelen. Siden v\u00e5r f\u00f8rste event i januar 2016 har dere v\u00e6rt over 40.000 bes\u00f8kende p\u00e5 v\u00e5re festivaler, klubb- og konsertkvelder og DJ-workshops, og vi har presentert tusenvis av artister og backet oppom nye talenter og veteraner. Det fortjener en ellevill feiring!\u00a0<\/span><\/p>\n<p><span style=\"font-weight: 400;\">Denne gangen tar vi det tilbake til de mindre og mer intime spillestedene der dere er p\u00e5 samme plan som artistene og lyden og lyset er smashing. De to siste \u00e5rene har vi testet ut st\u00f8rre spillesteder til festivalen \u2013 og selv om det har v\u00e6rt vellykket \u2013 er vi n\u00e5 veldig giret over \u00e5 ta det tilbake til der Jungelen kommer fra. Konsertene skjer p\u00e5 Landmark (Bergen Kunsthall) og \u00d8stre, foredrag og samtaler skjer p\u00e5 Bergen Assembly og etterfestene skjer p\u00e5 Kennel, Steppeulven og ROMMET.<\/span><\/p>\n<p><span style=\"font-weight: 400;\">Om dere ikke allerede er fans av bergensk afro-techno, norsk-brasiliansk samba, indie-soul, napolitansk disco og boogie, lokal rap og britisk jass kommer dere til \u00e5 bli det etter festivalen. GLED D\u00c5KKAR!<\/span><\/p>\n<p>Facebook-arrangement <a href=\"https:\/\/www.facebook.com\/events\/690236314157387\">her<\/a>. Billetter kj\u00f8pes via TicketCo<a href=\"https:\/\/jungelfest.ticketco.events\/no\/nb\/m\/e\/jungelfest_2026\"> her<\/a>.\u00a0<span style=\"font-weight: 400;\"><br \/>\n<\/span><\/p>\n<p><img loading=\"lazy\" class=\"alignnone size-large wp-image-8845\" src=\"http:\/\/akks.no\/bergen\/files\/2026\/04\/Hovedplakat-820x1024.png\" alt=\"\" width=\"820\" height=\"1024\" srcset=\"https:\/\/akks.no\/bergen\/files\/2026\/04\/Hovedplakat-820x1024.png 820w, https:\/\/akks.no\/bergen\/files\/2026\/04\/Hovedplakat-240x300.png 240w, https:\/\/akks.no\/bergen\/files\/2026\/04\/Hovedplakat-768x960.png 768w, https:\/\/akks.no\/bergen\/files\/2026\/04\/Hovedplakat-600x750.png 600w, https:\/\/akks.no\/bergen\/files\/2026\/04\/Hovedplakat.png 1191w\" sizes=\"(max-width: 820px) 100vw, 820px\" \/><\/p>\n<p><span style=\"font-weight: 400;\">Design: Mui Diep &amp; Simon Alejandro<\/span><\/p>\n","protected":false},"excerpt":{"rendered":"<p>I \u00e5r igjen er AKKS Bergen medarrang\u00f8r av det faglige programmet til JUNGELFEST 2026<\/p>\n","protected":false},"author":5,"featured_media":8840,"parent":0,"menu_order":0,"comment_status":"closed","ping_status":"closed","template":"","meta":[],"_links":{"self":[{"href":"https:\/\/akks.no\/bergen\/wp-json\/wp\/v2\/pages\/7895"}],"collection":[{"href":"https:\/\/akks.no\/bergen\/wp-json\/wp\/v2\/pages"}],"about":[{"href":"https:\/\/akks.no\/bergen\/wp-json\/wp\/v2\/types\/page"}],"author":[{"embeddable":true,"href":"https:\/\/akks.no\/bergen\/wp-json\/wp\/v2\/users\/5"}],"replies":[{"embeddable":true,"href":"https:\/\/akks.no\/bergen\/wp-json\/wp\/v2\/comments?post=7895"}],"version-history":[{"count":11,"href":"https:\/\/akks.no\/bergen\/wp-json\/wp\/v2\/pages\/7895\/revisions"}],"predecessor-version":[{"id":8846,"href":"https:\/\/akks.no\/bergen\/wp-json\/wp\/v2\/pages\/7895\/revisions\/8846"}],"wp:featuredmedia":[{"embeddable":true,"href":"https:\/\/akks.no\/bergen\/wp-json\/wp\/v2\/media\/8840"}],"wp:attachment":[{"href":"https:\/\/akks.no\/bergen\/wp-json\/wp\/v2\/media?parent=7895"}],"curies":[{"name":"wp","href":"https:\/\/api.w.org\/{rel}","templated":true}]}}