{"id":721,"date":"2019-05-15T13:20:16","date_gmt":"2019-05-15T11:20:16","guid":{"rendered":"http:\/\/akks-no.staging.wordpress.idium.no\/bergen\/?page_id=721"},"modified":"2026-03-16T11:19:11","modified_gmt":"2026-03-16T10:19:11","slug":"besok-oss","status":"publish","type":"page","link":"https:\/\/akks.no\/bergen\/besok-oss\/","title":{"rendered":"Bes\u00f8k oss"},"content":{"rendered":"<p class=\"title main-footer__title\">AKKS Bergen har kontorer p\u00e5 <a href=\"https:\/\/usf.no\/\">USF Verftet, Geogernes Verft 12, 5011 Bergen.\u00a0<\/a><br \/>\nHer har vi fem \u00f8vingslokaler til leie og de fleste av kursene v\u00e5re holdes her.<\/p>\n<p>&nbsp;<\/p>\n<p>Skal du til kursene v\u00e5re? Kursene v\u00e5re holdes enten i v\u00e5re \u00f8vingslokaler i 2. etasje eller ved AKKS kontoret i 4. etasje. Til v\u00e5re kurs benytt inngang E ved klokken. Derfra er veien til ditt kurs skiltet.<\/p>\n<p>Skulle man ikke finne fram kan vi n\u00e5es p\u00e5 vakttelefonen oppgitt i mail utsendt ved kursstart eller i bookingbekreftelsen ved booking av lokale.<\/p>\n<h3><strong>Finn veien til \u00d8vingslokalene<\/strong><\/h3>\n<p>\u00d8vingslokalene v\u00e5re ligger i 2. etasje p\u00e5 USF Verftet. Benytt inngang G ved parkeringsplassen. N\u00e5r dere kommer til USF Verftet fra sentrum, ta til venstre ved inngang E og klokken, og ned mot sj\u00f8en. D\u00f8ren finner dere til venstre i tunnelen. Benytt oppgitt 4 sifret kode sendt i bookingbekreftelse p\u00e5 d\u00f8ren her. G\u00e5 opp trappen og f\u00f8lg skiltene til det \u00f8vingslokalet du har booket.<\/p>\n<p><a href=\"https:\/\/www.instagram.com\/p\/DNGEqRAsf6T\/\">Se veien til \u00f8vingslokalene her<\/a><\/p>\n<h3><strong>Finn veien til USF Verftet<br \/>\n<\/strong><\/h3>\n<p><a href=\"https:\/\/maps.google.no\/maps?q=GEORGERNES+VERFT&amp;hl=no&amp;sll=61.143235,9.09668&amp;sspn=15.129475,57.084961&amp;hnear=Georgernes+Verft,+Bergenhus,+5011+Bergen,+Hordaland&amp;t=h&amp;z=16\" target=\"_blank\" rel=\"noopener noreferrer\">Kart fra Google maps<\/a><\/p>\n<p>Fra Torgalmenningen i Bergen sentrum er det adkomst til USF Verftet for g\u00e5ende slik:<\/p>\n<ul>\n<li>nordover opp Markeveien, Klostergaten til Klosteret og ned Strangehagen til Verftet<\/li>\n<li>gjennom Skottegaten og deretter Nedre Strangehagen til Verftet<\/li>\n<li>gjennom N\u00f8stegaten forbi gamle TV2, Verftsgaten til Carte Blance og deretter videre til Verftet<\/li>\n<\/ul>\n<p>Det tar ca. 9 minutter \u00e5 g\u00e5 i vanlig tempo fra Bergen sentrum til Verftet. N\u00e5r du ser fabrikkppipen v\u00e5r som rager 40 meter opp i luften vet du at du n\u00e6rmer deg.<\/p>\n<h5><strong>I rullestol<\/strong><\/h5>\n<p>P\u00e5 grunn av byggearbeid i N\u00f8stegaten er det redusert fremkommelighet for rullestolbrukere. USF Verftet har heldigvis flere HC-parkeringer i bakg\u00e5rden og p\u00e5 siden av bygget. G\u00e5 inn via hovedinngangen ved Kippers. F\u00f8lg korridoren rett frem til heisen p\u00e5 h\u00f8yre side. Ta heisen opp i 2.etasje for \u00f8vingslokaler eller 4.etasje for kontor og kurslokale for musikkproduksjon, bass og akustisk gitar. F\u00f8lg skilt til AKKS Bergen for \u00e5 finne frem.<\/p>\n<h5><strong>Via sykkel<\/strong><\/h5>\n<p>Utenfor hovedinngangen til USF Verftet finner du Bysykkelstasjon. Har du egen sykkel finnes det sykkelparkering foran hovedinngangen.<\/p>\n<h5><strong>Via bil<\/strong><\/h5>\n<p>Vi oppfordrer publikum til \u00e5 parkere bilen i sentrum og g\u00e5 til USF. Bruk gjerne Klostergarasjen som er n\u00e6rmeste parkeringshus. Ved store arrangementer er det sv\u00e6rt begrensede parkeringsmuligheter her. Parkeringsplassen holdes stengt ved arrangement i bakg\u00e5rden, som f.eks. Nattjazz.<a href=\"https:\/\/akks.no\/bergen\/2022\/06\/17\/info-om-parkering\/\"> Les mer her!<\/a><\/p>\n<p>Om du m\u00e5 kj\u00f8re: adkomst via N\u00f8stegaten\/Verftsgaten. All parkering p\u00e5 USF mot avgift. Noen p-plasser nord for huset, men flest p\u00e5 \u00abbaksiden\u00bb, mot s\u00f8r. Det er 38 plasser til sammen. To parkeringsplasser for HC-biler p\u00e5 USF-plassen \u2013 ved boligblokkene.<\/p>\n<p>Bergen Parkeringsselskap kontrollerer omr\u00e5det.<\/p>\n<h5><strong>Tilgjengelighet for rullestolbrukere<\/strong><\/h5>\n<p>V\u00e5rt \u00f8vingsrom, rom E og D, har rampe inn til rommet slik at det kan v\u00e6re tilgjengelig for rullestolbrukere. For \u00e5 komme inn til rom E og D, m\u00e5 man benytte inngang H eller hovedinngang A hvor det er heis tilgjengelig. Rom E har rampe p\u00e5 veggen ved inngangsd\u00f8ren og kan benyttes av rullestolbrukere. D\u00f8rene til begge rommene er 88,5 cm bred.<\/p>\n<p>Vi anbefaler \u00e5 ha med ledsager p\u00e5 \u00f8ving, da det er tunge d\u00f8rer inn til lokalet og kodeboksen henger oppe p\u00e5 veggen.<\/p>\n<p>Det er to p-plasser for HC-bil p\u00e5 USF-plassen og handicaptoalett i f\u00f8rste etasje ved kafeen.<\/p>\n<p>&nbsp;<\/p>\n<p>&nbsp;<\/p>\n","protected":false},"excerpt":{"rendered":"<p>AKKS Bergen har kontorer p\u00e5 USF Verftet, Geogernes Verft 12, 5011 Bergen.\u00a0 Her har vi fem \u00f8vingslokaler til leie og de fleste av kursene v\u00e5re holdes her. &nbsp; Skal du til kursene v\u00e5re? Kursene v\u00e5re holdes enten i v\u00e5re \u00f8vingslokaler i 2. etasje eller ved AKKS kontoret i 4. etasje. Til v\u00e5re kurs benytt inngang [&hellip;]<\/p>\n","protected":false},"author":5,"featured_media":8743,"parent":0,"menu_order":0,"comment_status":"closed","ping_status":"closed","template":"","meta":[],"_links":{"self":[{"href":"https:\/\/akks.no\/bergen\/wp-json\/wp\/v2\/pages\/721"}],"collection":[{"href":"https:\/\/akks.no\/bergen\/wp-json\/wp\/v2\/pages"}],"about":[{"href":"https:\/\/akks.no\/bergen\/wp-json\/wp\/v2\/types\/page"}],"author":[{"embeddable":true,"href":"https:\/\/akks.no\/bergen\/wp-json\/wp\/v2\/users\/5"}],"replies":[{"embeddable":true,"href":"https:\/\/akks.no\/bergen\/wp-json\/wp\/v2\/comments?post=721"}],"version-history":[{"count":18,"href":"https:\/\/akks.no\/bergen\/wp-json\/wp\/v2\/pages\/721\/revisions"}],"predecessor-version":[{"id":8748,"href":"https:\/\/akks.no\/bergen\/wp-json\/wp\/v2\/pages\/721\/revisions\/8748"}],"wp:featuredmedia":[{"embeddable":true,"href":"https:\/\/akks.no\/bergen\/wp-json\/wp\/v2\/media\/8743"}],"wp:attachment":[{"href":"https:\/\/akks.no\/bergen\/wp-json\/wp\/v2\/media?parent=721"}],"curies":[{"name":"wp","href":"https:\/\/api.w.org\/{rel}","templated":true}]}}