{"id":7137,"date":"2024-03-14T14:00:29","date_gmt":"2024-03-14T13:00:29","guid":{"rendered":"https:\/\/akks.no\/bergen\/?page_id=7137"},"modified":"2026-03-31T14:48:15","modified_gmt":"2026-03-31T12:48:15","slug":"lan-instrument-gratis","status":"publish","type":"page","link":"https:\/\/akks.no\/bergen\/lan-instrument-gratis\/","title":{"rendered":"L\u00e5n instrument gratis hos GMAC"},"content":{"rendered":"<p><span style=\"font-weight: 400;\">Vi samarbeider med Give Music A Chance (GMAC) om gratis utl\u00e5n av gitar, bass og forsterker for alle. \u00d8nsker du \u00e5 pr\u00f8ve ut en bass eller gitar uten \u00e5 skulle kj\u00f8pe instrumentet, s\u00e5 kan alle under 26 \u00e5r f\u00e5 l\u00e5ne gratis. De har ogs\u00e5 andre instrumenter. Du kan bes\u00f8ke dem p\u00e5 adressen: Strandgaten 62.<\/span><\/p>\n<hr \/>\n<p><img loading=\"lazy\" class=\"alignnone size-large wp-image-7139\" src=\"http:\/\/akks.no\/bergen\/files\/2024\/03\/2-1024x724.png\" alt=\"\" width=\"1024\" height=\"724\" srcset=\"https:\/\/akks.no\/bergen\/files\/2024\/03\/2-1024x724.png 1024w, https:\/\/akks.no\/bergen\/files\/2024\/03\/2-300x212.png 300w, https:\/\/akks.no\/bergen\/files\/2024\/03\/2-768x543.png 768w, https:\/\/akks.no\/bergen\/files\/2024\/03\/2-1536x1086.png 1536w, https:\/\/akks.no\/bergen\/files\/2024\/03\/2-2048x1448.png 2048w, https:\/\/akks.no\/bergen\/files\/2024\/03\/2-600x424.png 600w\" sizes=\"(max-width: 1024px) 100vw, 1024px\" \/><\/p>\n<hr \/>\n<h3><strong>Om Give Music a Chance og samarbeidet<\/strong><\/h3>\n<p>Give Music a Chance \u2013 Norway (GMAC) er en ideell organisasjon vis form\u00e5l er \u00e5 samle inn og reparere brukte musikkinstrumenter og utstyr for gjenbruk i sosiale og inkluderende tiltak rettet mot barn og unge.<\/p>\n<p>De har samlet og reparert flere gitarer, basser og forsterkere og n\u00e5 st\u00e5r disse i lokalene til oss i AKKS Bergen sine kontorer og er klar for \u00e5 bli l\u00e5nt ut. Vi vil gjerne gi mulighet for \u00e5 spille musikk uten at det \u00f8konomiske aspekt skal st\u00e5 i veien.<\/p>\n<hr \/>\n<p><img loading=\"lazy\" class=\"alignnone size-large wp-image-7140\" src=\"http:\/\/akks.no\/bergen\/files\/2024\/03\/3-1024x724.png\" alt=\"\" width=\"1024\" height=\"724\" srcset=\"https:\/\/akks.no\/bergen\/files\/2024\/03\/3-1024x724.png 1024w, https:\/\/akks.no\/bergen\/files\/2024\/03\/3-300x212.png 300w, https:\/\/akks.no\/bergen\/files\/2024\/03\/3-768x543.png 768w, https:\/\/akks.no\/bergen\/files\/2024\/03\/3-1536x1086.png 1536w, https:\/\/akks.no\/bergen\/files\/2024\/03\/3-2048x1448.png 2048w, https:\/\/akks.no\/bergen\/files\/2024\/03\/3-600x424.png 600w\" sizes=\"(max-width: 1024px) 100vw, 1024px\" \/><\/p>\n<hr \/>\n<h3><strong>Praktisk<\/strong><\/h3>\n<p>GMAC holder p\u00e5 \u00e5 utvikle en l\u00e5neportal. Inntil videre kan du sta kontakt direkte med <a href=\"https:\/\/www.givemusicachance.no\/instrumentbanken-1-1\">Give music a Chance<\/a><\/p>\n<p><strong>Epost:<\/strong> <a href=\"mailto:bergen@givemusicachance.no\">bergen@givemusicachance.no<\/a><\/p>\n<p><strong>Telefon:<\/strong> 556 02 052<\/p>\n<p>Du er alltid velkommen til \u00e5 henvende deg til oss p\u00e5<\/p>\n<p><strong>Epost:<\/strong> <a href=\"mailto:kontoreet@bergen.akks.no\">kontoret@bergen.akks.no<\/a><\/p>\n<p><strong>Tlf.:<\/strong> 555 57 555<\/p>\n<p>&nbsp;<\/p>\n<p>I samarbeid med<br style=\"font-weight: 400;\" \/><img loading=\"lazy\" class=\"alignnone wp-image-7142\" src=\"http:\/\/akks.no\/bergen\/files\/2024\/03\/Skjermbilde-2024-03-13-kl.-14.03.42.png\" alt=\"\" width=\"279\" height=\"281\" srcset=\"https:\/\/akks.no\/bergen\/files\/2024\/03\/Skjermbilde-2024-03-13-kl.-14.03.42.png 332w, https:\/\/akks.no\/bergen\/files\/2024\/03\/Skjermbilde-2024-03-13-kl.-14.03.42-297x300.png 297w, https:\/\/akks.no\/bergen\/files\/2024\/03\/Skjermbilde-2024-03-13-kl.-14.03.42-150x150.png 150w, https:\/\/akks.no\/bergen\/files\/2024\/03\/Skjermbilde-2024-03-13-kl.-14.03.42-100x100.png 100w\" sizes=\"(max-width: 279px) 100vw, 279px\" \/><\/p>\n","protected":false},"excerpt":{"rendered":"<p>Vi samarbeider med Give Music A Chance (GMAC) om gratis utl\u00e5n av gitar, bass og forsterker for alle. \u00d8nsker du \u00e5 pr\u00f8ve ut en bass eller gitar uten \u00e5 skulle kj\u00f8pe instrumentet, s\u00e5 kan alle under 26 \u00e5r f\u00e5 l\u00e5ne gratis. De har ogs\u00e5 andre instrumenter. Du kan bes\u00f8ke dem p\u00e5 adressen: Strandgaten 62. Om [&hellip;]<\/p>\n","protected":false},"author":5,"featured_media":7138,"parent":0,"menu_order":0,"comment_status":"closed","ping_status":"closed","template":"","meta":[],"_links":{"self":[{"href":"https:\/\/akks.no\/bergen\/wp-json\/wp\/v2\/pages\/7137"}],"collection":[{"href":"https:\/\/akks.no\/bergen\/wp-json\/wp\/v2\/pages"}],"about":[{"href":"https:\/\/akks.no\/bergen\/wp-json\/wp\/v2\/types\/page"}],"author":[{"embeddable":true,"href":"https:\/\/akks.no\/bergen\/wp-json\/wp\/v2\/users\/5"}],"replies":[{"embeddable":true,"href":"https:\/\/akks.no\/bergen\/wp-json\/wp\/v2\/comments?post=7137"}],"version-history":[{"count":9,"href":"https:\/\/akks.no\/bergen\/wp-json\/wp\/v2\/pages\/7137\/revisions"}],"predecessor-version":[{"id":8822,"href":"https:\/\/akks.no\/bergen\/wp-json\/wp\/v2\/pages\/7137\/revisions\/8822"}],"wp:featuredmedia":[{"embeddable":true,"href":"https:\/\/akks.no\/bergen\/wp-json\/wp\/v2\/media\/7138"}],"wp:attachment":[{"href":"https:\/\/akks.no\/bergen\/wp-json\/wp\/v2\/media?parent=7137"}],"curies":[{"name":"wp","href":"https:\/\/api.w.org\/{rel}","templated":true}]}}