{"id":664,"date":"2019-05-14T22:18:20","date_gmt":"2019-05-14T20:18:20","guid":{"rendered":"http:\/\/akks-no.staging.wordpress.idium.no\/bergen\/?page_id=664"},"modified":"2026-04-22T16:11:46","modified_gmt":"2026-04-22T14:11:46","slug":"rom-e","status":"publish","type":"page","link":"https:\/\/akks.no\/bergen\/ovingslokaler\/rom-e\/","title":{"rendered":"Rom E &#8211; Evy"},"content":{"rendered":"<p>Rom E &#8211; Evy er et stort og romslig lokale p\u00e5 33,5 kvm som passer bra for st\u00f8rre band og prosjekter opptil 8 personer, her har vi ogs\u00e5 litt kraftigere forsterkere. Rommet har rampe p\u00e5 veggen ved inngangsd\u00f8ren og kan benyttes av rullestolbrukere. D\u00f8ren er 88,5 cm bred.<\/p>\n<h3><strong>Utstyr:<\/strong><\/h3>\n<ul>\n<li>5 gitarforsterkere (Vox AC30, 2 Fender og 2 Marshall med topp og kabinett)<\/li>\n<li>2 bassforsterker (Ampeg og Markbass)<\/li>\n<li>Mikser med 12 kanaler (Soundcraft) og 5 mikrofoner med kabler og stativ<\/li>\n<li>Casio elpiano<\/li>\n<li>Pearl trommesett med raid, crash og hihat. Pedal og skarp.<\/li>\n<li>2 notestativ<\/li>\n<\/ul>\n<h2><img loading=\"lazy\" class=\"alignnone size-large wp-image-8906\" src=\"http:\/\/akks.no\/bergen\/files\/2026\/04\/DSC04944-1024x683.png\" alt=\"\" width=\"1024\" height=\"683\" srcset=\"https:\/\/akks.no\/bergen\/files\/2026\/04\/DSC04944-1024x683.png 1024w, https:\/\/akks.no\/bergen\/files\/2026\/04\/DSC04944-300x200.png 300w, https:\/\/akks.no\/bergen\/files\/2026\/04\/DSC04944-768x512.png 768w, https:\/\/akks.no\/bergen\/files\/2026\/04\/DSC04944-1536x1024.png 1536w, https:\/\/akks.no\/bergen\/files\/2026\/04\/DSC04944-2048x1365.png 2048w, https:\/\/akks.no\/bergen\/files\/2026\/04\/DSC04944-720x480.png 720w, https:\/\/akks.no\/bergen\/files\/2026\/04\/DSC04944-600x400.png 600w\" sizes=\"(max-width: 1024px) 100vw, 1024px\" \/><\/h2>\n<p><img loading=\"lazy\" class=\"alignnone size-large wp-image-8907\" src=\"http:\/\/akks.no\/bergen\/files\/2026\/04\/DSC04943-1024x683.png\" alt=\"\" width=\"1024\" height=\"683\" srcset=\"https:\/\/akks.no\/bergen\/files\/2026\/04\/DSC04943-1024x683.png 1024w, https:\/\/akks.no\/bergen\/files\/2026\/04\/DSC04943-300x200.png 300w, https:\/\/akks.no\/bergen\/files\/2026\/04\/DSC04943-768x512.png 768w, https:\/\/akks.no\/bergen\/files\/2026\/04\/DSC04943-1536x1024.png 1536w, https:\/\/akks.no\/bergen\/files\/2026\/04\/DSC04943-2048x1365.png 2048w, https:\/\/akks.no\/bergen\/files\/2026\/04\/DSC04943-720x480.png 720w, https:\/\/akks.no\/bergen\/files\/2026\/04\/DSC04943-600x400.png 600w\" sizes=\"(max-width: 1024px) 100vw, 1024px\" \/><\/p>\n<p><img loading=\"lazy\" class=\"alignnone size-large wp-image-8905\" src=\"http:\/\/akks.no\/bergen\/files\/2026\/04\/DSC04950-1024x683.png\" alt=\"\" width=\"1024\" height=\"683\" srcset=\"https:\/\/akks.no\/bergen\/files\/2026\/04\/DSC04950-1024x683.png 1024w, https:\/\/akks.no\/bergen\/files\/2026\/04\/DSC04950-300x200.png 300w, https:\/\/akks.no\/bergen\/files\/2026\/04\/DSC04950-768x512.png 768w, https:\/\/akks.no\/bergen\/files\/2026\/04\/DSC04950-1536x1024.png 1536w, https:\/\/akks.no\/bergen\/files\/2026\/04\/DSC04950-2048x1365.png 2048w, https:\/\/akks.no\/bergen\/files\/2026\/04\/DSC04950-720x480.png 720w, https:\/\/akks.no\/bergen\/files\/2026\/04\/DSC04950-600x400.png 600w\" sizes=\"(max-width: 1024px) 100vw, 1024px\" \/><\/p>\n<h2><\/h2>\n<h2><img loading=\"lazy\" class=\"alignnone size-large wp-image-6582\" src=\"http:\/\/akks.no\/bergen\/files\/2023\/09\/tempImageye16T9-1024x768.jpg\" alt=\"\" width=\"1024\" height=\"768\" srcset=\"https:\/\/akks.no\/bergen\/files\/2023\/09\/tempImageye16T9-1024x768.jpg 1024w, https:\/\/akks.no\/bergen\/files\/2023\/09\/tempImageye16T9-300x225.jpg 300w, https:\/\/akks.no\/bergen\/files\/2023\/09\/tempImageye16T9-768x576.jpg 768w, https:\/\/akks.no\/bergen\/files\/2023\/09\/tempImageye16T9-1536x1152.jpg 1536w, https:\/\/akks.no\/bergen\/files\/2023\/09\/tempImageye16T9-2048x1536.jpg 2048w, https:\/\/akks.no\/bergen\/files\/2023\/09\/tempImageye16T9-600x450.jpg 600w\" sizes=\"(max-width: 1024px) 100vw, 1024px\" \/><\/h2>\n<div class=\"iframe-app\"><\/div>\n","protected":false},"excerpt":{"rendered":"<p>Rom E &#8211; Evy er et stort og romslig lokale p\u00e5 33,5 kvm som passer bra for st\u00f8rre band og prosjekter opptil 8 personer, her har vi ogs\u00e5 litt kraftigere forsterkere. Rommet har rampe p\u00e5 veggen ved inngangsd\u00f8ren og kan benyttes av rullestolbrukere. D\u00f8ren er 88,5 cm bred. Utstyr: 5 gitarforsterkere (Vox AC30, 2 Fender [&hellip;]<\/p>\n","protected":false},"author":5,"featured_media":6583,"parent":159,"menu_order":0,"comment_status":"closed","ping_status":"closed","template":"","meta":[],"_links":{"self":[{"href":"https:\/\/akks.no\/bergen\/wp-json\/wp\/v2\/pages\/664"}],"collection":[{"href":"https:\/\/akks.no\/bergen\/wp-json\/wp\/v2\/pages"}],"about":[{"href":"https:\/\/akks.no\/bergen\/wp-json\/wp\/v2\/types\/page"}],"author":[{"embeddable":true,"href":"https:\/\/akks.no\/bergen\/wp-json\/wp\/v2\/users\/5"}],"replies":[{"embeddable":true,"href":"https:\/\/akks.no\/bergen\/wp-json\/wp\/v2\/comments?post=664"}],"version-history":[{"count":31,"href":"https:\/\/akks.no\/bergen\/wp-json\/wp\/v2\/pages\/664\/revisions"}],"predecessor-version":[{"id":8912,"href":"https:\/\/akks.no\/bergen\/wp-json\/wp\/v2\/pages\/664\/revisions\/8912"}],"up":[{"embeddable":true,"href":"https:\/\/akks.no\/bergen\/wp-json\/wp\/v2\/pages\/159"}],"wp:featuredmedia":[{"embeddable":true,"href":"https:\/\/akks.no\/bergen\/wp-json\/wp\/v2\/media\/6583"}],"wp:attachment":[{"href":"https:\/\/akks.no\/bergen\/wp-json\/wp\/v2\/media?parent=664"}],"curies":[{"name":"wp","href":"https:\/\/api.w.org\/{rel}","templated":true}]}}