{"id":662,"date":"2019-05-14T22:15:28","date_gmt":"2019-05-14T20:15:28","guid":{"rendered":"http:\/\/akks-no.staging.wordpress.idium.no\/bergen\/?page_id=662"},"modified":"2023-09-29T15:30:29","modified_gmt":"2023-09-29T13:30:29","slug":"rom-c","status":"publish","type":"page","link":"https:\/\/akks.no\/bergen\/ovingslokaler\/rom-c\/","title":{"rendered":"Rom C &#8211; Cecilie"},"content":{"rendered":"<p>Rom C &#8211; Cecilie er v\u00e5rt minste lokale p\u00e5 14,6 kvm og egner seg godt for solo\u00f8vinger.<br \/>\nP\u00e5 dette rommet har vi DJ-utstyr. H\u00f8yttalere er koblet opp til DJ-settet.<\/p>\n<h3><strong>Utstyr:<\/strong><\/h3>\n<ul>\n<li>DJ-utstyr\n<ul>\n<li>2 stk Pioneer PLX-1000 (ta gjerne med egne stifter)<\/li>\n<li>2 stk Pioneer XDJ-1000MK2<\/li>\n<li>1 stk Pioneer DJm-450<\/li>\n<\/ul>\n<\/li>\n<li>2 gitarforsterkere (Marshall og Vox AC30)<\/li>\n<li>2 bassforsterker (Ashdown og Fender)<\/li>\n<li>Mikser med 6 kanaler (Soundcraft) og 2 mikrofoner med kabler og stativ<\/li>\n<li>2 notestativ<\/li>\n<li>Yamaha p125 piano<\/li>\n<li>Studio-utstyr\n<ul>\n<li>Ekstern skjerm, keyboard og mus<\/li>\n<li>lydkort<\/li>\n<li>2 stk studiomonitorer (KRK Systems)<\/li>\n<li>vokalmikrofon med stativ og\u00a0popfilter<\/li>\n<li>midi-keyboard<\/li>\n<\/ul>\n<\/li>\n<\/ul>\n<p>Dette rommet har ikke trommesett.<\/p>\n<p><img loading=\"lazy\" class=\"alignnone size-large wp-image-6574\" src=\"http:\/\/akks.no\/bergen\/files\/2023\/09\/tempImagevEokp2-1024x768.jpg\" alt=\"\" width=\"1024\" height=\"768\" srcset=\"https:\/\/akks.no\/bergen\/files\/2023\/09\/tempImagevEokp2-1024x768.jpg 1024w, https:\/\/akks.no\/bergen\/files\/2023\/09\/tempImagevEokp2-300x225.jpg 300w, https:\/\/akks.no\/bergen\/files\/2023\/09\/tempImagevEokp2-768x576.jpg 768w, https:\/\/akks.no\/bergen\/files\/2023\/09\/tempImagevEokp2-1536x1152.jpg 1536w, https:\/\/akks.no\/bergen\/files\/2023\/09\/tempImagevEokp2-2048x1536.jpg 2048w, https:\/\/akks.no\/bergen\/files\/2023\/09\/tempImagevEokp2-600x450.jpg 600w\" sizes=\"(max-width: 1024px) 100vw, 1024px\" \/> <img loading=\"lazy\" class=\"alignnone size-large wp-image-6575\" src=\"http:\/\/akks.no\/bergen\/files\/2023\/09\/tempImageS1KvWY-1024x768.jpg\" alt=\"\" width=\"1024\" height=\"768\" srcset=\"https:\/\/akks.no\/bergen\/files\/2023\/09\/tempImageS1KvWY-1024x768.jpg 1024w, https:\/\/akks.no\/bergen\/files\/2023\/09\/tempImageS1KvWY-300x225.jpg 300w, https:\/\/akks.no\/bergen\/files\/2023\/09\/tempImageS1KvWY-768x576.jpg 768w, https:\/\/akks.no\/bergen\/files\/2023\/09\/tempImageS1KvWY-1536x1152.jpg 1536w, https:\/\/akks.no\/bergen\/files\/2023\/09\/tempImageS1KvWY-2048x1536.jpg 2048w, https:\/\/akks.no\/bergen\/files\/2023\/09\/tempImageS1KvWY-600x450.jpg 600w\" sizes=\"(max-width: 1024px) 100vw, 1024px\" \/> <img loading=\"lazy\" class=\"alignnone size-large wp-image-6576\" src=\"http:\/\/akks.no\/bergen\/files\/2023\/09\/tempImage0WNnBp-1024x768.jpg\" alt=\"\" width=\"1024\" height=\"768\" srcset=\"https:\/\/akks.no\/bergen\/files\/2023\/09\/tempImage0WNnBp-1024x768.jpg 1024w, https:\/\/akks.no\/bergen\/files\/2023\/09\/tempImage0WNnBp-300x225.jpg 300w, https:\/\/akks.no\/bergen\/files\/2023\/09\/tempImage0WNnBp-768x576.jpg 768w, https:\/\/akks.no\/bergen\/files\/2023\/09\/tempImage0WNnBp-1536x1152.jpg 1536w, https:\/\/akks.no\/bergen\/files\/2023\/09\/tempImage0WNnBp-2048x1536.jpg 2048w, https:\/\/akks.no\/bergen\/files\/2023\/09\/tempImage0WNnBp-600x450.jpg 600w\" sizes=\"(max-width: 1024px) 100vw, 1024px\" \/><\/p>\n","protected":false},"excerpt":{"rendered":"<p>Rom C &#8211; Cecilie er v\u00e5rt minste lokale p\u00e5 14,6 kvm og egner seg godt for solo\u00f8vinger. P\u00e5 dette rommet har vi DJ-utstyr. H\u00f8yttalere er koblet opp til DJ-settet. Utstyr: DJ-utstyr 2 stk Pioneer PLX-1000 (ta gjerne med egne stifter) 2 stk Pioneer XDJ-1000MK2 1 stk Pioneer DJm-450 2 gitarforsterkere (Marshall og Vox AC30) 2 [&hellip;]<\/p>\n","protected":false},"author":5,"featured_media":6573,"parent":159,"menu_order":0,"comment_status":"closed","ping_status":"closed","template":"","meta":[],"_links":{"self":[{"href":"https:\/\/akks.no\/bergen\/wp-json\/wp\/v2\/pages\/662"}],"collection":[{"href":"https:\/\/akks.no\/bergen\/wp-json\/wp\/v2\/pages"}],"about":[{"href":"https:\/\/akks.no\/bergen\/wp-json\/wp\/v2\/types\/page"}],"author":[{"embeddable":true,"href":"https:\/\/akks.no\/bergen\/wp-json\/wp\/v2\/users\/5"}],"replies":[{"embeddable":true,"href":"https:\/\/akks.no\/bergen\/wp-json\/wp\/v2\/comments?post=662"}],"version-history":[{"count":38,"href":"https:\/\/akks.no\/bergen\/wp-json\/wp\/v2\/pages\/662\/revisions"}],"predecessor-version":[{"id":6577,"href":"https:\/\/akks.no\/bergen\/wp-json\/wp\/v2\/pages\/662\/revisions\/6577"}],"up":[{"embeddable":true,"href":"https:\/\/akks.no\/bergen\/wp-json\/wp\/v2\/pages\/159"}],"wp:featuredmedia":[{"embeddable":true,"href":"https:\/\/akks.no\/bergen\/wp-json\/wp\/v2\/media\/6573"}],"wp:attachment":[{"href":"https:\/\/akks.no\/bergen\/wp-json\/wp\/v2\/media?parent=662"}],"curies":[{"name":"wp","href":"https:\/\/api.w.org\/{rel}","templated":true}]}}