{"id":660,"date":"2019-05-14T22:10:56","date_gmt":"2019-05-14T20:10:56","guid":{"rendered":"http:\/\/akks-no.staging.wordpress.idium.no\/bergen\/?page_id=660"},"modified":"2023-11-20T13:28:45","modified_gmt":"2023-11-20T12:28:45","slug":"rom-b","status":"publish","type":"page","link":"https:\/\/akks.no\/bergen\/ovingslokaler\/rom-b\/","title":{"rendered":"Rom B &#8211; Berntsen"},"content":{"rendered":"<p>Rom B &#8211; Berntsen er 20,9 kvm og passer for band opptil 5 personer.<\/p>\n<h3><strong>Utstyr:<\/strong><\/h3>\n<ul>\n<li>6 gitarforsterkere (Vox AC30, Fender, Marshall og 3 Boss Katana)<\/li>\n<li>2 bassforsterker (Fender og Ashdown)<\/li>\n<li>Mikser med 6 kanaler (Soundcraft) og 3 mikrofoner med kabler og stativ<\/li>\n<li>Casio elpiano<\/li>\n<li>Pearl trommesett med raid, crash og hihat. Pedal og skarp.<\/li>\n<li>2 notestativ og 1 synthstativ<\/li>\n<\/ul>\n<h2><img loading=\"lazy\" class=\"alignnone size-large wp-image-6569\" src=\"http:\/\/akks.no\/bergen\/files\/2023\/09\/tempImagebqcX5j-1024x768.jpg\" alt=\"\" width=\"1024\" height=\"768\" srcset=\"https:\/\/akks.no\/bergen\/files\/2023\/09\/tempImagebqcX5j-1024x768.jpg 1024w, https:\/\/akks.no\/bergen\/files\/2023\/09\/tempImagebqcX5j-300x225.jpg 300w, https:\/\/akks.no\/bergen\/files\/2023\/09\/tempImagebqcX5j-768x576.jpg 768w, https:\/\/akks.no\/bergen\/files\/2023\/09\/tempImagebqcX5j-1536x1152.jpg 1536w, https:\/\/akks.no\/bergen\/files\/2023\/09\/tempImagebqcX5j-2048x1536.jpg 2048w, https:\/\/akks.no\/bergen\/files\/2023\/09\/tempImagebqcX5j-600x450.jpg 600w\" sizes=\"(max-width: 1024px) 100vw, 1024px\" \/> <img loading=\"lazy\" class=\"alignnone size-large wp-image-6568\" src=\"http:\/\/akks.no\/bergen\/files\/2023\/09\/tempImagekNi6fV-1024x768.jpg\" alt=\"\" width=\"1024\" height=\"768\" srcset=\"https:\/\/akks.no\/bergen\/files\/2023\/09\/tempImagekNi6fV-1024x768.jpg 1024w, https:\/\/akks.no\/bergen\/files\/2023\/09\/tempImagekNi6fV-300x225.jpg 300w, https:\/\/akks.no\/bergen\/files\/2023\/09\/tempImagekNi6fV-768x576.jpg 768w, https:\/\/akks.no\/bergen\/files\/2023\/09\/tempImagekNi6fV-1536x1152.jpg 1536w, https:\/\/akks.no\/bergen\/files\/2023\/09\/tempImagekNi6fV-2048x1536.jpg 2048w, https:\/\/akks.no\/bergen\/files\/2023\/09\/tempImagekNi6fV-600x450.jpg 600w\" sizes=\"(max-width: 1024px) 100vw, 1024px\" \/> <img loading=\"lazy\" class=\"alignnone size-large wp-image-6567\" src=\"http:\/\/akks.no\/bergen\/files\/2023\/09\/tempImageq4k9Y2-1024x768.jpg\" alt=\"\" width=\"1024\" height=\"768\" srcset=\"https:\/\/akks.no\/bergen\/files\/2023\/09\/tempImageq4k9Y2-1024x768.jpg 1024w, https:\/\/akks.no\/bergen\/files\/2023\/09\/tempImageq4k9Y2-300x225.jpg 300w, https:\/\/akks.no\/bergen\/files\/2023\/09\/tempImageq4k9Y2-768x576.jpg 768w, https:\/\/akks.no\/bergen\/files\/2023\/09\/tempImageq4k9Y2-1536x1152.jpg 1536w, https:\/\/akks.no\/bergen\/files\/2023\/09\/tempImageq4k9Y2-2048x1536.jpg 2048w, https:\/\/akks.no\/bergen\/files\/2023\/09\/tempImageq4k9Y2-600x450.jpg 600w\" sizes=\"(max-width: 1024px) 100vw, 1024px\" \/><\/h2>\n<p><img loading=\"lazy\" class=\"alignnone size-full wp-image-2978\" src=\"http:\/\/akks.no\/bergen\/files\/2021\/05\/bilde-i-tekst-web-105011.png\" alt=\"\" width=\"1050\" height=\"788\" srcset=\"https:\/\/akks.no\/bergen\/files\/2021\/05\/bilde-i-tekst-web-105011.png 1050w, https:\/\/akks.no\/bergen\/files\/2021\/05\/bilde-i-tekst-web-105011-300x225.png 300w, https:\/\/akks.no\/bergen\/files\/2021\/05\/bilde-i-tekst-web-105011-1024x768.png 1024w, https:\/\/akks.no\/bergen\/files\/2021\/05\/bilde-i-tekst-web-105011-768x576.png 768w, https:\/\/akks.no\/bergen\/files\/2021\/05\/bilde-i-tekst-web-105011-600x450.png 600w\" sizes=\"(max-width: 1050px) 100vw, 1050px\" \/><\/p>\n<p><img loading=\"lazy\" class=\"wp-image-3678 \" src=\"http:\/\/akks.no\/bergen\/files\/2021\/11\/JASynneSBBoenes_SondagOving-05500-1024x819.jpg\" alt=\"\" width=\"1049\" height=\"839\" srcset=\"https:\/\/akks.no\/bergen\/files\/2021\/11\/JASynneSBBoenes_SondagOving-05500-1024x819.jpg 1024w, https:\/\/akks.no\/bergen\/files\/2021\/11\/JASynneSBBoenes_SondagOving-05500-300x240.jpg 300w, https:\/\/akks.no\/bergen\/files\/2021\/11\/JASynneSBBoenes_SondagOving-05500-768x614.jpg 768w, https:\/\/akks.no\/bergen\/files\/2021\/11\/JASynneSBBoenes_SondagOving-05500-600x480.jpg 600w, https:\/\/akks.no\/bergen\/files\/2021\/11\/JASynneSBBoenes_SondagOving-05500.jpg 1350w\" sizes=\"(max-width: 1049px) 100vw, 1049px\" \/><\/p>\n<p><em>\u00d8ving med D\u00f8gnfluer 2021. Foto: Synne Sofi B\u00f8nes<\/em><\/p>\n","protected":false},"excerpt":{"rendered":"<p>Rom B &#8211; Berntsen er 20,9 kvm og passer for band opptil 5 personer. Utstyr: 6 gitarforsterkere (Vox AC30, Fender, Marshall og 3 Boss Katana) 2 bassforsterker (Fender og Ashdown) Mikser med 6 kanaler (Soundcraft) og 3 mikrofoner med kabler og stativ Casio elpiano Pearl trommesett med raid, crash og hihat. Pedal og skarp. 2 [&hellip;]<\/p>\n","protected":false},"author":5,"featured_media":2108,"parent":159,"menu_order":0,"comment_status":"closed","ping_status":"closed","template":"","meta":[],"_links":{"self":[{"href":"https:\/\/akks.no\/bergen\/wp-json\/wp\/v2\/pages\/660"}],"collection":[{"href":"https:\/\/akks.no\/bergen\/wp-json\/wp\/v2\/pages"}],"about":[{"href":"https:\/\/akks.no\/bergen\/wp-json\/wp\/v2\/types\/page"}],"author":[{"embeddable":true,"href":"https:\/\/akks.no\/bergen\/wp-json\/wp\/v2\/users\/5"}],"replies":[{"embeddable":true,"href":"https:\/\/akks.no\/bergen\/wp-json\/wp\/v2\/comments?post=660"}],"version-history":[{"count":30,"href":"https:\/\/akks.no\/bergen\/wp-json\/wp\/v2\/pages\/660\/revisions"}],"predecessor-version":[{"id":6781,"href":"https:\/\/akks.no\/bergen\/wp-json\/wp\/v2\/pages\/660\/revisions\/6781"}],"up":[{"embeddable":true,"href":"https:\/\/akks.no\/bergen\/wp-json\/wp\/v2\/pages\/159"}],"wp:featuredmedia":[{"embeddable":true,"href":"https:\/\/akks.no\/bergen\/wp-json\/wp\/v2\/media\/2108"}],"wp:attachment":[{"href":"https:\/\/akks.no\/bergen\/wp-json\/wp\/v2\/media?parent=660"}],"curies":[{"name":"wp","href":"https:\/\/api.w.org\/{rel}","templated":true}]}}