{"id":6588,"date":"2023-10-10T09:56:26","date_gmt":"2023-10-10T07:56:26","guid":{"rendered":"https:\/\/akks.no\/bergen\/?page_id=6588"},"modified":"2024-11-20T11:46:21","modified_gmt":"2024-11-20T10:46:21","slug":"masterclass-i-musikkproduksjon","status":"publish","type":"page","link":"https:\/\/akks.no\/bergen\/masterclass-i-musikkproduksjon\/","title":{"rendered":"Masterclass i musikkproduksjon"},"content":{"rendered":"<h1><strong>Masterclass i musikkproduksjon<\/strong><\/h1>\n<h2><em><span style=\"font-weight: 400;\">for alle interesserte og nye musikkprodusenter<\/span><\/em><\/h2>\n<p><span style=\"font-weight: 400;\">I flere \u00e5r har AKKS Bergen arrangert GAIN &#8211; produsentkurs og mentorprogram som har m\u00e5lsettingen \u00e5 st\u00f8tte unge jenter, ikke-bin\u00e6re og transpersoner til \u00e5 produsere musikk. Med GAIN&#8217;s Masterclass, \u00f8nsker vi \u00e5 gi et lavterskel rom for alle som er interessert i musikkproduksjon. Alle kj\u00f8nn, alle aldre og alle niv\u00e5er er velkommen.<\/span><\/p>\n<h2><strong>Masterclass konseptet<\/strong><\/h2>\n<p><span style=\"font-weight: 400;\">Velkommen til masterclass i musikkproduksjon for alle interesserte og nye musikkprodusenter! Produserer du musikk, eller har lyst til \u00e5 komme i gang? S\u00f8ker du inspirasjon eller noen \u00e5 dele erfaringer med?<\/span><\/p>\n<p><span style=\"font-weight: 400;\">Tre ganger i v\u00e5r inviterer AKKS Bergen alle som er interessert i musikkproduksjon til en kveld med inspirasjon og kreativ utveksling p\u00e5 USF Verftet.\u00a0<\/span><\/p>\n<p><span style=\"font-weight: 400;\">Masterclass i musikkproduksjon blir hver gang ledet av en produsent, som den f\u00f8rste timen vil dele av sine personlige tips og triks med utgangspunkt i egen musikkproduksjon. Den andre timen vil v\u00e6re med utgangspunkt i deltakerne. Her blir det mulig \u00e5 dele egne prosjekter eller deler av det (uansett niv\u00e5),\u00a0 stille sp\u00f8rsm\u00e5l, og f\u00e5 innspill og feedback p\u00e5 sitt eget materiale.\u00a0<\/span><\/p>\n<p><span style=\"font-weight: 400;\">Ta gjerne med laptop og headset.<\/span><\/p>\n<hr \/>\n<h2><strong>Masterclass med Odd Martin Sk\u00e5lnes (desember)\u00a0<\/strong><\/h2>\n<h3>5. desember kl. 17-19, <em>USF Verftet<\/em><\/h3>\n<p><a href=\"https:\/\/event.checkin.no\/93088\/masterclass-med-odd-martin-skalnes\"><img loading=\"lazy\" class=\"alignnone size-full wp-image-6593\" src=\"http:\/\/akks.no\/bergen\/files\/2023\/10\/Pamelding-Registration-2.png\" alt=\"\" width=\"251\" height=\"96\" \/><\/a><\/p>\n<hr \/>\n<h2><strong>Masterclass med Sofie Hamre<\/strong>\u00a0(november)<\/h2>\n<h3>26. november\u00a0kl. 17-19, <em>USF Verftet<\/em><\/h3>\n<p><a href=\"https:\/\/event.checkin.no\/88360\/masterclass-med-sofie-hamre\"><img loading=\"lazy\" class=\"alignnone size-full wp-image-6593\" src=\"http:\/\/akks.no\/bergen\/files\/2023\/10\/Pamelding-Registration-2.png\" alt=\"\" width=\"251\" height=\"96\" \/><\/a><\/p>\n<hr \/>\n<h2>Masterclass med Ariadne Loinsworth (ARY)<\/h2>\n<h3>Torsdag den 17. oktober kl. 17-19, <em>USF Verftet<\/em><\/h3>\n<p><a href=\"https:\/\/event.checkin.no\/81154\/masterclass-med-ariadne-loinsworth-ary\"><img loading=\"lazy\" class=\"alignnone size-full wp-image-6593\" src=\"http:\/\/akks.no\/bergen\/files\/2023\/10\/Pamelding-Registration-2.png\" alt=\"\" width=\"251\" height=\"96\" \/><\/a><\/p>\n<hr \/>\n<h2><img loading=\"lazy\" class=\"alignnone size-large wp-image-7765\" src=\"http:\/\/akks.no\/bergen\/files\/2024\/10\/MASTERCLASS-i-musikkproduksjon-5-1024x724.png\" alt=\"\" width=\"1024\" height=\"724\" srcset=\"https:\/\/akks.no\/bergen\/files\/2024\/10\/MASTERCLASS-i-musikkproduksjon-5-1024x724.png 1024w, https:\/\/akks.no\/bergen\/files\/2024\/10\/MASTERCLASS-i-musikkproduksjon-5-300x212.png 300w, https:\/\/akks.no\/bergen\/files\/2024\/10\/MASTERCLASS-i-musikkproduksjon-5-768x543.png 768w, https:\/\/akks.no\/bergen\/files\/2024\/10\/MASTERCLASS-i-musikkproduksjon-5-1536x1086.png 1536w, https:\/\/akks.no\/bergen\/files\/2024\/10\/MASTERCLASS-i-musikkproduksjon-5-2048x1448.png 2048w, https:\/\/akks.no\/bergen\/files\/2024\/10\/MASTERCLASS-i-musikkproduksjon-5-600x424.png 600w\" sizes=\"(max-width: 1024px) 100vw, 1024px\" \/><\/h2>\n<hr \/>\n<h2>Sofie Hamre<\/h2>\n<p><span style=\"font-weight: 400;\">Soffe begynte \u00e5 skrive egne l\u00e5ter i 2018. I 2020 ville hun sitte bak rattet og tok dermed steget videre og l\u00e6rte seg \u00e5 produsere beats. Ableton ble raskt en ny bestevenn.\u00a0<\/span><\/p>\n<p><span style=\"font-weight: 400;\">Her er det ingen sjanger-regler eller strenge linjer, bare friheten til \u00e5 lage noe helt eget, dykke inn i detaljer og utforske lyder som h\u00f8res fete ut sammen. Soffe h\u00f8rer til under de bergenske gatene og kj\u00f8rer kompromissl\u00f8st sin egen greie. Kanskje dukker det opp noe ny musikk n\u00e5r du minst forventer det!<\/span><\/p>\n<hr \/>\n<h2><img loading=\"lazy\" class=\"alignnone size-large wp-image-7553\" src=\"http:\/\/akks.no\/bergen\/files\/2024\/10\/MASTERCLASS-i-musikkproduksjon-3-1024x724.png\" alt=\"\" width=\"1024\" height=\"724\" srcset=\"https:\/\/akks.no\/bergen\/files\/2024\/10\/MASTERCLASS-i-musikkproduksjon-3-1024x724.png 1024w, https:\/\/akks.no\/bergen\/files\/2024\/10\/MASTERCLASS-i-musikkproduksjon-3-300x212.png 300w, https:\/\/akks.no\/bergen\/files\/2024\/10\/MASTERCLASS-i-musikkproduksjon-3-768x543.png 768w, https:\/\/akks.no\/bergen\/files\/2024\/10\/MASTERCLASS-i-musikkproduksjon-3-1536x1086.png 1536w, https:\/\/akks.no\/bergen\/files\/2024\/10\/MASTERCLASS-i-musikkproduksjon-3-2048x1448.png 2048w, https:\/\/akks.no\/bergen\/files\/2024\/10\/MASTERCLASS-i-musikkproduksjon-3-600x424.png 600w\" sizes=\"(max-width: 1024px) 100vw, 1024px\" \/><\/h2>\n<hr \/>\n<h2><strong>Ariadne Loinsworth (ARY)<\/strong><\/h2>\n<p>Publikum ble f\u00f8rst kjent med ARY i 2015, da hun med et brak traff norske musikkhjerter med elektroniske popbeats og en tydelig signatur \u2013 den spektakul\u00e6re stemmen.\u00a0\u00a0\u00a0<span style=\"color: #1a1c1e;\">P\u00e5 kort tid fikk hun millioner av lyttere over hele verden. Hun spilte over 200 konserter i Norge og Europa, og gjestet festivaler som Glastonbury, Roskilde og Pitchfork. S\u00e5 trakk hun seg tilbake for \u00e5 bli kjent med sitt eget lydbilde og dykke inn i produksjon.\u00a0I starten av 2022 kom\u00a0\u00abForevig\u00bb &#8211; albumet som b\u00e5de var en prosess for \u00e5 bearbeide stor sorg, men som ogs\u00e5 introduserte Arys sound for alvor. Det ble bel\u00f8nnet med Spellemann for \u00c5rets Elektronika, og singelen \u00abMy Awe Sustains\u00bb ble k\u00e5ret til \u00c5rets Verk p\u00e5 Musikkforleggerprisen. Siden da har Ary spilt konserter og sluppet flere singler. N\u00e5 jobber hun intenst med nytt album som kommer i 2025.\u00a0<\/span><\/p>\n<hr \/>\n<h2><img loading=\"lazy\" class=\"alignnone size-large wp-image-7822\" src=\"http:\/\/akks.no\/bergen\/files\/2024\/11\/6-1024x724.png\" alt=\"\" width=\"1024\" height=\"724\" srcset=\"https:\/\/akks.no\/bergen\/files\/2024\/11\/6-1024x724.png 1024w, https:\/\/akks.no\/bergen\/files\/2024\/11\/6-300x212.png 300w, https:\/\/akks.no\/bergen\/files\/2024\/11\/6-768x543.png 768w, https:\/\/akks.no\/bergen\/files\/2024\/11\/6-1536x1086.png 1536w, https:\/\/akks.no\/bergen\/files\/2024\/11\/6-2048x1448.png 2048w, https:\/\/akks.no\/bergen\/files\/2024\/11\/6-600x424.png 600w\" sizes=\"(max-width: 1024px) 100vw, 1024px\" \/><\/h2>\n<hr \/>\n<h2><strong>Odd Martin Sk\u00e5lnes<\/strong><\/h2>\n<p><span style=\"font-weight: 400;\">Odd Martin Sk\u00e5lnes, og kjent som O. Martin, er en erfaren l\u00e5tskriver og produsent med over 20 \u00e5rs fartstid i musikkbransjen. Basert i Bergen har han bygget en karriere b\u00e5de som ut\u00f8vende artist og bak kulissene som produsent og l\u00e5tskriver. Gjennom \u00e5rene har han samarbeidet med noen av Norges st\u00f8rste artister, inkludert Aurora, Sigrid, Sl\u00f8tface, Bo Milli, Daniel Kvammen og Hannah Storm.<\/span><\/p>\n","protected":false},"excerpt":{"rendered":"<p>Masterclass i musikkproduksjon for alle interesserte og nye musikkprodusenter I flere \u00e5r har AKKS Bergen arrangert GAIN &#8211; produsentkurs og mentorprogram som har m\u00e5lsettingen \u00e5 st\u00f8tte unge jenter, ikke-bin\u00e6re og transpersoner til \u00e5 produsere musikk. Med GAIN&#8217;s Masterclass, \u00f8nsker vi \u00e5 gi et lavterskel rom for alle som er interessert i musikkproduksjon. Alle kj\u00f8nn, alle [&hellip;]<\/p>\n","protected":false},"author":5,"featured_media":7552,"parent":0,"menu_order":0,"comment_status":"closed","ping_status":"closed","template":"","meta":[],"_links":{"self":[{"href":"https:\/\/akks.no\/bergen\/wp-json\/wp\/v2\/pages\/6588"}],"collection":[{"href":"https:\/\/akks.no\/bergen\/wp-json\/wp\/v2\/pages"}],"about":[{"href":"https:\/\/akks.no\/bergen\/wp-json\/wp\/v2\/types\/page"}],"author":[{"embeddable":true,"href":"https:\/\/akks.no\/bergen\/wp-json\/wp\/v2\/users\/5"}],"replies":[{"embeddable":true,"href":"https:\/\/akks.no\/bergen\/wp-json\/wp\/v2\/comments?post=6588"}],"version-history":[{"count":22,"href":"https:\/\/akks.no\/bergen\/wp-json\/wp\/v2\/pages\/6588\/revisions"}],"predecessor-version":[{"id":7824,"href":"https:\/\/akks.no\/bergen\/wp-json\/wp\/v2\/pages\/6588\/revisions\/7824"}],"wp:featuredmedia":[{"embeddable":true,"href":"https:\/\/akks.no\/bergen\/wp-json\/wp\/v2\/media\/7552"}],"wp:attachment":[{"href":"https:\/\/akks.no\/bergen\/wp-json\/wp\/v2\/media?parent=6588"}],"curies":[{"name":"wp","href":"https:\/\/api.w.org\/{rel}","templated":true}]}}