{"id":6365,"date":"2023-07-21T13:07:51","date_gmt":"2023-07-21T11:07:51","guid":{"rendered":"https:\/\/akks.no\/bergen\/?page_id=6365"},"modified":"2026-02-05T15:01:25","modified_gmt":"2026-02-05T14:01:25","slug":"basskurs","status":"publish","type":"page","link":"https:\/\/akks.no\/bergen\/basskurs\/","title":{"rendered":"Basskurs"},"content":{"rendered":"<p style=\"text-align: right;\"><em>Zafari. Fra Kryss &amp; Tvers konsert p\u00e5 Fellesverket 2024. Fotograf: Ted Iversen Ness<\/em><\/p>\n<p><b>Syns du bassisten er den kuleste i bandet? Liker du groove, dype frekvenser og en kul rytme? Visste du at noen av de kuleste riffene faktisk spilles p\u00e5 bass av blant annet The Donnas, Queen og The White Stripes<\/b><\/p>\n<p><i>Oppstart onsdag uke 16<\/i><br \/>\n<em>Kursdatoer: 15.04, 22.04, 29.04, 06.05, 13.05, 20.05<\/em><br \/>\n<i>M\u00e5lgruppe: fra 12 \u00e5r og oppover \u2013 ingen \u00f8vre aldersgrense<\/i><br \/>\n<i>Instrukt\u00f8r: Tom Crozier<\/i><br \/>\n<i>Sted: USF Verftet<\/i><\/p>\n<p><a href=\"https:\/\/event.checkin.no\/217787\/bass-kursrunde-2-var-2026\"><img loading=\"lazy\" class=\"wp-image-6029 aligncenter\" src=\"http:\/\/akks.no\/bergen\/files\/2023\/05\/Pamelding-e1683807463933-1024x264.png\" alt=\"\" width=\"480\" height=\"124\" srcset=\"https:\/\/akks.no\/bergen\/files\/2023\/05\/Pamelding-e1683807463933-1024x264.png 1024w, https:\/\/akks.no\/bergen\/files\/2023\/05\/Pamelding-e1683807463933-300x77.png 300w, https:\/\/akks.no\/bergen\/files\/2023\/05\/Pamelding-e1683807463933-768x198.png 768w, https:\/\/akks.no\/bergen\/files\/2023\/05\/Pamelding-e1683807463933-1536x395.png 1536w, https:\/\/akks.no\/bergen\/files\/2023\/05\/Pamelding-e1683807463933-2048x527.png 2048w, https:\/\/akks.no\/bergen\/files\/2023\/05\/Pamelding-e1683807463933-600x154.png 600w\" sizes=\"(max-width: 480px) 100vw, 480px\" \/><\/a><\/p>\n<hr \/>\n<p><img loading=\"lazy\" class=\"alignnone size-large wp-image-6836\" src=\"http:\/\/akks.no\/bergen\/files\/2023\/11\/3X3A9227-scaled-e1701273604625-1024x768.jpg\" alt=\"\" width=\"1024\" height=\"768\" srcset=\"https:\/\/akks.no\/bergen\/files\/2023\/11\/3X3A9227-scaled-e1701273604625-1024x768.jpg 1024w, https:\/\/akks.no\/bergen\/files\/2023\/11\/3X3A9227-scaled-e1701273604625-300x225.jpg 300w, https:\/\/akks.no\/bergen\/files\/2023\/11\/3X3A9227-scaled-e1701273604625-768x576.jpg 768w, https:\/\/akks.no\/bergen\/files\/2023\/11\/3X3A9227-scaled-e1701273604625-1536x1152.jpg 1536w, https:\/\/akks.no\/bergen\/files\/2023\/11\/3X3A9227-scaled-e1701273604625-600x450.jpg 600w, https:\/\/akks.no\/bergen\/files\/2023\/11\/3X3A9227-scaled-e1701273604625.jpg 1707w\" sizes=\"(max-width: 1024px) 100vw, 1024px\" \/><\/p>\n<p><i><span style=\"font-weight: 400;\">Fra AKKS Sommer Musikkleir 2023. Fotograf: Ingvild H\u00e6gh\u00a0<\/span><\/i><\/p>\n<hr \/>\n<h2><span style=\"font-weight: 400;\">Praktisk<\/span><\/h2>\n<ul>\n<li style=\"font-weight: 400;\" aria-level=\"1\"><span style=\"font-weight: 400;\">P\u00e5meldingen er bindende (les mer under vilk\u00e5r)<\/span><\/li>\n<li style=\"font-weight: 400;\" aria-level=\"1\"><span style=\"font-weight: 400;\">Vi har 1-2 kurs pr. kursrunde kl. 16:30-17:45, kl. 18:00-19:15 eller kl. 19:30-20:45<\/span><\/li>\n<li style=\"font-weight: 400;\" aria-level=\"1\"><span style=\"font-weight: 400;\">Kurset g\u00e5r over 6 ganger. Hvert kurs varer 1 time og 15 min. inkl. pause.<\/span><\/li>\n<li style=\"font-weight: 400;\" aria-level=\"1\"><span style=\"font-weight: 400;\">Kurset holdes p\u00e5 <\/span><a href=\"https:\/\/g.page\/usfverftet?share\"><span style=\"font-weight: 400;\">USF Verftet<\/span><\/a><span style=\"font-weight: 400;\">, 4. etasje.<\/span><\/li>\n<li style=\"font-weight: 400;\" aria-level=\"1\"><span style=\"font-weight: 400;\">Undervisningen foreg\u00e5r i grupper p\u00e5 maks 4 deltakere.<\/span><\/li>\n<li style=\"font-weight: 400;\" aria-level=\"1\"><span style=\"font-weight: 400;\">Inkludert i kursprisen er et kompendium med praktisk info om bassspill.<\/span><\/li>\n<li style=\"font-weight: 400;\" aria-level=\"1\"><span style=\"font-weight: 400;\">Bass kan leies hos AKKS Bergen: kr. 200 for kursperioden. Velg dette i p\u00e5meldingen. Bassen kan l\u00e5nes ut semesteret.<\/span><\/li>\n<\/ul>\n<hr \/>\n<h2><span style=\"font-weight: 400;\">Kursets innhold<\/span><\/h2>\n<p><span style=\"font-weight: 400;\">P\u00e5 basskurset for nybegynnere vil deltakeren gjennom \u00f8velser i generell spilleteknikk f\u00e5 grunnleggende oppl\u00e6ring p\u00e5 sitt instrument som grunnlag for \u00e5 kunne spille alene og sammen med andre. Det er bassisten som knytter sammen melodien og rytmen i bandet, om det er innen pop, rock, metal, jazz eller hiphop. Deltakeren vil f\u00e5 en innf\u00f8ring i bassen som instrument og l\u00e6re \u00e5 spille enkle skalaer og bassganger. Kurset vil gi deltakeren det som trengs for \u00e5 komme i gang med selvstendig spilling. I tillegg l\u00e6rer deltakeren \u00e5 man\u00f8vrere p\u00e5 basshalsen og treffe riktig streng under spillingen.\u00a0<\/span><\/p>\n<p><span style=\"font-weight: 400;\">P\u00e5 kurset for viderekomne f\u00e5r du et utvidet l\u00e5t- og akkordrepertoar samt et innblikk i mer avanserte spillestiler og improvisasjon. Gjennom \u00f8velser for \u00e5 utvikle omfang, teknikk, hurtighet og intonasjon vil du utvikles som instrumentalist. Kurset gir deg musikalsk utvikling for \u00e5 bli en bedre ut\u00f8ver p\u00e5 ditt instrument og bedre grunnlag for samspill i band.<\/span><\/p>\n<p><i><span style=\"font-weight: 400;\">Alle AKKS sine kurs har fokus p\u00e5 mestringsf\u00f8lelse og spilleglede, og undervisningen foreg\u00e5r i et trygt milj\u00f8 i sm\u00e5 grupper. Og s\u00e5 begynner vi tidlig med \u00e5 spille.<\/span><\/i><\/p>\n<hr \/>\n<p><img loading=\"lazy\" class=\"alignnone wp-image-6820 size-large\" src=\"http:\/\/akks.no\/bergen\/files\/2023\/11\/3X3A7259-scaled-e1701273833225-1024x768.jpg\" alt=\"\" width=\"1024\" height=\"768\" srcset=\"https:\/\/akks.no\/bergen\/files\/2023\/11\/3X3A7259-scaled-e1701273833225-1024x768.jpg 1024w, https:\/\/akks.no\/bergen\/files\/2023\/11\/3X3A7259-scaled-e1701273833225-300x225.jpg 300w, https:\/\/akks.no\/bergen\/files\/2023\/11\/3X3A7259-scaled-e1701273833225-768x576.jpg 768w, https:\/\/akks.no\/bergen\/files\/2023\/11\/3X3A7259-scaled-e1701273833225-1536x1152.jpg 1536w, https:\/\/akks.no\/bergen\/files\/2023\/11\/3X3A7259-scaled-e1701273833225-600x450.jpg 600w, https:\/\/akks.no\/bergen\/files\/2023\/11\/3X3A7259-scaled-e1701273833225.jpg 1707w\" sizes=\"(max-width: 1024px) 100vw, 1024px\" \/><\/p>\n<p><i><span style=\"font-weight: 400;\">Fra AKKS -konserten 25. mai 2023. Fotograf: Ingvild H\u00e6gh<\/span><\/i><\/p>\n<hr \/>\n<h2><strong>Instrukt\u00f8r p\u00e5 basskurs: Tom Crozier<\/strong><\/h2>\n<p><img loading=\"lazy\" class=\"alignnone size-large wp-image-8301\" src=\"http:\/\/akks.no\/bergen\/files\/2025\/08\/7-1024x724.png\" alt=\"\" width=\"1024\" height=\"724\" srcset=\"https:\/\/akks.no\/bergen\/files\/2025\/08\/7-1024x724.png 1024w, https:\/\/akks.no\/bergen\/files\/2025\/08\/7-300x212.png 300w, https:\/\/akks.no\/bergen\/files\/2025\/08\/7-768x543.png 768w, https:\/\/akks.no\/bergen\/files\/2025\/08\/7-1536x1086.png 1536w, https:\/\/akks.no\/bergen\/files\/2025\/08\/7-2048x1448.png 2048w, https:\/\/akks.no\/bergen\/files\/2025\/08\/7-600x424.png 600w\" sizes=\"(max-width: 1024px) 100vw, 1024px\" \/><\/p>\n<p><span style=\"font-weight: 400;\">Tom Crozier har v\u00e6rt instrukt\u00f8r hos AKKS Bergen i flere \u00e5r. P\u00e5 Tom sine kurs f\u00e5r deltakerne grunnleggende forst\u00e5else for gitar og musikk. Han \u00f8nsker \u00e5 gi sine kursdeltakere inspirasjon til \u00e5 plukke opp instrumentet s\u00e5 ofte som mulig.\u00a0\u00a0<\/span><\/p>\n<p><span style=\"font-weight: 400;\">\u201c<\/span><i><span style=\"font-weight: 400;\">Det beste med \u00e5 undervise er garantert n\u00e5r jeg f\u00e5r et inntrykk av \u00e5 ha inspirert noen! Jeg synes det er g\u00f8y \u00e5 sitte og jamme sammen med kursdeltakerne og diskutere hvorfor noe funket eller ikke funket<\/span><\/i><span style=\"font-weight: 400;\">.\u201d<\/span><\/p>\n<hr \/>\n<h2><strong>Gratis \u00f8ving i v\u00e5re \u00f8vingslokaler i kursperioden<\/strong><\/h2>\n<p><span style=\"font-weight: 400;\">Mellom kursdagene kan deltakeren \u00f8ve gratis 2 timer pr. dag i v\u00e5re \u00f8vingslokaler mandag-fredag kl. 08:00-17:00 og l\u00f8rdag-s\u00f8ndag kl. 11:00-23:00. Lokalene kan bookes her.\u00a0<\/span><\/p>\n<p><span style=\"font-weight: 400;\">OBS! Om deltakeren er under 18 \u00e5r kan en foresatt booke lokalet for deltakeren.<\/span><\/p>\n<hr \/>\n<p><img loading=\"lazy\" class=\"alignnone size-large wp-image-6826\" src=\"http:\/\/akks.no\/bergen\/files\/2023\/11\/3X3A5157-scaled-e1701274030116-1024x779.jpg\" alt=\"\" width=\"1024\" height=\"779\" srcset=\"https:\/\/akks.no\/bergen\/files\/2023\/11\/3X3A5157-scaled-e1701274030116-1024x779.jpg 1024w, https:\/\/akks.no\/bergen\/files\/2023\/11\/3X3A5157-scaled-e1701274030116-300x228.jpg 300w, https:\/\/akks.no\/bergen\/files\/2023\/11\/3X3A5157-scaled-e1701274030116-768x584.jpg 768w, https:\/\/akks.no\/bergen\/files\/2023\/11\/3X3A5157-scaled-e1701274030116-1536x1169.jpg 1536w, https:\/\/akks.no\/bergen\/files\/2023\/11\/3X3A5157-scaled-e1701274030116-600x457.jpg 600w, https:\/\/akks.no\/bergen\/files\/2023\/11\/3X3A5157-scaled-e1701274030116.jpg 1707w\" sizes=\"(max-width: 1024px) 100vw, 1024px\" \/><\/p>\n<p><i><span style=\"font-weight: 400;\">Fra \u00c5pen Scene v\u00e5ren 2023. Fotograf: Ingvild H\u00e6gh<\/span><\/i><\/p>\n<hr \/>\n<h2><strong>AKKS-kurs for oss med funksjonsnedsettelser<\/strong><\/h2>\n<p><span style=\"font-weight: 400;\">Har du behov for \u00e5 ha med assistent eller ledsager p\u00e5 kurs, opplys om dette i p\u00e5meldingsskjemaet s\u00e5 kan vi tilrettelegge for dette. Om ledsager \/ assistent skal delta p\u00e5 kurset m\u00e5 de sende inn egen p\u00e5melding for dette. V\u00e5re kurslokaler er dessverre ikke tilpasset rullestolbrukere. Ta gjerne kontakt s\u00e5 kan vi se p\u00e5 hvordan vi kan tilrettelegge for at du kan delta.<\/span><\/p>\n<hr \/>\n<h2><strong>Vilk\u00e5r<\/strong><\/h2>\n<p><span style=\"font-weight: 400;\">P\u00e5meldingen er bindende. Vi har begrenset med plasser p\u00e5 hvert kurs, og vi har derfor ingen avmeldingsfrist p\u00e5 v\u00e5re kurs.<\/span><\/p>\n<p><span style=\"font-weight: 400;\">Ved innsendt p\u00e5melding er man bundet til \u00e5 betale kursavgiften. Det vil si at kursavgift m\u00e5 betales selv om kursdeltakeren ikke m\u00f8ter opp til kurset eller slutter p\u00e5 kurset. Les v\u00e5re <\/span><a href=\"http:\/\/akks.no\/bergen\/files\/2022\/11\/Vilkar-for-kurspamelding-AKKS-Bergen-2023.pdf\"><span style=\"font-weight: 400;\">p\u00e5meldingsbetingelser<\/span><\/a><span style=\"font-weight: 400;\"> og v\u00e5r <\/span><a href=\"https:\/\/akks.no\/personvernerklaering\/\"><span style=\"font-weight: 400;\">personvernerkl\u00e6ring<\/span><\/a><span style=\"font-weight: 400;\">.<\/span><\/p>\n<hr \/>\n<p><img loading=\"lazy\" class=\"alignnone size-large wp-image-6837\" src=\"http:\/\/akks.no\/bergen\/files\/2023\/11\/3X3A9240-scaled-e1701273938378-1024x794.jpg\" alt=\"\" width=\"1024\" height=\"794\" srcset=\"https:\/\/akks.no\/bergen\/files\/2023\/11\/3X3A9240-scaled-e1701273938378-1024x794.jpg 1024w, https:\/\/akks.no\/bergen\/files\/2023\/11\/3X3A9240-scaled-e1701273938378-300x233.jpg 300w, https:\/\/akks.no\/bergen\/files\/2023\/11\/3X3A9240-scaled-e1701273938378-768x596.jpg 768w, https:\/\/akks.no\/bergen\/files\/2023\/11\/3X3A9240-scaled-e1701273938378-1536x1191.jpg 1536w, https:\/\/akks.no\/bergen\/files\/2023\/11\/3X3A9240-scaled-e1701273938378-600x465.jpg 600w, https:\/\/akks.no\/bergen\/files\/2023\/11\/3X3A9240-scaled-e1701273938378.jpg 1707w\" sizes=\"(max-width: 1024px) 100vw, 1024px\" \/><\/p>\n<p><i><span style=\"font-weight: 400;\">Astronautist p\u00e5 Eggstockfestival 2023. Fotograf: Ingvild H\u00e6gh<\/span><\/i><\/p>\n<hr \/>\n<h2><strong>Musikkaktivitet for alle<\/strong><\/h2>\n<p><span style=\"font-weight: 400;\">AKKS Bergen \u00f8nsker ikke at \u00f8konomi skal st\u00e5 i veien for deltakelse p\u00e5 v\u00e5re kurs. Vi har derfor et begrenset antall plasser der man kan f\u00e5 gratis eller redusert pris i kursavgiften om man er AKKS medlem, under 26 \u00e5r og der familien har begrenset \u00f8konomi. For \u00e5 benytte deg av tilbudet m\u00e5 du ta kontakt med oss p\u00e5 kontoret@bergen.akks.no.\u00a0<\/span><\/p>\n<p>Skriver du med \u00f8nske om gratisplasser f\u00e5r du tilsendt link til den gratis p\u00e5meldingssiden.<\/p>\n<p><a href=\"https:\/\/akks.hypersys.no\/page\/blimedlem\/signup?type=87\">Bli medlem her<\/a>.<\/p>\n<p><span style=\"font-weight: 400;\">Benytter man seg av en av v\u00e5re gratisplasser er det gratis \u00e5 l\u00e5ne instrument.<\/span><\/p>\n<hr \/>\n<p><img loading=\"lazy\" class=\"alignnone wp-image-6838 size-large\" src=\"http:\/\/akks.no\/bergen\/files\/2023\/11\/3X3A9278-scaled-e1701273691602-1024x771.jpg\" alt=\"\" width=\"1024\" height=\"771\" srcset=\"https:\/\/akks.no\/bergen\/files\/2023\/11\/3X3A9278-scaled-e1701273691602-1024x771.jpg 1024w, https:\/\/akks.no\/bergen\/files\/2023\/11\/3X3A9278-scaled-e1701273691602-300x226.jpg 300w, https:\/\/akks.no\/bergen\/files\/2023\/11\/3X3A9278-scaled-e1701273691602-768x579.jpg 768w, https:\/\/akks.no\/bergen\/files\/2023\/11\/3X3A9278-scaled-e1701273691602-1536x1157.jpg 1536w, https:\/\/akks.no\/bergen\/files\/2023\/11\/3X3A9278-scaled-e1701273691602-600x452.jpg 600w, https:\/\/akks.no\/bergen\/files\/2023\/11\/3X3A9278-scaled-e1701273691602.jpg 1707w\" sizes=\"(max-width: 1024px) 100vw, 1024px\" \/><\/p>\n<p><i><span style=\"font-weight: 400;\">Fra AKKS Sommer Musikkleir 2023. Fotograf: Ingvild H\u00e6gh<\/span><\/i><\/p>\n<hr \/>\n<h2><strong>Betaling<\/strong><\/h2>\n<p><span style=\"font-weight: 400;\">En kan betale med faktura, vipps eller bankkort. Faktura vil bli sendt ut f\u00f8rste kursdag om man velger dette.<\/span><\/p>\n<p><span style=\"font-weight: 400;\">Dersom man velger kursavgift for AKKS-medlemmer og ikke er AKKS-medlem vil man bli etterfakturert medlemskontingenten p\u00e5 kr 50. Om ikke denne betales vil man kunne bli etterfakturert for kurset til ikke-medlemspris.<\/span><\/p>\n<hr \/>\n<p><strong>Er du usikker p\u00e5 niv\u00e5et ditt eller har andre sp\u00f8rsm\u00e5l?<\/strong><br \/>\n<span style=\"font-weight: 400;\">Ta gjerne kontakt med oss p\u00e5 kontoret@bergen.akks.no.<\/span><\/p>\n","protected":false},"excerpt":{"rendered":"<p>Zafari. Fra Kryss &amp; Tvers konsert p\u00e5 Fellesverket 2024. Fotograf: Ted Iversen Ness Syns du bassisten er den kuleste i bandet? Liker du groove, dype frekvenser og en kul rytme? Visste du at noen av de kuleste riffene faktisk spilles p\u00e5 bass av blant annet The Donnas, Queen og The White Stripes Oppstart onsdag uke [&hellip;]<\/p>\n","protected":false},"author":5,"featured_media":7727,"parent":0,"menu_order":0,"comment_status":"closed","ping_status":"closed","template":"","meta":[],"_links":{"self":[{"href":"https:\/\/akks.no\/bergen\/wp-json\/wp\/v2\/pages\/6365"}],"collection":[{"href":"https:\/\/akks.no\/bergen\/wp-json\/wp\/v2\/pages"}],"about":[{"href":"https:\/\/akks.no\/bergen\/wp-json\/wp\/v2\/types\/page"}],"author":[{"embeddable":true,"href":"https:\/\/akks.no\/bergen\/wp-json\/wp\/v2\/users\/5"}],"replies":[{"embeddable":true,"href":"https:\/\/akks.no\/bergen\/wp-json\/wp\/v2\/comments?post=6365"}],"version-history":[{"count":22,"href":"https:\/\/akks.no\/bergen\/wp-json\/wp\/v2\/pages\/6365\/revisions"}],"predecessor-version":[{"id":8632,"href":"https:\/\/akks.no\/bergen\/wp-json\/wp\/v2\/pages\/6365\/revisions\/8632"}],"wp:featuredmedia":[{"embeddable":true,"href":"https:\/\/akks.no\/bergen\/wp-json\/wp\/v2\/media\/7727"}],"wp:attachment":[{"href":"https:\/\/akks.no\/bergen\/wp-json\/wp\/v2\/media?parent=6365"}],"curies":[{"name":"wp","href":"https:\/\/api.w.org\/{rel}","templated":true}]}}