{"id":590,"date":"2019-05-14T15:22:34","date_gmt":"2019-05-14T13:22:34","guid":{"rendered":"http:\/\/akks-no.staging.wordpress.idium.no\/bergen\/?page_id=590"},"modified":"2025-10-02T11:10:48","modified_gmt":"2025-10-02T09:10:48","slug":"gain","status":"publish","type":"page","link":"https:\/\/akks.no\/bergen\/gain\/","title":{"rendered":"GAIN &#8211; et produsentprosjekt for jenter, ikke-bin\u00e6re og transpersoner"},"content":{"rendered":"<p><em>GAIN &#8211; produsentkurs er dessverre ikke aktiv for \u00f8yeblikket<\/em><\/p>\n<p><span style=\"font-weight: 400;\">I 2018 kartla <a href=\"http:\/\/balansekunstprosjektet.no\">Balansekunst<\/a> kj\u00f8nnsfordelingen p\u00e5 ulike omr\u00e5der innenfor Bergens musikkliv. <a href=\"http:\/\/balansekunstprosjektet.no\/bergen\">Rapporten<\/a> viser at teknikk- og produksjonsfeltet kommer d\u00e5rligst ut: Ingen av de til sammen 17 unders\u00f8kte virksomhetene oppgir \u00e5 ha noen kvinnelige ansatte teknikere eller produsenter. <\/span><span style=\"font-weight: 400;\">GAIN ble startet allerede i 2017, den gang som et samarbeidsprosjekt mellom AKKS Bergen og <a href=\"http:\/\/eddamusic.no\/\">EDDA Music<\/a>, og er et direkte tiltak for \u00e5 \u00f8ke antallet produsenter i Norge som identifiserer seg som kvinne, ikke-bin\u00e6r eller transperson. I samarbeid med <a href=\"http:\/\/www.lydriket.no\/\">Lydriket Studio<\/a>, ble det igangsatt en m\u00e5lrettet satsing for \u00e5 rekruttere flere kvinner, ikke-bin\u00e6re og transpersoner til produsentfeltet.\u00a0<\/span><\/p>\n<p><span style=\"font-weight: 400;\"><a href=\"http:\/\/akks.no\/bergen\/gain\">Prosjektet GAIN<\/a> har best\u00e5tt av en kursserie over \u00e5tte ganger, gratis masterclasses p\u00e5 USF Verftet og et mentorprogram innen musikkproduksjon og studioteknikk. Hittil har produsenter som Vilde Tuv, Peter S\u00e6verud, Sandra Kolstad, Ary, Matias Tellez, Edvard Tronstad, Nora Schjelderup, J\u00f8rgen Tr\u00e6en og Jessica Sligter v\u00e6rt instrukt\u00f8rer for GAIN. <\/span><\/p>\n<h3><strong>GAIN produsentkurs og mentorprogram<\/strong><\/h3>\n<p><span style=\"font-weight: 400;\">H\u00f8sten 2024 ble det \u00e5tte kursdager inkludert tre dager med studiobes\u00f8k, i Lydriket Studio og Vestavind Studio. Hovedinstrukt\u00f8r er Monika Engeseth (Moyka), gjesteprodusenter er Edvard Tronstad (Lydriket Studio, Vestavind Studio). I Vestavind Studio spilte vi inn musikk for artisten Ingrid D\u00f8ssland (D\u00d8\u00d8SI). Deltakerne p\u00e5 GAIN-kurs fikk ogs\u00e5 tilbud om et mentorprogram med etablerte musikkprodusenter etter gjennomf\u00f8rt kurs. Produsentene var Edvard Tronstad og Eirik Marinius Sandvik.<\/span><\/p>\n<p><em><span style=\"font-weight: 400;\">GAIN har som m\u00e5lsetting \u00e5 senke terskelen for unge jenter, ikke-bin\u00e6re og transpersoner til \u00e5 produsere musikk, og vi \u00f8nsker ogs\u00e5 \u00e5 tilrettelegge for kontakt mellom unge produsentspirer og det profesjonelle feltet. Vi mener at en satsing initiert av kulturlivet selv vil f\u00f8re til en st\u00f8rre bevissthet innad i bransjen, som igjen kan styrke arbeidet for et mangfoldig produsentfelt. Vi h\u00e5per \u00e5 se mange kvinnelige, ikke-bin\u00e6re og transkj\u00f8nnede musikkprodusenter i Norge i tiden fremover!<\/span><\/em><\/p>\n<p>&nbsp;<\/p>\n<p><img loading=\"lazy\" class=\"wp-image-597\" src=\"https:\/\/akks.no\/bergen\/files\/2019\/05\/kulturraadet_sort_stor-300x115.png\" alt=\"\" width=\"211\" height=\"81\" srcset=\"https:\/\/akks.no\/bergen\/files\/2019\/05\/kulturraadet_sort_stor-300x115.png 300w, https:\/\/akks.no\/bergen\/files\/2019\/05\/kulturraadet_sort_stor-768x294.png 768w, https:\/\/akks.no\/bergen\/files\/2019\/05\/kulturraadet_sort_stor-600x229.png 600w, https:\/\/akks.no\/bergen\/files\/2019\/05\/kulturraadet_sort_stor.png 900w\" sizes=\"(max-width: 211px) 100vw, 211px\" \/><img loading=\"lazy\" class=\"alignnone wp-image-4300\" src=\"http:\/\/akks.no\/bergen\/files\/2022\/03\/Bergenkommune_svart.png\" alt=\"\" width=\"140\" height=\"77\" srcset=\"https:\/\/akks.no\/bergen\/files\/2022\/03\/Bergenkommune_svart.png 303w, https:\/\/akks.no\/bergen\/files\/2022\/03\/Bergenkommune_svart-300x164.png 300w\" sizes=\"(max-width: 140px) 100vw, 140px\" \/><img loading=\"lazy\" class=\"alignnone wp-image-4301\" src=\"http:\/\/akks.no\/bergen\/files\/2022\/03\/frifond-logo-tekst-rgb-eksempel-777x1024.png\" alt=\"\" width=\"59\" height=\"78\" srcset=\"https:\/\/akks.no\/bergen\/files\/2022\/03\/frifond-logo-tekst-rgb-eksempel-777x1024.png 777w, https:\/\/akks.no\/bergen\/files\/2022\/03\/frifond-logo-tekst-rgb-eksempel-228x300.png 228w, https:\/\/akks.no\/bergen\/files\/2022\/03\/frifond-logo-tekst-rgb-eksempel-768x1012.png 768w, https:\/\/akks.no\/bergen\/files\/2022\/03\/frifond-logo-tekst-rgb-eksempel-600x790.png 600w, https:\/\/akks.no\/bergen\/files\/2022\/03\/frifond-logo-tekst-rgb-eksempel.png 911w\" sizes=\"(max-width: 59px) 100vw, 59px\" \/><\/p>\n<p>&nbsp;<\/p>\n<p><em>GAIN er st\u00f8ttet av Norsk Kulturr\u00e5d, Bergen kommune og Frifond Kompetanse og aktivitet.<\/em><\/p>\n","protected":false},"excerpt":{"rendered":"<p>GAIN &#8211; produsentkurs er dessverre ikke aktiv for \u00f8yeblikket I 2018 kartla Balansekunst kj\u00f8nnsfordelingen p\u00e5 ulike omr\u00e5der innenfor Bergens musikkliv. Rapporten viser at teknikk- og produksjonsfeltet kommer d\u00e5rligst ut: Ingen av de til sammen 17 unders\u00f8kte virksomhetene oppgir \u00e5 ha noen kvinnelige ansatte teknikere eller produsenter. GAIN ble startet allerede i 2017, den gang som [&hellip;]<\/p>\n","protected":false},"author":5,"featured_media":5822,"parent":0,"menu_order":0,"comment_status":"closed","ping_status":"closed","template":"","meta":[],"_links":{"self":[{"href":"https:\/\/akks.no\/bergen\/wp-json\/wp\/v2\/pages\/590"}],"collection":[{"href":"https:\/\/akks.no\/bergen\/wp-json\/wp\/v2\/pages"}],"about":[{"href":"https:\/\/akks.no\/bergen\/wp-json\/wp\/v2\/types\/page"}],"author":[{"embeddable":true,"href":"https:\/\/akks.no\/bergen\/wp-json\/wp\/v2\/users\/5"}],"replies":[{"embeddable":true,"href":"https:\/\/akks.no\/bergen\/wp-json\/wp\/v2\/comments?post=590"}],"version-history":[{"count":45,"href":"https:\/\/akks.no\/bergen\/wp-json\/wp\/v2\/pages\/590\/revisions"}],"predecessor-version":[{"id":8440,"href":"https:\/\/akks.no\/bergen\/wp-json\/wp\/v2\/pages\/590\/revisions\/8440"}],"wp:featuredmedia":[{"embeddable":true,"href":"https:\/\/akks.no\/bergen\/wp-json\/wp\/v2\/media\/5822"}],"wp:attachment":[{"href":"https:\/\/akks.no\/bergen\/wp-json\/wp\/v2\/media?parent=590"}],"curies":[{"name":"wp","href":"https:\/\/api.w.org\/{rel}","templated":true}]}}