{"id":5563,"date":"2023-01-05T20:40:25","date_gmt":"2023-01-05T19:40:25","guid":{"rendered":"https:\/\/akks.no\/bergen\/?page_id=5563"},"modified":"2025-03-06T14:51:24","modified_gmt":"2025-03-06T13:51:24","slug":"nyhetsbrev","status":"publish","type":"page","link":"https:\/\/akks.no\/bergen\/nyhetsbrev\/","title":{"rendered":"Nyhetsbrev"},"content":{"rendered":"<h2><strong>\u00d8nsker du informasjon om v\u00e5rt tilbud?<\/strong><\/h2>\n<p>Hver m\u00e5ned sender vi ut nyhetsbrev med informasjon om v\u00e5re kurs, konserter og \u00f8vingslokaler.<\/p>\n<h2><strong><a href=\"https:\/\/akks.mailmojo.no\/forms\/subscribe\/36580\/\">Meld deg p\u00e5 v\u00e5rt nyhetsbrev!<\/a><\/strong><\/h2>\n","protected":false},"excerpt":{"rendered":"<p>\u00d8nsker du informasjon om v\u00e5rt tilbud? Hver m\u00e5ned sender vi ut nyhetsbrev med informasjon om v\u00e5re kurs, konserter og \u00f8vingslokaler. Meld deg p\u00e5 v\u00e5rt nyhetsbrev!<\/p>\n","protected":false},"author":5,"featured_media":6318,"parent":0,"menu_order":0,"comment_status":"closed","ping_status":"closed","template":"","meta":[],"_links":{"self":[{"href":"https:\/\/akks.no\/bergen\/wp-json\/wp\/v2\/pages\/5563"}],"collection":[{"href":"https:\/\/akks.no\/bergen\/wp-json\/wp\/v2\/pages"}],"about":[{"href":"https:\/\/akks.no\/bergen\/wp-json\/wp\/v2\/types\/page"}],"author":[{"embeddable":true,"href":"https:\/\/akks.no\/bergen\/wp-json\/wp\/v2\/users\/5"}],"replies":[{"embeddable":true,"href":"https:\/\/akks.no\/bergen\/wp-json\/wp\/v2\/comments?post=5563"}],"version-history":[{"count":5,"href":"https:\/\/akks.no\/bergen\/wp-json\/wp\/v2\/pages\/5563\/revisions"}],"predecessor-version":[{"id":8075,"href":"https:\/\/akks.no\/bergen\/wp-json\/wp\/v2\/pages\/5563\/revisions\/8075"}],"wp:featuredmedia":[{"embeddable":true,"href":"https:\/\/akks.no\/bergen\/wp-json\/wp\/v2\/media\/6318"}],"wp:attachment":[{"href":"https:\/\/akks.no\/bergen\/wp-json\/wp\/v2\/media?parent=5563"}],"curies":[{"name":"wp","href":"https:\/\/api.w.org\/{rel}","templated":true}]}}