{"id":5443,"date":"2022-12-09T14:56:49","date_gmt":"2022-12-09T13:56:49","guid":{"rendered":"https:\/\/akks.no\/bergen\/?page_id=5443"},"modified":"2024-05-28T17:39:57","modified_gmt":"2024-05-28T15:39:57","slug":"apen-scene","status":"publish","type":"page","link":"https:\/\/akks.no\/bergen\/apen-scene\/","title":{"rendered":"\u00c5pen scene"},"content":{"rendered":"<p style=\"text-align: right;\"><em>\u00c5pen scene v\u00e5ren 2023. Foto: Ingvild H\u00e6gh<\/em><\/p>\n<h3><\/h3>\n<h3 class=\"x11i5rnm xat24cr x1mh8g0r x1vvkbs xdj266r\"><strong>Hvor kan man m\u00f8te andre likesinnede, musikkinteresserte i Bergen?<\/strong><\/h3>\n<p class=\"x11i5rnm xat24cr x1mh8g0r x1vvkbs xdj266r\">AKKS Bergen og RF vil skape en arena for unge musikere og andre musikkinteresserte som vil vise musikken sin for et publikum, treffe nye venner, folk \u00e5 arrangere konserter med, eller andre \u00e5 spille med. Ta deg turen p\u00e5 v\u00e5r \u00e5pen scene for \u00e5 spille med andre og oppdage ny, lokal musikk!<\/p>\n<p class=\"x11i5rnm xat24cr x1mh8g0r x1vvkbs xtlvy1s\">Vi legger opp til \u00e5pen scene, hvor man f\u00e5r mulighet til \u00e5 vise frem materialet sitt til et nytt publikum. Vi har ikke husband, s\u00e5 om du er vokalist og \u00f8nsker \u00e5 spille en spesifikk l\u00e5t, b\u00f8r du ha med egen backing track. Vi oppfordrer alle til \u00e5 ta med egne instrumenter. Har du et komplisert oppsett m\u00e5 du kunne rigge det opp selv.<\/p>\n<p>F\u00f8lg med p\u00e5 v\u00e5r <a href=\"http:\/\/facebook.com\/akksbergen\">Facebook<\/a> og <a href=\"http:\/\/instagram.com\/akksbergen\">Instagram<\/a> for informasjon om neste \u00e5pen scene.<\/p>\n<p>&nbsp;<\/p>\n<hr \/>\n<p>&nbsp;<\/p>\n<p class=\"x11i5rnm xat24cr x1mh8g0r x1vvkbs xtlvy1s\"><em>P\u00e5 alle AKKS Bergen sine arrangementer m\u00f8ter vi hverandre med respekt og heier hverandre frem. Nedlatende oppf\u00f8rsel mot andre vil ikke bli tolerert.<\/em><\/p>\n<p><em><span class=\"s1\">Vi vil at arrangementene v\u00e5re skal v\u00e6re tilgjengelige for alle. Ledsager g\u00e5r derfor gratis p\u00e5 alle v\u00e5re arrangement ved fremvisning av gyldig ledsagerbevis utstedt av kommunen. Ved forh\u00e5ndsbestilling av billetter eller andre sp\u00f8rsm\u00e5l, ta kontakt med oss p\u00e5 <a href=\"mailto:bergen@akks.no\" data-event-category=\"Henvendelser (mailto)\" data-event-action=\"Klikk p\u00e5 mailtolenker\" data-event-label=\"https:\/\/akks.no\/bergen\/konserter\/akks-konserten\"><span class=\"s2\">bergen@akks.no<\/span><\/a>\u00a0eller tlf. 55 55 75 55.<\/span><\/em><\/p>\n","protected":false},"excerpt":{"rendered":"<p>\u00c5pen scene v\u00e5ren 2023. Foto: Ingvild H\u00e6gh Hvor kan man m\u00f8te andre likesinnede, musikkinteresserte i Bergen? AKKS Bergen og RF vil skape en arena for unge musikere og andre musikkinteresserte som vil vise musikken sin for et publikum, treffe nye venner, folk \u00e5 arrangere konserter med, eller andre \u00e5 spille med. Ta deg turen p\u00e5 [&hellip;]<\/p>\n","protected":false},"author":5,"featured_media":6412,"parent":0,"menu_order":0,"comment_status":"closed","ping_status":"closed","template":"","meta":[],"_links":{"self":[{"href":"https:\/\/akks.no\/bergen\/wp-json\/wp\/v2\/pages\/5443"}],"collection":[{"href":"https:\/\/akks.no\/bergen\/wp-json\/wp\/v2\/pages"}],"about":[{"href":"https:\/\/akks.no\/bergen\/wp-json\/wp\/v2\/types\/page"}],"author":[{"embeddable":true,"href":"https:\/\/akks.no\/bergen\/wp-json\/wp\/v2\/users\/5"}],"replies":[{"embeddable":true,"href":"https:\/\/akks.no\/bergen\/wp-json\/wp\/v2\/comments?post=5443"}],"version-history":[{"count":5,"href":"https:\/\/akks.no\/bergen\/wp-json\/wp\/v2\/pages\/5443\/revisions"}],"predecessor-version":[{"id":7287,"href":"https:\/\/akks.no\/bergen\/wp-json\/wp\/v2\/pages\/5443\/revisions\/7287"}],"wp:featuredmedia":[{"embeddable":true,"href":"https:\/\/akks.no\/bergen\/wp-json\/wp\/v2\/media\/6412"}],"wp:attachment":[{"href":"https:\/\/akks.no\/bergen\/wp-json\/wp\/v2\/media?parent=5443"}],"curies":[{"name":"wp","href":"https:\/\/api.w.org\/{rel}","templated":true}]}}