{"id":528,"date":"2019-05-14T14:15:08","date_gmt":"2019-05-14T12:15:08","guid":{"rendered":"http:\/\/akks-no.staging.wordpress.idium.no\/bergen\/?page_id=528"},"modified":"2022-01-25T12:17:30","modified_gmt":"2022-01-25T11:17:30","slug":"medlemsfordeler","status":"publish","type":"page","link":"https:\/\/akks.no\/medlemsfordeler\/","title":{"rendered":"Medlemsfordeler"},"content":{"rendered":"<h2><strong><img loading=\"lazy\" class=\"alignnone wp-image-3178 \" src=\"http:\/\/akks.no\/bergen\/files\/2021\/06\/AKKS_FB_toppbanner.jpg\" alt=\"\" width=\"946\" height=\"360\" srcset=\"https:\/\/akks.no\/bergen\/files\/2021\/06\/AKKS_FB_toppbanner.jpg 820w, https:\/\/akks.no\/bergen\/files\/2021\/06\/AKKS_FB_toppbanner-300x114.jpg 300w, https:\/\/akks.no\/bergen\/files\/2021\/06\/AKKS_FB_toppbanner-768x292.jpg 768w, https:\/\/akks.no\/bergen\/files\/2021\/06\/AKKS_FB_toppbanner-600x228.jpg 600w\" sizes=\"(max-width: 946px) 100vw, 946px\" \/>\u00a0<\/strong><\/h2>\n<p>Som medlem i AKKS f\u00e5r du medlemsrabatter p\u00e5 kurs, leie av \u00f8vingslokaler og konserter i regi av AKKS, samt gode rabatter hos utvalgte musikkbutikker og samarbeidspartnere.<\/p>\n<h3><strong>Medlemsfordeler AKKS Bergen<\/strong><\/h3>\n<ul>\n<li>Medlemspris p\u00e5 leie av \u00f8vingslokaler p\u00e5 USF Verftet: Fast\u00f8ving kr 175 pr. \u00f8kt \/\/ Drop in kr 220 pr. \u00f8kt.<\/li>\n<li>Medlemspris p\u00e5 alle v\u00e5re kurs (instrumentkurs, vokalkurs, DJ-kurs, bandkurs, mfl.)<\/li>\n<li>Medlemspris p\u00e5 konserter i regi av AKKS Bergen, UFLAKKS og Eggstockfestivalen.<\/li>\n<li>Muligheten til \u00e5 s\u00f8ke Frifondst\u00f8tte: som bandlag med 1\/3 antall medlemmer under 26 \u00e5r kan band s\u00f8ke opptil 50,000.<\/li>\n<li>S\u00f8k st\u00f8tte for \u00f8vingstiden: inntil kr 45 per time, fra ditt lokale musikkr\u00e5d. Mer informasjon og linker til s\u00f8knadsportal her: <a href=\"https:\/\/www.musikkensstudieforbund.no\/omvaretilskudd?fbclid=IwAR1ryrmy3gUiZZlZXBLgJLD2AkI6aZZ44zUWgiemFRU1Rv8ycTI9tgwBjwA#top\">Musikkensstudieforbund.no<\/a><\/li>\n<\/ul>\n<h3><strong>Medlemsrabatter musikkutstyr<\/strong><\/h3>\n<ul>\n<li>20% rabatt p\u00e5 rekvisita og 5% p\u00e5 \u00f8vrige produkter hos <a href=\"https:\/\/www.gitarhuset.no\/\">Gitarhuset<\/a>.<\/li>\n<li>St\u00f8pte \u00f8repropper hos <a href=\"https:\/\/horselslaben.no\">H\u00f8rselslaben<\/a> til kr\u00a0<span class=\"s1\">1112,50 ink moms\u00a0<\/span>(ikke inkl avtrykk. Avtrykk gj\u00f8res hos valgfritt firma og sendes i posten) og\u00a015 % rabatt p\u00e5 monitorsett inkludert formst\u00f8pte propper fra Shure og Sennheiser.<\/li>\n<li>20% hos <a href=\"https:\/\/www.facebook.com\/Gitarmaker-Terje-Vester\u00f8y-256030934418312\">Gitarmaker Terje Vester\u00f8y<\/a>\u00a0p\u00e5 alt unntatt instrumentbygging.<\/li>\n<li>10% rabatt p\u00e5 <a href=\"https:\/\/www.4sound.no\/stavanger\">4Sound Stavanger<\/a> rekvisita.<\/li>\n<li>15% p\u00e5 trykking av plakat, flyere, osv hos <a href=\"https:\/\/oslodigitaltrykk.no\">Oslo digitaltrykk.<\/a><\/li>\n<li>10% rabatt p\u00e5 ordin\u00e6re varer hos <a href=\"https:\/\/www.musikk-miljo.no\/\">Pro Perc\/Musikkmilj\u00f8<\/a>.<\/li>\n<\/ul>\n<h3><strong>Andre medlemsrabatter<\/strong><\/h3>\n<ul>\n<li>10% rabatt p\u00e5 abonnement av <a href=\"https:\/\/fett.no\/\">FETT &#8211; Feministisk Tidsskrift<\/a> (ta kontakt med oss for info om hvordan du bruker rabatten).<\/li>\n<li>10 % p\u00e5 alt, unntatt billetter hos platebutikken <a href=\"https:\/\/www.tigernet.no\">Tiger<\/a> i Oslo.<\/li>\n<li>10% rabatt p\u00e5 ordin\u00e6re varer hos <a href=\"http:\/\/apollon.no\/\">Apollon Platebar<\/a> i Bergen.<\/li>\n<li>Studentpris p\u00e5 billetter hos <a href=\"http:\/\/rf.uib.no\/\">Bergen Realistforening (RF)<\/a>\u00a0sine arrangementer.<\/li>\n<li>Gratis inngang p\u00e5 Torsdagsrock p\u00e5 <a href=\"https:\/\/hulen.no\/\">Hulen<\/a>\u00a0i Bergen.<\/li>\n<li>10 % rabatt p\u00e5 mat og drikke hos <a href=\"http:\/\/www.cafeopera.org\/\">Caf\u00e9 Opera<\/a> i Bergen.<\/li>\n<li>Studentpris p\u00e5 billetter hos <a href=\"https:\/\/asfbergen.no\/\">Aktive Studenters Forening (ASF)<\/a> sine arrangementer i Bergen.<\/li>\n<li>10 % rabatt p\u00e5 briller og solbriller hos <a href=\"https:\/\/kaibosh.com\/\">Kaibosh<\/a> i Bergen.<\/li>\n<\/ul>\n<h3><strong>Norsk Musikkr\u00e5d sitt fordelsprogram<\/strong><\/h3>\n<p>AKKS-medlemmer kan ogs\u00e5 benytte seg av <a href=\"http:\/\/www.musikk.no\/nmr\/om-oss\/medlemsorganisasjoner\/kulturfordel\">Kulturfordel<\/a>\u00a0og f\u00e5 tilgang til:<\/p>\n<ul>\n<li>Gratis instrumentfrakt hos <a href=\"http:\/\/www.musikk.no\/nmr\/om-oss\/medlemsorganisasjoner\/kulturfordel\/sas\">SAS<\/a><\/li>\n<li>Rabatter p\u00e5 hotellrom og m\u00f8terom hos <a href=\"http:\/\/www.musikk.no\/nmr\/om-oss\/medlemsorganisasjoner\/kulturfordel\/nordic-choice-hotels\">Nordic Choice Hotels<\/a><\/li>\n<li>10-15% rabatt p\u00e5 formst\u00f8pte \u00f8repropper hos <a href=\"http:\/\/www.musikk.no\/nmr\/om-oss\/medlemsorganisasjoner\/kulturfordel\/hantek\">Hantek Audio<\/a><\/li>\n<\/ul>\n<p>Les mer om Kulturfordel p\u00e5 <a href=\"http:\/\/www.musikk.no\/nmr\/om-oss\/medlemsorganisasjoner\/kulturfordel\">Norsk Musikkr\u00e5d sine hjemmesider.<\/a><\/p>\n","protected":false},"excerpt":{"rendered":"<p>\u00a0 Som medlem i AKKS f\u00e5r du medlemsrabatter p\u00e5 kurs, leie av \u00f8vingslokaler og konserter i regi av AKKS, samt gode rabatter hos utvalgte musikkbutikker og samarbeidspartnere. Medlemsfordeler AKKS Bergen Medlemspris p\u00e5 leie av \u00f8vingslokaler p\u00e5 USF Verftet: Fast\u00f8ving kr 175 pr. \u00f8kt \/\/ Drop in kr 220 pr. \u00f8kt. Medlemspris p\u00e5 alle v\u00e5re kurs [&hellip;]<\/p>\n","protected":false},"author":5,"featured_media":0,"parent":0,"menu_order":0,"comment_status":"closed","ping_status":"closed","template":"","meta":[],"_links":{"self":[{"href":"https:\/\/akks.no\/bergen\/wp-json\/wp\/v2\/pages\/528"}],"collection":[{"href":"https:\/\/akks.no\/bergen\/wp-json\/wp\/v2\/pages"}],"about":[{"href":"https:\/\/akks.no\/bergen\/wp-json\/wp\/v2\/types\/page"}],"author":[{"embeddable":true,"href":"https:\/\/akks.no\/bergen\/wp-json\/wp\/v2\/users\/5"}],"replies":[{"embeddable":true,"href":"https:\/\/akks.no\/bergen\/wp-json\/wp\/v2\/comments?post=528"}],"version-history":[{"count":40,"href":"https:\/\/akks.no\/bergen\/wp-json\/wp\/v2\/pages\/528\/revisions"}],"predecessor-version":[{"id":3637,"href":"https:\/\/akks.no\/bergen\/wp-json\/wp\/v2\/pages\/528\/revisions\/3637"}],"wp:attachment":[{"href":"https:\/\/akks.no\/bergen\/wp-json\/wp\/v2\/media?parent=528"}],"curies":[{"name":"wp","href":"https:\/\/api.w.org\/{rel}","templated":true}]}}