{"id":523,"date":"2019-05-14T13:01:11","date_gmt":"2019-05-14T11:01:11","guid":{"rendered":"http:\/\/akks-no.staging.wordpress.idium.no\/bergen\/?page_id=523"},"modified":"2025-11-25T11:43:31","modified_gmt":"2025-11-25T10:43:31","slug":"kontakt","status":"publish","type":"page","link":"https:\/\/akks.no\/bergen\/kontakt\/","title":{"rendered":"Kontaktinfo \/ \u00c5pningstider"},"content":{"rendered":"<p><strong>Kontor- og postadresse:<\/strong><br \/>\nAKKS Bergen<br \/>\nGeorgernes Verft 12<br \/>\n5011 Bergen<\/p>\n<p><strong>Tlf:<\/strong> 55 55 75 55<\/p>\n<p><strong>Kontortid<\/strong><br \/>\nVi har kontor- og telefontid mandag &#8211; fredag kl. 10.00 &#8211; 15.00.<br \/>\n<a href=\"https:\/\/akks.no\/bergen\/avvikende-apningstider-akks-bergen\/\">Egne \u00e5pningstider<\/a> i p\u00e5ske-, sommer- og juleferien, samt p\u00e5 helligdager.<br \/>\n<strong>Merk<\/strong> at vi ikke svarer telfonen n\u00e5r vi sitter i m\u00f8ter. Send oss en SMS hvis du ikke f\u00e5r svar, s\u00e5 ringer vi tilbake ved f\u00f8rste anledning.<\/p>\n<p>\u00d8vingslokalene v\u00e5re har egne \u00e5pningstider. Les mer <a href=\"https:\/\/akks.no\/bergen\/bookinghenvendelse-akks-bergen\/#___\/view:item\/id:3532\/part:\/r:57\/mod:book\">her.\u00a0<\/a><\/p>\n<p><strong>Facebook:<\/strong> <a href=\"https:\/\/www.facebook.com\/AKKSBergen\/\">AKKS Bergen<\/a><br \/>\n<strong>Instagram:<\/strong> <a href=\"https:\/\/www.instagram.com\/akksbergen\/\">@akksbergen<\/a><br \/>\n<strong>Nyhetsbrev: <\/strong>Abonner p\u00e5 v\u00e5rt <a href=\"http:\/\/eepurl.com\/dAFOTD\">nyhetsbrev<\/a><strong><br \/>\n<\/strong><\/p>\n<h3><strong>Ansatte<\/strong><\/h3>\n<p><strong>Michelle Iversen Badiane<\/strong><br \/>\nDaglig leder<br \/>\n<a href=\"mailto:bergen@akks.no\">bergen@akks.no<\/a><\/p>\n<p><strong>Katinka Jean Hauberg<\/strong><br \/>\nKurs- og \u00f8vingslokaleansvarlig<br \/>\n<a href=\"mailto:kontoret@bergen.akks.no\">kontoret.bergen@akks.no<\/a><\/p>\n<p><strong>Phoebe Dobey<\/strong><br \/>\nArrangementsansvarlig<br \/>\n<a href=\"mailto:arrangement@bergen.akks.no\">arrangement.bergen@akks.no<\/a><\/p>\n<p>Prosjektleder UFLAKKS<br \/>\n<a href=\"mailto:bergen@uflakks.no\">bergen@uflakks.no<\/a><\/p>\n<p>Festivalsjef Eggstockfestivalen<br \/>\n<a href=\"mailto:hallo@eggstock.no\">hallo@eggstock.no<\/a><\/p>\n<p><strong>Elli Hope Heggernes<\/strong><br \/>\nKommunikasjonsansvarlig UFLAKKS<br \/>\n<a href=\"mailto:markedsforing@uflakks.no\">markedsforing@uflakks.no<\/a><\/p>\n<p>&nbsp;<\/p>\n<h3><strong>Styret<\/strong><\/h3>\n<p><strong>Nina Trygvadottir<\/strong><br \/>\nStyreleder<br \/>\nstyreleder.bergen@akks.no<\/p>\n<p><strong>Sunniva Vik<\/strong><br \/>\nNestleder<\/p>\n<p><strong>Christian Lund<\/strong><br \/>\n\u00d8konomiansvarlig<\/p>\n<p><strong>Gina Rosland Eide<\/strong><br \/>\nStyremedlem<\/p>\n<p><strong>Lisa Clementsen Syslak<\/strong><br \/>\nStyremedlem<\/p>\n<p><b>Anastasia Garbar<\/b><br \/>\nStyremedlem<\/p>\n<p><strong>Ingvild H\u00e6gh<\/strong><br \/>\nStyremedlem<\/p>\n<p><strong>Emma Putnam<br \/>\n<\/strong>Styremedlem<\/p>\n<p><b>Elssa Gebre<\/b><br \/>\nVaramedlem<\/p>\n<p>&nbsp;<\/p>\n<p>&nbsp;<\/p>\n","protected":false},"excerpt":{"rendered":"<p>Kontor- og postadresse: AKKS Bergen Georgernes Verft 12 5011 Bergen Tlf: 55 55 75 55 Kontortid Vi har kontor- og telefontid mandag &#8211; fredag kl. 10.00 &#8211; 15.00. Egne \u00e5pningstider i p\u00e5ske-, sommer- og juleferien, samt p\u00e5 helligdager. Merk at vi ikke svarer telfonen n\u00e5r vi sitter i m\u00f8ter. Send oss en SMS hvis du [&hellip;]<\/p>\n","protected":false},"author":5,"featured_media":0,"parent":0,"menu_order":0,"comment_status":"closed","ping_status":"closed","template":"","meta":[],"_links":{"self":[{"href":"https:\/\/akks.no\/bergen\/wp-json\/wp\/v2\/pages\/523"}],"collection":[{"href":"https:\/\/akks.no\/bergen\/wp-json\/wp\/v2\/pages"}],"about":[{"href":"https:\/\/akks.no\/bergen\/wp-json\/wp\/v2\/types\/page"}],"author":[{"embeddable":true,"href":"https:\/\/akks.no\/bergen\/wp-json\/wp\/v2\/users\/5"}],"replies":[{"embeddable":true,"href":"https:\/\/akks.no\/bergen\/wp-json\/wp\/v2\/comments?post=523"}],"version-history":[{"count":45,"href":"https:\/\/akks.no\/bergen\/wp-json\/wp\/v2\/pages\/523\/revisions"}],"predecessor-version":[{"id":8540,"href":"https:\/\/akks.no\/bergen\/wp-json\/wp\/v2\/pages\/523\/revisions\/8540"}],"wp:attachment":[{"href":"https:\/\/akks.no\/bergen\/wp-json\/wp\/v2\/media?parent=523"}],"curies":[{"name":"wp","href":"https:\/\/api.w.org\/{rel}","templated":true}]}}