{"id":4888,"date":"2022-06-17T16:20:44","date_gmt":"2022-06-17T14:20:44","guid":{"rendered":"https:\/\/akks.no\/bergen\/?page_id=4888"},"modified":"2026-04-09T10:06:19","modified_gmt":"2026-04-09T08:06:19","slug":"praktisk-info-kurs","status":"publish","type":"page","link":"https:\/\/akks.no\/bergen\/praktisk-info-kurs\/","title":{"rendered":"Praktisk info om v\u00e5re kurs"},"content":{"rendered":"<p>&nbsp;<\/p>\n<p><strong>N\u00e5r og hvor holder vi kurs<\/strong><\/p>\n<p>AKKS Bergens band-, vokal- og instrumentkurs over 6 eller 12 uker. Kursene har oppstart i februar, april, september og november og holdes p\u00e5 <a href=\"https:\/\/akks.no\/bergen\/besok-oss\/\">USF Verftet<\/a> i Bergen sentrum. I tillegg har vi kortere kurs og workshops, med tema som musikkproduksjon, l\u00e5tskriving og pedalbygging.<\/p>\n<p><strong>For bedre kj\u00f8nnsbalanse i musikklivet<\/strong><\/p>\n<p>AKKS jobber for bedre kj\u00f8nnsbalanse i musikklivet. Kursene v\u00e5re er \u00e5pne for alle kj\u00f8nn, med unntak av <a href=\"https:\/\/akks.no\/bergen\/courses\/gain-produsentkurs-for-jenter-2\/\">GAIN \u2013 et produsentprosjekt<\/a> og <a href=\"https:\/\/akks.no\/bergen\/courses\/loud-bandleir\/\">Bandleiren LOUD!<\/a> som er for jenter, ikke-bin\u00e6re og transpersoner.<\/p>\n<p><strong>Trygt og motiverende l\u00e6ringsmilj\u00f8\u00a0<\/strong><\/p>\n<p>For oss i AKKS er det viktig at alle kursdeltakere f\u00e5r en god kursopplevelse og f\u00f8ler seg trygge p\u00e5 kursene v\u00e5re. Hos AKKS skal det v\u00e6re rom for \u00e5 pr\u00f8ve seg frem, feile, stille sp\u00f8rsm\u00e5l og vokse. Les mer om hvordan vi jobber med <a href=\"https:\/\/akks.no\/bergen\/laeringsmiljo-pa-akks-kurs\/\">l\u00e6ringsmilj\u00f8et p\u00e5 v\u00e5re kurs her<\/a>.<\/p>\n<p><strong>Aldersgrense p\u00e5 kurs<\/strong><\/p>\n<p>Vi har junior bandkurs fra 9 &#8211; 12 \u00e5r og ungdomskurs for de mellom 12 og 16 \u00e5r. V\u00e5re ordin\u00e6re kurs er fra 15 \u00e5r og oppover. Vi har ingen \u00f8vre aldersgrense, men vil prioritere de mellom 15 til 26 \u00e5r ved stor p\u00e5gang.<\/p>\n<p><strong>Gruppekurs<\/strong><\/p>\n<p>Alle v\u00e5re kurs er gruppekurs, vanligvis med 3-5 deltakere. F\u00f8rste kursdag vil vi bruke tid p\u00e5 \u00e5 bli kjent med hverandre og fokus p\u00e5 kurset vil v\u00e6re \u00e5 skape en inkluderende arena med plass til alle. Vi er avhengige av nok p\u00e5meldte for \u00e5 kj\u00f8re kurset. Ved for f\u00e5 p\u00e5meldte vil kurset kunne bli avlyst.<\/p>\n<p><strong>AKKS-kurs for oss med funksjonsnedsettelser<\/strong><\/p>\n<p>Har du behov for \u00e5 ha med assistent eller ledsager p\u00e5 kurs, opplys om dette i p\u00e5meldingsskjemaet s\u00e5 kan vi tilrettelegge for dette. V\u00e5rt \u00f8vingsrom, rom E og D, har rampe inn til rommet slik at det kan v\u00e6re tilgjengelig for rullestolbrukere. D\u00f8rene til begge rommene er 88,5 cm bred. For \u00e5 komme inn til rom E og D, m\u00e5 man benytte inngang H eller hovedinngang A hvor det er heis tilgjengelig. Rom E har rampe p\u00e5 veggen ved inngangsd\u00f8ren og kan benyttes av rullestolbrukere.<\/p>\n<p><strong>Betaling<\/strong><\/p>\n<p>Kursene kan betales for med faktura, Vipps eller bankkort. Dersom du velger faktura, vil fakturaen bli utsendt f\u00f8rste uken f\u00f8r kursoppstart. Dersom fakturaen ikke betales innen forfall vil ekstra omkostninger p\u00e5l\u00f8pe. Betales ikke fakturaen vil den bli sendt til inkasso.<\/p>\n<p><strong>Vilk\u00e5r<\/strong><\/p>\n<p>P\u00e5meldingen er bindende. Vi har begrenset med plasser p\u00e5 hvert kurs, og vi har derfor ingen avmeldingsfrist p\u00e5 v\u00e5re kurs. Ved innsendt p\u00e5melding er man bundet til \u00e5 betale kursavgiften. Det vil si at kursavgift m\u00e5 betales selv om kursdeltakeren ikke m\u00f8ter opp til kurset eller slutter p\u00e5 kurset. Les v\u00e5re <a href=\"http:\/\/akks.no\/bergen\/files\/2022\/11\/Vilkar-for-kurspamelding-AKKS-Bergen-2023.pdf\">p\u00e5meldingsbetingelser<\/a> og v\u00e5r <a style=\"cursor: pointer !important; user-select: none !important;\" href=\"https:\/\/akks.no\/personvernerklaering\/\">personvernerkl\u00e6ring<\/a>.<\/p>\n<p><strong>Vil du f\u00e5 med deg n\u00e5r vi \u00e5pner for p\u00e5melding til kurs?<\/strong><\/p>\n<p>Meld deg p\u00e5 v\u00e5r <a href=\"https:\/\/docs.google.com\/forms\/d\/e\/1FAIpQLScxF1ta2wRbuAz-m1qWq_01x4-gcLuPUac5TQ_BZ75zYwRX4A\/viewform?usp=dialog\">interesseliste<\/a>.<\/p>\n<p><strong>Savner du noe i v\u00e5rt kurstilbud eller har sp\u00f8rsm\u00e5l?<\/strong><\/p>\n<p>Ta kontakt med kurs- og \u00f8vingslokaleansvarlig p\u00e5 <a href=\"mailto:kontoret@bergen.akks.no\" data-event-category=\"Henvendelser (mailto)\" data-event-action=\"Klikk p\u00e5 mailtolenker\" data-event-label=\"https:\/\/akks.no\/bergen\/kurs\">kontoret.bergen@akks.no<\/a>\u00a0s\u00e5 vil vi ta kontakt med deg!<\/p>\n<p><strong>Her kan du se alle <a href=\"https:\/\/akks.no\/bergen\/kurs\/\">v\u00e5re kurs<\/a>.<\/strong><\/p>\n","protected":false},"excerpt":{"rendered":"<p>&nbsp; N\u00e5r og hvor holder vi kurs AKKS Bergens band-, vokal- og instrumentkurs over 6 eller 12 uker. Kursene har oppstart i februar, april, september og november og holdes p\u00e5 USF Verftet i Bergen sentrum. I tillegg har vi kortere kurs og workshops, med tema som musikkproduksjon, l\u00e5tskriving og pedalbygging. For bedre kj\u00f8nnsbalanse i musikklivet [&hellip;]<\/p>\n","protected":false},"author":5,"featured_media":6351,"parent":0,"menu_order":0,"comment_status":"closed","ping_status":"closed","template":"","meta":[],"_links":{"self":[{"href":"https:\/\/akks.no\/bergen\/wp-json\/wp\/v2\/pages\/4888"}],"collection":[{"href":"https:\/\/akks.no\/bergen\/wp-json\/wp\/v2\/pages"}],"about":[{"href":"https:\/\/akks.no\/bergen\/wp-json\/wp\/v2\/types\/page"}],"author":[{"embeddable":true,"href":"https:\/\/akks.no\/bergen\/wp-json\/wp\/v2\/users\/5"}],"replies":[{"embeddable":true,"href":"https:\/\/akks.no\/bergen\/wp-json\/wp\/v2\/comments?post=4888"}],"version-history":[{"count":14,"href":"https:\/\/akks.no\/bergen\/wp-json\/wp\/v2\/pages\/4888\/revisions"}],"predecessor-version":[{"id":8853,"href":"https:\/\/akks.no\/bergen\/wp-json\/wp\/v2\/pages\/4888\/revisions\/8853"}],"wp:featuredmedia":[{"embeddable":true,"href":"https:\/\/akks.no\/bergen\/wp-json\/wp\/v2\/media\/6351"}],"wp:attachment":[{"href":"https:\/\/akks.no\/bergen\/wp-json\/wp\/v2\/media?parent=4888"}],"curies":[{"name":"wp","href":"https:\/\/api.w.org\/{rel}","templated":true}]}}