{"id":4155,"date":"2022-02-13T14:10:27","date_gmt":"2022-02-13T13:10:27","guid":{"rendered":"https:\/\/akks.no\/bergen\/?page_id=4155"},"modified":"2026-02-18T13:48:46","modified_gmt":"2026-02-18T12:48:46","slug":"bandkurs","status":"publish","type":"page","link":"https:\/\/akks.no\/bergen\/bandkurs\/","title":{"rendered":"Bandkurs (junior, ungdom &#038; ung)"},"content":{"rendered":"<p><b>Har du lyst til \u00e5 spille med andre som ogs\u00e5 elsker musikk og vil du bli en del av et inkluderende musikkmilj\u00f8? Da er AKKS Bergen Bandkurs noe for deg!<\/b><\/p>\n<h2><strong>Vi har 3 typer bandkurs grupper (junior, ungdom og ung)<\/strong><\/h2>\n<h4><strong>Oppstart<\/strong><\/h4>\n<p>mandag uke 7<br \/>\nKursdatoer: 02.03, 09.03, 16.03, 23.03, 13.04, 20.04, 27.04, 04.05, 11.05, 18.05, 01.06, 08.06<br \/>\n<i><\/i><\/p>\n<h4><strong>M\u00e5lgrupper (les om de enkelte kurs lenger nede p\u00e5 siden)<\/strong><\/h4>\n<p>Band Junior: 9-11 \u00e5r<br \/>\nBand Ungdom: 12-15 \u00e5r<br \/>\nBand Ung: 16-25 \u00e5r <a href=\"https:\/\/event.checkin.no\/213573\/bandkurs-ung-16-25-ar-var-2026\"><em>P\u00c5MELDING HER<\/em><\/a><\/p>\n<h4><strong>Instrukt\u00f8rer<\/strong><\/h4>\n<p>Jonas Ledang og Susanne Hemnes<i><\/i><\/p>\n<h4><strong>Sted<\/strong><\/h4>\n<p><span style=\"font-weight: 400;\">USF Verftet<\/span><\/p>\n<hr \/>\n<p><strong>Kl. 19:30-20:45 &#8211; OPPSTART 02. mars<\/strong><\/p>\n<p><a href=\"https:\/\/event.checkin.no\/213573\/bandkurs-ung-16-25-ar-var-2026\"><img loading=\"lazy\" class=\"alignnone wp-image-8535\" src=\"http:\/\/akks.no\/bergen\/files\/2025\/11\/4.png\" alt=\"\" width=\"555\" height=\"212\" \/><\/a><\/p>\n<p>&nbsp;<\/p>\n<p><strong>Kl. 16:30-17:45 &amp; 18:00-19:15<\/strong><\/p>\n<p><em>stengt for p\u00e5melding<\/em><\/p>\n<p>&nbsp;<\/p>\n<p><strong>Kl. 16:30-17:45 &amp; 18:00-19:15<\/strong><\/p>\n<p><em>Stengt for p\u00e5melding<\/em><\/p>\n<p>&nbsp;<\/p>\n<hr \/>\n<p><img loading=\"lazy\" class=\"alignnone size-large wp-image-6809\" src=\"http:\/\/akks.no\/bergen\/files\/2021\/12\/3X3A7700-1024x683.jpg\" alt=\"\" width=\"1024\" height=\"683\" srcset=\"https:\/\/akks.no\/bergen\/files\/2021\/12\/3X3A7700-1024x683.jpg 1024w, https:\/\/akks.no\/bergen\/files\/2021\/12\/3X3A7700-300x200.jpg 300w, https:\/\/akks.no\/bergen\/files\/2021\/12\/3X3A7700-768x512.jpg 768w, https:\/\/akks.no\/bergen\/files\/2021\/12\/3X3A7700-1536x1024.jpg 1536w, https:\/\/akks.no\/bergen\/files\/2021\/12\/3X3A7700-2048x1365.jpg 2048w, https:\/\/akks.no\/bergen\/files\/2021\/12\/3X3A7700-720x480.jpg 720w, https:\/\/akks.no\/bergen\/files\/2021\/12\/3X3A7700-600x400.jpg 600w\" sizes=\"(max-width: 1024px) 100vw, 1024px\" \/><\/p>\n<p><i><span style=\"font-weight: 400;\">Sparkesykkel p\u00e5 Eggstockfestival 2023. Fotograf: Ingvild H\u00e6gh<\/span><\/i><\/p>\n<hr \/>\n<h2><span style=\"font-weight: 400;\">Praktisk (gjelder alle tre kurs)<\/span><\/h2>\n<ul>\n<li style=\"font-weight: 400;\" aria-level=\"1\"><span style=\"font-weight: 400;\">P\u00e5meldingen er bindende (les mer under vilk\u00e5r)<\/span><\/li>\n<li style=\"font-weight: 400;\" aria-level=\"1\"><span style=\"font-weight: 400;\">Vi har 3 ktidspunkter pr. semester kl. 16:30-17:45, kl. 18:00-19:15 og kl. 19:30-20:45<\/span><\/li>\n<li style=\"font-weight: 400;\" aria-level=\"1\"><span style=\"font-weight: 400;\">Kurset g\u00e5r over 12 ganger. Hvert kurs varer 1 time og 15 min. inkl. pause.<\/span><\/li>\n<li style=\"font-weight: 400;\" aria-level=\"1\"><span style=\"font-weight: 400;\">Vi sammensetter kursene basert p\u00e5 \u00f8nsker til kursinnhold, alder, tidspunkt og niv\u00e5.<\/span><\/li>\n<li style=\"font-weight: 400;\" aria-level=\"1\"><span style=\"font-weight: 400;\">Kurset holdes p\u00e5 <\/span><a href=\"https:\/\/g.page\/usfverftet?share\"><span style=\"font-weight: 400;\">USF Verftet<\/span><\/a><span style=\"font-weight: 400;\">, 2. etasje.<\/span><\/li>\n<li style=\"font-weight: 400;\" aria-level=\"1\"><span style=\"font-weight: 400;\">Undervisningen foreg\u00e5r i grupper p\u00e5 maks 6 deltakere.<\/span><\/li>\n<li style=\"font-weight: 400;\" aria-level=\"1\"><span style=\"font-weight: 400;\">P\u00e5 hvert kurs har vi plass til 1 trommeslager, 1-2 vokalister, 1-2 gitarister, 1 bassist og 1 pianist.<\/span><\/li>\n<li style=\"font-weight: 400;\" aria-level=\"1\"><span style=\"font-weight: 400;\">Inkludert i kursprisen er et kompendium med praktisk info om \u00e5 spille i band og hvordan komme i gang med l\u00e5tskriving.<\/span><\/li>\n<li style=\"font-weight: 400;\" aria-level=\"1\"><span style=\"font-weight: 400;\">Ta med ditt instrument: gitar, trommestikker, bass eller annet. Forsterkere, mikrofoner, piano og trommesett er p\u00e5 lokalet.<\/span><\/li>\n<li style=\"font-weight: 400;\" aria-level=\"1\"><span style=\"font-weight: 400;\">Bass og gitarer kan leies hos AKKS Bergen: kr. 200 for kursperioden. Velg dette i p\u00e5meldingen. Disse kan l\u00e5nes ut semesteret.<\/span><\/li>\n<\/ul>\n<hr \/>\n<p><img loading=\"lazy\" class=\"alignnone size-large wp-image-6803\" src=\"http:\/\/akks.no\/bergen\/files\/2021\/12\/LOUD23-1003841-1024x683.jpg\" alt=\"\" width=\"1024\" height=\"683\" srcset=\"https:\/\/akks.no\/bergen\/files\/2021\/12\/LOUD23-1003841-1024x683.jpg 1024w, https:\/\/akks.no\/bergen\/files\/2021\/12\/LOUD23-1003841-300x200.jpg 300w, https:\/\/akks.no\/bergen\/files\/2021\/12\/LOUD23-1003841-768x513.jpg 768w, https:\/\/akks.no\/bergen\/files\/2021\/12\/LOUD23-1003841-1536x1025.jpg 1536w, https:\/\/akks.no\/bergen\/files\/2021\/12\/LOUD23-1003841-2048x1367.jpg 2048w, https:\/\/akks.no\/bergen\/files\/2021\/12\/LOUD23-1003841-720x480.jpg 720w, https:\/\/akks.no\/bergen\/files\/2021\/12\/LOUD23-1003841-600x400.jpg 600w\" sizes=\"(max-width: 1024px) 100vw, 1024px\" \/><\/p>\n<p><i><span style=\"font-weight: 400;\">Fra Bandleiren LOUD! h\u00f8st 2023,. Fotograf: Johanne Karlsrud<\/span><\/i><\/p>\n<hr \/>\n<h2><strong>Innhold bandkurs ungdom (12-15 \u00e5r) &amp; ung (16-25 \u00e5r)<\/strong><\/h2>\n<p><span style=\"font-weight: 400;\">Bandkurset er for deg som \u00f8nsker \u00e5 m\u00f8te andre musikere, vil bli bedre p\u00e5 samspill og \u00f8nsker \u00e5 spille i band. I l\u00f8pet av semesteret vil deltakeren ha band\u00f8vinger, dypdykke ned i l\u00e5tskriving og musikalsk utvikling.<\/span><\/p>\n<p><span style=\"font-weight: 400;\">I l\u00f8pet av kursets f\u00f8rste uker blir det valgt to til tre l\u00e5ter som deltakerne skal jobbe med f\u00f8r de begynner \u00e5 lage egne l\u00e5ter. Sammen med instrukt\u00f8ren f\u00e5r deltakerne veiledning i sammenspill, l\u00e5tmateriale og kommunikasjon innen bandet. Det forventes egen\u00f8ving mellom kursdagene. Det er derfor viktig at alle deltakere ogs\u00e5 er innstilt p\u00e5 samarbeid for \u00e5 f\u00e5 et godt bandmilj\u00f8.<\/span><\/p>\n<p><span style=\"font-weight: 400;\">Etter endt kurs spiller bandet p\u00e5 AKKS-Konserten for venner og familie og viser frem det de har l\u00e6rt.\u00a0<\/span><\/p>\n<p><i><span style=\"font-weight: 400;\">Bandkurset er et sosialt kurs med fokus p\u00e5 samspill, musikkforst\u00e5else og spilleglede. Her f\u00e5r man masse god musikalsk trening! V\u00e5re kurs har fokus p\u00e5 mestringsf\u00f8lelse og spilleglede, og undervisningen foreg\u00e5r i trygge rammer, i band p\u00e5 opptil seks deltakere. Store deler av kursene vil bli lagt opp etter niv\u00e5et p\u00e5 deltakerne.<\/span><\/i><\/p>\n<hr \/>\n<h2>Innhold bandkurs junior (9-11 \u00e5r)<\/h2>\n<p><em>Junior bandkurset er et sosialt kurs med fokus p\u00e5 samspill, musikalsk forst\u00e5else og spilleglede. Her f\u00e5r man masse god musikalsk trening! V\u00e5re kurs har fokus p\u00e5 mestringsf\u00f8lelse og spilleglede, og undervisningen foreg\u00e5r i trygge rammer, i band p\u00e5 opptil seks deltakere. Store deler av kursene vil bli lagt opp etter niv\u00e5et p\u00e5 deltakerne.<\/em><\/p>\n<p>Du kan delta p\u00e5 kurset uten noen forkunnskaper. Du trenger ikke \u00e5 kunne spille fra f\u00f8r. Vi tar utgangspunkt i \u00e5 l\u00e6re \u00e5 spille sammen med hverandre. Gjennom ulike \u00f8velser og aktiviteter der vi l\u00e6rer \u00e5 bruke stemmen og instrumenter p\u00e5 ulike m\u00e5ter, utforsker vi tre omr\u00e5der: stemmebruk, rytme og samspill.<\/p>\n<p>Kurset har en lekende og lett tilgang til det \u00e5 spille og lage musikk og vi kommer b\u00e5de til \u00e5 komponere egne sm\u00e5 l\u00e5ter og spille noe dere kjenner fra f\u00f8r.<\/p>\n<hr \/>\n<h2>Instrukt\u00f8r p\u00e5 bandkurs junior: Susanne Hemnes<\/h2>\n<p><img loading=\"lazy\" class=\"alignnone size-large wp-image-8295\" src=\"http:\/\/akks.no\/bergen\/files\/2025\/08\/1-1024x724.png\" alt=\"\" width=\"1024\" height=\"724\" srcset=\"https:\/\/akks.no\/bergen\/files\/2025\/08\/1-1024x724.png 1024w, https:\/\/akks.no\/bergen\/files\/2025\/08\/1-300x212.png 300w, https:\/\/akks.no\/bergen\/files\/2025\/08\/1-768x543.png 768w, https:\/\/akks.no\/bergen\/files\/2025\/08\/1-1536x1086.png 1536w, https:\/\/akks.no\/bergen\/files\/2025\/08\/1-2048x1448.png 2048w, https:\/\/akks.no\/bergen\/files\/2025\/08\/1-600x424.png 600w\" sizes=\"(max-width: 1024px) 100vw, 1024px\" \/><\/p>\n<hr \/>\n<p>Susanne Hemnes er l\u00e5tskriver og vokalist i Miss Wednesday og Astroturf. Hun studerer til \u00e5 bli musikkl\u00e6rer ved HVL, men har ogs\u00e5 studert l\u00e5tskriving i Brighton og g\u00e5tt p\u00e5 CVI sitt vokalakademi i K\u00f8benhavn. Hun gleder seg skikkelig til \u00e5 f\u00e5 v\u00e6re instrukt\u00f8r p\u00e5 b\u00e5de juniorkurs og vokalkurs og bli med \u00e5 inspirere morgendagens musikkhelter!<\/p>\n<p>&nbsp;<\/p>\n<h2><strong>Instrukt\u00f8r p\u00e5 bandkurs ungdom og ung: Jonas Ledang<\/strong><\/h2>\n<p><img loading=\"lazy\" class=\"alignnone size-large wp-image-8297\" src=\"http:\/\/akks.no\/bergen\/files\/2025\/08\/3-1024x724.png\" alt=\"\" width=\"1024\" height=\"724\" srcset=\"https:\/\/akks.no\/bergen\/files\/2025\/08\/3-1024x724.png 1024w, https:\/\/akks.no\/bergen\/files\/2025\/08\/3-300x212.png 300w, https:\/\/akks.no\/bergen\/files\/2025\/08\/3-768x543.png 768w, https:\/\/akks.no\/bergen\/files\/2025\/08\/3-1536x1086.png 1536w, https:\/\/akks.no\/bergen\/files\/2025\/08\/3-2048x1448.png 2048w, https:\/\/akks.no\/bergen\/files\/2025\/08\/3-600x424.png 600w\" sizes=\"(max-width: 1024px) 100vw, 1024px\" \/><\/p>\n<p>Jonas Ledang studerer musikkterapi p\u00e5 Griegakademiet og har jobbet som frilansmusiker, l\u00e5tskriver og artist i over 10 \u00e5r. Han har gitt ut flere plater som soloartist, i tillegg til \u00e5 ha bidratt som musiker og l\u00e5tskriver for andre artister og band. Jonas har mye erfaring med \u00e5 spille i band b\u00e5de p\u00e5 plate og i live-sammenheng, og synes at det fineste med \u00e5 spille musikk er magien som kan oppst\u00e5 n\u00e5r man spiller sammen.<\/p>\n<p>Han er glad i alle typer sjangre og har spilt b\u00e5de jazz, pop, rock og blues, selv om han er aller mest glad i amerikansk viserock (gjerne fra 70-tallet). Jonas har tidligere undervist i samspill, kor og gitar i kulturskolen og holdt flere l\u00e5tskriverkurs. Han gleder seg til \u00e5 v\u00e6re instrukt\u00f8r hos AKKS igjen i \u00e5r, og til \u00e5 treffe unge musikerspirer som \u00f8nsker \u00e5 spille i band og \u00e5 bli gode til det. Han \u00f8nsker at kursdeltakere skal finne gleden i det \u00e5 spille sammen i band og \u00e5 skrive l\u00e5ter sammen<\/p>\n<p>\u201c<i>vi skal ha det g\u00f8y og utvikle oss<\/i>.\u201d<\/p>\n<hr \/>\n<h2><strong>Gratis \u00f8ving i v\u00e5re \u00f8vingslokaler i kursperioden<\/strong><\/h2>\n<p><span style=\"font-weight: 400;\">Mellom kursdagene tilbyr vi gratis egen\u00f8ving 2 timer pr. dag i v\u00e5re \u00f8vingslokaler mandag-fredag kl. 08:00-17:00 og l\u00f8rdag-s\u00f8ndag kl. 11:00-23:00. Lokalene kan bookes her.\u00a0<\/span><\/p>\n<p><span style=\"font-weight: 400;\">OBS! Om deltakeren er under 18 \u00e5r kan en foresatt booke lokalet for deltakeren.<\/span><\/p>\n<hr \/>\n<h2><strong>AKKS-kurs for oss med funksjonsnedsettelser<\/strong><\/h2>\n<p><span style=\"font-weight: 400;\">Har du behov for \u00e5 ha med assistent eller ledsager p\u00e5 kurs, opplys om dette i p\u00e5meldingsskjemaet s\u00e5 kan vi tilrettelegge for dette. Om ledsager \/ assistent skal delta p\u00e5 kurset m\u00e5 de sende inn egen p\u00e5melding for dette. V\u00e5re kurslokaler er dessverre ikke tilpasset rullestolbrukere. Ta gjerne kontakt s\u00e5 kan vi se p\u00e5 hvordan vi kan tilrettelegge for at du kan delta.<\/span><\/p>\n<hr \/>\n<h2><strong>Vilk\u00e5r<\/strong><\/h2>\n<p><span style=\"font-weight: 400;\">P\u00e5meldingen er bindende. Vi har begrenset med plasser p\u00e5 hvert kurs, og vi har derfor ingen avmeldingsfrist p\u00e5 v\u00e5re kurs.<\/span><\/p>\n<p><span style=\"font-weight: 400;\">Ved innsendt p\u00e5melding er man bundet til \u00e5 betale kursavgiften. Det vil si at kursavgift m\u00e5 betales selv om kursdeltakeren ikke m\u00f8ter opp til kurset eller slutter p\u00e5 kurset. Les v\u00e5re <\/span><a href=\"http:\/\/akks.no\/bergen\/files\/2022\/11\/Vilkar-for-kurspamelding-AKKS-Bergen-2023.pdf\"><span style=\"font-weight: 400;\">p\u00e5meldingsbetingelser<\/span><\/a><span style=\"font-weight: 400;\"> og v\u00e5r <\/span><a href=\"https:\/\/akks.no\/personvernerklaering\/\"><span style=\"font-weight: 400;\">personvernerkl\u00e6ring<\/span><\/a><span style=\"font-weight: 400;\">.<\/span><\/p>\n<hr \/>\n<p><img loading=\"lazy\" class=\"alignnone size-large wp-image-6794\" src=\"http:\/\/akks.no\/bergen\/files\/2021\/12\/LOUD23-1004136-1024x683.jpg\" alt=\"\" width=\"1024\" height=\"683\" srcset=\"https:\/\/akks.no\/bergen\/files\/2021\/12\/LOUD23-1004136-1024x683.jpg 1024w, https:\/\/akks.no\/bergen\/files\/2021\/12\/LOUD23-1004136-300x200.jpg 300w, https:\/\/akks.no\/bergen\/files\/2021\/12\/LOUD23-1004136-768x513.jpg 768w, https:\/\/akks.no\/bergen\/files\/2021\/12\/LOUD23-1004136-1536x1025.jpg 1536w, https:\/\/akks.no\/bergen\/files\/2021\/12\/LOUD23-1004136-2048x1367.jpg 2048w, https:\/\/akks.no\/bergen\/files\/2021\/12\/LOUD23-1004136-720x480.jpg 720w, https:\/\/akks.no\/bergen\/files\/2021\/12\/LOUD23-1004136-600x400.jpg 600w\" sizes=\"(max-width: 1024px) 100vw, 1024px\" \/><\/p>\n<p><i><span style=\"font-weight: 400;\">Fra Bandleiren LOUD! h\u00f8st 2023. Fotograf: Johanne Karlsrud<\/span><\/i><\/p>\n<hr \/>\n<h2><strong>Musikkaktivitet for alle<\/strong><\/h2>\n<p><span style=\"font-weight: 400;\">AKKS Bergen \u00f8nsker ikke at \u00f8konomi skal st\u00e5 i veien for deltakelse p\u00e5 v\u00e5re kurs. Vi har derfor et begrenset antall plasser der man kan f\u00e5 gratis eller redusert pris i kursavgiften om man er AKKS medlem, under 26 \u00e5r og der familien har begrenset \u00f8konomi. For \u00e5 benytte deg av tilbudet m\u00e5 du ta kontakt med oss p\u00e5 kontoret@bergen.akks.no.\u00a0<\/span><\/p>\n<p>Skriver du med \u00f8nske om gratisplasser f\u00e5r du tilsendt link til den gratis p\u00e5meldingssiden.<\/p>\n<p><a href=\"https:\/\/akks.hypersys.no\/page\/blimedlem\/signup?type=87\">Bli medlem her<\/a>.<\/p>\n<p><span style=\"font-weight: 400;\">Benytter man seg av en av v\u00e5re gratisplasser er det gratis \u00e5 l\u00e5ne instrument.<\/span><\/p>\n<hr \/>\n<p><img loading=\"lazy\" class=\"alignnone size-large wp-image-6819\" src=\"http:\/\/akks.no\/bergen\/files\/2023\/11\/3X3A7227-1024x683.jpg\" alt=\"\" width=\"1024\" height=\"683\" srcset=\"https:\/\/akks.no\/bergen\/files\/2023\/11\/3X3A7227-1024x683.jpg 1024w, https:\/\/akks.no\/bergen\/files\/2023\/11\/3X3A7227-300x200.jpg 300w, https:\/\/akks.no\/bergen\/files\/2023\/11\/3X3A7227-768x512.jpg 768w, https:\/\/akks.no\/bergen\/files\/2023\/11\/3X3A7227-1536x1024.jpg 1536w, https:\/\/akks.no\/bergen\/files\/2023\/11\/3X3A7227-2048x1365.jpg 2048w, https:\/\/akks.no\/bergen\/files\/2023\/11\/3X3A7227-720x480.jpg 720w, https:\/\/akks.no\/bergen\/files\/2023\/11\/3X3A7227-600x400.jpg 600w\" sizes=\"(max-width: 1024px) 100vw, 1024px\" \/><\/p>\n<p><i><span style=\"font-weight: 400;\">Fra AKKS -konserten 25. mai 2023. Fotograf: Ingvild H\u00e6gh<\/span><\/i><\/p>\n<hr \/>\n<h2><strong>Betaling<\/strong><\/h2>\n<p><span style=\"font-weight: 400;\">En kan betale med faktura, vipps eller bankkort. Faktura vil bli sendt ut f\u00f8rste kursdag om man velger dette.<\/span><\/p>\n<p><span style=\"font-weight: 400;\">Dersom man velger kursavgift for AKKS-medlemmer og ikke er AKKS-medlem vil man bli etterfakturert medlemskontingenten p\u00e5 kr 50. Om ikke denne betales vil man kunne bli etterfakturert for kurset til ikke-medlemspris.<\/span><\/p>\n<hr \/>\n<p><strong>Er du usikker p\u00e5 niv\u00e5et ditt eller har andre sp\u00f8rsm\u00e5l?<\/strong><br \/>\n<span style=\"font-weight: 400;\">Ta gjerne kontakt med oss p\u00e5 kontoret@bergen.akks.no.<\/span><\/p>\n","protected":false},"excerpt":{"rendered":"<p>Har du lyst til \u00e5 spille med andre som ogs\u00e5 elsker musikk og vil du bli en del av et inkluderende musikkmilj\u00f8? Da er AKKS Bergen Bandkurs noe for deg! Vi har 3 typer bandkurs grupper (junior, ungdom og ung) Oppstart mandag uke 7 Kursdatoer: 02.03, 09.03, 16.03, 23.03, 13.04, 20.04, 27.04, 04.05, 11.05, 18.05, [&hellip;]<\/p>\n","protected":false},"author":5,"featured_media":1408,"parent":0,"menu_order":0,"comment_status":"closed","ping_status":"closed","template":"","meta":[],"_links":{"self":[{"href":"https:\/\/akks.no\/bergen\/wp-json\/wp\/v2\/pages\/4155"}],"collection":[{"href":"https:\/\/akks.no\/bergen\/wp-json\/wp\/v2\/pages"}],"about":[{"href":"https:\/\/akks.no\/bergen\/wp-json\/wp\/v2\/types\/page"}],"author":[{"embeddable":true,"href":"https:\/\/akks.no\/bergen\/wp-json\/wp\/v2\/users\/5"}],"replies":[{"embeddable":true,"href":"https:\/\/akks.no\/bergen\/wp-json\/wp\/v2\/comments?post=4155"}],"version-history":[{"count":40,"href":"https:\/\/akks.no\/bergen\/wp-json\/wp\/v2\/pages\/4155\/revisions"}],"predecessor-version":[{"id":8656,"href":"https:\/\/akks.no\/bergen\/wp-json\/wp\/v2\/pages\/4155\/revisions\/8656"}],"wp:featuredmedia":[{"embeddable":true,"href":"https:\/\/akks.no\/bergen\/wp-json\/wp\/v2\/media\/1408"}],"wp:attachment":[{"href":"https:\/\/akks.no\/bergen\/wp-json\/wp\/v2\/media?parent=4155"}],"curies":[{"name":"wp","href":"https:\/\/api.w.org\/{rel}","templated":true}]}}