{"id":410,"date":"2019-05-14T12:57:01","date_gmt":"2019-05-14T10:57:01","guid":{"rendered":"http:\/\/akks-no.staging.wordpress.idium.no\/bergen\/?page_id=410"},"modified":"2025-04-10T16:24:26","modified_gmt":"2025-04-10T14:24:26","slug":"om-akks-bergen","status":"publish","type":"page","link":"https:\/\/akks.no\/bergen\/om-akks-bergen\/","title":{"rendered":"Om AKKS Bergen \/ Historikk"},"content":{"rendered":"<p>AKKS Bergen er en idealistisk musikkorganisasjon som tilbyr kurs innen rytmisk og elektronisk musikk fra grunniv\u00e5, leier ut \u00f8vingslokaler p\u00e5 USF Verftet og arrangerer konserter. Vi st\u00e5r ogs\u00e5 bak ungdomsarrang\u00f8rgruppen UFLAKKS og er arrang\u00f8r av den tradisjonsrike musikkfestivalen for ungdom, Eggstockfestivalen og Bandleiren LOUD! i h\u00f8stferien.<\/p>\n<p>AKKS Bergen er \u00e9n av seks AKKS-avdelinger i Norge, og har som form\u00e5l \u00e5 arbeide for representasjon og balanse i musikklivet. Kjernevirksomheten v\u00e5r er oppl\u00e6ring, rekruttering og utvikling av unge musikere og arrang\u00f8rer.<\/p>\n<p><img loading=\"lazy\" class=\"alignnone size-large wp-image-6328\" src=\"http:\/\/akks.no\/bergen\/files\/2023\/07\/3X3A7164-1024x683.jpg\" alt=\"\" width=\"1024\" height=\"683\" srcset=\"https:\/\/akks.no\/bergen\/files\/2023\/07\/3X3A7164-1024x683.jpg 1024w, https:\/\/akks.no\/bergen\/files\/2023\/07\/3X3A7164-300x200.jpg 300w, https:\/\/akks.no\/bergen\/files\/2023\/07\/3X3A7164-768x512.jpg 768w, https:\/\/akks.no\/bergen\/files\/2023\/07\/3X3A7164-1536x1024.jpg 1536w, https:\/\/akks.no\/bergen\/files\/2023\/07\/3X3A7164-2048x1365.jpg 2048w, https:\/\/akks.no\/bergen\/files\/2023\/07\/3X3A7164-720x480.jpg 720w, https:\/\/akks.no\/bergen\/files\/2023\/07\/3X3A7164-600x400.jpg 600w\" sizes=\"(max-width: 1024px) 100vw, 1024px\" \/><\/p>\n<p><em>Moyka p\u00e5 Eggstockfestivalen 2023<\/em><\/p>\n<h3><strong>Historikk<\/strong><\/h3>\n<p>I 2025 feirer AKKS Bergen 30 \u00e5r! Takk til alle som har bidratt, og bidrar, til arbeidet v\u00e5rt!<\/p>\n<p>AKKS Bergen ble stiftet i 1995 av Evy S\u00f8rensen og Cecilie Arder og p\u00e5 den tiden het det Aktive Kvinners Kultursenter. Med hjelp fra blant annet Bo Gr\u00f8nnings\u00e6ther, som jobbet i kulturavdelingen i Bergen kommune, fikk de \u00f8konomisk tilskudd til \u00e5 kunne starte driften av organisasjonen. Allerede ved f\u00f8rste informasjonsm\u00f8te f\u00f8r kursoppstart i 1995 ble det klart at interessen og behovet var stort:<\/p>\n<p><em>\u2013 Vi hadde truffet spikeren p\u00e5 hodet. Damene sto som sild i t\u00f8nne inne i \u00f8vingsrommet og det var k\u00f8 oppover gangen. Det kom mellom 70 og 80 jenter (Evy S\u00f8rensen i BT 2005).<\/em><\/p>\n<p>I begynnelsen hadde AKKS Bergen to \u00f8vingslokaler, men utvidet etterhvert til tre. Med inntekter fra utleie av \u00f8vingslokaler og kursvirksomhet gikk det akkurat rundt:<\/p>\n<p><em>\u2013 Vi drev n\u00f8kternt og seri\u00f8st. Vi var d\u00f8dsseri\u00f8se med det vi holdt p\u00e5 med. Vi hadde fast arbeidstid, og skulket aldri (Evy S\u00f8rensen i BT 2005).<\/em><\/p>\n<p>I 1997 ble det dessverre stopp. Midlene tok slutt og organisasjonens fremtid var usikker. V\u00e5ren 1998 begynte imidlertid Mona St\u00f8rseth \u00e5 jobbe for AKKS Bergen. Med 26 st\u00f8ttemedlemmer, ingen kursvirksomhet og to kartonger med papirer gjenoppstod AKKS fra asken. Det fantes flere musikere uten et sted \u00e5 \u00f8ve, s\u00e5 organisasjonen hadde gode muligheter for vekst. I denne perioden var blant andre Lise Berntsen en viktig dame for organisasjonen.<\/p>\n<p>I 2000 ble ytterlige tre \u00f8vingslokaler bygget og AKKS Bergen driftet til sammen seks \u00f8vingslokaler p\u00e5 USF Verftet. I tillegg overtok AKKS Bergen arrang\u00f8ransvaret for Eggstockfestivalen i 2001. Festivalen har r\u00f8tter tilbake til 60-tallet og har i mange \u00e5r v\u00e6rt et viktig springbrett for unge og uetablerte band.<\/p>\n<p>Organisasjonen fortsatte \u00e5 vokse og i 2003 ble administrasjonen utvidet med Ane Stor\u00e5s som gikk inn i stillingen som kurs- og \u00f8vingslokaleansvarlig. Etterhvert fikk man mulighet til \u00e5 \u00f8ke stillingen og i 2006 ble dette en 100 % stilling. Disse \u00e5rene f\u00f8rte til et l\u00f8ft innen kurs- og \u00f8vingslokalevirksomheten til AKKS Bergen. I 2007 ble organisasjonen tildelt Bergen kommune sin likestillingspris for arbeidet som ble gjort.<\/p>\n<p>AKKS Bergen har fortsatt \u00e5 vokse. I 2012 ble det blant annet opprettet en stilling som arrangementsansvarlig. Dette har f\u00f8rt til en vekst i tilbudet v\u00e5rt. Et sentralt prosjekt har v\u00e6rt opprettelsen av arrang\u00f8rgruppen og konsertserien UFLAKKS i 2013, i regi av Aleksander Wilhelmsen. Etterhvert har ogs\u00e5 nye prosjekter, kurs og arrangement sett dagens lys, og her kan vi blant annet trekke frem GAIN \u2013 et produsentprosjekt for unge kvinner, ikke-bin\u00e6re og transpersoner, GRIP \u2013 et prosjekt for \u00e5 \u00f8ke andelen lydteknikere som identifiserer seg som kvinne, ikke-bin\u00e6r eller transperson i samarbeid med blant andre Bergen Kj\u00f8tt, BIT Teatergarasjen og Carte Blanche, Bandleiren LOUD! og Ung Delegat i samarbeid med Musikkontoret Brak og Vill Vill Vest.<\/p>\n<p>AKKS Bergen har i dag tre fast ansatte i administrasjonen: daglig leder, arrangementsansvarlig og kurs- og \u00f8vingslokaleansvarlig, i tillegg til omlag 10 kursinstrukt\u00f8rer som er tilknyttet organisasjonen til enhver tid. AKKS Bergen er den st\u00f8rste av seks avdelinger i Norge og har de siste \u00e5rene hatt over 900 medlemmer.<\/p>\n<hr \/>\n<p>OBS! Oppdaterte dokumenter kommer.<\/p>\n<p>Last ned <a href=\"http:\/\/akks.no\/bergen\/files\/2024\/03\/A\u030arsmelding-AKKS-Bergen-2023-komprimert.pdf\">\u00c5rsmelding AKKS Bergen 2023<\/a><\/p>\n<p>Last ned <a href=\"http:\/\/akks.no\/bergen\/files\/2024\/03\/Vedtekter-AKKS-Bergen.pdf\">Vedtekter for AKKS Bergen<\/a><\/p>\n<p>Last ned <a href=\"http:\/\/akks.no\/bergen\/files\/2024\/07\/Strategiplan-AKKS-Bergen-2024-2028.pdf\">Strategiplan 2024-2028 for AKKS Bergen<\/a><\/p>\n<p>Last ned <a href=\"http:\/\/akks.no\/bergen\/files\/2024\/03\/Handlingsplan-AKKS-Bergen-2024-2025.pdf\">Handlingplan 2024-2025 for AKKS Bergen<\/a><\/p>\n<p>Last ned v\u00e5re <a href=\"https:\/\/akks.no\/bergen\/files\/2019\/05\/Rutiner-for-behandling-av-personopplysninger_AKKS.pdf\">Rutiner og retningslinjer for behandling av personopplysninger<\/a><\/p>\n<p>Les ned v\u00e5r <a href=\"https:\/\/akks.no\/bergen\/personvernerklaering\/\">Personvernerkl\u00e6ring<\/a><\/p>\n","protected":false},"excerpt":{"rendered":"<p>AKKS Bergen er en idealistisk musikkorganisasjon som tilbyr kurs innen rytmisk og elektronisk musikk fra grunniv\u00e5, leier ut \u00f8vingslokaler p\u00e5 USF Verftet og arrangerer konserter. Vi st\u00e5r ogs\u00e5 bak ungdomsarrang\u00f8rgruppen UFLAKKS og er arrang\u00f8r av den tradisjonsrike musikkfestivalen for ungdom, Eggstockfestivalen og Bandleiren LOUD! i h\u00f8stferien. AKKS Bergen er \u00e9n av seks AKKS-avdelinger i Norge, [&hellip;]<\/p>\n","protected":false},"author":5,"featured_media":0,"parent":0,"menu_order":0,"comment_status":"closed","ping_status":"closed","template":"","meta":[],"_links":{"self":[{"href":"https:\/\/akks.no\/bergen\/wp-json\/wp\/v2\/pages\/410"}],"collection":[{"href":"https:\/\/akks.no\/bergen\/wp-json\/wp\/v2\/pages"}],"about":[{"href":"https:\/\/akks.no\/bergen\/wp-json\/wp\/v2\/types\/page"}],"author":[{"embeddable":true,"href":"https:\/\/akks.no\/bergen\/wp-json\/wp\/v2\/users\/5"}],"replies":[{"embeddable":true,"href":"https:\/\/akks.no\/bergen\/wp-json\/wp\/v2\/comments?post=410"}],"version-history":[{"count":34,"href":"https:\/\/akks.no\/bergen\/wp-json\/wp\/v2\/pages\/410\/revisions"}],"predecessor-version":[{"id":8139,"href":"https:\/\/akks.no\/bergen\/wp-json\/wp\/v2\/pages\/410\/revisions\/8139"}],"wp:attachment":[{"href":"https:\/\/akks.no\/bergen\/wp-json\/wp\/v2\/media?parent=410"}],"curies":[{"name":"wp","href":"https:\/\/api.w.org\/{rel}","templated":true}]}}