{"id":3823,"date":"2021-12-09T15:27:29","date_gmt":"2021-12-09T14:27:29","guid":{"rendered":"http:\/\/akks.no\/bergen\/?page_id=3823"},"modified":"2026-02-05T15:31:30","modified_gmt":"2026-02-05T14:31:30","slug":"vokalkurs","status":"publish","type":"page","link":"https:\/\/akks.no\/bergen\/vokalkurs\/","title":{"rendered":"Vokalkurs"},"content":{"rendered":"<p style=\"text-align: right;\"><i><span style=\"font-weight: 400;\">Moyka p\u00e5 Eggstockfestival 2023. Fotograf: Ingvild H\u00e6gh<\/span><\/i><\/p>\n<p><b>Har du st\u00e5tt foran speilet \u00e5 sunget med p\u00e5 dine yndlingsl\u00e5ter? Har du en dr\u00f8m om \u00e5 l\u00e6re \u00e5 bruke din stemme og bli vokalist eller f\u00e5 bedre vokalteknikk?\u00a0<\/b><\/p>\n<p><i>Oppstart tirsdag uke 16<\/i><br \/>\n<em>Kursdatoer: <span data-sheets-root=\"1\">14.04, 21.04, 28.04, 05.05, 12.05, 19.05<\/span><\/em><br \/>\n<i>M\u00e5lgruppe: fra 12 \u00e5r og oppover \u2013 ingen \u00f8vre aldersgrense<\/i><br \/>\n<i>Instrukt\u00f8r: Susanne Hemnes<\/i><br \/>\n<i>Sted: USF Verftet<\/i><\/p>\n<p><a href=\"https:\/\/event.checkin.no\/217781\/vokal-kursrunde-2-var-2026\"><img loading=\"lazy\" class=\"wp-image-6029 aligncenter\" src=\"http:\/\/akks.no\/bergen\/files\/2023\/05\/Pamelding-e1683807463933-1024x264.png\" alt=\"\" width=\"434\" height=\"112\" srcset=\"https:\/\/akks.no\/bergen\/files\/2023\/05\/Pamelding-e1683807463933-1024x264.png 1024w, https:\/\/akks.no\/bergen\/files\/2023\/05\/Pamelding-e1683807463933-300x77.png 300w, https:\/\/akks.no\/bergen\/files\/2023\/05\/Pamelding-e1683807463933-768x198.png 768w, https:\/\/akks.no\/bergen\/files\/2023\/05\/Pamelding-e1683807463933-1536x395.png 1536w, https:\/\/akks.no\/bergen\/files\/2023\/05\/Pamelding-e1683807463933-2048x527.png 2048w, https:\/\/akks.no\/bergen\/files\/2023\/05\/Pamelding-e1683807463933-600x154.png 600w\" sizes=\"(max-width: 434px) 100vw, 434px\" \/><\/a><\/p>\n<hr \/>\n<p><img loading=\"lazy\" class=\"alignnone size-large wp-image-6815\" src=\"http:\/\/akks.no\/bergen\/files\/2023\/11\/3X3A4858-scaled-e1701350925184-1024x752.jpg\" alt=\"\" width=\"1024\" height=\"752\" srcset=\"https:\/\/akks.no\/bergen\/files\/2023\/11\/3X3A4858-scaled-e1701350925184-1024x752.jpg 1024w, https:\/\/akks.no\/bergen\/files\/2023\/11\/3X3A4858-scaled-e1701350925184-300x220.jpg 300w, https:\/\/akks.no\/bergen\/files\/2023\/11\/3X3A4858-scaled-e1701350925184-768x564.jpg 768w, https:\/\/akks.no\/bergen\/files\/2023\/11\/3X3A4858-scaled-e1701350925184-1536x1128.jpg 1536w, https:\/\/akks.no\/bergen\/files\/2023\/11\/3X3A4858-scaled-e1701350925184-600x441.jpg 600w, https:\/\/akks.no\/bergen\/files\/2023\/11\/3X3A4858-scaled-e1701350925184.jpg 1707w\" sizes=\"(max-width: 1024px) 100vw, 1024px\" \/><\/p>\n<p><i><span style=\"font-weight: 400;\">Jeki. Fra \u00c5pen Scene v\u00e5ren 2023. Fotograf: Ingvild H\u00e6gh<\/span><\/i><\/p>\n<hr \/>\n<h2><span style=\"font-weight: 400;\">Praktisk<\/span><\/h2>\n<ul>\n<li style=\"font-weight: 400;\" aria-level=\"1\"><span style=\"font-weight: 400;\">P\u00e5meldingen er bindende (les mer under vilk\u00e5r)<\/span><\/li>\n<li style=\"font-weight: 400;\" aria-level=\"1\"><span style=\"font-weight: 400;\">Vi har 3 kurs pr. kursrunde kl. 16:30-17:45, kl. 18:00-19:15 og kl. 19:30-20:45<\/span><\/li>\n<li style=\"font-weight: 400;\" aria-level=\"1\"><span style=\"font-weight: 400;\">Kurset g\u00e5r over 6 ganger. Hvert kurs varer 1 time og 15 min. inkl. pause.<\/span><\/li>\n<li style=\"font-weight: 400;\" aria-level=\"1\"><span style=\"font-weight: 400;\">Kurset holdes p\u00e5 <\/span><a href=\"https:\/\/g.page\/usfverftet?share\"><span style=\"font-weight: 400;\">USF Verftet<\/span><\/a><span style=\"font-weight: 400;\">, 2. etasje.<\/span><\/li>\n<li style=\"font-weight: 400;\" aria-level=\"1\"><span style=\"font-weight: 400;\">Undervisningen foreg\u00e5r i grupper p\u00e5 maks 5 deltakere.<\/span><\/li>\n<li style=\"font-weight: 400;\" aria-level=\"1\"><span style=\"font-weight: 400;\">Inkludert i kursprisen er et kompendium med praktisk info om sangteknikk og -\u00f8velser.<\/span><\/li>\n<\/ul>\n<hr \/>\n<h2><span style=\"font-weight: 400;\">Kursets innhold<\/span><\/h2>\n<p><span style=\"font-weight: 400;\">P\u00e5 nybegynnerkurset blir deltakeren tryggere p\u00e5 stemmen, b\u00e5de ved \u00e5 synge i gruppe og synge alene foran de andre deltakerne. Deltakeren l\u00e6rer grunnleggende sangteknikk og stemmebruk, samt oppvarmingsteknikker og puste\u00f8velser. Gjennom \u00f8velser innen vokalteknikk vil deltakeren utvikle forholdet til egen stemme og sitte igjen med grunnleggende kunnskap om sang.\u00a0<\/span><\/p>\n<p><span style=\"font-weight: 400;\">P\u00e5 det viderekomne kurset jobber du med veiledning fra instrukt\u00f8ren sammen med de andre deltakerne med \u00e5 finne og dyrke frem din personlige stemmen og uttrykk. Gjennom \u00f8velser jobbes med \u00e5 utvikle omfang, klang, intonasjon og volum. Sanger og stemmetekniske \u00f8velser brukes til \u00e5 utvikle vokalteknikken. I tillegg vil vi pr\u00f8ve \u00e5 improvisere til akkompagnement.\u00a0<\/span><\/p>\n<p><span style=\"font-weight: 400;\">P\u00e5 begge kursene f\u00e5r deltakerne ogs\u00e5 en innf\u00f8ring i mikrofonteknikk og bruk av sanganlegg. Deltakerne vil i tillegg l\u00e6re \u00f8velser de kan bruke under egen\u00f8ving.<\/span><\/p>\n<p><span style=\"font-weight: 400;\">P\u00e5 slutten av semesteret vil det v\u00e6re mulig \u00e5 delta p\u00e5 AKKS-Konserten som er AKKS Bergen sin semesteravslutningskonsert der bandkurs og vokalkurs f\u00e5r mulighet for \u00e5 opptre p\u00e5 scenen med det de har l\u00e6rt, foran venner og familie.<\/span><\/p>\n<p><i><span style=\"font-weight: 400;\">Alle AKKS sine kurs har fokus p\u00e5 mestringsf\u00f8lelse og spilleglede, og undervisningen foreg\u00e5r i et trygt milj\u00f8 i sm\u00e5 grupper. Og s\u00e5 begynner vi tidlig med \u00e5 spille.<\/span><\/i><\/p>\n<hr \/>\n<h2><img loading=\"lazy\" class=\"alignnone size-large wp-image-7749\" src=\"http:\/\/akks.no\/bergen\/files\/2024\/10\/DSCF3430-1024x683.jpg\" alt=\"\" width=\"1024\" height=\"683\" srcset=\"https:\/\/akks.no\/bergen\/files\/2024\/10\/DSCF3430-1024x683.jpg 1024w, https:\/\/akks.no\/bergen\/files\/2024\/10\/DSCF3430-300x200.jpg 300w, https:\/\/akks.no\/bergen\/files\/2024\/10\/DSCF3430-768x512.jpg 768w, https:\/\/akks.no\/bergen\/files\/2024\/10\/DSCF3430-1536x1024.jpg 1536w, https:\/\/akks.no\/bergen\/files\/2024\/10\/DSCF3430-720x480.jpg 720w, https:\/\/akks.no\/bergen\/files\/2024\/10\/DSCF3430-600x400.jpg 600w\" sizes=\"(max-width: 1024px) 100vw, 1024px\" \/><\/h2>\n<p><em>Cranium. Fra Kryss &amp; Tvers konsert p\u00e5 Fellesverket 2024. Fotograf: Ted Iversen Ness<\/em><\/p>\n<hr \/>\n<h2><strong>Instrukt\u00f8r p\u00e5 vokalkurs: Susanne Hemnes<\/strong><\/h2>\n<hr \/>\n<p><img loading=\"lazy\" class=\"alignnone size-large wp-image-8295\" src=\"http:\/\/akks.no\/bergen\/files\/2025\/08\/1-1024x724.png\" alt=\"\" width=\"1024\" height=\"724\" srcset=\"https:\/\/akks.no\/bergen\/files\/2025\/08\/1-1024x724.png 1024w, https:\/\/akks.no\/bergen\/files\/2025\/08\/1-300x212.png 300w, https:\/\/akks.no\/bergen\/files\/2025\/08\/1-768x543.png 768w, https:\/\/akks.no\/bergen\/files\/2025\/08\/1-1536x1086.png 1536w, https:\/\/akks.no\/bergen\/files\/2025\/08\/1-2048x1448.png 2048w, https:\/\/akks.no\/bergen\/files\/2025\/08\/1-600x424.png 600w\" sizes=\"(max-width: 1024px) 100vw, 1024px\" \/><\/p>\n<p>Susanne Hemnes er l\u00e5tskriver og vokalist i Miss Wednesday og Astroturf. Hun studerer til \u00e5 bli musikkl\u00e6rer ved HVL, men har ogs\u00e5 studert l\u00e5tskriving i Brighton og g\u00e5tt p\u00e5 CVI sitt vokalakademi i K\u00f8benhavn. Hun gleder seg skikkelig til \u00e5 f\u00e5 v\u00e6re instrukt\u00f8r p\u00e5 b\u00e5de juniorkurs og vokalkurs og bli med \u00e5 inspirere morgendagens musikkhelter!<\/p>\n<hr \/>\n<h2><strong>Gratis \u00f8ving i v\u00e5re \u00f8vingslokaler i kursperioden<\/strong><\/h2>\n<p><span style=\"font-weight: 400;\">Mellom kursdagene kan deltakeren \u00f8ve gratis 2 timer pr. dag i v\u00e5re \u00f8vingslokaler mandag-fredag kl. 08:00-17:00 og l\u00f8rdag-s\u00f8ndag kl. 11:00-23:00. Lokalene kan bookes her.\u00a0<\/span><\/p>\n<p><span style=\"font-weight: 400;\">OBS! Om deltakeren er under 18 \u00e5r kan en foresatt booke lokalet for deltakeren.<\/span><\/p>\n<hr \/>\n<h2><img loading=\"lazy\" class=\"alignnone size-large wp-image-7711\" src=\"http:\/\/akks.no\/bergen\/files\/2024\/10\/DSCF3151-1024x683.jpg\" alt=\"\" width=\"1024\" height=\"683\" srcset=\"https:\/\/akks.no\/bergen\/files\/2024\/10\/DSCF3151-1024x683.jpg 1024w, https:\/\/akks.no\/bergen\/files\/2024\/10\/DSCF3151-300x200.jpg 300w, https:\/\/akks.no\/bergen\/files\/2024\/10\/DSCF3151-768x512.jpg 768w, https:\/\/akks.no\/bergen\/files\/2024\/10\/DSCF3151-1536x1024.jpg 1536w, https:\/\/akks.no\/bergen\/files\/2024\/10\/DSCF3151-720x480.jpg 720w, https:\/\/akks.no\/bergen\/files\/2024\/10\/DSCF3151-600x400.jpg 600w\" sizes=\"(max-width: 1024px) 100vw, 1024px\" \/><\/h2>\n<p><em>Hamid ft. Zafari. Fra Kryss &amp; Tvers konsert p\u00e5 Fellesverket 2024. Fotograf: Ted Iversen Ness<\/em><\/p>\n<hr \/>\n<h2><strong>AKKS-kurs for oss med funksjonsnedsettelser<\/strong><\/h2>\n<p><span style=\"font-weight: 400;\">Har du behov for \u00e5 ha med assistent eller ledsager p\u00e5 kurs, opplys om dette i p\u00e5meldingsskjemaet s\u00e5 kan vi tilrettelegge for dette. Om ledsager \/ assistent skal delta p\u00e5 kurset m\u00e5 de sende inn egen p\u00e5melding for dette. V\u00e5re kurslokaler er dessverre ikke tilpasset rullestolbrukere. Ta gjerne kontakt s\u00e5 kan vi se p\u00e5 hvordan vi kan tilrettelegge for at du kan delta.<\/span><\/p>\n<hr \/>\n<h2><strong>Vilk\u00e5r<\/strong><\/h2>\n<p><span style=\"font-weight: 400;\">P\u00e5meldingen er bindende. Vi har begrenset med plasser p\u00e5 hvert kurs, og vi har derfor ingen avmeldingsfrist p\u00e5 v\u00e5re kurs.<\/span><\/p>\n<p><span style=\"font-weight: 400;\">Ved innsendt p\u00e5melding er man bundet til \u00e5 betale kursavgiften. Det vil si at kursavgift m\u00e5 betales selv om kursdeltakeren ikke m\u00f8ter opp til kurset eller slutter p\u00e5 kurset. Les v\u00e5re <\/span><a href=\"http:\/\/akks.no\/bergen\/files\/2022\/11\/Vilkar-for-kurspamelding-AKKS-Bergen-2023.pdf\"><span style=\"font-weight: 400;\">p\u00e5meldingsbetingelser<\/span><\/a><span style=\"font-weight: 400;\"> og v\u00e5r <\/span><a href=\"https:\/\/akks.no\/personvernerklaering\/\"><span style=\"font-weight: 400;\">personvernerkl\u00e6ring<\/span><\/a><span style=\"font-weight: 400;\">.<\/span><\/p>\n<hr \/>\n<h2><img loading=\"lazy\" class=\"alignnone size-large wp-image-7405\" src=\"http:\/\/akks.no\/bergen\/files\/2024\/07\/3X3A9218-1024x683.jpg\" alt=\"\" width=\"1024\" height=\"683\" srcset=\"https:\/\/akks.no\/bergen\/files\/2024\/07\/3X3A9218-1024x683.jpg 1024w, https:\/\/akks.no\/bergen\/files\/2024\/07\/3X3A9218-300x200.jpg 300w, https:\/\/akks.no\/bergen\/files\/2024\/07\/3X3A9218-768x512.jpg 768w, https:\/\/akks.no\/bergen\/files\/2024\/07\/3X3A9218-1536x1024.jpg 1536w, https:\/\/akks.no\/bergen\/files\/2024\/07\/3X3A9218-2048x1365.jpg 2048w, https:\/\/akks.no\/bergen\/files\/2024\/07\/3X3A9218-720x480.jpg 720w, https:\/\/akks.no\/bergen\/files\/2024\/07\/3X3A9218-600x400.jpg 600w\" sizes=\"(max-width: 1024px) 100vw, 1024px\" \/><\/h2>\n<p><em>Fra musikkleiren sommer 2024. Fotograf: Ingvild H\u00e6gh<\/em><\/p>\n<hr \/>\n<h2><strong>Musikkaktivitet for alle<\/strong><\/h2>\n<p><span style=\"font-weight: 400;\">AKKS Bergen \u00f8nsker ikke at \u00f8konomi skal st\u00e5 i veien for deltakelse p\u00e5 v\u00e5re kurs. Vi har derfor et begrenset antall plasser der man kan f\u00e5 gratis eller redusert pris i kursavgiften om man er AKKS medlem, under 26 \u00e5r og der familien har begrenset \u00f8konomi. For \u00e5 benytte deg av tilbudet m\u00e5 du ta kontakt med oss p\u00e5 kontoret@bergen.akks.no.\u00a0<\/span><\/p>\n<p>Skriver du med \u00f8nske om gratisplasser f\u00e5r du tilsendt link til den gratis p\u00e5meldingssiden.<\/p>\n<p><a href=\"https:\/\/akks.hypersys.no\/page\/blimedlem\/signup?type=87\">Bli medlem her<\/a>.<\/p>\n<p><span style=\"font-weight: 400;\">Benytter man seg av en av v\u00e5re gratisplasser er det gratis \u00e5 l\u00e5ne instrument.<\/span><\/p>\n<hr \/>\n<h2><img loading=\"lazy\" class=\"alignnone size-large wp-image-7396\" src=\"http:\/\/akks.no\/bergen\/files\/2024\/07\/3X3A9179-1024x683.jpg\" alt=\"\" width=\"1024\" height=\"683\" srcset=\"https:\/\/akks.no\/bergen\/files\/2024\/07\/3X3A9179-1024x683.jpg 1024w, https:\/\/akks.no\/bergen\/files\/2024\/07\/3X3A9179-300x200.jpg 300w, https:\/\/akks.no\/bergen\/files\/2024\/07\/3X3A9179-768x512.jpg 768w, https:\/\/akks.no\/bergen\/files\/2024\/07\/3X3A9179-1536x1024.jpg 1536w, https:\/\/akks.no\/bergen\/files\/2024\/07\/3X3A9179-2048x1365.jpg 2048w, https:\/\/akks.no\/bergen\/files\/2024\/07\/3X3A9179-720x480.jpg 720w, https:\/\/akks.no\/bergen\/files\/2024\/07\/3X3A9179-600x400.jpg 600w\" sizes=\"(max-width: 1024px) 100vw, 1024px\" \/><\/h2>\n<p><em>Fra musikkleiren sommer 2024. Fotograf: Ingvild H\u00e6gh<\/em><\/p>\n<hr \/>\n<h2><strong>Betaling<\/strong><\/h2>\n<p><span style=\"font-weight: 400;\">En kan betale med faktura, vipps eller bankkort. Faktura vil bli sendt ut f\u00f8rste kursdag om man velger dette.<\/span><\/p>\n<p><span style=\"font-weight: 400;\">Dersom man velger kursavgift for AKKS-medlemmer og ikke er AKKS-medlem vil man bli etterfakturert medlemskontingenten p\u00e5 kr 50. Om ikke denne betales vil man kunne bli etterfakturert for kurset til ikke-medlemspris.<\/span><\/p>\n<hr \/>\n<p><strong>Er du usikker p\u00e5 niv\u00e5et ditt eller har andre sp\u00f8rsm\u00e5l?<\/strong><br \/>\n<span style=\"font-weight: 400;\">Ta gjerne kontakt med oss p\u00e5 kontoret@bergen.akks.no.<\/span><\/p>\n","protected":false},"excerpt":{"rendered":"<p>Moyka p\u00e5 Eggstockfestival 2023. Fotograf: Ingvild H\u00e6gh Har du st\u00e5tt foran speilet \u00e5 sunget med p\u00e5 dine yndlingsl\u00e5ter? Har du en dr\u00f8m om \u00e5 l\u00e6re \u00e5 bruke din stemme og bli vokalist eller f\u00e5 bedre vokalteknikk?\u00a0 Oppstart tirsdag uke 16 Kursdatoer: 14.04, 21.04, 28.04, 05.05, 12.05, 19.05 M\u00e5lgruppe: fra 12 \u00e5r og oppover \u2013 ingen [&hellip;]<\/p>\n","protected":false},"author":5,"featured_media":6813,"parent":0,"menu_order":0,"comment_status":"closed","ping_status":"closed","template":"","meta":[],"_links":{"self":[{"href":"https:\/\/akks.no\/bergen\/wp-json\/wp\/v2\/pages\/3823"}],"collection":[{"href":"https:\/\/akks.no\/bergen\/wp-json\/wp\/v2\/pages"}],"about":[{"href":"https:\/\/akks.no\/bergen\/wp-json\/wp\/v2\/types\/page"}],"author":[{"embeddable":true,"href":"https:\/\/akks.no\/bergen\/wp-json\/wp\/v2\/users\/5"}],"replies":[{"embeddable":true,"href":"https:\/\/akks.no\/bergen\/wp-json\/wp\/v2\/comments?post=3823"}],"version-history":[{"count":21,"href":"https:\/\/akks.no\/bergen\/wp-json\/wp\/v2\/pages\/3823\/revisions"}],"predecessor-version":[{"id":8640,"href":"https:\/\/akks.no\/bergen\/wp-json\/wp\/v2\/pages\/3823\/revisions\/8640"}],"wp:featuredmedia":[{"embeddable":true,"href":"https:\/\/akks.no\/bergen\/wp-json\/wp\/v2\/media\/6813"}],"wp:attachment":[{"href":"https:\/\/akks.no\/bergen\/wp-json\/wp\/v2\/media?parent=3823"}],"curies":[{"name":"wp","href":"https:\/\/api.w.org\/{rel}","templated":true}]}}